{"id":2588,"date":"2025-03-10T09:12:01","date_gmt":"2025-03-10T09:12:01","guid":{"rendered":"https:\/\/theperfumebottles.com\/?post_type=product&#038;p=2588"},"modified":"2025-05-28T18:09:05","modified_gmt":"2025-05-28T10:09:05","slug":"cologne-bottles-wholesale-custom-fragrance-packaging","status":"publish","type":"product","link":"https:\/\/theperfumebottles.com\/hu\/termek\/cologne-bottles-wholesale-custom-fragrance-packaging\/","title":{"rendered":"60ml 80ml 100ml k\u00f6lnipalackok nagykereskedelem"},"content":{"rendered":"<p>A PB-BF13 \u00fcveg parf\u00fcm\u00f6s \u00fcveg ide\u00e1lis k\u00f6lni flakonok nagykereskedelm\u00e9hez, amelyet luxus parf\u00fcm m\u00e1rk\u00e1k sz\u00e1m\u00e1ra terveztek. Kifinomult t\u00e9glalap alak\u00fa, tiszta, vastag krist\u00e1ly\u00fcveggel \u00e9s mer\u00e9sz, fekete, t\u00e9glalap alak\u00fa kupakkal rendelkezik. Az 53x35x116 mm-es m\u00e9retekkel ez a parf\u00fcm\u00f6s \u00fcveg egyes\u00edti a stabilit\u00e1st (a szil\u00e1rd alapon kereszt\u00fcl) a modern eszt\u00e9tik\u00e1val. Az \u00fcveg bels\u0151 fal\u00e1n tal\u00e1lhat\u00f3, speci\u00e1lisan kialak\u00edtott \u00edvelt homor\u00fa szerkezet nemcsak a folyad\u00e9k term\u00e9szetesebb \u00e1raml\u00e1s\u00e1t teszi lehet\u0151v\u00e9, hanem m\u00e9ly vizu\u00e1lis szintet is ad az \u00fcvegnek. H\u00e1romf\u00e9le kapacit\u00e1sban kaphat\u00f3: 60ml\/80ml\/100ml, mindennapi haszn\u00e1latra, utaz\u00e1si m\u00e9retben \u00e9s limit\u00e1lt kiad\u00e1sban, hogy megfeleljen a k\u00fcl\u00f6nb\u00f6z\u0151 ig\u00e9nyeknek.<\/p>\n<h2>F\u0151bb specifik\u00e1ci\u00f3k<\/h2>\n<table style=\"border-collapse: collapse;margin-left: auto;margin-right: auto;width: 384.77pt\" border=\"0\" width=\"513\" cellspacing=\"0\" cellpadding=\"0\">\n<tbody>\n<tr style=\"height: 13.50pt\">\n<td style=\"height: 13.50pt;width: 127.50pt\" width=\"170\" height=\"18\">Attrib\u00fatum<\/td>\n<td style=\"width: 257.25pt\" width=\"343\">R\u00e9szletek<\/td>\n<\/tr>\n<tr style=\"height: 13.50pt\">\n<td style=\"height: 13.50pt\" height=\"18\">Modell<\/td>\n<td>PB-BF13<\/td>\n<\/tr>\n<tr style=\"height: 13.50pt\">\n<td style=\"height: 13.50pt\" height=\"18\">Kapacit\u00e1sbe\u00e1ll\u00edt\u00e1sok<\/td>\n<td>60ml, 80ml, 100ml (2 oz-os k\u00f6lni flakon)<\/td>\n<\/tr>\n<tr style=\"height: 13.50pt\">\n<td style=\"height: 13.50pt\" height=\"18\">M\u00e9retek<\/td>\n<td>53 x 35 x 116 mm<\/td>\n<\/tr>\n<tr style=\"height: 13.50pt\">\n<td style=\"height: 13.50pt\" height=\"18\">Anyag<\/td>\n<td>Krist\u00e1ly\u00fcveg, fekete spray kupak<\/td>\n<\/tr>\n<tr style=\"height: 13.50pt\">\n<td style=\"height: 13.50pt\" height=\"18\">Sz\u00edn<\/td>\n<td>\u00c1tl\u00e1tsz\u00f3 \u00fcveg, matt fekete kupak<\/td>\n<\/tr>\n<tr style=\"height: 13.50pt\">\n<td style=\"height: 13.50pt\" height=\"18\">T\u00f6m\u00edt\u00e9si t\u00edpus<\/td>\n<td>Spray top<\/td>\n<\/tr>\n<\/tbody>\n<\/table>\n<h2>Sokoldal\u00fa alkalmaz\u00e1sok az illatm\u00e1rk\u00e1k m\u00e1rk\u00e1z\u00e1s\u00e1hoz<\/h2>\n<p>Ezeket az \u00fcres parf\u00fcm\u00f6s \u00fcvegeket luxus k\u00f6lni, parf\u00fcm vagy illatp\u00e1ra csomagol\u00e1s\u00e1hoz tervezt\u00e9k. Alkalmasak utaz\u00e1si illatszerekhez, limit\u00e1lt kollekci\u00f3sorozatokhoz vagy \u00fcnnepi aj\u00e1nd\u00e9kcsomagokhoz. A f\u00e9rfi \u00e9s n\u0151i illatok univerz\u00e1lis kialak\u00edt\u00e1sa nem csak a n\u0151i vir\u00e1gos jegyek l\u00e1gys\u00e1g\u00e1t tudja kiemelni, hanem a f\u00e9rfi k\u00f6lni m\u00e9lys\u00e9g\u00e9t is hordozza. K\u00fcl\u00f6n\u00f6sen alkalmas olyan high-end illatm\u00e1rk\u00e1k sz\u00e1m\u00e1ra, amelyek a nemek n\u00e9lk\u00fcli hat\u00e1rokat k\u00f6vetik, \u00e9s egy eleg\u00e1ns megold\u00e1st val\u00f3s\u00edtanak meg egy \u00fcveggel t\u00f6bb forgat\u00f3k\u00f6nyvh\u00f6z.<\/p>\n<h2>Partner egy megb\u00edzhat\u00f3 gy\u00e1rt\u00f3val<\/h2>\n<p>Emelje fel illatcsal\u00e1dj\u00e1t ezekkel a pr\u00e9mium min\u0151s\u00e9g\u0171 \u00fcveg parf\u00fcm\u00f6s \u00fcvegekkel. Ak\u00e1r k\u00f6lni palackok nagykereskedelm\u00e9re, egy\u00e9ni m\u00e1rkajelz\u00e9sre, ak\u00e1r 100 ml-es spray palackok t\u00f6meges megrendel\u00e9s\u00e9re van sz\u00fcks\u00e9ge, gy\u00e1runk garant\u00e1lja a gyors \u00e1tfut\u00e1si id\u0151t, a biztons\u00e1gos csomagol\u00e1st \u00e9s az exportmegfelel\u0151s\u00e9get. L\u00e9pjen kapcsolatba vel\u00fcnk m\u00e9g ma, hogy szem\u00e9lyre szabott parf\u00fcmcsomagol\u00e1st hozzon l\u00e9tre, amely mag\u00e1val ragadja \u00fcgyfeleit!<\/p>","protected":false},"excerpt":{"rendered":"<p>A luxus illatm\u00e1rk\u00e1k m\u00e1rk\u00e1z\u00e1s\u00e1hoz k\u00e9sz\u00edtett PB-BF13 modell\u00fcnk \u00fcveg parf\u00fcm\u00f6s \u00fcveg\u00e9nek kifinomult, t\u00e9glalap alak\u00fa, tiszta, vastag krist\u00e1ly\u00fcveggel \u00e9s mer\u00e9sz, fekete, t\u00e9glalap alak\u00fa kupakkal rendelkezik.<\/p>","protected":false},"featured_media":2592,"comment_status":"open","ping_status":"closed","template":"","meta":{"_acf_changed":false,"site-sidebar-layout":"default","site-content-layout":"","ast-site-content-layout":"default","site-content-style":"default","site-sidebar-style":"default","ast-global-header-display":"","ast-banner-title-visibility":"","ast-main-header-display":"","ast-hfb-above-header-display":"","ast-hfb-below-header-display":"","ast-hfb-mobile-header-display":"","site-post-title":"","ast-breadcrumbs-content":"","ast-featured-img":"","footer-sml-layout":"","ast-disable-related-posts":"","theme-transparent-header-meta":"default","adv-header-id-meta":"","stick-header-meta":"","header-above-stick-meta":"","header-main-stick-meta":"","header-below-stick-meta":"","astra-migrate-meta-layouts":"set","ast-page-background-enabled":"default","ast-page-background-meta":{"desktop":{"background-color":"var(--ast-global-color-5)","background-image":"","background-repeat":"repeat","background-position":"center center","background-size":"auto","background-attachment":"scroll","background-type":"","background-media":"","overlay-type":"","overlay-color":"","overlay-opacity":"","overlay-gradient":""},"tablet":{"background-color":"","background-image":"","background-repeat":"repeat","background-position":"center center","background-size":"auto","background-attachment":"scroll","background-type":"","background-media":"","overlay-type":"","overlay-color":"","overlay-opacity":"","overlay-gradient":""},"mobile":{"background-color":"","background-image":"","background-repeat":"repeat","background-position":"center center","background-size":"auto","background-attachment":"scroll","background-type":"","background-media":"","overlay-type":"","overlay-color":"","overlay-opacity":"","overlay-gradient":""}},"ast-content-background-meta":{"desktop":{"background-color":"var(--ast-global-color-4)","background-image":"","background-repeat":"repeat","background-position":"center center","background-size":"auto","background-attachment":"scroll","background-type":"","background-media":"","overlay-type":"","overlay-color":"","overlay-opacity":"","overlay-gradient":""},"tablet":{"background-color":"var(--ast-global-color-4)","background-image":"","background-repeat":"repeat","background-position":"center center","background-size":"auto","background-attachment":"scroll","background-type":"","background-media":"","overlay-type":"","overlay-color":"","overlay-opacity":"","overlay-gradient":""},"mobile":{"background-color":"var(--ast-global-color-4)","background-image":"","background-repeat":"repeat","background-position":"center center","background-size":"auto","background-attachment":"scroll","background-type":"","background-media":"","overlay-type":"","overlay-color":"","overlay-opacity":"","overlay-gradient":""}}},"product_brand":[],"product_cat":[41,72],"product_tag":[],"class_list":{"0":"post-2588","1":"product","2":"type-product","3":"status-publish","4":"has-post-thumbnail","6":"product_cat-perfume-bottles","7":"product_cat-cosmetic-packaging","8":"desktop-align-left","9":"tablet-align-left","10":"mobile-align-left","12":"first","13":"instock","14":"shipping-taxable","15":"product-type-simple"},"acf":[],"jetpack_sharing_enabled":true,"_links":{"self":[{"href":"https:\/\/theperfumebottles.com\/hu\/wp-json\/wp\/v2\/product\/2588","targetHints":{"allow":["GET"]}}],"collection":[{"href":"https:\/\/theperfumebottles.com\/hu\/wp-json\/wp\/v2\/product"}],"about":[{"href":"https:\/\/theperfumebottles.com\/hu\/wp-json\/wp\/v2\/types\/product"}],"replies":[{"embeddable":true,"href":"https:\/\/theperfumebottles.com\/hu\/wp-json\/wp\/v2\/comments?post=2588"}],"wp:featuredmedia":[{"embeddable":true,"href":"https:\/\/theperfumebottles.com\/hu\/wp-json\/wp\/v2\/media\/2592"}],"wp:attachment":[{"href":"https:\/\/theperfumebottles.com\/hu\/wp-json\/wp\/v2\/media?parent=2588"}],"wp:term":[{"taxonomy":"product_brand","embeddable":true,"href":"https:\/\/theperfumebottles.com\/hu\/wp-json\/wp\/v2\/product_brand?post=2588"},{"taxonomy":"product_cat","embeddable":true,"href":"https:\/\/theperfumebottles.com\/hu\/wp-json\/wp\/v2\/product_cat?post=2588"},{"taxonomy":"product_tag","embeddable":true,"href":"https:\/\/theperfumebottles.com\/hu\/wp-json\/wp\/v2\/product_tag?post=2588"}],"curies":[{"name":"wp","href":"https:\/\/api.w.org\/{rel}","templated":true}]}}