{"id":2595,"date":"2025-03-11T04:01:42","date_gmt":"2025-03-11T04:01:42","guid":{"rendered":"https:\/\/theperfumebottles.com\/?post_type=product&#038;p=2595"},"modified":"2026-04-08T16:16:49","modified_gmt":"2026-04-08T08:16:49","slug":"glass-cologne-bottles-custom-luxury-fragrance-containers","status":"publish","type":"product","link":"https:\/\/theperfumebottles.com\/hu\/termek\/glass-cologne-bottles-custom-luxury-fragrance-containers\/","title":{"rendered":"30ml 50ml 100ml egyedi \u00fcveg k\u00f6lnipalackok"},"content":{"rendered":"<p>Ezek a t\u00e9glalap alak\u00fa krist\u00e1ly\u00fcveg k\u00f6lnipalackok \u00fcgyesen \u00f6tv\u00f6zik a modern diz\u00e1jnt a praktikus funkci\u00f3kkal. 30 ml-es, 50 ml-es \u00e9s 100 ml-es kiszerel\u00e9sben, vil\u00e1goslila, vil\u00e1gosz\u00f6ld vagy \u00e1tl\u00e1tsz\u00f3 kupakkal kaphat\u00f3k, az \u00fcveg \u00e9les vonalai \u00e9s a matt, csiszolt sz\u00e9lei semleges \u00e9s eleg\u00e1ns hangulatot \u00e1rasztanak. T\u00f6k\u00e9letesen kiemelik parf\u00fcm\u00f6d vagy k\u00f6lnid var\u00e1zs\u00e1t.<\/p>\n<h2>Rugalmas alkalmazkod\u00e1s a k\u00fcl\u00f6nf\u00e9le forgat\u00f3k\u00f6nyvekhez<\/h2>\n<ul>\n<li><strong>30 ml-es minta: <\/strong>K\u00f6nny\u0171 \u00e9s hordozhat\u00f3, alkalmas pr\u00f3bacsomagokhoz vagy gyors bev\u00e1s\u00e1rl\u00e1shoz a rep\u00fcl\u0151t\u00e9ri v\u00e1mmentes \u00fczletekben.<\/li>\n<li><strong>50 ml-es aj\u00e1nd\u00e9kdoboz: <\/strong>Kiv\u00e1l\u00f3 kapacit\u00e1s, t\u00f6k\u00e9letes \u00fcnnepi aj\u00e1nd\u00e9koknak vagy luxus sz\u00e1llodai illatoknak.<\/li>\n<li><strong>100 ml form\u00e1lis: <\/strong>l\u00e9gk\u00f6ri specifik\u00e1ci\u00f3k, szt\u00e1rcikk\u00e9 v\u00e1lva a m\u00e1rka z\u00e1szl\u00f3shaj\u00f3 \u00fczleteiben vagy e-kereskedelmi platformjain.<\/li>\n<\/ul>\n<h2>F\u0151bb jellemz\u0151k: Luxus k\u00f6lnipalackok<\/h2>\n<p>&nbsp;<\/p>\n<table>\n<thead>\n<tr>\n<th>Modell<\/th>\n<th>Kapacit\u00e1s<\/th>\n<th>M\u00e9retek (mm)<\/th>\n<th>Sapka sz\u00ednbe\u00e1ll\u00edt\u00e1sai<\/th>\n<th>Anyag<\/th>\n<\/tr>\n<\/thead>\n<tbody>\n<tr>\n<td>PB-BF1401<\/td>\n<td>30 ml<\/td>\n<td>36 \u00d7 24 \u00d7 90<\/td>\n<td>Vil\u00e1goslila, z\u00f6ld, \u00e1tl\u00e1tsz\u00f3<\/td>\n<td>Krist\u00e1ly\u00fcveg<\/td>\n<\/tr>\n<tr>\n<td>PB-BF1402<\/td>\n<td>50 ml<\/td>\n<td>45 \u00d7 28 \u00d7 103<\/td>\n<td>Vil\u00e1goslila, z\u00f6ld, \u00e1tl\u00e1tsz\u00f3<\/td>\n<td>Krist\u00e1ly\u00fcveg<\/td>\n<\/tr>\n<tr>\n<td>PB-BF1403<\/td>\n<td>100 ml<\/td>\n<td>56 \u00d7 27 \u00d7 132<\/td>\n<td>Vil\u00e1goslila, z\u00f6ld, \u00e1tl\u00e1tsz\u00f3<\/td>\n<td>Krist\u00e1ly\u00fcveg<\/td>\n<\/tr>\n<\/tbody>\n<\/table>\n<p><em>Minden modell sz\u00f3r\u00f3fejes fed\u00e9llel \u00e9s 15 mm \u00e1tm\u00e9r\u0151j\u0171 kupakkal rendelkezik.<\/em><\/p>\n<h2>Sikert\u00f6rt\u00e9net: Egyedi megrendel\u00e9s egy kaliforniai f\u00e9rfi kozmetikai m\u00e1rk\u00e1t\u00f3l<\/h2>\n<p>A kaliforniai sz\u00e9khely\u0171 f\u00e9rfi kozmetikai m\u00e1rka a mi 100 ml-es \u00fcveg k\u00f6lnipalackjainkat v\u00e1lasztotta, amelyeket matt fekete sz\u00f3r\u00f3fejjel l\u00e1ttak el. Az egyedi flakondiz\u00e1jn kiemelked\u0151 eredm\u00e9nyekhez vezetett, mivel egyedi homor\u00fa form\u00e1ja \u00e9s egy darabb\u00f3l \u00e1ll\u00f3 sz\u00f3r\u00f3feje megk\u00fcl\u00f6nb\u00f6ztette a term\u00e9ket a versenyt\u00e1rsak term\u00e9keit\u0151l az \u00fczletekben, ami 40%-os elad\u00e1si n\u00f6veked\u00e9st eredm\u00e9nyezett, a speci\u00e1lis flakondiz\u00e1jn pedig 25%-os n\u00f6veked\u00e9st eredm\u00e9nyezett az ism\u00e9telt v\u00e1s\u00e1rl\u00e1sok sz\u00e1m\u00e1ban. A v\u00e1llalat 500 000 flakont rendelt k\u00fcl\u00f6nb\u00f6z\u0151 m\u00e9retekben, miut\u00e1n \u00faj f\u00e1s\/f\u0171szeres illatcsal\u00e1djuk sikert aratott.<\/p>\n<h2>Legyen partner egy megb\u00edzhat\u00f3 k\u00f6lnipalack-minta besz\u00e1ll\u00edt\u00f3val<\/h2>\n<p>Vezet\u0151 parf\u00fcm\u00f6s \u00fcveggy\u00e1rt\u00f3k\u00e9nt teljes k\u00f6r\u0171 megold\u00e1sokat k\u00edn\u00e1lunk:<\/p>\n<ul>\n<li>Gyors ell\u00e1t\u00e1s: Rakt\u00e1ron l\u00e9v\u0151 term\u00e9kek s\u00fcrg\u0151s rendel\u00e9sre el\u00e9rhet\u0151k<\/li>\n<li>Egyedi tervez\u00e9s: Testreszabott form\u00e1k, sz\u00ednek \u00e9s kiviteli lehet\u0151s\u00e9gek<\/li>\n<li>Biztons\u00e1gos export: Megfelel\u0151 csomagol\u00e1s \u00e9s nagy t\u00e9telben t\u00f6rt\u00e9n\u0151 rendel\u00e9si kedvezm\u00e9nyek<\/li>\n<\/ul>\n<p>Vegye fel vel\u00fcnk a kapcsolatot, ha ingyenes mint\u00e1kat szeretne k\u00e9rni, vagy egyedi \u00fcveg parf\u00fcm\u00f6s palackokat szeretne v\u00e1s\u00e1rolni illatcsal\u00e1dj\u00e1hoz. Emelje magasabb szintre parf\u00fcmcsomagol\u00e1s\u00e1t k\u00f6zvetlen\u00fcl a gy\u00e1rb\u00f3l sz\u00e1rmaz\u00f3 min\u0151s\u00e9ggel \u00e9s versenyk\u00e9pes \u00e1rakkal!<\/p>","protected":false},"excerpt":{"rendered":"<p>Kiv\u00e1l\u00f3 min\u0151s\u00e9g\u0171 k\u00f6lnipalackok kifinomult, sz\u00f6gletes kialak\u00edt\u00e1ssal. \u00dcveg k\u00f6lnipalackok luxus illatokhoz \u00e9s minta k\u00f6lnipalackokhoz. Ingyenes mint\u00e1k kaphat\u00f3k.<\/p>","protected":false},"featured_media":2599,"comment_status":"open","ping_status":"closed","template":"","meta":{"_acf_changed":false,"site-sidebar-layout":"default","site-content-layout":"","ast-site-content-layout":"default","site-content-style":"default","site-sidebar-style":"default","ast-global-header-display":"","ast-banner-title-visibility":"","ast-main-header-display":"","ast-hfb-above-header-display":"","ast-hfb-below-header-display":"","ast-hfb-mobile-header-display":"","site-post-title":"","ast-breadcrumbs-content":"","ast-featured-img":"","footer-sml-layout":"","ast-disable-related-posts":"","theme-transparent-header-meta":"default","adv-header-id-meta":"","stick-header-meta":"","header-above-stick-meta":"","header-main-stick-meta":"","header-below-stick-meta":"","astra-migrate-meta-layouts":"set","ast-page-background-enabled":"default","ast-page-background-meta":{"desktop":{"background-color":"var(--ast-global-color-5)","background-image":"","background-repeat":"repeat","background-position":"center center","background-size":"auto","background-attachment":"scroll","background-type":"","background-media":"","overlay-type":"","overlay-color":"","overlay-opacity":"","overlay-gradient":""},"tablet":{"background-color":"","background-image":"","background-repeat":"repeat","background-position":"center center","background-size":"auto","background-attachment":"scroll","background-type":"","background-media":"","overlay-type":"","overlay-color":"","overlay-opacity":"","overlay-gradient":""},"mobile":{"background-color":"","background-image":"","background-repeat":"repeat","background-position":"center center","background-size":"auto","background-attachment":"scroll","background-type":"","background-media":"","overlay-type":"","overlay-color":"","overlay-opacity":"","overlay-gradient":""}},"ast-content-background-meta":{"desktop":{"background-color":"var(--ast-global-color-4)","background-image":"","background-repeat":"repeat","background-position":"center center","background-size":"auto","background-attachment":"scroll","background-type":"","background-media":"","overlay-type":"","overlay-color":"","overlay-opacity":"","overlay-gradient":""},"tablet":{"background-color":"var(--ast-global-color-4)","background-image":"","background-repeat":"repeat","background-position":"center center","background-size":"auto","background-attachment":"scroll","background-type":"","background-media":"","overlay-type":"","overlay-color":"","overlay-opacity":"","overlay-gradient":""},"mobile":{"background-color":"var(--ast-global-color-4)","background-image":"","background-repeat":"repeat","background-position":"center center","background-size":"auto","background-attachment":"scroll","background-type":"","background-media":"","overlay-type":"","overlay-color":"","overlay-opacity":"","overlay-gradient":""}}},"product_brand":[],"product_cat":[91,72,41],"product_tag":[],"class_list":{"0":"post-2595","1":"product","2":"type-product","3":"status-publish","4":"has-post-thumbnail","6":"product_cat-custom-perfume-bottles","7":"product_cat-cosmetic-packaging","8":"product_cat-perfume-bottles","9":"desktop-align-left","10":"tablet-align-left","11":"mobile-align-left","13":"first","14":"instock","15":"shipping-taxable","16":"product-type-simple"},"acf":[],"jetpack_sharing_enabled":true,"_links":{"self":[{"href":"https:\/\/theperfumebottles.com\/hu\/wp-json\/wp\/v2\/product\/2595","targetHints":{"allow":["GET"]}}],"collection":[{"href":"https:\/\/theperfumebottles.com\/hu\/wp-json\/wp\/v2\/product"}],"about":[{"href":"https:\/\/theperfumebottles.com\/hu\/wp-json\/wp\/v2\/types\/product"}],"replies":[{"embeddable":true,"href":"https:\/\/theperfumebottles.com\/hu\/wp-json\/wp\/v2\/comments?post=2595"}],"wp:featuredmedia":[{"embeddable":true,"href":"https:\/\/theperfumebottles.com\/hu\/wp-json\/wp\/v2\/media\/2599"}],"wp:attachment":[{"href":"https:\/\/theperfumebottles.com\/hu\/wp-json\/wp\/v2\/media?parent=2595"}],"wp:term":[{"taxonomy":"product_brand","embeddable":true,"href":"https:\/\/theperfumebottles.com\/hu\/wp-json\/wp\/v2\/product_brand?post=2595"},{"taxonomy":"product_cat","embeddable":true,"href":"https:\/\/theperfumebottles.com\/hu\/wp-json\/wp\/v2\/product_cat?post=2595"},{"taxonomy":"product_tag","embeddable":true,"href":"https:\/\/theperfumebottles.com\/hu\/wp-json\/wp\/v2\/product_tag?post=2595"}],"curies":[{"name":"wp","href":"https:\/\/api.w.org\/{rel}","templated":true}]}}