{"id":2603,"date":"2025-03-11T06:35:46","date_gmt":"2025-03-11T06:35:46","guid":{"rendered":"https:\/\/theperfumebottles.com\/?post_type=product&#038;p=2603"},"modified":"2025-05-29T09:38:03","modified_gmt":"2025-05-29T01:38:03","slug":"customised-perfume-bottles-bulk-empty-fragrance-bottles","status":"publish","type":"product","link":"https:\/\/theperfumebottles.com\/hu\/termek\/customised-perfume-bottles-bulk-empty-fragrance-bottles\/","title":{"rendered":"30 ml 50 ml 100 ml luxus vastag talp\u00fa, egyedi parf\u00fcm\u00f6s \u00fcvegek"},"content":{"rendered":"<h2>Luxusos \u00fcres parf\u00fcm\u00f6t\u00f6mb magas szint\u0171 m\u00e1rk\u00e1k sz\u00e1m\u00e1ra<\/h2>\n<p>Ezt a m\u00e1rk\u00e1kat, amelyek min\u0151s\u00e9get keresnek, ez a n\u00e9gyzetes krist\u00e1ly\u00fcveges parf\u00fcm\u00f6t\u00f6mb \u00e9rt\u00e9kesen \u00f6tv\u00f6zi az eleganci\u00e1t \u00e9s a gyakorlatiass\u00e1got. A t\u00f6mb sima vonalai, a vastag \u00fcvegalj \u00e9s a sima atomiz\u00e1l\u00f3 diz\u00e1jn minden haszn\u00e1latot szent\u00e9lyes \u00e9rz\u00e9s\u00e9v\u00e9 teszik. K\u00e9t\u00e9lben 30ml, 50ml \u00e9s 100ml, fekete, ez\u00fcst vagy v\u00e1szonos \u00e1tl\u00e1tsz\u00f3 t\u00f6ml\u0151fejjel el\u00e9rhet\u0151, nemcsak a parf\u00fcm\/parf\u00fcm tiszta sz\u00edn\u00e9t mutatja, hanem a r\u00e9szletekben is \u00e1tadja a m\u00e1rka szem\u00e9lyis\u00e9g\u00e9t \u2013 legyen sz\u00f3 f\u00e9rfi parf\u00fcmr\u0151l vagy n\u0151i parf\u00fcmr\u0151l, megtal\u00e1lod benne a k\u00fcl\u00f6nleges kifejez\u00e9s m\u00f3dj\u00e1t.<\/p>\n<table style=\"border-collapse: collapse;border: 0;margin-left: auto;margin-right: auto;width: 162.03pt\" border=\"0\" width=\"216\" cellspacing=\"0\" cellpadding=\"0\">\n<tbody>\n<tr style=\"height: 13.50pt;border: 0\">\n<td style=\"height: 13.50pt;width: 54.00pt\" width=\"72\" height=\"18\">\n<p><figure id=\"attachment_2605\" aria-describedby=\"caption-attachment-2605\" style=\"width: 300px\" class=\"wp-caption aligncenter\"><img fetchpriority=\"high\" decoding=\"async\" class=\"size-medium wp-image-2605\" src=\"https:\/\/theperfumebottles.com\/wp-content\/uploads\/2025\/03\/customised-perfume-bottles-bf1501-300x300.jpg\" alt=\"egyedi parf\u00fcm\u00f6s \u00fcvegek\" width=\"300\" height=\"300\" srcset=\"https:\/\/theperfumebottles.com\/wp-content\/uploads\/2025\/03\/customised-perfume-bottles-bf1501-300x300.jpg 300w, https:\/\/theperfumebottles.com\/wp-content\/uploads\/2025\/03\/customised-perfume-bottles-bf1501-150x150.jpg 150w, https:\/\/theperfumebottles.com\/wp-content\/uploads\/2025\/03\/customised-perfume-bottles-bf1501-768x768.jpg 768w, https:\/\/theperfumebottles.com\/wp-content\/uploads\/2025\/03\/customised-perfume-bottles-bf1501-12x12.jpg 12w, https:\/\/theperfumebottles.com\/wp-content\/uploads\/2025\/03\/customised-perfume-bottles-bf1501-600x600.jpg 600w, https:\/\/theperfumebottles.com\/wp-content\/uploads\/2025\/03\/customised-perfume-bottles-bf1501-100x100.jpg 100w, https:\/\/theperfumebottles.com\/wp-content\/uploads\/2025\/03\/customised-perfume-bottles-bf1501.jpg 1000w\" sizes=\"(max-width: 300px) 100vw, 300px\" \/><figcaption id=\"caption-attachment-2605\" class=\"wp-caption-text\">30ml testreszabott parf\u00fcm\u00f6s \u00fcvegek<\/figcaption><\/figure><\/td>\n<td style=\"width: 54.00pt\" width=\"72\">\n<p><figure id=\"attachment_2606\" aria-describedby=\"caption-attachment-2606\" style=\"width: 300px\" class=\"wp-caption aligncenter\"><img decoding=\"async\" class=\"size-medium wp-image-2606\" src=\"https:\/\/theperfumebottles.com\/wp-content\/uploads\/2025\/03\/customised-perfume-bottles-bf1502-300x300.jpg\" alt=\"egyedi parf\u00fcm\u00f6s \u00fcvegek\" width=\"300\" height=\"300\" srcset=\"https:\/\/theperfumebottles.com\/wp-content\/uploads\/2025\/03\/customised-perfume-bottles-bf1502-300x300.jpg 300w, https:\/\/theperfumebottles.com\/wp-content\/uploads\/2025\/03\/customised-perfume-bottles-bf1502-150x150.jpg 150w, https:\/\/theperfumebottles.com\/wp-content\/uploads\/2025\/03\/customised-perfume-bottles-bf1502-768x768.jpg 768w, https:\/\/theperfumebottles.com\/wp-content\/uploads\/2025\/03\/customised-perfume-bottles-bf1502-12x12.jpg 12w, https:\/\/theperfumebottles.com\/wp-content\/uploads\/2025\/03\/customised-perfume-bottles-bf1502-600x600.jpg 600w, https:\/\/theperfumebottles.com\/wp-content\/uploads\/2025\/03\/customised-perfume-bottles-bf1502-100x100.jpg 100w, https:\/\/theperfumebottles.com\/wp-content\/uploads\/2025\/03\/customised-perfume-bottles-bf1502.jpg 1000w\" sizes=\"(max-width: 300px) 100vw, 300px\" \/><figcaption id=\"caption-attachment-2606\" class=\"wp-caption-text\">50ml testreszabott parf\u00fcm\u00f6s \u00fcvegek<\/figcaption><\/figure><\/td>\n<td style=\"width: 54.00pt\" width=\"72\">\n<p><figure id=\"attachment_2608\" aria-describedby=\"caption-attachment-2608\" style=\"width: 300px\" class=\"wp-caption aligncenter\"><img decoding=\"async\" class=\"size-medium wp-image-2608\" src=\"https:\/\/theperfumebottles.com\/wp-content\/uploads\/2025\/03\/perfume-spray-bottles-bulk-bf1503-300x300.jpg\" alt=\"parf\u00fcm spray flakonok \u00f6mlesztve\" width=\"300\" height=\"300\" srcset=\"https:\/\/theperfumebottles.com\/wp-content\/uploads\/2025\/03\/perfume-spray-bottles-bulk-bf1503-300x300.jpg 300w, https:\/\/theperfumebottles.com\/wp-content\/uploads\/2025\/03\/perfume-spray-bottles-bulk-bf1503-150x150.jpg 150w, https:\/\/theperfumebottles.com\/wp-content\/uploads\/2025\/03\/perfume-spray-bottles-bulk-bf1503-768x768.jpg 768w, https:\/\/theperfumebottles.com\/wp-content\/uploads\/2025\/03\/perfume-spray-bottles-bulk-bf1503-12x12.jpg 12w, https:\/\/theperfumebottles.com\/wp-content\/uploads\/2025\/03\/perfume-spray-bottles-bulk-bf1503-600x600.jpg 600w, https:\/\/theperfumebottles.com\/wp-content\/uploads\/2025\/03\/perfume-spray-bottles-bulk-bf1503-100x100.jpg 100w, https:\/\/theperfumebottles.com\/wp-content\/uploads\/2025\/03\/perfume-spray-bottles-bulk-bf1503.jpg 1000w\" sizes=\"(max-width: 300px) 100vw, 300px\" \/><figcaption id=\"caption-attachment-2608\" class=\"wp-caption-text\">100ml testreszabott parf\u00fcm\u00f6s \u00fcvegek<\/figcaption><\/figure><\/td>\n<\/tr>\n<\/tbody>\n<\/table>\n<h2>Rugalmas alkalmazkod\u00e1s a m\u00e1rka ig\u00e9nyeihez<\/h2>\n<ul>\n<li><strong>30 ml-es minta:<\/strong> k\u00f6nny\u0171 \u00e9s hordozhat\u00f3, alkalmas rep\u00fcl\u0151tereti ad\u00f3mentes \u00fczlet tesztel\u00e9s\u00e9re vagy v\u00e1s\u00e1rl\u00f3i \u00e9lm\u00e9nycsomagokra.<\/li>\n<li><strong>50 ml-es aj\u00e1nd\u00e9kdoboz:<\/strong> exkluz\u00edv kapacit\u00e1s, kiemelked\u0151 aj\u00e1nd\u00e9k a kar\u00e1csonyi aj\u00e1nd\u00e9kokhoz vagy a magas szint\u0171 sz\u00e1llodai parf\u00fcm\u00f6khez.<\/li>\n<li><strong>100ml cs\u00facsgy\u0171jtem\u00e9nyes csomagol\u00e1s:<\/strong> atmoszferikus m\u00e9retek, t\u00f6k\u00e9letes illat a m\u00e1rka cs\u00facsgal\u00e9ri\u00e1hoz vagy az e-kereskedelmi f\u0151 modellhez.<\/li>\n<\/ul>\n<h2>F\u0151bb specifik\u00e1ci\u00f3k<\/h2>\n<div class=\"hyc-common-markdown__table-wrapper\">\n<table>\n<thead>\n<tr>\n<th>Modell<\/th>\n<th>Kapacit\u00e1s<\/th>\n<th>M\u00e9retek (mm)<\/th>\n<th>Sapka opci\u00f3k<\/th>\n<th>Anyag<\/th>\n<\/tr>\n<\/thead>\n<tbody>\n<tr>\n<td>PB-BF1501<\/td>\n<td>30 ml<\/td>\n<td>51\u00d733\u00d768<\/td>\n<td>Fekete, ez\u00fcst, matt<\/td>\n<td>Krist\u00e1ly\u00fcveg<\/td>\n<\/tr>\n<tr>\n<td>PB-BF1502<\/td>\n<td>50 ml<\/td>\n<td>56\u00d737\u00d782<\/td>\n<td>Fekete, ez\u00fcst, matt<\/td>\n<td>Krist\u00e1ly\u00fcveg<\/td>\n<\/tr>\n<tr>\n<td>PB-BF1503<\/td>\n<td>100 ml<\/td>\n<td>62\u00d740\u00d7117<\/td>\n<td>Fekete, ez\u00fcst, matt<\/td>\n<td>Krist\u00e1ly\u00fcveg<\/td>\n<\/tr>\n<\/tbody>\n<\/table>\n<\/div>\n<p><em>Minden modell 15 mm-es sz\u00f3r\u00f3fejjel \u00e9s sima perem\u0171 t\u00e9glalap alak\u00fa kialak\u00edt\u00e1ssal rendelkezik.<\/em><\/p>\n<h2>Partner egy vezet\u0151 parf\u00fcm\u00f6s palack sz\u00e1ll\u00edt\u00f3val<\/h2>\n<p>Megb\u00edzhat\u00f3 parf\u00fcm\u00f6s \u00fcveggy\u00e1rt\u00f3k\u00e9nt k\u00edn\u00e1lunk:<\/p>\n<ul>\n<li><strong>T\u00f6meges megrendel\u00e9sek:<\/strong>\u00a0Versenyk\u00e9pes \u00e1rk\u00e9pz\u00e9s a parf\u00fcm spray palackok \u00f6mlesztett v\u00e1s\u00e1rl\u00e1s\u00e1hoz<\/li>\n<li><strong>Egyedi tervek:<\/strong>\u00a0Form\u00e1k, \u00fcvegvastags\u00e1g \u00e9s kivitelez\u00e9si lehet\u0151s\u00e9gek testreszab\u00e1sa<\/li>\n<li><strong>Gyors \u00e1tfut\u00e1si id\u0151:\u00a0<\/strong>Azonnali sz\u00e1ll\u00edt\u00e1sra k\u00e9sz rakt\u00e1ron l\u00e9v\u0151 term\u00e9kek<\/li>\n<\/ul>\n<p>K\u00e9rjen \u00e1raj\u00e1nlatot m\u00e9g ma, hogy felfedezze a szem\u00e9lyre szabott parf\u00fcm\u00f6s \u00fcvegeket vagy biztos\u00edtsa a t\u00f6meges megrendel\u00e9seket. Hagyja, hogy prec\u00edzen \u00e9s gyorsan elk\u00e9sz\u00edts\u00fck luxus illatszercsomagol\u00e1s\u00e1t!<\/p>","protected":false},"excerpt":{"rendered":"<p>Emelje fel parf\u00fcmje csomagol\u00e1s\u00e1t t\u00e9glalap alak\u00fa krist\u00e1ly\u00fcveg illatszertart\u00e1lyainkkal, amelyeket luxusm\u00e1rk\u00e1k \u00e9s nagy t\u00e9telben t\u00f6rt\u00e9n\u0151 megrendel\u00e9sek sz\u00e1m\u00e1ra tervezt\u00fcnk.<\/p>","protected":false},"featured_media":2606,"comment_status":"open","ping_status":"closed","template":"","meta":{"_acf_changed":false,"site-sidebar-layout":"default","site-content-layout":"","ast-site-content-layout":"default","site-content-style":"default","site-sidebar-style":"default","ast-global-header-display":"","ast-banner-title-visibility":"","ast-main-header-display":"","ast-hfb-above-header-display":"","ast-hfb-below-header-display":"","ast-hfb-mobile-header-display":"","site-post-title":"","ast-breadcrumbs-content":"","ast-featured-img":"","footer-sml-layout":"","ast-disable-related-posts":"","theme-transparent-header-meta":"default","adv-header-id-meta":"","stick-header-meta":"","header-above-stick-meta":"","header-main-stick-meta":"","header-below-stick-meta":"","astra-migrate-meta-layouts":"set","ast-page-background-enabled":"default","ast-page-background-meta":{"desktop":{"background-color":"var(--ast-global-color-5)","background-image":"","background-repeat":"repeat","background-position":"center center","background-size":"auto","background-attachment":"scroll","background-type":"","background-media":"","overlay-type":"","overlay-color":"","overlay-opacity":"","overlay-gradient":""},"tablet":{"background-color":"","background-image":"","background-repeat":"repeat","background-position":"center center","background-size":"auto","background-attachment":"scroll","background-type":"","background-media":"","overlay-type":"","overlay-color":"","overlay-opacity":"","overlay-gradient":""},"mobile":{"background-color":"","background-image":"","background-repeat":"repeat","background-position":"center center","background-size":"auto","background-attachment":"scroll","background-type":"","background-media":"","overlay-type":"","overlay-color":"","overlay-opacity":"","overlay-gradient":""}},"ast-content-background-meta":{"desktop":{"background-color":"var(--ast-global-color-4)","background-image":"","background-repeat":"repeat","background-position":"center center","background-size":"auto","background-attachment":"scroll","background-type":"","background-media":"","overlay-type":"","overlay-color":"","overlay-opacity":"","overlay-gradient":""},"tablet":{"background-color":"var(--ast-global-color-4)","background-image":"","background-repeat":"repeat","background-position":"center center","background-size":"auto","background-attachment":"scroll","background-type":"","background-media":"","overlay-type":"","overlay-color":"","overlay-opacity":"","overlay-gradient":""},"mobile":{"background-color":"var(--ast-global-color-4)","background-image":"","background-repeat":"repeat","background-position":"center center","background-size":"auto","background-attachment":"scroll","background-type":"","background-media":"","overlay-type":"","overlay-color":"","overlay-opacity":"","overlay-gradient":""}}},"product_brand":[],"product_cat":[41,72,91],"product_tag":[],"class_list":{"0":"post-2603","1":"product","2":"type-product","3":"status-publish","4":"has-post-thumbnail","6":"product_cat-perfume-bottles","7":"product_cat-cosmetic-packaging","8":"product_cat-custom-perfume-bottles","9":"desktop-align-left","10":"tablet-align-left","11":"mobile-align-left","13":"first","14":"instock","15":"shipping-taxable","16":"product-type-simple"},"acf":[],"jetpack_sharing_enabled":true,"_links":{"self":[{"href":"https:\/\/theperfumebottles.com\/hu\/wp-json\/wp\/v2\/product\/2603","targetHints":{"allow":["GET"]}}],"collection":[{"href":"https:\/\/theperfumebottles.com\/hu\/wp-json\/wp\/v2\/product"}],"about":[{"href":"https:\/\/theperfumebottles.com\/hu\/wp-json\/wp\/v2\/types\/product"}],"replies":[{"embeddable":true,"href":"https:\/\/theperfumebottles.com\/hu\/wp-json\/wp\/v2\/comments?post=2603"}],"wp:featuredmedia":[{"embeddable":true,"href":"https:\/\/theperfumebottles.com\/hu\/wp-json\/wp\/v2\/media\/2606"}],"wp:attachment":[{"href":"https:\/\/theperfumebottles.com\/hu\/wp-json\/wp\/v2\/media?parent=2603"}],"wp:term":[{"taxonomy":"product_brand","embeddable":true,"href":"https:\/\/theperfumebottles.com\/hu\/wp-json\/wp\/v2\/product_brand?post=2603"},{"taxonomy":"product_cat","embeddable":true,"href":"https:\/\/theperfumebottles.com\/hu\/wp-json\/wp\/v2\/product_cat?post=2603"},{"taxonomy":"product_tag","embeddable":true,"href":"https:\/\/theperfumebottles.com\/hu\/wp-json\/wp\/v2\/product_tag?post=2603"}],"curies":[{"name":"wp","href":"https:\/\/api.w.org\/{rel}","templated":true}]}}