{"id":2622,"date":"2025-03-12T06:50:06","date_gmt":"2025-03-12T06:50:06","guid":{"rendered":"https:\/\/theperfumebottles.com\/?post_type=product&#038;p=2622"},"modified":"2025-05-30T09:44:39","modified_gmt":"2025-05-30T01:44:39","slug":"25ml-silver-topped-mini-fragrance-bottles","status":"publish","type":"product","link":"https:\/\/theperfumebottles.com\/hu\/termek\/25ml-silver-topped-mini-fragrance-bottles\/","title":{"rendered":"25 ml-es ez\u00fcst tetej\u0171 mini illatos\u00edt\u00f3 \u00fcvegcs\u00e9k"},"content":{"rendered":"<p>Ez a 25 ml-es, t\u00e9glalap alak\u00fa \u00fcveg parf\u00fcm\u00f6s \u00fcveg st\u00edlusos kialak\u00edt\u00e1ssal \u00e9s finom kivitelez\u00e9ssel rendelkezik, kifejezetten a modern high-end m\u00e1rk\u00e1k sz\u00e1m\u00e1ra. Az \u00e1tl\u00e1tsz\u00f3 krist\u00e1ly\u00fcveg fazett\u00e1lt \u00e9lekkel egyszer\u0171 \u00e9s takaros megjelen\u00e9s\u0171, k\u00e9nyelmes tapint\u00e1s\u00fa. a fekete vagy \u00e1tl\u00e1tsz\u00f3 spray kupak \u00e9s az ez\u00fcst flakon kupak egyszer\u0171 \u00e9s eleg\u00e1ns. A kis palacktest \u00e9s a 13 mm-es palacknyak k\u00f6nnyen hordozhat\u00f3 \u00e9s k\u00f6nnyebben integr\u00e1lhat\u00f3 a k\u00fcl\u00f6nb\u00f6z\u0151 high-end csomagol\u00e1sokba.Alkalmas parf\u00fcm, k\u00f6lni vagy szem\u00e9lyre szabott illat, f\u00e9rfiak \u00e9s n\u0151k sz\u00e1m\u00e1ra egyar\u00e1nt alkalmas.<\/p>\n<h2>Eleg\u00e1ns v\u00e1laszt\u00e1s az utaz\u00e1shoz, min\u0151s\u00e9gi partner a m\u00e1rk\u00e1k sz\u00e1m\u00e1ra<\/h2>\n<p>Ez a mini parf\u00fcm\u00f6s \u00fcveg kompakt \u00e9s hordozhat\u00f3, t\u00f6k\u00e9letes utaz\u00e1shoz, pr\u00f3bak\u00e9szletekhez vagy szem\u00e9lyre szabott k\u00f6lnikhez. Kifinomult megjelen\u00e9se feldobja az aj\u00e1nd\u00e9kk\u00e9szleteket, el\u0151fizet\u00e9ses dobozokat \u00e9s kijelz\u0151ket, \u00e9s alkalmas prom\u00f3ci\u00f3k, esk\u00fcv\u0151k vagy rendezv\u00e9nyek szem\u00e9lyre szabott illataj\u00e1nd\u00e9koz\u00e1s\u00e1ra is.<\/p>\n<h2>F\u0151bb specifik\u00e1ci\u00f3k<\/h2>\n<div class=\"hyc-common-markdown__table-wrapper\">\n<table>\n<thead>\n<tr>\n<th>Param\u00e9ter<\/th>\n<th>R\u00e9szlet<\/th>\n<\/tr>\n<\/thead>\n<tbody>\n<tr>\n<td>Modell<\/td>\n<td>PB-BF1801<\/td>\n<\/tr>\n<tr>\n<td>Kapacit\u00e1s<\/td>\n<td>25 ml<\/td>\n<\/tr>\n<tr>\n<td>M\u00e9retek<\/td>\n<td>52x21x68mm<\/td>\n<\/tr>\n<tr>\n<td>Anyag<\/td>\n<td>Kiv\u00e1l\u00f3 min\u0151s\u00e9g\u0171 krist\u00e1ly\u00fcveg<\/td>\n<\/tr>\n<tr>\n<td>Sapka opci\u00f3k<\/td>\n<td>Fekete, \u00e1tl\u00e1tsz\u00f3, ez\u00fcst fels\u0151<\/td>\n<\/tr>\n<tr>\n<td>T\u00f6m\u00edt\u00e9si t\u00edpus<\/td>\n<td>Spray fels\u0151<\/td>\n<\/tr>\n<tr>\n<td>Alak<\/td>\n<td>T\u00e9glalap alak\u00fa, fazett\u00e1lt \u00e9lekkel<\/td>\n<\/tr>\n<\/tbody>\n<\/table>\n<\/div>\n<h2>Megb\u00edzhat\u00f3 besz\u00e1ll\u00edt\u00f3kkal dolgozzon egy\u00fctt<\/h2>\n<p>Professzion\u00e1lis parf\u00fcm\u00f6s\u00fcveg-gy\u00e1rt\u00f3k\u00e9nt elk\u00f6telezettek vagyunk amellett, hogy a nagykeresked\u0151k \u00e9s a m\u00e1rk\u00e1k sz\u00e1m\u00e1ra teljes k\u00f6r\u0171 t\u00e1mogat\u00f3 szolg\u00e1ltat\u00e1sokat ny\u00fajtsunk:<\/p>\n<ul>\n<li><strong>K\u00e9szletre k\u00e9sz k\u00edn\u00e1lat:<\/strong> t\u00e1mogatja a nagy volumen\u0171 megrendel\u00e9seket \u00e9s a gyors sz\u00e1ll\u00edt\u00e1st.<\/li>\n<li><strong>Szem\u00e9lyre szabott testreszab\u00e1s:<\/strong> testreszabhat\u00f3 palackforma, sz\u00edn, lez\u00e1r\u00e1si m\u00f3dszer \u00e9s fagyaszt\u00e1si folyamat.<\/li>\n<li><strong>Csomagol\u00e1si t\u00e1mogat\u00e1s:<\/strong> A csomagol\u00e1s tervez\u00e9s\u00e9ben is tudunk seg\u00edteni! Sz\u00edvesen k\u00e9sz\u00edt\u00fcnk \u00d6nnek egyedi csomagol\u00e1si megold\u00e1st.<\/li>\n<\/ul>\n<p>Szeretne egy egyedi parf\u00fcm\u00f6s \u00fcveget testre szabni? B\u00e1tran forduljon hozz\u00e1nk! V\u00e1lasszon minket, hogy parf\u00fcmje st\u00edlusosabb\u00e1 v\u00e1ljon.<\/p>","protected":false},"excerpt":{"rendered":"<p>Fedezze fel az eleg\u00e1ns 25 ml-es, ez\u00fcst\u00f6s tetej\u0171 mini parf\u00fcm\u00f6s \u00fcvegeket - pr\u00e9mium \u00fcveg parf\u00fcmcsomagol\u00e1s m\u00e1rk\u00e1k sz\u00e1m\u00e1ra. T\u00f6meges rendel\u00e9sek \u00e9s egyedi mint\u00e1k el\u00e9rhet\u0151ek.<\/p>","protected":false},"featured_media":2625,"comment_status":"open","ping_status":"closed","template":"","meta":{"_acf_changed":false,"site-sidebar-layout":"default","site-content-layout":"","ast-site-content-layout":"default","site-content-style":"default","site-sidebar-style":"default","ast-global-header-display":"","ast-banner-title-visibility":"","ast-main-header-display":"","ast-hfb-above-header-display":"","ast-hfb-below-header-display":"","ast-hfb-mobile-header-display":"","site-post-title":"","ast-breadcrumbs-content":"","ast-featured-img":"","footer-sml-layout":"","ast-disable-related-posts":"","theme-transparent-header-meta":"default","adv-header-id-meta":"","stick-header-meta":"","header-above-stick-meta":"","header-main-stick-meta":"","header-below-stick-meta":"","astra-migrate-meta-layouts":"set","ast-page-background-enabled":"default","ast-page-background-meta":{"desktop":{"background-color":"var(--ast-global-color-5)","background-image":"","background-repeat":"repeat","background-position":"center center","background-size":"auto","background-attachment":"scroll","background-type":"","background-media":"","overlay-type":"","overlay-color":"","overlay-opacity":"","overlay-gradient":""},"tablet":{"background-color":"","background-image":"","background-repeat":"repeat","background-position":"center center","background-size":"auto","background-attachment":"scroll","background-type":"","background-media":"","overlay-type":"","overlay-color":"","overlay-opacity":"","overlay-gradient":""},"mobile":{"background-color":"","background-image":"","background-repeat":"repeat","background-position":"center center","background-size":"auto","background-attachment":"scroll","background-type":"","background-media":"","overlay-type":"","overlay-color":"","overlay-opacity":"","overlay-gradient":""}},"ast-content-background-meta":{"desktop":{"background-color":"var(--ast-global-color-4)","background-image":"","background-repeat":"repeat","background-position":"center center","background-size":"auto","background-attachment":"scroll","background-type":"","background-media":"","overlay-type":"","overlay-color":"","overlay-opacity":"","overlay-gradient":""},"tablet":{"background-color":"var(--ast-global-color-4)","background-image":"","background-repeat":"repeat","background-position":"center center","background-size":"auto","background-attachment":"scroll","background-type":"","background-media":"","overlay-type":"","overlay-color":"","overlay-opacity":"","overlay-gradient":""},"mobile":{"background-color":"var(--ast-global-color-4)","background-image":"","background-repeat":"repeat","background-position":"center center","background-size":"auto","background-attachment":"scroll","background-type":"","background-media":"","overlay-type":"","overlay-color":"","overlay-opacity":"","overlay-gradient":""}}},"product_brand":[],"product_cat":[41,72,74],"product_tag":[84],"class_list":{"0":"post-2622","1":"product","2":"type-product","3":"status-publish","4":"has-post-thumbnail","6":"product_cat-perfume-bottles","7":"product_cat-cosmetic-packaging","8":"product_cat-mini-perfume-bottles","9":"product_tag-fragrance-bottles","10":"desktop-align-left","11":"tablet-align-left","12":"mobile-align-left","14":"first","15":"instock","16":"shipping-taxable","17":"product-type-simple"},"acf":[],"jetpack_sharing_enabled":true,"_links":{"self":[{"href":"https:\/\/theperfumebottles.com\/hu\/wp-json\/wp\/v2\/product\/2622","targetHints":{"allow":["GET"]}}],"collection":[{"href":"https:\/\/theperfumebottles.com\/hu\/wp-json\/wp\/v2\/product"}],"about":[{"href":"https:\/\/theperfumebottles.com\/hu\/wp-json\/wp\/v2\/types\/product"}],"replies":[{"embeddable":true,"href":"https:\/\/theperfumebottles.com\/hu\/wp-json\/wp\/v2\/comments?post=2622"}],"wp:featuredmedia":[{"embeddable":true,"href":"https:\/\/theperfumebottles.com\/hu\/wp-json\/wp\/v2\/media\/2625"}],"wp:attachment":[{"href":"https:\/\/theperfumebottles.com\/hu\/wp-json\/wp\/v2\/media?parent=2622"}],"wp:term":[{"taxonomy":"product_brand","embeddable":true,"href":"https:\/\/theperfumebottles.com\/hu\/wp-json\/wp\/v2\/product_brand?post=2622"},{"taxonomy":"product_cat","embeddable":true,"href":"https:\/\/theperfumebottles.com\/hu\/wp-json\/wp\/v2\/product_cat?post=2622"},{"taxonomy":"product_tag","embeddable":true,"href":"https:\/\/theperfumebottles.com\/hu\/wp-json\/wp\/v2\/product_tag?post=2622"}],"curies":[{"name":"wp","href":"https:\/\/api.w.org\/{rel}","templated":true}]}}