{"id":2696,"date":"2025-03-14T09:32:49","date_gmt":"2025-03-14T09:32:49","guid":{"rendered":"https:\/\/theperfumebottles.com\/?post_type=product&#038;p=2696"},"modified":"2025-05-27T10:50:16","modified_gmt":"2025-05-27T02:50:16","slug":"50ml-100ml-empty-perfume-spray-bottles","status":"publish","type":"product","link":"https:\/\/theperfumebottles.com\/hu\/termek\/50ml-100ml-empty-perfume-spray-bottles\/","title":{"rendered":"50ml 100ml \u00dcres parf\u00fcm\u00f6s spray-palackok"},"content":{"rendered":"<p>Ezeket az \u00fcres parf\u00fcm\u00f6s sz\u00f3r\u00f3flakonokat kifejezetten a magas min\u0151s\u00e9gre t\u00f6rekv\u0151 m\u00e1rk\u00e1k sz\u00e1m\u00e1ra tervezt\u00e9k. A kiv\u00e1l\u00f3 min\u0151s\u00e9g\u0171 krist\u00e1ly\u00fcvegb\u0151l k\u00e9sz\u00fclt palack enyh\u00e9n fazett\u00e1lt, t\u00e9glalap alak\u00fa, tiszta vonalvezet\u00e9s\u0171 kialak\u00edt\u00e1st alkalmaz. Az \u00e1ltal\u00e1nos megjelen\u00e9s egyszer\u0171 \u00e9s nagyvonal\u00fa, \u00e9s visszafogott m\u00f3don eleganci\u00e1t \u00e9s high-end \u00e9rz\u00e9st sug\u00e1roz.Az \u00e1tl\u00e1tsz\u00f3 \u00fcveg t\u00f6k\u00e9letesen megmutatja a parf\u00fcm vagy a k\u00f6lni sz\u00edn\u00e9nek var\u00e1zs\u00e1t, \u00edgy minden csepp illat tele van vizu\u00e1lis vonzer\u0151vel. K\u00e9k f\u00e9mkupakkal vagy matt fekete kupakkal nemcsak st\u00edlus\u00e1ban sokoldal\u00fa, hanem egyedi temperamentummal is rendelkezik. A megvastag\u00edtott \u00fcvegalap stabil \u00e9s szil\u00e1rd, \u00e9s nyugodt \u00e9s f\u00e9ny\u0171z\u0151 \u00e9rz\u00e9s a kez\u00e9ben, amely nagyon alkalmas a magas sz\u00ednvonal\u00fa vagy hi\u00e1nyp\u00f3tl\u00f3 parf\u00fcmsorozatokhoz.<\/p>\n<h2>Ide\u00e1lis v\u00e1laszt\u00e1s exkluz\u00edv parf\u00fcm\u00f6k k\u00e9sz\u00edt\u00e9s\u00e9hez<\/h2>\n<p>Ak\u00e1r egy \u00faj m\u00e1rk\u00e1t hoz l\u00e9tre, ak\u00e1r egy limit\u00e1lt illatsz\u00e9ri\u00e1t ind\u00edt, ezek az \u00fcres \u00fcvegek ide\u00e1lis csomagol\u00e1si partnerek. A sima palackfel\u00fclet sz\u00e1mos testreszab\u00e1si m\u00f3dszert, p\u00e9ld\u00e1ul nyomtat\u00e1st, grav\u00edroz\u00e1st vagy c\u00edmk\u00e9z\u00e9st t\u00e1mogat, \u00edgy k\u00f6nnyed\u00e9n bemutathatja m\u00e1rk\u00e1ja szem\u00e9lyis\u00e9g\u00e9t.<\/p>\n<h2>F\u0151bb specifik\u00e1ci\u00f3k: Pontoss\u00e1g \u00e9s min\u0151s\u00e9g<\/h2>\n<div class=\"hyc-common-markdown__table-wrapper\">\n<table>\n<thead>\n<tr>\n<th>\u200b<strong>Specifik\u00e1ci\u00f3<\/strong><\/th>\n<th>\u200b<strong>R\u00e9szletek<\/strong><\/th>\n<\/tr>\n<\/thead>\n<tbody>\n<tr>\n<td>\u200b<strong>Modellek<\/strong><\/td>\n<td>PB-BF1802 (50ml), PB-BF1803 (100ml)<\/td>\n<\/tr>\n<tr>\n<td>\u200b<strong>M\u00e9retek<\/strong><\/td>\n<td>70 * 27 * 84 mm (50ml), 95 * 30 * 109 mm (100ml)<\/td>\n<\/tr>\n<tr>\n<td>\u200b<strong>Sapka opci\u00f3k<\/strong><\/td>\n<td>K\u00e9k f\u00e9mkupak, matt fekete PE kupak<\/td>\n<\/tr>\n<tr>\n<td>\u200b<strong>Alak<\/strong><\/td>\n<td>T\u00e9glalap alak\u00fa, enyh\u00e9n fazett\u00e1lt \u00e9lekkel<\/td>\n<\/tr>\n<tr>\n<td>\u200b<strong>Anyag<\/strong><\/td>\n<td>Kiv\u00e1l\u00f3 min\u0151s\u00e9g\u0171 krist\u00e1ly\u00fcveg<\/td>\n<\/tr>\n<tr>\n<td>\u200b<strong>T\u00f6m\u00edt\u00e9si t\u00edpus<\/strong><\/td>\n<td>Spray top<\/td>\n<\/tr>\n<\/tbody>\n<\/table>\n<\/div>\n<h2>Emelje fel m\u00e1rk\u00e1j\u00e1t pr\u00e9mium csomagol\u00e1ssal<\/h2>\n<p>Szeretn\u00e9l t\u00f6bb st\u00edlust vinni a parf\u00fcmsorozatodba? K\u00e9tf\u00e9le, 50 ml-es \u00e9s 100 ml-es kiszerel\u00e9st k\u00edn\u00e1lunk, az \u00fcveg kupakj\u00e1nak sz\u00edne pedig szabadon v\u00e1laszthat\u00f3 a m\u00e1rka st\u00edlus\u00e1nak megfelel\u0151en. T\u00e1mogatja a t\u00f6meges megrendel\u00e9st, a stabil ell\u00e1t\u00e1st \u00e9s seg\u00edti a m\u00e1rka n\u00f6veked\u00e9s\u00e9t.<\/p>\n<p>\u00dcdv\u00f6z\u00f6lj\u00fck, hogy b\u00e1rmikor kapcsolatba l\u00e9pjen gy\u00e1runkkal, hogy egy\u00fctt hozzuk l\u00e9tre saj\u00e1t exkluz\u00edv illatcsomagol\u00e1s\u00e1t - egy \u00fcveggel kezdve, hogy a m\u00e1rka melegebb\u00e9 v\u00e1ljon.<\/p>","protected":false},"excerpt":{"rendered":"<p>\u00dcres parf\u00fcm\u00f6s sz\u00f3r\u00f3flakonjainkat \u00fagy tervezt\u00fck, hogy modern \u00e9s kifinomult eszt\u00e9tik\u00e1val emelj\u00e9k az illatszer csomagol\u00e1s\u00e1t.<\/p>","protected":false},"featured_media":2697,"comment_status":"open","ping_status":"closed","template":"","meta":{"_acf_changed":false,"site-sidebar-layout":"default","site-content-layout":"","ast-site-content-layout":"default","site-content-style":"default","site-sidebar-style":"default","ast-global-header-display":"","ast-banner-title-visibility":"","ast-main-header-display":"","ast-hfb-above-header-display":"","ast-hfb-below-header-display":"","ast-hfb-mobile-header-display":"","site-post-title":"","ast-breadcrumbs-content":"","ast-featured-img":"","footer-sml-layout":"","ast-disable-related-posts":"","theme-transparent-header-meta":"default","adv-header-id-meta":"","stick-header-meta":"","header-above-stick-meta":"","header-main-stick-meta":"","header-below-stick-meta":"","astra-migrate-meta-layouts":"set","ast-page-background-enabled":"default","ast-page-background-meta":{"desktop":{"background-color":"var(--ast-global-color-5)","background-image":"","background-repeat":"repeat","background-position":"center center","background-size":"auto","background-attachment":"scroll","background-type":"","background-media":"","overlay-type":"","overlay-color":"","overlay-opacity":"","overlay-gradient":""},"tablet":{"background-color":"","background-image":"","background-repeat":"repeat","background-position":"center center","background-size":"auto","background-attachment":"scroll","background-type":"","background-media":"","overlay-type":"","overlay-color":"","overlay-opacity":"","overlay-gradient":""},"mobile":{"background-color":"","background-image":"","background-repeat":"repeat","background-position":"center center","background-size":"auto","background-attachment":"scroll","background-type":"","background-media":"","overlay-type":"","overlay-color":"","overlay-opacity":"","overlay-gradient":""}},"ast-content-background-meta":{"desktop":{"background-color":"var(--ast-global-color-4)","background-image":"","background-repeat":"repeat","background-position":"center center","background-size":"auto","background-attachment":"scroll","background-type":"","background-media":"","overlay-type":"","overlay-color":"","overlay-opacity":"","overlay-gradient":""},"tablet":{"background-color":"var(--ast-global-color-4)","background-image":"","background-repeat":"repeat","background-position":"center center","background-size":"auto","background-attachment":"scroll","background-type":"","background-media":"","overlay-type":"","overlay-color":"","overlay-opacity":"","overlay-gradient":""},"mobile":{"background-color":"var(--ast-global-color-4)","background-image":"","background-repeat":"repeat","background-position":"center center","background-size":"auto","background-attachment":"scroll","background-type":"","background-media":"","overlay-type":"","overlay-color":"","overlay-opacity":"","overlay-gradient":""}}},"product_brand":[],"product_cat":[72,41],"product_tag":[],"class_list":{"0":"post-2696","1":"product","2":"type-product","3":"status-publish","4":"has-post-thumbnail","6":"product_cat-cosmetic-packaging","7":"product_cat-perfume-bottles","8":"desktop-align-left","9":"tablet-align-left","10":"mobile-align-left","12":"first","13":"instock","14":"shipping-taxable","15":"product-type-simple"},"acf":[],"jetpack_sharing_enabled":true,"_links":{"self":[{"href":"https:\/\/theperfumebottles.com\/hu\/wp-json\/wp\/v2\/product\/2696","targetHints":{"allow":["GET"]}}],"collection":[{"href":"https:\/\/theperfumebottles.com\/hu\/wp-json\/wp\/v2\/product"}],"about":[{"href":"https:\/\/theperfumebottles.com\/hu\/wp-json\/wp\/v2\/types\/product"}],"replies":[{"embeddable":true,"href":"https:\/\/theperfumebottles.com\/hu\/wp-json\/wp\/v2\/comments?post=2696"}],"wp:featuredmedia":[{"embeddable":true,"href":"https:\/\/theperfumebottles.com\/hu\/wp-json\/wp\/v2\/media\/2697"}],"wp:attachment":[{"href":"https:\/\/theperfumebottles.com\/hu\/wp-json\/wp\/v2\/media?parent=2696"}],"wp:term":[{"taxonomy":"product_brand","embeddable":true,"href":"https:\/\/theperfumebottles.com\/hu\/wp-json\/wp\/v2\/product_brand?post=2696"},{"taxonomy":"product_cat","embeddable":true,"href":"https:\/\/theperfumebottles.com\/hu\/wp-json\/wp\/v2\/product_cat?post=2696"},{"taxonomy":"product_tag","embeddable":true,"href":"https:\/\/theperfumebottles.com\/hu\/wp-json\/wp\/v2\/product_tag?post=2696"}],"curies":[{"name":"wp","href":"https:\/\/api.w.org\/{rel}","templated":true}]}}