{"id":2729,"date":"2025-03-17T06:08:29","date_gmt":"2025-03-17T06:08:29","guid":{"rendered":"https:\/\/theperfumebottles.com\/?post_type=product&#038;p=2729"},"modified":"2025-05-30T10:04:54","modified_gmt":"2025-05-30T02:04:54","slug":"little-perfume-bottles-empty-mini-containers-wholesale","status":"publish","type":"product","link":"https:\/\/theperfumebottles.com\/hu\/termek\/little-perfume-bottles-empty-mini-containers-wholesale\/","title":{"rendered":"25 ml-es kis parf\u00fcm\u00f6s \u00fcvegek \u2013 \u00dcres mini tart\u00e1lyok nagykereskedelemben"},"content":{"rendered":"<p>Ezt a 25 ml-es mini parf\u00fcm\u00f6s \u00fcvegcs\u00e9t a min\u0151s\u00e9gre t\u00f6rekv\u0151 m\u00e1rk\u00e1k sz\u00e1m\u00e1ra tervezt\u00e9k. Egyszerre divatos \u00e9s praktikus, \u00e9s egyszer\u0171s\u00e9g\u00e9ben k\u00f6nny\u0171 luxus text\u00far\u00e1t sug\u00e1roz.Ez a 25 ml-es mini parf\u00fcm\u00f6s \u00fcveg h\u00e1rom sz\u00edn\u0171 kupakkal kaphat\u00f3: pezsg\u0151arany, t\u00fck\u00f6r ez\u00fcst \u00e9s matt fekete, amely k\u00fcl\u00f6nb\u00f6z\u0151 m\u00e1rkast\u00edlusokhoz illeszkedik. Az \u00e1tl\u00e1tsz\u00f3 \u00fcvegtest j\u00f3l l\u00e1that\u00f3v\u00e1 teszi a parf\u00fcm sz\u00edn\u00e9t, az innovat\u00edv f\u00fav\u00f3kakialak\u00edt\u00e1s pedig finomm\u00e1 \u00e9s egyenletess\u00e9 teszi a permetet, \u00e9s k\u00f6nnyen kezelhet\u0151 egy k\u00e9zzel. A modern k\u00f6nny\u0171 luxus design + gy\u00f6ny\u00f6r\u0171 r\u00e9szletek ide\u00e1lisak a m\u00e1rka testreszab\u00e1s\u00e1hoz \u00e9s a t\u00f6meges v\u00e1s\u00e1rl\u00e1sokhoz.<\/p>\n<h2>Sokoldal\u00fa alkalmaz\u00e1sok: A mintav\u00e9telt\u0151l a luxuskollekci\u00f3kig<\/h2>\n<p>Ez a mini parf\u00fcm\u00f6s \u00fcveg olyan, mint egy szem\u00e9lyes illat komornyik a zsebedben - legyen sz\u00f3 ak\u00e1r utaz\u00e1si parf\u00fcmr\u0151l, limit\u00e1lt kiad\u00e1s\u00fa k\u00f6lnir\u0151l vagy high-end parf\u00fcmk\u00e9szletr\u0151l, t\u00f6k\u00e9letes. Mind\u00f6ssze teny\u00e9rnyi m\u00e9ret\u0171 (41x25x77mm), \u00edgy k\u00f6nnyed\u00e9n elf\u00e9r benne a n\u0151k gyeng\u00e9d illata vagy a f\u00e9rfiak nyugodt lehelete. Alkalmasabb egy esk\u00fcv\u0151i aj\u00e1nd\u00e9kdoboz vagy egy m\u00e1rk\u00e1s k\u00f6z\u00f6s szett befejez\u0151 elemek\u00e9nt.<\/p>\n<h2>F\u0151bb specifik\u00e1ci\u00f3k<\/h2>\n<div class=\"hyc-common-markdown__table-wrapper\">\n<table>\n<thead>\n<tr>\n<th>Param\u00e9ter<\/th>\n<th>R\u00e9szlet<\/th>\n<\/tr>\n<\/thead>\n<tbody>\n<tr>\n<td>Modell<\/td>\n<td>PB-BF1901<\/td>\n<\/tr>\n<tr>\n<td>Kapacit\u00e1s<\/td>\n<td>25 ml<\/td>\n<\/tr>\n<tr>\n<td>M\u00e9retek<\/td>\n<td>41mm x 25mm x 77mm<\/td>\n<\/tr>\n<tr>\n<td>Kupak sz\u00ednei<\/td>\n<td>Pol\u00edrozott arany, ez\u00fcst, matt fekete<\/td>\n<\/tr>\n<tr>\n<td>Anyag<\/td>\n<td>Kiv\u00e1l\u00f3 min\u0151s\u00e9g\u0171 krist\u00e1ly\u00fcveg<\/td>\n<\/tr>\n<tr>\n<td>Z\u00e1r\u00e1s t\u00edpusa<\/td>\n<td>Spray fels\u0151<\/td>\n<\/tr>\n<tr>\n<td>Egy\u00e9ni be\u00e1ll\u00edt\u00e1sok<\/td>\n<td>Grav\u00edroz\u00e1s, c\u00edmk\u00e9k, matt kivitelben<\/td>\n<\/tr>\n<\/tbody>\n<\/table>\n<\/div>\n<h2>Teljes k\u00f6r\u0171 megold\u00e1sok az \u00d6n m\u00e1rk\u00e1j\u00e1hoz<\/h2>\n<p>Megb\u00edzhat\u00f3 parf\u00fcm\u00f6s\u00fcveg-gy\u00e1rt\u00f3k\u00e9nt rugalmasan k\u00edn\u00e1ljuk a t\u00f6meges megrendel\u00e9seket \u00e9s a rakt\u00e1ron l\u00e9v\u0151 t\u00e9teleket a gyors ell\u00e1t\u00e1s \u00e9rdek\u00e9ben. Ak\u00e1r \u00fcres parf\u00fcm\u00f6s \u00fcvegek nagykereskedelm\u00e9re, ak\u00e1r egyedi parf\u00fcmcsomagol\u00e1sra van sz\u00fcks\u00e9ge, gy\u00e1runk teljes k\u00f6r\u0171 megold\u00e1sokat k\u00edn\u00e1l - a form\u00e1kt\u00f3l \u00e9s sz\u00ednekt\u0151l a z\u00e1r\u00f3elemekig \u00e9s kieg\u00e9sz\u00edt\u0151kig.<\/p>\n<h2>Cselekedjen m\u00e9g ma:<\/h2>\n<ul>\n<li>Ingyenes mint\u00e1k k\u00e9r\u00e9se<\/li>\n<li>Fedezze fel az egy\u00e9ni kivitelez\u00e9si lehet\u0151s\u00e9geket<\/li>\n<li>M\u00e1rk\u00e1s csomagol\u00e1s\u00fa, nagy t\u00e9telben t\u00f6rt\u00e9n\u0151 v\u00e1s\u00e1rl\u00e1s<\/li>\n<\/ul>\n<p>Emelje fel illatcsal\u00e1dj\u00e1t egy pr\u00e9mium min\u0151s\u00e9g\u0171 ed\u00e9nnyel, amely t\u00fckr\u00f6zi m\u00e1rk\u00e1ja kifinomults\u00e1g\u00e1t. Vegye fel vel\u00fcnk a kapcsolatot most, hogy l\u00e9trehozzon egy id\u0151t\u00e1ll\u00f3 parf\u00fcm spray flakon kollekci\u00f3t!<\/p>","protected":false},"excerpt":{"rendered":"<p>Az ig\u00e9nyes m\u00e1rk\u00e1k sz\u00e1m\u00e1ra k\u00e9sz\u00fclt 25 ml-es kis parf\u00fcm\u00f6s \u00fcvegek a letisztult diz\u00e1jnt \u00e9s a pr\u00e9mium funkcionalit\u00e1st \u00f6tv\u00f6zik.<\/p>","protected":false},"featured_media":2733,"comment_status":"open","ping_status":"closed","template":"","meta":{"_acf_changed":false,"site-sidebar-layout":"default","site-content-layout":"","ast-site-content-layout":"default","site-content-style":"default","site-sidebar-style":"default","ast-global-header-display":"","ast-banner-title-visibility":"","ast-main-header-display":"","ast-hfb-above-header-display":"","ast-hfb-below-header-display":"","ast-hfb-mobile-header-display":"","site-post-title":"","ast-breadcrumbs-content":"","ast-featured-img":"","footer-sml-layout":"","ast-disable-related-posts":"","theme-transparent-header-meta":"default","adv-header-id-meta":"","stick-header-meta":"","header-above-stick-meta":"","header-main-stick-meta":"","header-below-stick-meta":"","astra-migrate-meta-layouts":"set","ast-page-background-enabled":"default","ast-page-background-meta":{"desktop":{"background-color":"var(--ast-global-color-5)","background-image":"","background-repeat":"repeat","background-position":"center center","background-size":"auto","background-attachment":"scroll","background-type":"","background-media":"","overlay-type":"","overlay-color":"","overlay-opacity":"","overlay-gradient":""},"tablet":{"background-color":"","background-image":"","background-repeat":"repeat","background-position":"center center","background-size":"auto","background-attachment":"scroll","background-type":"","background-media":"","overlay-type":"","overlay-color":"","overlay-opacity":"","overlay-gradient":""},"mobile":{"background-color":"","background-image":"","background-repeat":"repeat","background-position":"center center","background-size":"auto","background-attachment":"scroll","background-type":"","background-media":"","overlay-type":"","overlay-color":"","overlay-opacity":"","overlay-gradient":""}},"ast-content-background-meta":{"desktop":{"background-color":"var(--ast-global-color-4)","background-image":"","background-repeat":"repeat","background-position":"center center","background-size":"auto","background-attachment":"scroll","background-type":"","background-media":"","overlay-type":"","overlay-color":"","overlay-opacity":"","overlay-gradient":""},"tablet":{"background-color":"var(--ast-global-color-4)","background-image":"","background-repeat":"repeat","background-position":"center center","background-size":"auto","background-attachment":"scroll","background-type":"","background-media":"","overlay-type":"","overlay-color":"","overlay-opacity":"","overlay-gradient":""},"mobile":{"background-color":"var(--ast-global-color-4)","background-image":"","background-repeat":"repeat","background-position":"center center","background-size":"auto","background-attachment":"scroll","background-type":"","background-media":"","overlay-type":"","overlay-color":"","overlay-opacity":"","overlay-gradient":""}}},"product_brand":[],"product_cat":[72,74,41],"product_tag":[],"class_list":{"0":"post-2729","1":"product","2":"type-product","3":"status-publish","4":"has-post-thumbnail","6":"product_cat-cosmetic-packaging","7":"product_cat-mini-perfume-bottles","8":"product_cat-perfume-bottles","9":"desktop-align-left","10":"tablet-align-left","11":"mobile-align-left","13":"first","14":"instock","15":"shipping-taxable","16":"product-type-simple"},"acf":[],"jetpack_sharing_enabled":true,"_links":{"self":[{"href":"https:\/\/theperfumebottles.com\/hu\/wp-json\/wp\/v2\/product\/2729","targetHints":{"allow":["GET"]}}],"collection":[{"href":"https:\/\/theperfumebottles.com\/hu\/wp-json\/wp\/v2\/product"}],"about":[{"href":"https:\/\/theperfumebottles.com\/hu\/wp-json\/wp\/v2\/types\/product"}],"replies":[{"embeddable":true,"href":"https:\/\/theperfumebottles.com\/hu\/wp-json\/wp\/v2\/comments?post=2729"}],"wp:featuredmedia":[{"embeddable":true,"href":"https:\/\/theperfumebottles.com\/hu\/wp-json\/wp\/v2\/media\/2733"}],"wp:attachment":[{"href":"https:\/\/theperfumebottles.com\/hu\/wp-json\/wp\/v2\/media?parent=2729"}],"wp:term":[{"taxonomy":"product_brand","embeddable":true,"href":"https:\/\/theperfumebottles.com\/hu\/wp-json\/wp\/v2\/product_brand?post=2729"},{"taxonomy":"product_cat","embeddable":true,"href":"https:\/\/theperfumebottles.com\/hu\/wp-json\/wp\/v2\/product_cat?post=2729"},{"taxonomy":"product_tag","embeddable":true,"href":"https:\/\/theperfumebottles.com\/hu\/wp-json\/wp\/v2\/product_tag?post=2729"}],"curies":[{"name":"wp","href":"https:\/\/api.w.org\/{rel}","templated":true}]}}