{"id":2734,"date":"2025-03-17T06:43:29","date_gmt":"2025-03-17T06:43:29","guid":{"rendered":"https:\/\/theperfumebottles.com\/?post_type=product&#038;p=2734"},"modified":"2026-04-08T15:31:41","modified_gmt":"2026-04-08T07:31:41","slug":"best-perfume-bottles-glass-perfume-bottles-wholesale","status":"publish","type":"product","link":"https:\/\/theperfumebottles.com\/hu\/termek\/best-perfume-bottles-glass-perfume-bottles-wholesale\/","title":{"rendered":"50ml 100ml A legjobb parf\u00fcm\u00f6s \u00fcvegek \u2013 \u00dcveg parf\u00fcm\u00f6s \u00fcvegek nagykereskedelme"},"content":{"rendered":"<h2>\u00d6ltsd luxus\u00e9rzettel m\u00e1rk\u00e1dat<\/h2>\n<p>50 ml-es \u00e9s 100 ml-es m\u00e9retben kaphat\u00f3, pr\u00f3ba-, teljes vagy limit\u00e1lt kiad\u00e1s\u00fa \u00fcveg parf\u00fcm\u00f6s palackok nagykereskedelm\u00e9hez. A lekerek\u00edtett t\u00e9glalap alak\u00fa palack vastag krist\u00e1ly\u00fcveggel p\u00e1rosul, \u00e1tl\u00e1tsz\u00f3 csillog\u00e1ssal \u00e9s luxus\u00e9rzettel, z\u00f6kken\u0151mentesen integr\u00e1lva a f\u00e9rfi\/n\u0151i illatsorozatba, hogy egys\u00e9ges m\u00e1rkak\u00e9pet \u00e9p\u00edtsen. A palack kupakja pol\u00edrozott arany, ez\u00fcst \u00e9s matt fekete sz\u00ednben kaphat\u00f3, amelyek k\u00f6nnyen illeszkednek a m\u00e1rka sz\u00ednrendszer\u00e9hez. Az \u00e1tl\u00e1tsz\u00f3 palack tiszt\u00e1n mutatja a parf\u00fcm sz\u00edn\u00e9t, a sz\u00f3r\u00e1s kialak\u00edt\u00e1sa prec\u00edz \u00e9s egyenletes, a m\u0171k\u00f6d\u00e9s pedig sima, ami jav\u00edtja a v\u00e9gfelhaszn\u00e1l\u00f3i \u00e9lm\u00e9nyt.<\/p>\n<h2>Sokoldal\u00fa alkalmaz\u00e1sok: A k\u00f3stol\u00e1st\u00f3l az egyedi illatokig<\/h2>\n<p>Ezek a legjobb parf\u00fcm\u00f6s \u00fcvegek t\u00f6k\u00e9letesek 95 ml-es \u00fcvegkollekci\u00f3khoz, utaz\u00f3m\u00e9ret\u0171 parf\u00fcm\u00f6s fiol\u00e1khoz vagy limit\u00e1lt kiad\u00e1s\u00fa illatos \u00fcvegcs\u00e9khez. Eleg\u00e1ns diz\u00e1jnjuk illik niche illatcsal\u00e1dokhoz, kiskereskedelmi displayekhez vagy szem\u00e9lyre szabott aj\u00e1nd\u00e9kk\u00e9szletekhez. Legyen sz\u00f3 k\u00f6lnir\u0151l vagy parf\u00fcmr\u0151l, luxus megjelen\u00e9st k\u00f6lcs\u00f6n\u00f6znek minden alkalmaz\u00e1si ter\u00fcleten.<\/p>\n<h2>F\u0151bb jellemz\u0151k: Pr\u00e9mium \u00fcveg parf\u00fcm\u00f6s palackok<\/h2>\n<div class=\"hyc-common-markdown__table-wrapper\">\n<table>\n<thead>\n<tr>\n<th>Modell<\/th>\n<th>Kapacit\u00e1s<\/th>\n<th>M\u00e9retek (mm)<\/th>\n<th>Kupak sz\u00ednei<\/th>\n<th>Anyag<\/th>\n<th>Bez\u00e1r\u00e1s<\/th>\n<\/tr>\n<\/thead>\n<tbody>\n<tr>\n<td>PB-BF1902<\/td>\n<td>50 ml<\/td>\n<td>53x31x73<\/td>\n<td>Arany, ez\u00fcst, matt fekete<\/td>\n<td>Kiv\u00e1l\u00f3 min\u0151s\u00e9g\u0171 krist\u00e1ly\u00fcveg<\/td>\n<td>Spray fels\u0151<\/td>\n<\/tr>\n<tr>\n<td>PB-BF1903<\/td>\n<td>50 ml<\/td>\n<td>43x30x88<\/td>\n<td>Arany, ez\u00fcst, matt fekete<\/td>\n<td>Kiv\u00e1l\u00f3 min\u0151s\u00e9g\u0171 krist\u00e1ly\u00fcveg<\/td>\n<td>Spray fels\u0151<\/td>\n<\/tr>\n<tr>\n<td>PB-BF1904<\/td>\n<td>100 ml<\/td>\n<td>57x38x107<\/td>\n<td>Arany, ez\u00fcst, matt fekete<\/td>\n<td>Kiv\u00e1l\u00f3 min\u0151s\u00e9g\u0171 krist\u00e1ly\u00fcveg<\/td>\n<td>Spray fels\u0151<\/td>\n<\/tr>\n<\/tbody>\n<\/table>\n<\/div>\n<h2>Sikert\u00f6rt\u00e9net: Egyedi rendel\u00e9s egy niche New York-i illatm\u00e1rk\u00e1t\u00f3l<\/h2>\n<p>Egy New York-i niche parf\u00fcmm\u00e1rka \u00fcveg parf\u00fcm\u00f6s palackok nagykereskedelmi szolg\u00e1ltat\u00e1sunkat v\u00e1lasztotta, hogy f\u00fcst\u00f6s sz\u00fcrke \u00fcvegpalackok felhaszn\u00e1l\u00e1s\u00e1val egyedi term\u00e9keket hozzon l\u00e9tre. Az egyedi palackok figyelemre m\u00e9lt\u00f3 eredm\u00e9nyeket \u00e9rtek el: a pozit\u00edv v\u00e1s\u00e1rl\u00f3i v\u00e9lem\u00e9nyek 40%-a eml\u00edtette a massz\u00edv \u00e9rzetet \u00e9s a minimalista diz\u00e1jnt. Fotog\u00e9n megjelen\u00e9s\u00fck 300%-os n\u00f6veked\u00e9st eredm\u00e9nyezett a k\u00f6z\u00f6ss\u00e9gi m\u00e9dia influencereinek elk\u00f6telez\u0151d\u00e9s\u00e9ben. A v\u00e1llalat tov\u00e1bbi 650 000 palack v\u00e1s\u00e1rl\u00e1sa mellett d\u00f6nt\u00f6tt, mivel els\u0151 term\u00e9kcsal\u00e1djuk sikeres volt a koncentr\u00e1lt illatokkal \u00e9s a limit\u00e1lt kiad\u00e1s\u00fa m\u0171v\u00e9szi egy\u00fcttm\u0171k\u00f6d\u00e9sekkel.<\/p>\n<h2><strong>Cselekedjen most m\u00e1rk\u00e1ja n\u00e9pszer\u0171s\u00edt\u00e9s\u00e9\u00e9rt:<\/strong><\/h2>\n<ul>\n<li>K\u00e9rjen ingyenes mint\u00e1kat a legjobb parf\u00fcm\u00f6s \u00fcvegeinkb\u0151l<\/li>\n<li>Fedezze fel az egyedi grav\u00edroz\u00e1si \u00e9s fel\u00fcletkezel\u00e9si lehet\u0151s\u00e9geket<\/li>\n<li>M\u00e1rk\u00e1s csomagol\u00e1s\u00fa, nagy t\u00e9telben t\u00f6rt\u00e9n\u0151 v\u00e1s\u00e1rl\u00e1s<\/li>\n<\/ul>\n<p>Alak\u00edtsa \u00e1t illatkollekci\u00f3j\u00e1t luxus \u00fcveg parf\u00fcm\u00f6s \u00fcvegekkel nagykereskedelemben \u2013 ahol a diz\u00e1jn tal\u00e1lkozik a k\u00e9zm\u0171vess\u00e9ggel. Vegye fel vel\u00fcnk a kapcsolatot m\u00e9g ma, hogy id\u0151t\u00e1ll\u00f3 kollekci\u00f3t hozhasson l\u00e9tre!<\/p>","protected":false},"excerpt":{"rendered":"<p>Pr\u00e9mium \u00fcveg parf\u00fcm\u00f6s \u00fcvegek nagykereskedelemben luxusm\u00e1rk\u00e1k sz\u00e1m\u00e1ra. Testreszabhat\u00f3 50 ml-es \u00e9s 100 ml-es legjobb parf\u00fcm\u00f6s \u00fcvegek pol\u00edrozott arany\/ez\u00fcst\/matt fekete kupakkal.<\/p>","protected":false},"featured_media":2736,"comment_status":"open","ping_status":"closed","template":"","meta":{"_acf_changed":false,"site-sidebar-layout":"default","site-content-layout":"","ast-site-content-layout":"default","site-content-style":"default","site-sidebar-style":"default","ast-global-header-display":"","ast-banner-title-visibility":"","ast-main-header-display":"","ast-hfb-above-header-display":"","ast-hfb-below-header-display":"","ast-hfb-mobile-header-display":"","site-post-title":"","ast-breadcrumbs-content":"","ast-featured-img":"","footer-sml-layout":"","ast-disable-related-posts":"","theme-transparent-header-meta":"default","adv-header-id-meta":"","stick-header-meta":"","header-above-stick-meta":"","header-main-stick-meta":"","header-below-stick-meta":"","astra-migrate-meta-layouts":"set","ast-page-background-enabled":"default","ast-page-background-meta":{"desktop":{"background-color":"var(--ast-global-color-5)","background-image":"","background-repeat":"repeat","background-position":"center center","background-size":"auto","background-attachment":"scroll","background-type":"","background-media":"","overlay-type":"","overlay-color":"","overlay-opacity":"","overlay-gradient":""},"tablet":{"background-color":"","background-image":"","background-repeat":"repeat","background-position":"center center","background-size":"auto","background-attachment":"scroll","background-type":"","background-media":"","overlay-type":"","overlay-color":"","overlay-opacity":"","overlay-gradient":""},"mobile":{"background-color":"","background-image":"","background-repeat":"repeat","background-position":"center center","background-size":"auto","background-attachment":"scroll","background-type":"","background-media":"","overlay-type":"","overlay-color":"","overlay-opacity":"","overlay-gradient":""}},"ast-content-background-meta":{"desktop":{"background-color":"var(--ast-global-color-4)","background-image":"","background-repeat":"repeat","background-position":"center center","background-size":"auto","background-attachment":"scroll","background-type":"","background-media":"","overlay-type":"","overlay-color":"","overlay-opacity":"","overlay-gradient":""},"tablet":{"background-color":"var(--ast-global-color-4)","background-image":"","background-repeat":"repeat","background-position":"center center","background-size":"auto","background-attachment":"scroll","background-type":"","background-media":"","overlay-type":"","overlay-color":"","overlay-opacity":"","overlay-gradient":""},"mobile":{"background-color":"var(--ast-global-color-4)","background-image":"","background-repeat":"repeat","background-position":"center center","background-size":"auto","background-attachment":"scroll","background-type":"","background-media":"","overlay-type":"","overlay-color":"","overlay-opacity":"","overlay-gradient":""}}},"product_brand":[],"product_cat":[91,72,41],"product_tag":[],"class_list":{"0":"post-2734","1":"product","2":"type-product","3":"status-publish","4":"has-post-thumbnail","6":"product_cat-custom-perfume-bottles","7":"product_cat-cosmetic-packaging","8":"product_cat-perfume-bottles","9":"desktop-align-left","10":"tablet-align-left","11":"mobile-align-left","13":"first","14":"instock","15":"shipping-taxable","16":"product-type-simple"},"acf":[],"jetpack_sharing_enabled":true,"_links":{"self":[{"href":"https:\/\/theperfumebottles.com\/hu\/wp-json\/wp\/v2\/product\/2734","targetHints":{"allow":["GET"]}}],"collection":[{"href":"https:\/\/theperfumebottles.com\/hu\/wp-json\/wp\/v2\/product"}],"about":[{"href":"https:\/\/theperfumebottles.com\/hu\/wp-json\/wp\/v2\/types\/product"}],"replies":[{"embeddable":true,"href":"https:\/\/theperfumebottles.com\/hu\/wp-json\/wp\/v2\/comments?post=2734"}],"wp:featuredmedia":[{"embeddable":true,"href":"https:\/\/theperfumebottles.com\/hu\/wp-json\/wp\/v2\/media\/2736"}],"wp:attachment":[{"href":"https:\/\/theperfumebottles.com\/hu\/wp-json\/wp\/v2\/media?parent=2734"}],"wp:term":[{"taxonomy":"product_brand","embeddable":true,"href":"https:\/\/theperfumebottles.com\/hu\/wp-json\/wp\/v2\/product_brand?post=2734"},{"taxonomy":"product_cat","embeddable":true,"href":"https:\/\/theperfumebottles.com\/hu\/wp-json\/wp\/v2\/product_cat?post=2734"},{"taxonomy":"product_tag","embeddable":true,"href":"https:\/\/theperfumebottles.com\/hu\/wp-json\/wp\/v2\/product_tag?post=2734"}],"curies":[{"name":"wp","href":"https:\/\/api.w.org\/{rel}","templated":true}]}}