{"id":2743,"date":"2025-03-18T07:06:07","date_gmt":"2025-03-18T07:06:07","guid":{"rendered":"https:\/\/theperfumebottles.com\/?post_type=product&#038;p=2743"},"modified":"2025-03-18T07:30:54","modified_gmt":"2025-03-18T07:30:54","slug":"mens-cologne-black-square-bottle","status":"publish","type":"product","link":"https:\/\/theperfumebottles.com\/hu\/termek\/mens-cologne-black-square-bottle\/","title":{"rendered":"30ml 50ml 100ml F\u00e9rfi k\u00f6lni fekete n\u00e9gyzet alak\u00fa \u00fcveg"},"content":{"rendered":"<p>Fedezze fel a f\u00e9rfi k\u00f6lni fekete n\u00e9gyzet alak\u00fa \u00fcveg\u00e9t, amelyet olyan m\u00e1rk\u00e1k sz\u00e1m\u00e1ra terveztek, amelyek a legjobb k\u00f6lnivonalat keresik, hogy feldobj\u00e1k illatcsal\u00e1djukat. A prec\u00edzen megmunk\u00e1lt fekete parf\u00fcm\u00f6s \u00fcvegek nagykereskedelmi v\u00e1laszt\u00e9ka a modern minimalizmust \u00f6tv\u00f6zi az id\u0151tlen kifinomults\u00e1ggal, t\u00f6k\u00e9letes a luxus parf\u00fcm\u00f6k \u00e9s hi\u00e1nyp\u00f3tl\u00f3 kollekci\u00f3k sz\u00e1m\u00e1ra.<\/p>\n<h2>Term\u00e9kle\u00edr\u00e1sok \u00e1ttekint\u00e9se<\/h2>\n<div class=\"hyc-common-markdown__table-wrapper\">\n<table>\n<thead>\n<tr>\n<th>Modell<\/th>\n<th>Kapacit\u00e1s<\/th>\n<th>M\u00e9retek (mm)<\/th>\n<th>\u00dcveg sz\u00edne<\/th>\n<th>Kupak sz\u00edne<\/th>\n<th>Anyag<\/th>\n<\/tr>\n<\/thead>\n<tbody>\n<tr>\n<td>PB-BM0401<\/td>\n<td>30 ml<\/td>\n<td>42\u00d729\u00d777<\/td>\n<td>Matt fekete<\/td>\n<td>Pol\u00edrozott<\/td>\n<td>Krist\u00e1ly\u00fcveg<\/td>\n<\/tr>\n<tr>\n<td>PB-BM0402<\/td>\n<td>50 ml<\/td>\n<td>51\u00d728\u00d792<\/td>\n<td>Matt fekete<\/td>\n<td>Pol\u00edrozott<\/td>\n<td>Krist\u00e1ly\u00fcveg<\/td>\n<\/tr>\n<tr>\n<td>PB-BM0403<\/td>\n<td>100 ml<\/td>\n<td>53\u00d735\u00d7116<\/td>\n<td>Matt fekete<\/td>\n<td>Pol\u00edrozott<\/td>\n<td>Krist\u00e1ly\u00fcveg<\/td>\n<\/tr>\n<\/tbody>\n<\/table>\n<\/div>\n<h2>Testre szabott megold\u00e1sok a m\u00e1rka siker\u00e9\u00e9rt<\/h2>\n<p>Alak\u00edtsa \u00e1t ezeket az \u00fcres parf\u00fcmtart\u00e1lyokat m\u00e1rk\u00e1s remekm\u0171vekk\u00e9. V\u00e1lassza a grav\u00edrozott log\u00f3kat, az egyedi sz\u00edneket vagy az exkluz\u00edv kivitelez\u00e9si lehet\u0151s\u00e9geket (pl. antik vagy \u00e1ttetsz\u0151 hat\u00e1s). Ide\u00e1lis a nagykereskedelmi partnerek sz\u00e1m\u00e1ra, versenyk\u00e9pes \u00e1rakat k\u00edn\u00e1lunk a rugalmas MOQ-mennyis\u00e9ggel rendelkez\u0151 t\u00f6meges megrendel\u00e9sekhez.<\/p>\n<h3>Sokoldal\u00fa alkalmaz\u00e1sok az \u00f6sszes illatszercsal\u00e1dban<\/h3>\n<p>Legyen sz\u00f3 f\u00e9rfi k\u00f6lnir\u0151l, n\u0151i parf\u00fcmr\u0151l vagy uniszex illatokr\u00f3l, ez a sz\u00f6gletes \u00fcveg parf\u00fcm\u00f6s \u00fcveg b\u00e1rmely illatkateg\u00f3ri\u00e1hoz illeszkedik. Eleg\u00e1ns kialak\u00edt\u00e1sa illik hozz\u00e1:<\/p>\n<ul>\n<li>Luxus niche parf\u00fcm m\u00e1rk\u00e1k<\/li>\n<li>Korl\u00e1tozott p\u00e9ld\u00e1nysz\u00e1m\u00fa kollekci\u00f3k<\/li>\n<li>Szem\u00e9lyre szabott aj\u00e1nd\u00e9kk\u00e9szletek<\/li>\n<li>Pr\u00e9mium kiskereskedelmi displayek<\/li>\n<\/ul>\n<h2>Mi\u00e9rt v\u00e1lassza a fekete n\u00e9gyzet alak\u00fa k\u00f6lnis\u00fcvegeket?<\/h2>\n<p>A parf\u00fcmcsomagol\u00e1s megb\u00edzhat\u00f3 gy\u00e1rt\u00f3jak\u00e9nt teljes k\u00f6r\u0171 megold\u00e1sokat k\u00edn\u00e1lunk a tervez\u00e9st\u0151l a sz\u00e1ll\u00edt\u00e1sig. Fekete parf\u00fcm\u00f6s flakonjainkat \u00fagy tervezz\u00fck, hogy:<\/p>\n<ol>\n<li>N\u00f6velje az \u00e9rz\u00e9kelt \u00e9rt\u00e9ket luxus eszt\u00e9tik\u00e1val.<\/li>\n<li>V\u00e9dje az illatanyagokat UV-\u00e1ll\u00f3 \u00fcveggel.<\/li>\n<li>Egyszer\u0171s\u00edtse a m\u00e1rka\u00e9p\u00edt\u00e9st egyedi grav\u00edroz\u00e1ssal \u00e9s kieg\u00e9sz\u00edt\u0151kkel.<\/li>\n<\/ol>\n<h2>Emelje fel m\u00e1rk\u00e1j\u00e1t id\u0151tlen eleganci\u00e1val<\/h2>\n<p>T\u0171nj\u00f6n ki a versenyz\u0151 illatszerek piac\u00e1n a fekete sz\u00f6gletes f\u00e9rfi k\u00f6lni flakonunkkal - a legjobb k\u00f6lni flakonok k\u00f6z\u00f6tt a legjobb versenyz\u0151. A fekete parf\u00fcm\u00f6s \u00fcvegek nagykereskedelmi partnereihez optimaliz\u00e1lt design egyes\u00edti a funkcionalit\u00e1st a pr\u00e9mium vonzer\u0151vel. L\u00e9pjen kapcsolatba csapatunkkal m\u00e9g ma, hogy megbesz\u00e9lj\u00fck az egyedi megrendel\u00e9seket vagy a nagybev\u00e1s\u00e1rl\u00e1si kedvezm\u00e9nyeket!<\/p>\n<p>K\u00e9szen \u00e1ll egy eml\u00e9kezetes illat\u00e9lm\u00e9ny megteremt\u00e9s\u00e9re? K\u00e9rjen \u00e1raj\u00e1nlatot most fekete parf\u00fcm\u00f6s \u00fcvegek nagykereskedelm\u00e9re, \u00e9s nyissa meg az exkluz\u00edv m\u00e1rka\u00e9p\u00edt\u00e9si lehet\u0151s\u00e9geket!<\/p>","protected":false},"excerpt":{"rendered":"<p>Fedezze fel a f\u00e9rfi illatot ad\u00f3 fekete n\u00e9gyzetforma \u00fcveg\u00f6t, amelyet olyan m\u00e1rk\u00e1k keresnek, amelyek a legjobb illatokat k\u00edn\u00e1l\u00f3 \u00fcvegeket keresik, hogy emelj\u00e9k fel illatl\u00e1ncukat. K\u00e9sz\u00fclt [...]<\/p>","protected":false},"featured_media":2752,"comment_status":"open","ping_status":"closed","template":"","meta":{"_acf_changed":false,"site-sidebar-layout":"default","site-content-layout":"","ast-site-content-layout":"default","site-content-style":"default","site-sidebar-style":"default","ast-global-header-display":"","ast-banner-title-visibility":"","ast-main-header-display":"","ast-hfb-above-header-display":"","ast-hfb-below-header-display":"","ast-hfb-mobile-header-display":"","site-post-title":"","ast-breadcrumbs-content":"","ast-featured-img":"","footer-sml-layout":"","ast-disable-related-posts":"","theme-transparent-header-meta":"default","adv-header-id-meta":"","stick-header-meta":"","header-above-stick-meta":"","header-main-stick-meta":"","header-below-stick-meta":"","astra-migrate-meta-layouts":"set","ast-page-background-enabled":"default","ast-page-background-meta":{"desktop":{"background-color":"var(--ast-global-color-5)","background-image":"","background-repeat":"repeat","background-position":"center center","background-size":"auto","background-attachment":"scroll","background-type":"","background-media":"","overlay-type":"","overlay-color":"","overlay-opacity":"","overlay-gradient":""},"tablet":{"background-color":"","background-image":"","background-repeat":"repeat","background-position":"center center","background-size":"auto","background-attachment":"scroll","background-type":"","background-media":"","overlay-type":"","overlay-color":"","overlay-opacity":"","overlay-gradient":""},"mobile":{"background-color":"","background-image":"","background-repeat":"repeat","background-position":"center center","background-size":"auto","background-attachment":"scroll","background-type":"","background-media":"","overlay-type":"","overlay-color":"","overlay-opacity":"","overlay-gradient":""}},"ast-content-background-meta":{"desktop":{"background-color":"var(--ast-global-color-4)","background-image":"","background-repeat":"repeat","background-position":"center center","background-size":"auto","background-attachment":"scroll","background-type":"","background-media":"","overlay-type":"","overlay-color":"","overlay-opacity":"","overlay-gradient":""},"tablet":{"background-color":"var(--ast-global-color-4)","background-image":"","background-repeat":"repeat","background-position":"center center","background-size":"auto","background-attachment":"scroll","background-type":"","background-media":"","overlay-type":"","overlay-color":"","overlay-opacity":"","overlay-gradient":""},"mobile":{"background-color":"var(--ast-global-color-4)","background-image":"","background-repeat":"repeat","background-position":"center center","background-size":"auto","background-attachment":"scroll","background-type":"","background-media":"","overlay-type":"","overlay-color":"","overlay-opacity":"","overlay-gradient":""}}},"product_brand":[],"product_cat":[79,72,41],"product_tag":[],"class_list":{"0":"post-2743","1":"product","2":"type-product","3":"status-publish","4":"has-post-thumbnail","6":"product_cat-black-perfume-bottles","7":"product_cat-cosmetic-packaging","8":"product_cat-perfume-bottles","9":"desktop-align-left","10":"tablet-align-left","11":"mobile-align-left","13":"first","14":"instock","15":"shipping-taxable","16":"product-type-simple"},"acf":[],"jetpack_sharing_enabled":true,"_links":{"self":[{"href":"https:\/\/theperfumebottles.com\/hu\/wp-json\/wp\/v2\/product\/2743","targetHints":{"allow":["GET"]}}],"collection":[{"href":"https:\/\/theperfumebottles.com\/hu\/wp-json\/wp\/v2\/product"}],"about":[{"href":"https:\/\/theperfumebottles.com\/hu\/wp-json\/wp\/v2\/types\/product"}],"replies":[{"embeddable":true,"href":"https:\/\/theperfumebottles.com\/hu\/wp-json\/wp\/v2\/comments?post=2743"}],"wp:featuredmedia":[{"embeddable":true,"href":"https:\/\/theperfumebottles.com\/hu\/wp-json\/wp\/v2\/media\/2752"}],"wp:attachment":[{"href":"https:\/\/theperfumebottles.com\/hu\/wp-json\/wp\/v2\/media?parent=2743"}],"wp:term":[{"taxonomy":"product_brand","embeddable":true,"href":"https:\/\/theperfumebottles.com\/hu\/wp-json\/wp\/v2\/product_brand?post=2743"},{"taxonomy":"product_cat","embeddable":true,"href":"https:\/\/theperfumebottles.com\/hu\/wp-json\/wp\/v2\/product_cat?post=2743"},{"taxonomy":"product_tag","embeddable":true,"href":"https:\/\/theperfumebottles.com\/hu\/wp-json\/wp\/v2\/product_tag?post=2743"}],"curies":[{"name":"wp","href":"https:\/\/api.w.org\/{rel}","templated":true}]}}