{"id":2787,"date":"2025-03-19T09:25:42","date_gmt":"2025-03-19T09:25:42","guid":{"rendered":"https:\/\/theperfumebottles.com\/?post_type=product&#038;p=2787"},"modified":"2025-05-30T15:39:08","modified_gmt":"2025-05-30T07:39:08","slug":"luxury-mens-cologne-black-bottles","status":"publish","type":"product","link":"https:\/\/theperfumebottles.com\/hu\/termek\/luxury-mens-cologne-black-bottles\/","title":{"rendered":"30ml 50ml 100ml luxus f\u00e9rfi k\u00f6lni fekete \u00fcvegekben"},"content":{"rendered":"<h2>Pr\u00e9mium fekete k\u00f6lni flakonok: M\u00e1rk\u00e1k id\u0151tlen eleganci\u00e1ja: Id\u0151tlen elegancia a modern m\u00e1rk\u00e1k sz\u00e1m\u00e1ra<\/h2>\n<p>Ez a matt fekete \u00fcveg parf\u00fcm\u00f6s \u00fcveg olyan, mint a fagyos \u00e9jszaka, \u00e9s az \u00fcveg vonalai az id\u0151 text\u00far\u00e1j\u00e1val kombin\u00e1l\u00f3dnak, \u00edgy egy titokzatos t\u00e1rol\u00f3t alkotva a f\u00e9rfi k\u00f6lni sz\u00e1m\u00e1ra. Az \u00e1ttetsz\u0151 m\u00e9ly sz\u00edn miatt az illat fenyeget\u0151, ak\u00e1rcsak a tiszta fekete \u00f6lt\u00f6ny az \u00fariemberek ruhat\u00e1r\u00e1ban, amely soha nem fakul, alacsonyan tart \u00e9s rejtett \u00e9llel rendelkezik. Legyen sz\u00f3 hideg f\u00e1s t\u00f3nus\u00fa vagy meleg keleties illatr\u00f3l, a matt fekete m\u00e9lys\u00e9g\u00e9ben k\u00e9pes \u00e1tt\u00f6rni a nemek hat\u00e1rait, \u00e9s lelki visszhangra tal\u00e1lni. A testreszabhat\u00f3 hatty\u00fanyak\u00fa f\u00fav\u00f3ka \u00e9s a l\u00e9zergrav\u00edrozott jelv\u00e9ny minden r\u00e9szletet a m\u00e1rka narrat\u00edv\u00e1j\u00e1nak l\u00e1bjegyzet\u00e9v\u00e9 tesz - amikor a h\u00e1rom 30\/50\/100ml-es kapacit\u00e1s tal\u00e1lkozik a geometrikus mint\u00e1j\u00fa flakon kupakj\u00e1val, minden egyes \u00fcveg a polcon a min\u0151s\u00e9g n\u00e9ma deklar\u00e1ci\u00f3ja, lehet\u0151v\u00e9 t\u00e9ve a m\u00e1rka sz\u00e1m\u00e1ra, hogy kit\u0171nj\u00f6n a zajos piacon.<\/p>\n<h2>Alkalmaz\u00e1sok \u00e9s forgat\u00f3k\u00f6nyvek<\/h2>\n<p><strong>Ezeket a fekete parf\u00fcm\u00f6s \u00fcvegeket a luxus \u00e9s hi\u00e1nyp\u00f3tl\u00f3 piacokat megc\u00e9lz\u00f3 m\u00e1rk\u00e1k sz\u00e1m\u00e1ra tervezt\u00e9k:<\/strong><\/p>\n<ul>\n<li>\u200b<strong>F\u00e9rfi k\u00f6lni:<\/strong> A matt fekete \u00fcveg \u00e9s a t\u00e9glalap alak\u00fa forma a f\u00e9rfiass\u00e1got id\u00e9zi, ide\u00e1lis a fekete f\u00e9rfi k\u00f6lnis\u00fcvegek kollekci\u00f3j\u00e1hoz.<\/li>\n<li><strong>N\u0151i parf\u00fcm:<\/strong> P\u00e1ros\u00edtsa arany \u00e9kezetekkel a fekete \u00fcveges n\u0151i parf\u00fcmsorokat.<\/li>\n<li><strong>Korl\u00e1tozott p\u00e9ld\u00e1nysz\u00e1mban:<\/strong> Haszn\u00e1ljon egyedi grav\u00edroz\u00e1st szezon\u00e1lis vagy exkluz\u00edv kiad\u00e1sokhoz.<\/li>\n<li>\u200b<strong>V\u00e1llalati aj\u00e1nd\u00e9koz\u00e1s:<\/strong> A m\u00e1rk\u00e1s parf\u00fcmtart\u00e1lyokkal ell\u00e1tott t\u00f6meges rendel\u00e9sek fel\u00e9rt\u00e9kelik a B2B aj\u00e1nd\u00e9koz\u00e1st.<\/li>\n<\/ul>\n<h2>M\u0171szaki specifik\u00e1ci\u00f3k<\/h2>\n<div class=\"hyc-common-markdown__table-wrapper\">\n<table>\n<thead>\n<tr>\n<th>\u200b<strong>Modell<\/strong><\/th>\n<th>Kapacit\u00e1s<\/th>\n<th>M\u00e9retek (mm)<\/th>\n<th>\u00dcveg sz\u00edne<\/th>\n<th>Sapka st\u00edlus<\/th>\n<th>Anyag<\/th>\n<\/tr>\n<\/thead>\n<tbody>\n<tr>\n<td>PB-BM0601<\/td>\n<td>30 ml<\/td>\n<td>42x29x76<\/td>\n<td>Matt fekete<\/td>\n<td>Pol\u00edrozott fekete<\/td>\n<td>Krist\u00e1ly\u00fcveg<\/td>\n<\/tr>\n<tr>\n<td>PB-BM0602<\/td>\n<td>50 ml<\/td>\n<td>51x28x91<\/td>\n<td>Matt fekete<\/td>\n<td>Pol\u00edrozott fekete<\/td>\n<td>Krist\u00e1ly\u00fcveg<\/td>\n<\/tr>\n<tr>\n<td>PB-BM0603<\/td>\n<td>100 ml<\/td>\n<td>53x36x116<\/td>\n<td>Matt fekete<\/td>\n<td>Pol\u00edrozott fekete<\/td>\n<td>Krist\u00e1ly\u00fcveg<\/td>\n<\/tr>\n<\/tbody>\n<\/table>\n<\/div>\n<h2>Testreszab\u00e1s \u00e9s nagykereskedelmi megold\u00e1sok<\/h2>\n<p>Szakter\u00fclet\u00fcnk<strong>teljes k\u00f6r\u0171 megold\u00e1sok<\/strong>\u00a0m\u00e1rk\u00e1k sz\u00e1m\u00e1ra:<\/p>\n<ul>\n<li>\u200b<strong>Mennyis\u00e9gi egys\u00e9g<\/strong>: Rugalmas t\u00f6meges rendel\u00e9sek 500 egys\u00e9gt\u0151l kezd\u0151d\u0151en.<\/li>\n<li>\u200b<strong>M\u00e1rka\u00e9p\u00edt\u00e9s<\/strong>: V\u00e1lassza a nyomtatott, grav\u00edrozott vagy dombornyomott log\u00f3kat.<\/li>\n<li>\u200b<strong>Z\u00e1r\u00e1sok<\/strong>: Arany\/ez\u00fcst kupakok, m\u00e1gneses fedelek, vagy egyedi z\u00e1r\u00f3szerkezetek.<\/li>\n<li>\u200b<strong>Csomagol\u00e1s<\/strong>: P\u00e1ros\u00edtsa luxusdobozokkal vagy k\u00f6rnyezetbar\u00e1t h\u00fcvelyekkel.<\/li>\n<\/ul>\n<h2>Emelje fel illatm\u00e1rk\u00e1j\u00e1t fekete palackokkal<\/h2>\n<p>A f\u00e9rfi k\u00f6lni fekete \u00fcvegsorozatokt\u00f3l a n\u0151i fekete parf\u00fcm\u00f6s \u00fcvegekig, formatervez\u00e9s\u00fcnkben eleg\u00e1ns eszt\u00e9tika \u00e9s praktikum keveredik. Az alacsony MOQ-k, az egyedi csomagol\u00e1s \u00e9s a tart\u00f3s \u00fcveg parf\u00fcm\u00f6s \u00fcvegek r\u00e9v\u00e9n lehet\u0151v\u00e9 tessz\u00fck a m\u00e1rk\u00e1k sz\u00e1m\u00e1ra, hogy egyedi, pr\u00e9mium illatokat k\u00e9sz\u00edtsenek, amelyek leny\u0171g\u00f6zik a fogyaszt\u00f3kat.<br \/>\nVegye fel vel\u00fcnk a kapcsolatot m\u00e9g ma, hogy megbesz\u00e9lj\u00fck a nagykereskedelmi \u00e1rakat \u00e9s az egyedi parf\u00fcm\u00f6s spray flakon megold\u00e1sokat!<\/p>","protected":false},"excerpt":{"rendered":"<p>A f\u00e9rfi k\u00f6lni fekete \u00fcvegeket vagy fekete parf\u00fcm\u00f6s \u00fcvegkollekci\u00f3kat k\u00e9sz\u00edt\u0151 m\u00e1rk\u00e1k sz\u00e1m\u00e1ra matt fekete \u00fcvegdiz\u00e1jnjaink \u00fajradefini\u00e1lj\u00e1k a kifinomults\u00e1got.<\/p>","protected":false},"featured_media":2792,"comment_status":"open","ping_status":"closed","template":"","meta":{"_acf_changed":false,"site-sidebar-layout":"default","site-content-layout":"","ast-site-content-layout":"default","site-content-style":"default","site-sidebar-style":"default","ast-global-header-display":"","ast-banner-title-visibility":"","ast-main-header-display":"","ast-hfb-above-header-display":"","ast-hfb-below-header-display":"","ast-hfb-mobile-header-display":"","site-post-title":"","ast-breadcrumbs-content":"","ast-featured-img":"","footer-sml-layout":"","ast-disable-related-posts":"","theme-transparent-header-meta":"default","adv-header-id-meta":"","stick-header-meta":"","header-above-stick-meta":"","header-main-stick-meta":"","header-below-stick-meta":"","astra-migrate-meta-layouts":"set","ast-page-background-enabled":"default","ast-page-background-meta":{"desktop":{"background-color":"var(--ast-global-color-5)","background-image":"","background-repeat":"repeat","background-position":"center center","background-size":"auto","background-attachment":"scroll","background-type":"","background-media":"","overlay-type":"","overlay-color":"","overlay-opacity":"","overlay-gradient":""},"tablet":{"background-color":"","background-image":"","background-repeat":"repeat","background-position":"center center","background-size":"auto","background-attachment":"scroll","background-type":"","background-media":"","overlay-type":"","overlay-color":"","overlay-opacity":"","overlay-gradient":""},"mobile":{"background-color":"","background-image":"","background-repeat":"repeat","background-position":"center center","background-size":"auto","background-attachment":"scroll","background-type":"","background-media":"","overlay-type":"","overlay-color":"","overlay-opacity":"","overlay-gradient":""}},"ast-content-background-meta":{"desktop":{"background-color":"var(--ast-global-color-4)","background-image":"","background-repeat":"repeat","background-position":"center center","background-size":"auto","background-attachment":"scroll","background-type":"","background-media":"","overlay-type":"","overlay-color":"","overlay-opacity":"","overlay-gradient":""},"tablet":{"background-color":"var(--ast-global-color-4)","background-image":"","background-repeat":"repeat","background-position":"center center","background-size":"auto","background-attachment":"scroll","background-type":"","background-media":"","overlay-type":"","overlay-color":"","overlay-opacity":"","overlay-gradient":""},"mobile":{"background-color":"var(--ast-global-color-4)","background-image":"","background-repeat":"repeat","background-position":"center center","background-size":"auto","background-attachment":"scroll","background-type":"","background-media":"","overlay-type":"","overlay-color":"","overlay-opacity":"","overlay-gradient":""}}},"product_brand":[],"product_cat":[79,72,91,41],"product_tag":[],"class_list":{"0":"post-2787","1":"product","2":"type-product","3":"status-publish","4":"has-post-thumbnail","6":"product_cat-black-perfume-bottles","7":"product_cat-cosmetic-packaging","8":"product_cat-custom-perfume-bottles","9":"product_cat-perfume-bottles","10":"desktop-align-left","11":"tablet-align-left","12":"mobile-align-left","14":"first","15":"instock","16":"shipping-taxable","17":"product-type-simple"},"acf":[],"jetpack_sharing_enabled":true,"_links":{"self":[{"href":"https:\/\/theperfumebottles.com\/hu\/wp-json\/wp\/v2\/product\/2787","targetHints":{"allow":["GET"]}}],"collection":[{"href":"https:\/\/theperfumebottles.com\/hu\/wp-json\/wp\/v2\/product"}],"about":[{"href":"https:\/\/theperfumebottles.com\/hu\/wp-json\/wp\/v2\/types\/product"}],"replies":[{"embeddable":true,"href":"https:\/\/theperfumebottles.com\/hu\/wp-json\/wp\/v2\/comments?post=2787"}],"wp:featuredmedia":[{"embeddable":true,"href":"https:\/\/theperfumebottles.com\/hu\/wp-json\/wp\/v2\/media\/2792"}],"wp:attachment":[{"href":"https:\/\/theperfumebottles.com\/hu\/wp-json\/wp\/v2\/media?parent=2787"}],"wp:term":[{"taxonomy":"product_brand","embeddable":true,"href":"https:\/\/theperfumebottles.com\/hu\/wp-json\/wp\/v2\/product_brand?post=2787"},{"taxonomy":"product_cat","embeddable":true,"href":"https:\/\/theperfumebottles.com\/hu\/wp-json\/wp\/v2\/product_cat?post=2787"},{"taxonomy":"product_tag","embeddable":true,"href":"https:\/\/theperfumebottles.com\/hu\/wp-json\/wp\/v2\/product_tag?post=2787"}],"curies":[{"name":"wp","href":"https:\/\/api.w.org\/{rel}","templated":true}]}}