{"id":2795,"date":"2025-03-20T08:59:46","date_gmt":"2025-03-20T08:59:46","guid":{"rendered":"https:\/\/theperfumebottles.com\/?post_type=product&#038;p=2795"},"modified":"2026-04-07T16:06:36","modified_gmt":"2026-04-07T08:06:36","slug":"custom-luxury-crystal-perfume-bottle-wholesale","status":"publish","type":"product","link":"https:\/\/theperfumebottles.com\/hu\/termek\/custom-luxury-crystal-perfume-bottle-wholesale\/","title":{"rendered":"100 ml-es egyedi luxus krist\u00e1ly parf\u00fcm\u00f6s \u00fcveg nagykereskedelem"},"content":{"rendered":"<p>A krist\u00e1ly parf\u00fcm\u00f6s \u00fcveg kocka alak\u00fa szerkezet\u00e9t \u00e1tl\u00e1tsz\u00f3 \u00fcvegb\u0151l k\u00e9sz\u00fclt kialak\u00edt\u00e1sa mutatja. A kupak k\u00e9t k\u00fcl\u00f6n\u00e1ll\u00f3 r\u00e9szb\u0151l \u00e1ll: egy f\u00e9nyes kr\u00f3m bevonat\u00fa f\u00e9mgy\u0171r\u0171b\u0151l, a sz\u00f3r\u00f3fejb\u0151l \u00e9s egy k\u00fcl\u00f6n\u00e1ll\u00f3 csiszolt krist\u00e1lykupakb\u00f3l.<\/p>\n<h2>Specifik\u00e1ci\u00f3k<\/h2>\n<div>\n<table class=\"aligncenter\" style=\"border-collapse: collapse; width: 300.77pt;\" border=\"0\" width=\"401\" cellspacing=\"0\" cellpadding=\"0\">\n<tbody>\n<tr style=\"height: 13.50pt;\">\n<td style=\"height: 13.50pt; width: 88.50pt;\" width=\"118\" height=\"18\">Jellemz\u0151<\/td>\n<td style=\"width: 212.25pt;\" width=\"283\">R\u00e9szletek<\/td>\n<\/tr>\n<tr style=\"height: 13.50pt;\">\n<td style=\"height: 13.50pt;\" height=\"18\">Kapacit\u00e1s<\/td>\n<td>100 ml (3,4 uncia)<\/td>\n<\/tr>\n<tr style=\"height: 13.50pt;\">\n<td style=\"height: 13.50pt;\" height=\"18\">Anyag<\/td>\n<td>Krist\u00e1ly\u00fcveg, akril ez\u00fcst kupak<\/td>\n<\/tr>\n<tr style=\"height: 13.50pt;\">\n<td style=\"height: 13.50pt;\" height=\"18\">M\u00e9retek<\/td>\n<td>57 \u00d7 57 \u00d7 69 mm (n\u00e9gyzet alak\u00fa)<\/td>\n<\/tr>\n<tr style=\"height: 13.50pt;\">\n<td style=\"height: 13.50pt;\" height=\"18\">Testreszab\u00e1s<\/td>\n<td>Grav\u00edroz\u00e1s, matt\u00edt\u00e1s, UV nyomtat\u00e1s<\/td>\n<\/tr>\n<tr style=\"height: 13.50pt;\">\n<td style=\"height: 13.50pt;\" height=\"18\">Mennyis\u00e9gi egys\u00e9g<\/td>\n<td>Versenyk\u00e9pes nagykereskedelmi \u00e1rak el\u00e9rhet\u0151k<\/td>\n<\/tr>\n<tr style=\"height: 13.50pt;\">\n<td style=\"height: 13.50pt;\" height=\"18\">Sz\u00e1ll\u00edt\u00e1s<\/td>\n<td>Glob\u00e1lis logisztikai t\u00e1mogat\u00e1s<\/td>\n<\/tr>\n<\/tbody>\n<\/table>\n<\/div>\n<h2>Sikert\u00f6rt\u00e9net<\/h2>\n<p>Ez a francia parf\u00fcmm\u00e1rka egy antik krist\u00e1lyos parf\u00fcm\u00f6s \u00fcvegcs\u00e9t v\u00e1lasztott, \u00e9s egy egyedi tervez\u00e9s\u0171, f\u00fcst\u00f6s sz\u00fcrke \u00fcvegcs\u00e9t rendelt, amely arany sz\u00edn\u0171 bels\u0151 diz\u00e1jnnal rendelkezik. Az egyedi parf\u00fcm\u00f6s \u00fcveg nagy sikert aratott, mivel vintage krist\u00e1lydiz\u00e1jnja nagyon tetszett a v\u00e1s\u00e1rl\u00f3knak, ami a megl\u00e9v\u0151 \u00fcgyfelek el\u0151rendel\u00e9seinek 300%-os n\u00f6veked\u00e9s\u00e9hez vezetett. A kiv\u00e1l\u00f3 anyagok \u00e9s a s\u00faly a luxusparf\u00fcm 120%-os \u00e1remelked\u00e9s\u00e9hez is vezetett. A m\u00e1rka a sikert k\u00f6vet\u0151en 580 000 parf\u00fcm\u00f6s \u00fcvegcs\u00e9t rendelt, amelyeket a k\u00f6vetkez\u0151 vintage illatkollekci\u00f3j\u00e1nak bemutat\u00e1s\u00e1ra haszn\u00e1lt fel.<\/p>\n<h2>Antik krist\u00e1ly parf\u00fcm\u00f6s \u00fcveg testreszab\u00e1si javaslatok<\/h2>\n<ul>\n<li>A fels\u0151 d\u00edszki\u00e1ll\u00edt\u00e1s sz\u00e1mos lehet\u0151s\u00e9get k\u00edn\u00e1l, bele\u00e9rtve a k\u00fcl\u00f6nf\u00e9le dr\u00e1gak\u00f6veket, sz\u00ednes krist\u00e1lyokat \u00e9s egyedi \u00fcvegd\u00edszeket, amelyek a m\u00e1rka exkluz\u00edv diz\u00e1jnmint\u00e1j\u00e1t k\u00f6vetik.<\/li>\n<li>A pumpagy\u0171r\u0171 f\u00e9m bevonat\u00e1nak lehet\u0151s\u00e9gei n\u00e9gy kidolgozott fel\u00fcletet tartalmaznak, amelyek 24 kar\u00e1tos aranyoz\u00e1st, roz\u00e9aranyt, fekete r\u00f3diumot \u00e9s antik ez\u00fcst\u00f6t tartalmaznak.<\/li>\n<li>A m\u00e1gneses fels\u0151 d\u00edsz egy krist\u00e1lyb\u00f3l k\u00e9sz\u00fclt fels\u0151 r\u00e9sszel rendelkezik, amely biztons\u00e1gos \u00e9s k\u00e9nyelmes mechanizmussal r\u00f6gz\u00fcl a fel\u00fcletekhez.<\/li>\n<\/ul>","protected":false},"excerpt":{"rendered":"<p>A m\u00e1rkatulajdonosok \u00e9s a nagykeresked\u0151k sz\u00e1m\u00e1ra, akik szeretn\u00e9k elk\u00e1pr\u00e1ztatni az ig\u00e9nyes v\u00e1s\u00e1rl\u00f3kat, a 3,4 unci\u00e1s krist\u00e1ly parf\u00fcm\u00f6s \u00fcveg az id\u0151tlen eleganci\u00e1t a modern funkcionalit\u00e1ssal \u00f6tv\u00f6zi.<\/p>","protected":false},"featured_media":2798,"comment_status":"open","ping_status":"closed","template":"","meta":{"_acf_changed":false,"site-sidebar-layout":"default","site-content-layout":"","ast-site-content-layout":"default","site-content-style":"default","site-sidebar-style":"default","ast-global-header-display":"","ast-banner-title-visibility":"","ast-main-header-display":"","ast-hfb-above-header-display":"","ast-hfb-below-header-display":"","ast-hfb-mobile-header-display":"","site-post-title":"","ast-breadcrumbs-content":"","ast-featured-img":"","footer-sml-layout":"","ast-disable-related-posts":"","theme-transparent-header-meta":"default","adv-header-id-meta":"","stick-header-meta":"","header-above-stick-meta":"","header-main-stick-meta":"","header-below-stick-meta":"","astra-migrate-meta-layouts":"set","ast-page-background-enabled":"default","ast-page-background-meta":{"desktop":{"background-color":"var(--ast-global-color-5)","background-image":"","background-repeat":"repeat","background-position":"center center","background-size":"auto","background-attachment":"scroll","background-type":"","background-media":"","overlay-type":"","overlay-color":"","overlay-opacity":"","overlay-gradient":""},"tablet":{"background-color":"","background-image":"","background-repeat":"repeat","background-position":"center center","background-size":"auto","background-attachment":"scroll","background-type":"","background-media":"","overlay-type":"","overlay-color":"","overlay-opacity":"","overlay-gradient":""},"mobile":{"background-color":"","background-image":"","background-repeat":"repeat","background-position":"center center","background-size":"auto","background-attachment":"scroll","background-type":"","background-media":"","overlay-type":"","overlay-color":"","overlay-opacity":"","overlay-gradient":""}},"ast-content-background-meta":{"desktop":{"background-color":"var(--ast-global-color-4)","background-image":"","background-repeat":"repeat","background-position":"center center","background-size":"auto","background-attachment":"scroll","background-type":"","background-media":"","overlay-type":"","overlay-color":"","overlay-opacity":"","overlay-gradient":""},"tablet":{"background-color":"var(--ast-global-color-4)","background-image":"","background-repeat":"repeat","background-position":"center center","background-size":"auto","background-attachment":"scroll","background-type":"","background-media":"","overlay-type":"","overlay-color":"","overlay-opacity":"","overlay-gradient":""},"mobile":{"background-color":"var(--ast-global-color-4)","background-image":"","background-repeat":"repeat","background-position":"center center","background-size":"auto","background-attachment":"scroll","background-type":"","background-media":"","overlay-type":"","overlay-color":"","overlay-opacity":"","overlay-gradient":""}}},"product_brand":[],"product_cat":[91,72,41],"product_tag":[],"class_list":{"0":"post-2795","1":"product","2":"type-product","3":"status-publish","4":"has-post-thumbnail","6":"product_cat-custom-perfume-bottles","7":"product_cat-cosmetic-packaging","8":"product_cat-perfume-bottles","9":"desktop-align-left","10":"tablet-align-left","11":"mobile-align-left","13":"first","14":"instock","15":"shipping-taxable","16":"product-type-simple"},"acf":[],"jetpack_sharing_enabled":true,"_links":{"self":[{"href":"https:\/\/theperfumebottles.com\/hu\/wp-json\/wp\/v2\/product\/2795","targetHints":{"allow":["GET"]}}],"collection":[{"href":"https:\/\/theperfumebottles.com\/hu\/wp-json\/wp\/v2\/product"}],"about":[{"href":"https:\/\/theperfumebottles.com\/hu\/wp-json\/wp\/v2\/types\/product"}],"replies":[{"embeddable":true,"href":"https:\/\/theperfumebottles.com\/hu\/wp-json\/wp\/v2\/comments?post=2795"}],"wp:featuredmedia":[{"embeddable":true,"href":"https:\/\/theperfumebottles.com\/hu\/wp-json\/wp\/v2\/media\/2798"}],"wp:attachment":[{"href":"https:\/\/theperfumebottles.com\/hu\/wp-json\/wp\/v2\/media?parent=2795"}],"wp:term":[{"taxonomy":"product_brand","embeddable":true,"href":"https:\/\/theperfumebottles.com\/hu\/wp-json\/wp\/v2\/product_brand?post=2795"},{"taxonomy":"product_cat","embeddable":true,"href":"https:\/\/theperfumebottles.com\/hu\/wp-json\/wp\/v2\/product_cat?post=2795"},{"taxonomy":"product_tag","embeddable":true,"href":"https:\/\/theperfumebottles.com\/hu\/wp-json\/wp\/v2\/product_tag?post=2795"}],"curies":[{"name":"wp","href":"https:\/\/api.w.org\/{rel}","templated":true}]}}