{"id":2801,"date":"2025-03-21T02:08:59","date_gmt":"2025-03-21T02:08:59","guid":{"rendered":"https:\/\/theperfumebottles.com\/?post_type=product&#038;p=2801"},"modified":"2026-04-08T15:16:34","modified_gmt":"2026-04-08T07:16:34","slug":"perfume-square-bottles-for-wholesale-custom-packaging","status":"publish","type":"product","link":"https:\/\/theperfumebottles.com\/hu\/termek\/perfume-square-bottles-for-wholesale-custom-packaging\/","title":{"rendered":"100 ml-es parf\u00fcm\u00f6s n\u00e9gyzet alak\u00fa palackok nagykereskedelmi \u00e9s egyedi csomagol\u00e1shoz"},"content":{"rendered":"<p>Emeld \u00faj szintre illatkollekci\u00f3dat PB-FZ02 parf\u00fcm\u00f6s n\u00e9gyzet alak\u00fa \u00fcveg\u00fcnkkel. Ez a n\u00e9gyzet alak\u00fa \u00fcveg ultratiszta, vastag fal\u00fa krist\u00e1ly\u00fcvegb\u0151l k\u00e9sz\u00fclt. A pol\u00edrozott fekete n\u00e9gyzet alak\u00fa kupak fokozza a klasszikus t\u00e9glalap alak\u00fa prizma form\u00e1j\u00e1t, finoman eleganci\u00e1t sug\u00e1rozva.<\/p>\n<h2>M\u0171szaki adatok<\/h2>\n<div>\n<table class=\"aligncenter\" style=\"border-collapse: collapse; width: 318.77pt;\" border=\"0\" width=\"425\" cellspacing=\"0\" cellpadding=\"0\">\n<tbody>\n<tr style=\"height: 13.50pt;\">\n<td style=\"height: 13.50pt; width: 124.50pt;\" width=\"166\" height=\"18\">Jellemz\u0151<\/td>\n<td style=\"width: 194.25pt;\" width=\"259\">R\u00e9szlet<\/td>\n<\/tr>\n<tr style=\"height: 13.50pt;\">\n<td style=\"height: 13.50pt;\" height=\"18\">Modell<\/td>\n<td>PB-FZ02<\/td>\n<\/tr>\n<tr style=\"height: 13.50pt;\">\n<td style=\"height: 13.50pt;\" height=\"18\">Anyag<\/td>\n<td>Krist\u00e1ly\u00fcveg<\/td>\n<\/tr>\n<tr style=\"height: 13.50pt;\">\n<td style=\"height: 13.50pt;\" height=\"18\">Kapacit\u00e1s<\/td>\n<td>100 ml (3,4 uncia)<\/td>\n<\/tr>\n<tr style=\"height: 13.50pt;\">\n<td style=\"height: 13.50pt;\" height=\"18\">M\u00e9retek<\/td>\n<td>52 \u00d7 52 \u00d7 103 mm<\/td>\n<\/tr>\n<tr style=\"height: 13.50pt;\">\n<td style=\"height: 13.50pt;\" height=\"18\">Sapka<\/td>\n<td>Matt fekete n\u00e9gyzet alak\u00fa fed\u00e9l<\/td>\n<\/tr>\n<tr style=\"height: 13.50pt;\">\n<td style=\"height: 13.50pt;\" height=\"18\">Sz\u00ednbe\u00e1ll\u00edt\u00e1sok<\/td>\n<td>\u00c1tl\u00e1tsz\u00f3 (testreszabhat\u00f3 sz\u00ednek)<\/td>\n<\/tr>\n<tr style=\"height: 13.50pt;\">\n<td style=\"height: 13.50pt;\" height=\"18\">Testreszab\u00e1s<\/td>\n<td>Log\u00f3, grav\u00edroz\u00e1s, fel\u00fcletkezel\u00e9si lehet\u0151s\u00e9gek<\/td>\n<\/tr>\n<tr style=\"height: 13.50pt;\">\n<td style=\"height: 13.50pt;\" height=\"18\">Minta el\u00e9rhet\u0151s\u00e9ge<\/td>\n<td>Felt\u00e9ve<\/td>\n<\/tr>\n<tr style=\"height: 13.50pt;\">\n<td style=\"height: 13.50pt;\" height=\"18\">Minim\u00e1lis rendel\u00e9s<\/td>\n<td>Nagykereskedelmi forgalomba is alkalmas<\/td>\n<\/tr>\n<\/tbody>\n<\/table>\n<\/div>\n<h2>Sikert\u00f6rt\u00e9net: Egy New York-i minimalista m\u00e1rka ikonikus term\u00e9kcsal\u00e1dja<\/h2>\n<p>A New York-i minimalista illatm\u00e1rka a mi n\u00e9gyzet alak\u00fa, egyedi parf\u00fcmcsomagol\u00e1sunkat v\u00e1lasztotta, amely egyedi matt \u00fcveget \u00e9s feh\u00e9r szitanyom\u00e1ssal ell\u00e1tott log\u00f3t tartalmaz. A diz\u00e1jn letisztult, minimalista megjelen\u00e9st \u00e9rt el, ami a vaktesztel\u00e9s sor\u00e1n 50%-kal n\u00f6velte a m\u00e1rkaismerts\u00e9get. A m\u00e1rka a minimalista diz\u00e1jn r\u00e9v\u00e9n megalapozta jellegzetes st\u00edlus\u00e1t, ami lehet\u0151v\u00e9 tette sz\u00e1mukra a k\u00f6z\u00f6ss\u00e9gi m\u00e9di\u00e1ban val\u00f3 interakci\u00f3k 300%-os n\u00f6veked\u00e9s\u00e9t. A m\u00e1rka nagy sikert aratott, ezt k\u00f6vet\u0151en tov\u00e1bbi 550 000 \u00fcveg parf\u00fcm\u00f6t rendelt, hogy elind\u00edtsa \u00faj otthoni illatos\u00edt\u00f3 \u00e9s illatos gyertya term\u00e9kcsal\u00e1dj\u00e1t.<\/p>\n<h2>100 ml-es spray-palackok nagykereskedelmi testreszab\u00e1si javaslatai<\/h2>\n<ul>\n<li>A pr\u00e9mium sz\u00f3r\u00f3mechanizmus t\u00f6bb kiv\u00e1l\u00f3 min\u0151s\u00e9g\u0171 sz\u00f3r\u00f3pump\u00e1t k\u00edn\u00e1l, amelyek k\u00fcl\u00f6nb\u00f6z\u0151 f\u00fav\u00f3kakialak\u00edt\u00e1sokkal rendelkeznek, bele\u00e9rtve a lapos \u00e9s dombor\u00fa opci\u00f3kat is, mik\u00f6zben k\u00fcl\u00f6nb\u00f6z\u0151 szint\u0171 permetez\u00e9st biztos\u00edtanak.<\/li>\n<li>A t\u00e9glalap alak\u00fa palack kialak\u00edt\u00e1s lehet\u0151v\u00e9 teszi a felhaszn\u00e1l\u00f3k sz\u00e1m\u00e1ra, hogy k\u00fcl\u00f6nb\u00f6z\u0151 m\u00e9reteket hozzanak l\u00e9tre, bele\u00e9rtve a 30 ml-es, 50 ml-es \u00e9s 200 ml-es palackm\u00e9reteket.<\/li>\n<li>A speci\u00e1lis fel\u00fcletkezel\u00e9seknek k\u00f6sz\u00f6nhet\u0151en a felhaszn\u00e1l\u00f3k v\u00e1laszthatnak a k\u00e9zzel felvitt aranyf\u00fcst d\u00edsz\u00edt\u00e9s \u00e9s a speci\u00e1lis bevonat k\u00f6z\u00f6tt.<\/li>\n<\/ul>","protected":false},"excerpt":{"rendered":"<p>Pr\u00e9mium 100 ml-es n\u00e9gyzet alak\u00fa \u00fcveg parf\u00fcm\u00f6s \u00fcvegek nagykereskedelmi \u00e9s egyedi csomagol\u00e1shoz. Tart\u00f3s, testreszabhat\u00f3 \u00e9s ide\u00e1lis luxus illatm\u00e1rk\u00e1k sz\u00e1m\u00e1ra.<\/p>","protected":false},"featured_media":2803,"comment_status":"open","ping_status":"closed","template":"","meta":{"_acf_changed":false,"site-sidebar-layout":"default","site-content-layout":"","ast-site-content-layout":"default","site-content-style":"default","site-sidebar-style":"default","ast-global-header-display":"","ast-banner-title-visibility":"","ast-main-header-display":"","ast-hfb-above-header-display":"","ast-hfb-below-header-display":"","ast-hfb-mobile-header-display":"","site-post-title":"","ast-breadcrumbs-content":"","ast-featured-img":"","footer-sml-layout":"","ast-disable-related-posts":"","theme-transparent-header-meta":"default","adv-header-id-meta":"","stick-header-meta":"","header-above-stick-meta":"","header-main-stick-meta":"","header-below-stick-meta":"","astra-migrate-meta-layouts":"set","ast-page-background-enabled":"default","ast-page-background-meta":{"desktop":{"background-color":"var(--ast-global-color-5)","background-image":"","background-repeat":"repeat","background-position":"center center","background-size":"auto","background-attachment":"scroll","background-type":"","background-media":"","overlay-type":"","overlay-color":"","overlay-opacity":"","overlay-gradient":""},"tablet":{"background-color":"","background-image":"","background-repeat":"repeat","background-position":"center center","background-size":"auto","background-attachment":"scroll","background-type":"","background-media":"","overlay-type":"","overlay-color":"","overlay-opacity":"","overlay-gradient":""},"mobile":{"background-color":"","background-image":"","background-repeat":"repeat","background-position":"center center","background-size":"auto","background-attachment":"scroll","background-type":"","background-media":"","overlay-type":"","overlay-color":"","overlay-opacity":"","overlay-gradient":""}},"ast-content-background-meta":{"desktop":{"background-color":"var(--ast-global-color-4)","background-image":"","background-repeat":"repeat","background-position":"center center","background-size":"auto","background-attachment":"scroll","background-type":"","background-media":"","overlay-type":"","overlay-color":"","overlay-opacity":"","overlay-gradient":""},"tablet":{"background-color":"var(--ast-global-color-4)","background-image":"","background-repeat":"repeat","background-position":"center center","background-size":"auto","background-attachment":"scroll","background-type":"","background-media":"","overlay-type":"","overlay-color":"","overlay-opacity":"","overlay-gradient":""},"mobile":{"background-color":"var(--ast-global-color-4)","background-image":"","background-repeat":"repeat","background-position":"center center","background-size":"auto","background-attachment":"scroll","background-type":"","background-media":"","overlay-type":"","overlay-color":"","overlay-opacity":"","overlay-gradient":""}}},"product_brand":[],"product_cat":[91,72,41],"product_tag":[],"class_list":{"0":"post-2801","1":"product","2":"type-product","3":"status-publish","4":"has-post-thumbnail","6":"product_cat-custom-perfume-bottles","7":"product_cat-cosmetic-packaging","8":"product_cat-perfume-bottles","9":"desktop-align-left","10":"tablet-align-left","11":"mobile-align-left","13":"first","14":"instock","15":"shipping-taxable","16":"product-type-simple"},"acf":[],"jetpack_sharing_enabled":true,"_links":{"self":[{"href":"https:\/\/theperfumebottles.com\/hu\/wp-json\/wp\/v2\/product\/2801","targetHints":{"allow":["GET"]}}],"collection":[{"href":"https:\/\/theperfumebottles.com\/hu\/wp-json\/wp\/v2\/product"}],"about":[{"href":"https:\/\/theperfumebottles.com\/hu\/wp-json\/wp\/v2\/types\/product"}],"replies":[{"embeddable":true,"href":"https:\/\/theperfumebottles.com\/hu\/wp-json\/wp\/v2\/comments?post=2801"}],"wp:featuredmedia":[{"embeddable":true,"href":"https:\/\/theperfumebottles.com\/hu\/wp-json\/wp\/v2\/media\/2803"}],"wp:attachment":[{"href":"https:\/\/theperfumebottles.com\/hu\/wp-json\/wp\/v2\/media?parent=2801"}],"wp:term":[{"taxonomy":"product_brand","embeddable":true,"href":"https:\/\/theperfumebottles.com\/hu\/wp-json\/wp\/v2\/product_brand?post=2801"},{"taxonomy":"product_cat","embeddable":true,"href":"https:\/\/theperfumebottles.com\/hu\/wp-json\/wp\/v2\/product_cat?post=2801"},{"taxonomy":"product_tag","embeddable":true,"href":"https:\/\/theperfumebottles.com\/hu\/wp-json\/wp\/v2\/product_tag?post=2801"}],"curies":[{"name":"wp","href":"https:\/\/api.w.org\/{rel}","templated":true}]}}