{"id":2806,"date":"2025-03-21T03:55:26","date_gmt":"2025-03-21T03:55:26","guid":{"rendered":"https:\/\/theperfumebottles.com\/?post_type=product&#038;p=2806"},"modified":"2025-05-29T10:24:39","modified_gmt":"2025-05-29T02:24:39","slug":"small-perfume-spray-bottle-30ml-50ml-perfume-oil-bottles","status":"publish","type":"product","link":"https:\/\/theperfumebottles.com\/hu\/termek\/small-perfume-spray-bottle-30ml-50ml-perfume-oil-bottles\/","title":{"rendered":"30 ml-es 50 ml-es kis parf\u00fcm\u00f6s spray-palackok fa fed\u00e9llel"},"content":{"rendered":"<p>Bemutatjuk a kis parf\u00fcm spray palack sorozatunkat, amely 30 ml-es parf\u00fcm\u00f6s palack \u00e9s 50 ml-es parf\u00fcm\u00f6s olajos palack m\u00e9retben kaphat\u00f3.Ez a krist\u00e1ly\u00fcveg palack a high-end m\u00e1rk\u00e1k \u00e9s a k\u00f6rnyezetv\u00e9d\u0151k sz\u00e1m\u00e1ra k\u00e9sz\u00fclt. K\u00e9zzel k\u00e9sz\u00edtett fakupakot kombin\u00e1l a modern, n\u00e9gyzet alak\u00fa palack kialak\u00edt\u00e1s\u00e1val, amely term\u00e9szetes, k\u00f6rnyezetbar\u00e1t \u00e9s gy\u00f6ny\u00f6r\u0171. A term\u00e9szetes f\u00e1b\u00f3l k\u00e9sz\u00fclt palackkupak t\u00e1mogatja az egyedi m\u00e1rkalog\u00f3kat, a 30ml\/50ml kapacit\u00e1s pedig rugalmasan alkalmazkodik az utaz\u00e1si m\u00e9retekhez, a hi\u00e1nyp\u00f3tl\u00f3 illatokhoz vagy a nagybani nagykereskedelmi ig\u00e9nyekhez.<\/p>\n<h2>F\u0151bb specifik\u00e1ci\u00f3k<\/h2>\n<div class=\"hyc-common-markdown__table-wrapper\">\n<table>\n<thead>\n<tr>\n<th>Jellemz\u0151<\/th>\n<th>PB-FZ0401<\/th>\n<th>PB-FZ0402<\/th>\n<\/tr>\n<\/thead>\n<tbody>\n<tr>\n<td>Anyag<\/td>\n<td>Krist\u00e1ly\u00fcveg<\/td>\n<td>Krist\u00e1ly\u00fcveg<\/td>\n<\/tr>\n<tr>\n<td>Kapacit\u00e1s<\/td>\n<td>30 ml<\/td>\n<td>50 ml<\/td>\n<\/tr>\n<tr>\n<td>M\u00e9retek<\/td>\n<td>36 x 36 x 66 mm<\/td>\n<td>42 x 42 x 77 mm<\/td>\n<\/tr>\n<tr>\n<td>Sapka<\/td>\n<td>Term\u00e9szetes fa fed\u00e9l<\/td>\n<td>Term\u00e9szetes fa fed\u00e9l<\/td>\n<\/tr>\n<tr>\n<td>Sz\u00ednbe\u00e1ll\u00edt\u00e1sok<\/td>\n<td>Tiszta (testreszabhat\u00f3)<\/td>\n<td>Tiszta (testreszabhat\u00f3)<\/td>\n<\/tr>\n<tr>\n<td>Testreszab\u00e1s<\/td>\n<td>Log\u00f3, grav\u00edroz\u00e1s, kivitelez\u00e9s<\/td>\n<td>Log\u00f3, grav\u00edroz\u00e1s, kivitelez\u00e9s<\/td>\n<\/tr>\n<tr>\n<td>Minta el\u00e9rhet\u0151s\u00e9ge<\/td>\n<td>Felt\u00e9ve<\/td>\n<td>Felt\u00e9ve<\/td>\n<\/tr>\n<\/tbody>\n<\/table>\n<\/div>\n<h2>Mi\u00e9rt v\u00e1lassza ezeket az \u00fcveg parf\u00fcm\u00f6s \u00fcvegeket?<\/h2>\n<p>A sokoldal\u00fas\u00e1g \u00e9rdek\u00e9ben k\u00e9sz\u00fcltek ezek a<strong>kis parf\u00fcm\u00f6s \u00fcvegek<\/strong>\u00a0ide\u00e1lisak hi\u00e1nyp\u00f3tl\u00f3 m\u00e1rk\u00e1k, saj\u00e1t m\u00e1rk\u00e1k vagy nagybani nagykereskedelmi partnerek sz\u00e1m\u00e1ra. A vastag \u00fcvegszerkezet biztos\u00edtja a tart\u00f3ss\u00e1got, m\u00edg a sz\u00f6gletes forma \u00e9s a f\u00e1b\u00f3l k\u00e9sz\u00fclt kupakok felt\u0171n\u0151 polcjelenl\u00e9tet biztos\u00edtanak. Kaphat\u00f3<strong>30 ml<\/strong>\u00a0\u00e9s<strong>50 ml<\/strong>\u00a0m\u00e9retben, olajokhoz, k\u00f6lniv\u00edzhez vagy koncentr\u00e1lt illatanyagokhoz optimaliz\u00e1ltak.<\/p>\n<h2>T\u00f6k\u00e9letes az egy\u00e9ni \u00e9s nagykereskedelmi ig\u00e9nyekhez<\/h2>\n<p>Ak\u00e1r 30 ml-es \u00fcres parf\u00fcm\u00f6s flakonokra van sz\u00fcks\u00e9ge limit\u00e1lt kiad\u00e1sokhoz, ak\u00e1r 50 ml-es parf\u00fcm\u00f6s olajos flakonokra nagy t\u00e9telben t\u00f6rt\u00e9n\u0151 megrendel\u00e9sekhez, ez a sorozat rugalmas megold\u00e1sokat k\u00edn\u00e1l. A gyors sz\u00e1ll\u00edt\u00e1s, az ODM\/OEM t\u00e1mogat\u00e1s \u00e9s az alacsony minim\u00e1lis rendel\u00e9si mennyis\u00e9gek megk\u00f6nny\u00edtik a m\u00e1rka m\u00e9ret\u00e9nek n\u00f6vel\u00e9s\u00e9t.Emelje fel parf\u00fcmcsomagol\u00e1s\u00e1t fenntarthat\u00f3, hordozhat\u00f3 parf\u00fcm\u00f6s spray palackjainkkal. K\u00e9rjen mint\u00e1t a 30 ml-es parf\u00fcm\u00f6s flakonb\u00f3l vagy az 50 ml-es parf\u00fcm\u00f6s olajos flakonb\u00f3l m\u00e9g ma, \u00e9s tapasztalja meg a luxust minden r\u00e9szlet\u00e9ben!<\/p>","protected":false},"excerpt":{"rendered":"<p>Pr\u00e9mium kis parf\u00fcm\u00f6s spray palackok fakupakkal - t\u00f6k\u00e9letes parf\u00fcmolajokhoz, egyedi m\u00e1rkajelz\u00e9shez \u00e9s \u00f6mlesztett megrendel\u00e9sekhez. K\u00f6rnyezetbar\u00e1t, hordozhat\u00f3 \u00e9s m\u00e1rkajelz\u00e9sre alkalmas.<\/p>","protected":false},"featured_media":2808,"comment_status":"open","ping_status":"closed","template":"","meta":{"_acf_changed":false,"site-sidebar-layout":"default","site-content-layout":"","ast-site-content-layout":"default","site-content-style":"default","site-sidebar-style":"default","ast-global-header-display":"","ast-banner-title-visibility":"","ast-main-header-display":"","ast-hfb-above-header-display":"","ast-hfb-below-header-display":"","ast-hfb-mobile-header-display":"","site-post-title":"","ast-breadcrumbs-content":"","ast-featured-img":"","footer-sml-layout":"","ast-disable-related-posts":"","theme-transparent-header-meta":"default","adv-header-id-meta":"","stick-header-meta":"","header-above-stick-meta":"","header-main-stick-meta":"","header-below-stick-meta":"","astra-migrate-meta-layouts":"set","ast-page-background-enabled":"default","ast-page-background-meta":{"desktop":{"background-color":"var(--ast-global-color-5)","background-image":"","background-repeat":"repeat","background-position":"center center","background-size":"auto","background-attachment":"scroll","background-type":"","background-media":"","overlay-type":"","overlay-color":"","overlay-opacity":"","overlay-gradient":""},"tablet":{"background-color":"","background-image":"","background-repeat":"repeat","background-position":"center center","background-size":"auto","background-attachment":"scroll","background-type":"","background-media":"","overlay-type":"","overlay-color":"","overlay-opacity":"","overlay-gradient":""},"mobile":{"background-color":"","background-image":"","background-repeat":"repeat","background-position":"center center","background-size":"auto","background-attachment":"scroll","background-type":"","background-media":"","overlay-type":"","overlay-color":"","overlay-opacity":"","overlay-gradient":""}},"ast-content-background-meta":{"desktop":{"background-color":"var(--ast-global-color-4)","background-image":"","background-repeat":"repeat","background-position":"center center","background-size":"auto","background-attachment":"scroll","background-type":"","background-media":"","overlay-type":"","overlay-color":"","overlay-opacity":"","overlay-gradient":""},"tablet":{"background-color":"var(--ast-global-color-4)","background-image":"","background-repeat":"repeat","background-position":"center center","background-size":"auto","background-attachment":"scroll","background-type":"","background-media":"","overlay-type":"","overlay-color":"","overlay-opacity":"","overlay-gradient":""},"mobile":{"background-color":"var(--ast-global-color-4)","background-image":"","background-repeat":"repeat","background-position":"center center","background-size":"auto","background-attachment":"scroll","background-type":"","background-media":"","overlay-type":"","overlay-color":"","overlay-opacity":"","overlay-gradient":""}}},"product_brand":[],"product_cat":[72,41],"product_tag":[],"class_list":{"0":"post-2806","1":"product","2":"type-product","3":"status-publish","4":"has-post-thumbnail","6":"product_cat-cosmetic-packaging","7":"product_cat-perfume-bottles","8":"desktop-align-left","9":"tablet-align-left","10":"mobile-align-left","12":"first","13":"instock","14":"shipping-taxable","15":"product-type-simple"},"acf":[],"jetpack_sharing_enabled":true,"_links":{"self":[{"href":"https:\/\/theperfumebottles.com\/hu\/wp-json\/wp\/v2\/product\/2806","targetHints":{"allow":["GET"]}}],"collection":[{"href":"https:\/\/theperfumebottles.com\/hu\/wp-json\/wp\/v2\/product"}],"about":[{"href":"https:\/\/theperfumebottles.com\/hu\/wp-json\/wp\/v2\/types\/product"}],"replies":[{"embeddable":true,"href":"https:\/\/theperfumebottles.com\/hu\/wp-json\/wp\/v2\/comments?post=2806"}],"wp:featuredmedia":[{"embeddable":true,"href":"https:\/\/theperfumebottles.com\/hu\/wp-json\/wp\/v2\/media\/2808"}],"wp:attachment":[{"href":"https:\/\/theperfumebottles.com\/hu\/wp-json\/wp\/v2\/media?parent=2806"}],"wp:term":[{"taxonomy":"product_brand","embeddable":true,"href":"https:\/\/theperfumebottles.com\/hu\/wp-json\/wp\/v2\/product_brand?post=2806"},{"taxonomy":"product_cat","embeddable":true,"href":"https:\/\/theperfumebottles.com\/hu\/wp-json\/wp\/v2\/product_cat?post=2806"},{"taxonomy":"product_tag","embeddable":true,"href":"https:\/\/theperfumebottles.com\/hu\/wp-json\/wp\/v2\/product_tag?post=2806"}],"curies":[{"name":"wp","href":"https:\/\/api.w.org\/{rel}","templated":true}]}}