{"id":2813,"date":"2025-03-21T05:57:09","date_gmt":"2025-03-21T05:57:09","guid":{"rendered":"https:\/\/theperfumebottles.com\/?post_type=product&#038;p=2813"},"modified":"2025-03-21T06:22:00","modified_gmt":"2025-03-21T06:22:00","slug":"15ml-refillable-travel-perfume-bottle-for-travel-tester","status":"publish","type":"product","link":"https:\/\/theperfumebottles.com\/hu\/termek\/15ml-refillable-travel-perfume-bottle-for-travel-tester\/","title":{"rendered":"15 ml-es \u00fajrat\u00f6lthet\u0151 utaz\u00f3 parf\u00fcm\u00f6s \u00fcveg utaz\u00e1shoz \u00e9s tesztel\u0151h\u00f6z"},"content":{"rendered":"<p>Emelje fel illatcsal\u00e1dj\u00e1t \u00fajrat\u00f6lthet\u0151 utaz\u00e1si parf\u00fcm\u00f6s \u00fcvegcs\u00e9inkkel, amelyeket a hordozhat\u00f3s\u00e1got \u00e9s a luxust el\u0151t\u00e9rbe helyez\u0151 m\u00e1rk\u00e1k sz\u00e1m\u00e1ra tervezt\u00fcnk. A 15 ml-es parf\u00fcm\u00f6s \u00fcveg m\u00e9retben kaphat\u00f3 utaz\u00e1si parf\u00fcmtart\u00e1lyok a kompakt kialak\u00edt\u00e1st \u00e9s az \u00fajrat\u00f6lthet\u0151 funkcionalit\u00e1st \u00f6tv\u00f6zik - t\u00f6k\u00e9letesek tesztel\u0151 parf\u00fcm\u00f6s \u00fcvegek, mini kollekci\u00f3k vagy \u00fatk\u00f6zbeni haszn\u00e1latra. A krist\u00e1lytiszta \u00fcvegb\u0151l \u00e9s testreszabhat\u00f3 kupakokb\u00f3l k\u00e9sz\u00fcltek, \u00edgy pr\u00e9mium min\u0151s\u00e9g\u0171 csomagol\u00e1si \u00e9lm\u00e9nyt ny\u00fajtanak az ig\u00e9nyes v\u00e1s\u00e1rl\u00f3knak.<\/p>\n<h2>F\u0151bb specifik\u00e1ci\u00f3k<\/h2>\n<div class=\"hyc-common-markdown__table-wrapper\">\n<table>\n<thead>\n<tr>\n<th>Jellemz\u0151<\/th>\n<th>R\u00e9szletek<\/th>\n<\/tr>\n<\/thead>\n<tbody>\n<tr>\n<td>Modell<\/td>\n<td>PB-FZ0501<\/td>\n<\/tr>\n<tr>\n<td>Anyag<\/td>\n<td>Krist\u00e1ly\u00fcveg<\/td>\n<\/tr>\n<tr>\n<td>Kapacit\u00e1s<\/td>\n<td>15ml (testreszabhat\u00f3)<\/td>\n<\/tr>\n<tr>\n<td>M\u00e9retek<\/td>\n<td>28 x 28 x 66 mm, 18 mm-es kaliber<\/td>\n<\/tr>\n<tr>\n<td>Sapka opci\u00f3k<\/td>\n<td>Arany vagy fekete csavaros tetej\u0171 porlaszt\u00f3<\/td>\n<\/tr>\n<tr>\n<td>Testreszab\u00e1s<\/td>\n<td>Log\u00f3, grav\u00edroz\u00e1s, UV bevonat, forr\u00f3 b\u00e9lyegz\u00e9s<\/td>\n<\/tr>\n<tr>\n<td>\u00dajrat\u00f6lthet\u0151<\/td>\n<td>Igen (sziv\u00e1rg\u00e1smentes porlaszt\u00f3)<\/td>\n<\/tr>\n<tr>\n<td>Minta el\u00e9rhet\u0151s\u00e9ge<\/td>\n<td>Felt\u00e9ve<\/td>\n<\/tr>\n<tr>\n<td>Minim\u00e1lis rendel\u00e9s<\/td>\n<td>T\u00f6meges\/nagykereskedelem-bar\u00e1t<\/td>\n<\/tr>\n<\/tbody>\n<\/table>\n<\/div>\n<h2>Mi\u00e9rt v\u00e1lassza ezeket az utaz\u00e1si parf\u00fcmtart\u00e1lyokat?<\/h2>\n<p>A fenntarthat\u00f3s\u00e1got \u00e9s a st\u00edlust el\u0151t\u00e9rbe helyez\u0151, \u00fcres parf\u00fcm\u00f6s \u00fcvegek sz\u00e1m\u00e1ra tervezett sorozat a mini k\u00e9nyelmet \u00e9s a high-end vonzer\u0151t \u00f6tv\u00f6zi. A lekerek\u00edtett \u00e9lekkel ell\u00e1tott sz\u00f6gletes talp tisztess\u00e9ges, ergonomikus fog\u00e1st biztos\u00edt, m\u00edg a krist\u00e1lytiszta \u00fcvegben az illat \u00e1rnyalatai mutatkoznak meg. Ide\u00e1lisak tesztel\u0151 parf\u00fcm\u00f6s \u00fcvegek vagy utaz\u00e1si m\u00e9ret\u0171 k\u00f6lnihez, ezek a tart\u00e1lyok t\u00e1mogatj\u00e1k a gyors sz\u00e1ll\u00edt\u00e1st \u00e9s a sk\u00e1l\u00e1zhat\u00f3 t\u00f6meges rendel\u00e9seket.<\/p>\n<h2>T\u00f6k\u00e9letes az egyedi illatm\u00e1rk\u00e1z\u00e1shoz<\/h2>\n<p>Ak\u00e1r \u00faj luxuscsal\u00e1dot ind\u00edt, ak\u00e1r nagykereskedelmi k\u00edn\u00e1lat\u00e1t b\u0151v\u00edti, ezek az \u00fajrat\u00f6lthet\u0151 parf\u00fcm\u00f6s \u00fcvegek p\u00e1ratlan sokoldal\u00fas\u00e1got biztos\u00edtanak. A porlaszt\u00f3 biztos\u00edtja a prec\u00edz permetez\u00e9st, m\u00edg a kivitelez\u00e9si lehet\u0151s\u00e9gek, mint p\u00e9ld\u00e1ul a matt log\u00f3k vagy a f\u00e9mes \u00e9kezetek feldobj\u00e1k a parf\u00fcm\u00f6k csomagol\u00e1s\u00e1t.<\/p>\n<p>Alak\u00edtsa \u00e1t az illatfelhozatalt 15 ml-es parf\u00fcm\u00f6s \u00fcveg\u00fcnkkel \u00e9s m\u00e1s m\u00e9ret\u0171 utaz\u00e1si parf\u00fcmtart\u00e1lyainkkal. K\u00e9rjen ingyenes mint\u00e1kat m\u00e9g ma, \u00e9s tapasztalja meg a m\u00e1rk\u00e1ja z\u00f6kken\u0151mentes testreszab\u00e1s\u00e1t!<\/p>","protected":false},"excerpt":{"rendered":"<p>Pr\u00e9mium \u00fajrat\u00f6lthet\u0151 utaz\u00e1si parf\u00fcm\u00f6s \u00fcvegek arany\/fekete kupakkal. Ide\u00e1lis tesztel\u0151kh\u00f6z, luxus mini \u00fcveges kiad\u00e1sokhoz \u00e9s egy\u00e9ni opci\u00f3val ell\u00e1tott nagykereskedelmi megrendel\u00e9sekhez.<\/p>","protected":false},"featured_media":2815,"comment_status":"open","ping_status":"closed","template":"","meta":{"_acf_changed":false,"site-sidebar-layout":"default","site-content-layout":"","ast-site-content-layout":"default","site-content-style":"default","site-sidebar-style":"default","ast-global-header-display":"","ast-banner-title-visibility":"","ast-main-header-display":"","ast-hfb-above-header-display":"","ast-hfb-below-header-display":"","ast-hfb-mobile-header-display":"","site-post-title":"","ast-breadcrumbs-content":"","ast-featured-img":"","footer-sml-layout":"","ast-disable-related-posts":"","theme-transparent-header-meta":"default","adv-header-id-meta":"","stick-header-meta":"","header-above-stick-meta":"","header-main-stick-meta":"","header-below-stick-meta":"","astra-migrate-meta-layouts":"set","ast-page-background-enabled":"default","ast-page-background-meta":{"desktop":{"background-color":"var(--ast-global-color-5)","background-image":"","background-repeat":"repeat","background-position":"center center","background-size":"auto","background-attachment":"scroll","background-type":"","background-media":"","overlay-type":"","overlay-color":"","overlay-opacity":"","overlay-gradient":""},"tablet":{"background-color":"","background-image":"","background-repeat":"repeat","background-position":"center center","background-size":"auto","background-attachment":"scroll","background-type":"","background-media":"","overlay-type":"","overlay-color":"","overlay-opacity":"","overlay-gradient":""},"mobile":{"background-color":"","background-image":"","background-repeat":"repeat","background-position":"center center","background-size":"auto","background-attachment":"scroll","background-type":"","background-media":"","overlay-type":"","overlay-color":"","overlay-opacity":"","overlay-gradient":""}},"ast-content-background-meta":{"desktop":{"background-color":"var(--ast-global-color-4)","background-image":"","background-repeat":"repeat","background-position":"center center","background-size":"auto","background-attachment":"scroll","background-type":"","background-media":"","overlay-type":"","overlay-color":"","overlay-opacity":"","overlay-gradient":""},"tablet":{"background-color":"var(--ast-global-color-4)","background-image":"","background-repeat":"repeat","background-position":"center center","background-size":"auto","background-attachment":"scroll","background-type":"","background-media":"","overlay-type":"","overlay-color":"","overlay-opacity":"","overlay-gradient":""},"mobile":{"background-color":"var(--ast-global-color-4)","background-image":"","background-repeat":"repeat","background-position":"center center","background-size":"auto","background-attachment":"scroll","background-type":"","background-media":"","overlay-type":"","overlay-color":"","overlay-opacity":"","overlay-gradient":""}}},"product_brand":[],"product_cat":[72,74,41,90],"product_tag":[],"class_list":{"0":"post-2813","1":"product","2":"type-product","3":"status-publish","4":"has-post-thumbnail","6":"product_cat-cosmetic-packaging","7":"product_cat-mini-perfume-bottles","8":"product_cat-perfume-bottles","9":"product_cat-refillable-perfume-bottles","10":"desktop-align-left","11":"tablet-align-left","12":"mobile-align-left","14":"first","15":"instock","16":"shipping-taxable","17":"product-type-simple"},"acf":[],"jetpack_sharing_enabled":true,"_links":{"self":[{"href":"https:\/\/theperfumebottles.com\/hu\/wp-json\/wp\/v2\/product\/2813","targetHints":{"allow":["GET"]}}],"collection":[{"href":"https:\/\/theperfumebottles.com\/hu\/wp-json\/wp\/v2\/product"}],"about":[{"href":"https:\/\/theperfumebottles.com\/hu\/wp-json\/wp\/v2\/types\/product"}],"replies":[{"embeddable":true,"href":"https:\/\/theperfumebottles.com\/hu\/wp-json\/wp\/v2\/comments?post=2813"}],"wp:featuredmedia":[{"embeddable":true,"href":"https:\/\/theperfumebottles.com\/hu\/wp-json\/wp\/v2\/media\/2815"}],"wp:attachment":[{"href":"https:\/\/theperfumebottles.com\/hu\/wp-json\/wp\/v2\/media?parent=2813"}],"wp:term":[{"taxonomy":"product_brand","embeddable":true,"href":"https:\/\/theperfumebottles.com\/hu\/wp-json\/wp\/v2\/product_brand?post=2813"},{"taxonomy":"product_cat","embeddable":true,"href":"https:\/\/theperfumebottles.com\/hu\/wp-json\/wp\/v2\/product_cat?post=2813"},{"taxonomy":"product_tag","embeddable":true,"href":"https:\/\/theperfumebottles.com\/hu\/wp-json\/wp\/v2\/product_tag?post=2813"}],"curies":[{"name":"wp","href":"https:\/\/api.w.org\/{rel}","templated":true}]}}