{"id":2861,"date":"2025-03-24T07:22:27","date_gmt":"2025-03-24T07:22:27","guid":{"rendered":"https:\/\/theperfumebottles.com\/?post_type=product&#038;p=2861"},"modified":"2025-05-30T15:51:46","modified_gmt":"2025-05-30T07:51:46","slug":"30ml-glass-travel-perfume-bottle-refillable-customizable-luxury","status":"publish","type":"product","link":"https:\/\/theperfumebottles.com\/hu\/termek\/30ml-glass-travel-perfume-bottle-refillable-customizable-luxury\/","title":{"rendered":"30 ml-es \u00fcveg utaz\u00f3 parf\u00fcm\u00f6s \u00fcveg, \u00fajrat\u00f6lthet\u0151 \u2013 testreszabhat\u00f3 luxus"},"content":{"rendered":"<p>A kifinomult ritu\u00e1l\u00e9kra t\u00f6rekv\u0151 m\u00e1rk\u00e1k sz\u00e1m\u00e1ra tervezett 30 ml-es \u00fajrat\u00f6lthet\u0151 parf\u00fcm\u00f6s \u00fcveg t\u00f6k\u00e9letesen \u00f6tv\u00f6zi a m\u0171v\u00e9szi szobr\u00e1szat eszt\u00e9tik\u00e1j\u00e1t a pragmatizmussal. A hi\u00e1nyp\u00f3tl\u00f3 illatm\u00e1rk\u00e1k \u00e9s tervez\u0151k saj\u00e1t illatt\u00f6rt\u00e9net\u00fck elmes\u00e9l\u00e9s\u00e9re haszn\u00e1lj\u00e1k, \u00e9s minden csepp parf\u00fcm gy\u0171jt\u0151i m\u0171alkot\u00e1ss\u00e1 v\u00e1lik.<\/p>\n<h2>F\u0151bb specifik\u00e1ci\u00f3k<\/h2>\n<table style=\"border-collapse: collapse;margin-left: auto;margin-right: auto;width: 80%\" border=\"0\" width=\"80%\" cellspacing=\"0\" cellpadding=\"0\">\n<tbody>\n<tr style=\"height: 13.50pt\">\n<td style=\"height: 13.50pt;width: 99.75pt\" width=\"133\" height=\"18\"><strong>Modell<\/strong><\/td>\n<td style=\"width: 253.50pt\" width=\"338\">PB-BF1101<\/td>\n<\/tr>\n<tr style=\"height: 13.50pt\">\n<td style=\"height: 13.50pt\" height=\"18\"><strong>Anyag<\/strong><\/td>\n<td>Krist\u00e1ly\u00fcveg + f\u00e9m\/m\u0171anyag kupakok<\/td>\n<\/tr>\n<tr style=\"height: 13.50pt\">\n<td style=\"height: 13.50pt\" height=\"18\"><strong>Kapacit\u00e1s<\/strong><\/td>\n<td>30ml utaz\u00e1si parf\u00fcm\u00f6s \u00fcveg<\/td>\n<\/tr>\n<tr style=\"height: 13.50pt\">\n<td style=\"height: 13.50pt\" height=\"18\"><strong>M\u00e9retek<\/strong><\/td>\n<td>45 x 26 x 84 mm (18 mm kaliber)<\/td>\n<\/tr>\n<tr style=\"height: 13.50pt\">\n<td style=\"height: 13.50pt\" height=\"18\"><strong>Sz\u00ednbe\u00e1ll\u00edt\u00e1sok<\/strong><\/td>\n<td>Tiszta \u00fcveg + arany\/ez\u00fcst\/fekete fels\u0151 r\u00e9sz<\/td>\n<\/tr>\n<tr style=\"height: 13.50pt\">\n<td style=\"height: 13.50pt\" height=\"18\"><strong>Mint\u00e1k<\/strong><\/td>\n<td>Ingyenes testreszabhat\u00f3 mint\u00e1k \u00e1llnak rendelkez\u00e9sre<\/td>\n<\/tr>\n<tr style=\"height: 13.50pt\">\n<td style=\"height: 13.50pt\" height=\"18\"><strong>Kupak t\u00edpusa<\/strong><\/td>\n<td>Kerek csavaros tetej\u0171 porlaszt\u00f3 spray<\/td>\n<\/tr>\n<tr style=\"height: 13.50pt\">\n<td style=\"height: 13.50pt\" height=\"18\"><strong>Testreszab\u00e1s<\/strong><\/td>\n<td>Log\u00f3 nyomtat\u00e1s, sz\u00ednes spray-k, ODM\/OEM<\/td>\n<\/tr>\n<\/tbody>\n<\/table>\n<h2>Mi\u00e9rt v\u00e1lassza ezeket az \u00fajrat\u00f6lthet\u0151 parf\u00fcm\u00f6s \u00fcvegeket?<\/h2>\n<ul>\n<li><strong>Ide\u00e1lis utaz\u00e1shoz \u00e9s nagykereskedelmi megrendel\u00e9sekhez: <\/strong>A kompakt m\u00e9ret megfelel a TSA-el\u0151\u00edr\u00e1soknak, m\u00edg a nagy t\u00e9telben t\u00f6rt\u00e9n\u0151 rendel\u00e9si lehet\u0151s\u00e9gek megfelelnek az \u00fcveg parf\u00fcm\u00f6s \u00fcvegek nagykereskedelmi megold\u00e1s\u00e1t keres\u0151 m\u00e1rk\u00e1k ig\u00e9nyeinek.<\/li>\n<li><strong>Korl\u00e1tlan m\u00e1rka\u00e9p\u00edt\u00e9si lehet\u0151s\u00e9gek: <\/strong>A grav\u00edrozott log\u00f3kt\u00f3l a gradiens kivitelig tervezzen olyan \u00fcres parf\u00fcm\u00f6s \u00fcvegeket, amelyek t\u00fckr\u00f6zik m\u00e1rk\u00e1ja t\u00f6rt\u00e9net\u00e9t. A priv\u00e1t formafejleszt\u00e9s teljes exkluzivit\u00e1st biztos\u00edt.<\/li>\n<li><strong>Kiv\u00e1l\u00f3 kicsomagol\u00e1si \u00e9lm\u00e9ny: <\/strong>A f\u00e9mkupakkal (arany, ez\u00fcst vagy fekete sz\u00ednben kaphat\u00f3) p\u00e1ros\u00edtott, der\u00e9kra h\u00fazott \u00fcveg sz\u00f3r\u00f3fejes flakon a luxusparf\u00fcm\u00f6k csomagol\u00e1s\u00e1hoz ill\u0151, magas sz\u00ednvonalat k\u00f6lcs\u00f6n\u00f6z.<\/li>\n<\/ul>\n<h2>Testreszab\u00e1si megold\u00e1sok minden m\u00e1rk\u00e1hoz<\/h2>\n<ul>\n<li>\u200b<strong>Log\u00f3 alkalmaz\u00e1s<\/strong>: Selyemszitanyom\u00e1s, forr\u00f3 b\u00e9lyegz\u00e9s vagy UV-nyomtat\u00e1s.<\/li>\n<li>\u200b<strong>Sapka anyagok<\/strong>: Alum\u00ednium, m\u0171anyag vagy fenntarthat\u00f3 fa.<\/li>\n<li>\u200b<strong>\u00dcveg effektek<\/strong>: Fagyott, gradiens ombr\u00e9 vagy sz\u00ednpermetezett kivitelben.<\/li>\n<li>\u200b<strong>T\u00f6meges rendel\u00e9s el\u0151nyei<\/strong>: Versenyk\u00e9pes \u00e1rk\u00e9pz\u00e9s az \u00fcvegpalackok nagykereskedelm\u00e9ben.<\/li>\n<\/ul>\n<h2>Ide\u00e1lis:<\/h2>\n<ol>\n<li>A butik illatm\u00e1rk\u00e1k utaz\u00e1si m\u00e9ret\u0171 kiad\u00e1sokat ind\u00edtanak.<\/li>\n<li>Egyedi parf\u00fcmcsomagol\u00e1st ig\u00e9nyl\u0151 saj\u00e1tm\u00e1rk\u00e1s projektek.<\/li>\n<li>A k\u00f6rnyezetbar\u00e1t, \u00fajrat\u00f6lthet\u0151 parf\u00fcmtart\u00e1lyokat el\u0151nyben r\u00e9szes\u00edt\u0151 m\u00e1rk\u00e1k.<\/li>\n<\/ol>","protected":false},"excerpt":{"rendered":"<p>Fedezze fel a pr\u00e9mium 30ml-es \u00fcvegb\u0151l k\u00e9sz\u00fclt, \u00fajrat\u00f6lthet\u0151 utaz\u00e1si parf\u00fcm\u00f6s \u00fcvegcs\u00e9t. Testreszabhat\u00f3 kupakok, ergonomikus kialak\u00edt\u00e1s, t\u00f6meges rendel\u00e9sek. Emelje fel illatm\u00e1rk\u00e1j\u00e1t m\u00e9g ma!<\/p>","protected":false},"featured_media":2862,"comment_status":"open","ping_status":"closed","template":"","meta":{"_acf_changed":false,"site-sidebar-layout":"default","site-content-layout":"","ast-site-content-layout":"default","site-content-style":"default","site-sidebar-style":"default","ast-global-header-display":"","ast-banner-title-visibility":"","ast-main-header-display":"","ast-hfb-above-header-display":"","ast-hfb-below-header-display":"","ast-hfb-mobile-header-display":"","site-post-title":"","ast-breadcrumbs-content":"","ast-featured-img":"","footer-sml-layout":"","ast-disable-related-posts":"","theme-transparent-header-meta":"default","adv-header-id-meta":"","stick-header-meta":"","header-above-stick-meta":"","header-main-stick-meta":"","header-below-stick-meta":"","astra-migrate-meta-layouts":"set","ast-page-background-enabled":"default","ast-page-background-meta":{"desktop":{"background-color":"var(--ast-global-color-5)","background-image":"","background-repeat":"repeat","background-position":"center center","background-size":"auto","background-attachment":"scroll","background-type":"","background-media":"","overlay-type":"","overlay-color":"","overlay-opacity":"","overlay-gradient":""},"tablet":{"background-color":"","background-image":"","background-repeat":"repeat","background-position":"center center","background-size":"auto","background-attachment":"scroll","background-type":"","background-media":"","overlay-type":"","overlay-color":"","overlay-opacity":"","overlay-gradient":""},"mobile":{"background-color":"","background-image":"","background-repeat":"repeat","background-position":"center center","background-size":"auto","background-attachment":"scroll","background-type":"","background-media":"","overlay-type":"","overlay-color":"","overlay-opacity":"","overlay-gradient":""}},"ast-content-background-meta":{"desktop":{"background-color":"var(--ast-global-color-4)","background-image":"","background-repeat":"repeat","background-position":"center center","background-size":"auto","background-attachment":"scroll","background-type":"","background-media":"","overlay-type":"","overlay-color":"","overlay-opacity":"","overlay-gradient":""},"tablet":{"background-color":"var(--ast-global-color-4)","background-image":"","background-repeat":"repeat","background-position":"center center","background-size":"auto","background-attachment":"scroll","background-type":"","background-media":"","overlay-type":"","overlay-color":"","overlay-opacity":"","overlay-gradient":""},"mobile":{"background-color":"var(--ast-global-color-4)","background-image":"","background-repeat":"repeat","background-position":"center center","background-size":"auto","background-attachment":"scroll","background-type":"","background-media":"","overlay-type":"","overlay-color":"","overlay-opacity":"","overlay-gradient":""}}},"product_brand":[],"product_cat":[72,74,41,90],"product_tag":[],"class_list":{"0":"post-2861","1":"product","2":"type-product","3":"status-publish","4":"has-post-thumbnail","6":"product_cat-cosmetic-packaging","7":"product_cat-mini-perfume-bottles","8":"product_cat-perfume-bottles","9":"product_cat-refillable-perfume-bottles","10":"desktop-align-left","11":"tablet-align-left","12":"mobile-align-left","14":"first","15":"instock","16":"shipping-taxable","17":"product-type-simple"},"acf":[],"jetpack_sharing_enabled":true,"_links":{"self":[{"href":"https:\/\/theperfumebottles.com\/hu\/wp-json\/wp\/v2\/product\/2861","targetHints":{"allow":["GET"]}}],"collection":[{"href":"https:\/\/theperfumebottles.com\/hu\/wp-json\/wp\/v2\/product"}],"about":[{"href":"https:\/\/theperfumebottles.com\/hu\/wp-json\/wp\/v2\/types\/product"}],"replies":[{"embeddable":true,"href":"https:\/\/theperfumebottles.com\/hu\/wp-json\/wp\/v2\/comments?post=2861"}],"wp:featuredmedia":[{"embeddable":true,"href":"https:\/\/theperfumebottles.com\/hu\/wp-json\/wp\/v2\/media\/2862"}],"wp:attachment":[{"href":"https:\/\/theperfumebottles.com\/hu\/wp-json\/wp\/v2\/media?parent=2861"}],"wp:term":[{"taxonomy":"product_brand","embeddable":true,"href":"https:\/\/theperfumebottles.com\/hu\/wp-json\/wp\/v2\/product_brand?post=2861"},{"taxonomy":"product_cat","embeddable":true,"href":"https:\/\/theperfumebottles.com\/hu\/wp-json\/wp\/v2\/product_cat?post=2861"},{"taxonomy":"product_tag","embeddable":true,"href":"https:\/\/theperfumebottles.com\/hu\/wp-json\/wp\/v2\/product_tag?post=2861"}],"curies":[{"name":"wp","href":"https:\/\/api.w.org\/{rel}","templated":true}]}}