{"id":2869,"date":"2025-03-24T09:14:20","date_gmt":"2025-03-24T09:14:20","guid":{"rendered":"https:\/\/theperfumebottles.com\/?post_type=product&#038;p=2869"},"modified":"2025-03-25T07:33:20","modified_gmt":"2025-03-25T07:33:20","slug":"30ml-50ml-100ml-custom-fragrance-spray-bottles-blank-perfume-bottles-wholesale","status":"publish","type":"product","link":"https:\/\/theperfumebottles.com\/hu\/termek\/30ml-50ml-100ml-custom-fragrance-spray-bottles-blank-perfume-bottles-wholesale\/","title":{"rendered":"30ml 50ml 100ml Egyedi illatos\u00edt\u00f3 spray-palackok \u2013 \u00dcres parf\u00fcm\u00f6s \u00fcvegek nagykereskedelme"},"content":{"rendered":"<h2>Emelje fel illatm\u00e1rk\u00e1j\u00e1t pr\u00e9mium testreszabhat\u00f3 sz\u00f3r\u00f3\u00fcvegekkel<\/h2>\n<p>Luxus parf\u00fcm m\u00e1rk\u00e1k \u00e9s nagykeresked\u0151k sz\u00e1m\u00e1ra, akik a<strong>\u00fcres parf\u00fcm\u00f6s \u00fcvegek<\/strong>\u00a0PB-FZ sorozatunk az id\u0151tlen eleganci\u00e1t \u00e9s a modern kifinomults\u00e1got \u00f6tv\u00f6z\u0151, egyedi parf\u00fcm\u00f6s flakonok nagykereskedelmi megold\u00e1sait k\u00edn\u00e1lja, amelyeket \u00fagy terveztek, hogy elb\u0171v\u00f6ljenek. A krist\u00e1lytiszta \u00fcvegb\u0151l k\u00e9sz\u00fclt \u00e9s f\u00e9mes \u00e9kezetekkel kieg\u00e9sz\u00edtett illatos\u00edt\u00f3 flakonok tapinthat\u00f3, vizu\u00e1lis \u00e9s funkcion\u00e1lis friss\u00edt\u00e9st ny\u00fajtanak a pr\u00e9mium parf\u00fcm\u00f6k, k\u00f6lnik \u00e9s utaz\u00e1si m\u00e9ret\u0171 illatszerek sz\u00e1m\u00e1ra.<\/p>\n<table style=\"border-collapse: collapse; margin-left: auto; margin-right: auto; width: 162.03pt;\" border=\"0\" width=\"216\" cellspacing=\"0\" cellpadding=\"0\">\n<tbody>\n<tr style=\"height: 13.50pt;\">\n<td style=\"height: 13.50pt; width: 54.00pt;\" width=\"72\" height=\"18\">\n<p><figure id=\"attachment_2871\" aria-describedby=\"caption-attachment-2871\" style=\"width: 300px\" class=\"wp-caption aligncenter\"><img fetchpriority=\"high\" decoding=\"async\" class=\"size-medium wp-image-2871\" src=\"https:\/\/theperfumebottles.com\/wp-content\/uploads\/2025\/03\/fragrance-spray-bottle-FZ0601-300x300.webp\" alt=\"illatos\u00edt\u00f3 spray-palack\" width=\"300\" height=\"300\" srcset=\"https:\/\/theperfumebottles.com\/wp-content\/uploads\/2025\/03\/fragrance-spray-bottle-FZ0601-300x300.webp 300w, https:\/\/theperfumebottles.com\/wp-content\/uploads\/2025\/03\/fragrance-spray-bottle-FZ0601-150x150.webp 150w, https:\/\/theperfumebottles.com\/wp-content\/uploads\/2025\/03\/fragrance-spray-bottle-FZ0601-768x768.webp 768w, https:\/\/theperfumebottles.com\/wp-content\/uploads\/2025\/03\/fragrance-spray-bottle-FZ0601-12x12.webp 12w, https:\/\/theperfumebottles.com\/wp-content\/uploads\/2025\/03\/fragrance-spray-bottle-FZ0601-600x600.webp 600w, https:\/\/theperfumebottles.com\/wp-content\/uploads\/2025\/03\/fragrance-spray-bottle-FZ0601-100x100.webp 100w, https:\/\/theperfumebottles.com\/wp-content\/uploads\/2025\/03\/fragrance-spray-bottle-FZ0601.webp 1000w\" sizes=\"(max-width: 300px) 100vw, 300px\" \/><figcaption id=\"caption-attachment-2871\" class=\"wp-caption-text\">30 ml<\/figcaption><\/figure><\/td>\n<td style=\"width: 54.00pt;\" width=\"72\">\n<p><figure id=\"attachment_2876\" aria-describedby=\"caption-attachment-2876\" style=\"width: 300px\" class=\"wp-caption aligncenter\"><img decoding=\"async\" class=\"size-medium wp-image-2876\" src=\"https:\/\/theperfumebottles.com\/wp-content\/uploads\/2025\/03\/fragrance-spray-bottle-pbFZ0602-300x300.webp\" alt=\"illatos\u00edt\u00f3 spray-palack\" width=\"300\" height=\"300\" srcset=\"https:\/\/theperfumebottles.com\/wp-content\/uploads\/2025\/03\/fragrance-spray-bottle-pbFZ0602-300x300.webp 300w, https:\/\/theperfumebottles.com\/wp-content\/uploads\/2025\/03\/fragrance-spray-bottle-pbFZ0602-150x150.webp 150w, https:\/\/theperfumebottles.com\/wp-content\/uploads\/2025\/03\/fragrance-spray-bottle-pbFZ0602-768x768.webp 768w, https:\/\/theperfumebottles.com\/wp-content\/uploads\/2025\/03\/fragrance-spray-bottle-pbFZ0602-12x12.webp 12w, https:\/\/theperfumebottles.com\/wp-content\/uploads\/2025\/03\/fragrance-spray-bottle-pbFZ0602-600x600.webp 600w, https:\/\/theperfumebottles.com\/wp-content\/uploads\/2025\/03\/fragrance-spray-bottle-pbFZ0602-100x100.webp 100w, https:\/\/theperfumebottles.com\/wp-content\/uploads\/2025\/03\/fragrance-spray-bottle-pbFZ0602.webp 1000w\" sizes=\"(max-width: 300px) 100vw, 300px\" \/><figcaption id=\"caption-attachment-2876\" class=\"wp-caption-text\">50 ml<\/figcaption><\/figure><\/td>\n<td style=\"width: 54.00pt;\" width=\"72\">\n<p><figure id=\"attachment_2873\" aria-describedby=\"caption-attachment-2873\" style=\"width: 300px\" class=\"wp-caption aligncenter\"><img decoding=\"async\" class=\"size-medium wp-image-2873\" src=\"https:\/\/theperfumebottles.com\/wp-content\/uploads\/2025\/03\/fragrance-spray-bottle-FZ0603-300x300.webp\" alt=\"illatos\u00edt\u00f3 spray-palack\" width=\"300\" height=\"300\" srcset=\"https:\/\/theperfumebottles.com\/wp-content\/uploads\/2025\/03\/fragrance-spray-bottle-FZ0603-300x300.webp 300w, https:\/\/theperfumebottles.com\/wp-content\/uploads\/2025\/03\/fragrance-spray-bottle-FZ0603-150x150.webp 150w, https:\/\/theperfumebottles.com\/wp-content\/uploads\/2025\/03\/fragrance-spray-bottle-FZ0603-768x768.webp 768w, https:\/\/theperfumebottles.com\/wp-content\/uploads\/2025\/03\/fragrance-spray-bottle-FZ0603-12x12.webp 12w, https:\/\/theperfumebottles.com\/wp-content\/uploads\/2025\/03\/fragrance-spray-bottle-FZ0603-600x600.webp 600w, https:\/\/theperfumebottles.com\/wp-content\/uploads\/2025\/03\/fragrance-spray-bottle-FZ0603-100x100.webp 100w, https:\/\/theperfumebottles.com\/wp-content\/uploads\/2025\/03\/fragrance-spray-bottle-FZ0603.webp 1000w\" sizes=\"(max-width: 300px) 100vw, 300px\" \/><figcaption id=\"caption-attachment-2873\" class=\"wp-caption-text\">100 ml<\/figcaption><\/figure><\/td>\n<\/tr>\n<\/tbody>\n<\/table>\n<h2>F\u0151bb jellemz\u0151k \u00e1ttekint\u00e9se<\/h2>\n<div class=\"hyc-common-markdown__table-wrapper\">\n<table>\n<thead>\n<tr>\n<th>Modell<\/th>\n<th>Kapacit\u00e1s<\/th>\n<th>M\u00e9retek (mm)<\/th>\n<th>Kupak t\u00edpusa<\/th>\n<th>Egy\u00e9ni be\u00e1ll\u00edt\u00e1sok<\/th>\n<\/tr>\n<\/thead>\n<tbody>\n<tr>\n<td>PB-FZ0601<\/td>\n<td>30 ml<\/td>\n<td>35x35x80<\/td>\n<td>Kerek bord\u00e1zott f\u00e9m<\/td>\n<td>Log\u00f3, sapka sz\u00edne, bels\u0151 spray<\/td>\n<\/tr>\n<tr>\n<td>PB-FZ0602<\/td>\n<td>50 ml<\/td>\n<td>44x44x78<\/td>\n<td>Kerek bord\u00e1zott f\u00e9m<\/td>\n<td>Grav\u00edrozott sz\u00f6veg, matt hat\u00e1s<\/td>\n<\/tr>\n<tr>\n<td>PB-FZ0603<\/td>\n<td>100 ml<\/td>\n<td>46x46x105<\/td>\n<td>Kerek bord\u00e1zott f\u00e9m<\/td>\n<td>Gradient Glass, Csomagol\u00e1s tervez\u00e9s<\/td>\n<\/tr>\n<\/tbody>\n<\/table>\n<\/div>\n<h2>Mi\u00e9rt v\u00e1lassza ezeket az illatos\u00edt\u00f3 spray palackokat?<\/h2>\n<ul>\n<li>\u200b<strong>Pr\u00e9mium anyagok<\/strong>: A krist\u00e1ly\u00fcveg biztos\u00edtja a tisztas\u00e1got \u00e9s a tart\u00f3ss\u00e1got, m\u00edg a f\u00e9m porlaszt\u00f3k tisztess\u00e9ges, luxus \u00e9rzetet ny\u00fajtanak.<\/li>\n<li>\u200b<strong>Nagykereskedelemre k\u00e9sz<\/strong>: A t\u00f6meges megrendel\u00e9sek ingyenes mint\u00e1kat \u00e9s rugalmas MOQ-kat tartalmaznak, ide\u00e1lis az indul\u00f3 \u00e9s a m\u00e1rk\u00e1k sz\u00e1m\u00e1ra.<\/li>\n<li>\u200b<strong>ODM\/OEM t\u00e1mogat\u00e1s<\/strong>: A tart\u00e1lyok, csomagol\u00e1sok \u00e9s kieg\u00e9sz\u00edt\u0151k teljes testreszab\u00e1sa, hogy igazodjanak az \u00d6n m\u00e1rkaidentit\u00e1s\u00e1hoz.<\/li>\n<\/ul>\n<p>Ez a sorozat ide\u00e1lis a luxusparf\u00fcm\u00f6k, limit\u00e1lt kiad\u00e1sok vagy utaz\u00e1sra alkalmas m\u00e9retek sz\u00e1m\u00e1ra, \u00e9s \u00f6tv\u00f6zi a funkcionalit\u00e1st a m\u0171v\u00e9szettel. Ak\u00e1r \u00fcres parf\u00fcm\u00f6s \u00fcvegekre van sz\u00fcks\u00e9ge a h\u00e1zon bel\u00fcli illatokhoz, ak\u00e1r egyedi parf\u00fcm\u00f6s \u00fcvegekre a glob\u00e1lis forgalmaz\u00e1shoz, megold\u00e1saink racionaliz\u00e1lj\u00e1k a folyamatot a tervez\u00e9st\u0151l a sz\u00e1ll\u00edt\u00e1sig.<\/p>\n<p><strong>K\u00e9rjen ingyenes mint\u00e1kat m\u00e9g ma<\/strong>\u00a0\u00e9s tapasztalja meg, hogy ezek az \u00fcvegek hogyan emelhetik az illat var\u00e1zs\u00e1t!<\/p>","protected":false},"excerpt":{"rendered":"<p>Luxus egyedi parf\u00fcm\u00f6s \u00fcvegek nagykereskedelme f\u00e9mkupakkal \u00e9s krist\u00e1ly\u00fcveggel. T\u00f6meges illatos\u00edt\u00f3 spray palack megold\u00e1sok m\u00e1rk\u00e1k sz\u00e1m\u00e1ra. Ingyenes mint\u00e1k \u00e9s ODM\/OEM t\u00e1mogat\u00e1s.<\/p>","protected":false},"featured_media":2876,"comment_status":"open","ping_status":"closed","template":"","meta":{"_acf_changed":false,"site-sidebar-layout":"default","site-content-layout":"","ast-site-content-layout":"default","site-content-style":"default","site-sidebar-style":"default","ast-global-header-display":"","ast-banner-title-visibility":"","ast-main-header-display":"","ast-hfb-above-header-display":"","ast-hfb-below-header-display":"","ast-hfb-mobile-header-display":"","site-post-title":"","ast-breadcrumbs-content":"","ast-featured-img":"","footer-sml-layout":"","ast-disable-related-posts":"","theme-transparent-header-meta":"default","adv-header-id-meta":"","stick-header-meta":"","header-above-stick-meta":"","header-main-stick-meta":"","header-below-stick-meta":"","astra-migrate-meta-layouts":"set","ast-page-background-enabled":"default","ast-page-background-meta":{"desktop":{"background-color":"var(--ast-global-color-5)","background-image":"","background-repeat":"repeat","background-position":"center center","background-size":"auto","background-attachment":"scroll","background-type":"","background-media":"","overlay-type":"","overlay-color":"","overlay-opacity":"","overlay-gradient":""},"tablet":{"background-color":"","background-image":"","background-repeat":"repeat","background-position":"center center","background-size":"auto","background-attachment":"scroll","background-type":"","background-media":"","overlay-type":"","overlay-color":"","overlay-opacity":"","overlay-gradient":""},"mobile":{"background-color":"","background-image":"","background-repeat":"repeat","background-position":"center center","background-size":"auto","background-attachment":"scroll","background-type":"","background-media":"","overlay-type":"","overlay-color":"","overlay-opacity":"","overlay-gradient":""}},"ast-content-background-meta":{"desktop":{"background-color":"var(--ast-global-color-4)","background-image":"","background-repeat":"repeat","background-position":"center center","background-size":"auto","background-attachment":"scroll","background-type":"","background-media":"","overlay-type":"","overlay-color":"","overlay-opacity":"","overlay-gradient":""},"tablet":{"background-color":"var(--ast-global-color-4)","background-image":"","background-repeat":"repeat","background-position":"center center","background-size":"auto","background-attachment":"scroll","background-type":"","background-media":"","overlay-type":"","overlay-color":"","overlay-opacity":"","overlay-gradient":""},"mobile":{"background-color":"var(--ast-global-color-4)","background-image":"","background-repeat":"repeat","background-position":"center center","background-size":"auto","background-attachment":"scroll","background-type":"","background-media":"","overlay-type":"","overlay-color":"","overlay-opacity":"","overlay-gradient":""}}},"product_brand":[],"product_cat":[72,41],"product_tag":[],"class_list":{"0":"post-2869","1":"product","2":"type-product","3":"status-publish","4":"has-post-thumbnail","6":"product_cat-cosmetic-packaging","7":"product_cat-perfume-bottles","8":"desktop-align-left","9":"tablet-align-left","10":"mobile-align-left","12":"first","13":"instock","14":"shipping-taxable","15":"product-type-simple"},"acf":[],"jetpack_sharing_enabled":true,"_links":{"self":[{"href":"https:\/\/theperfumebottles.com\/hu\/wp-json\/wp\/v2\/product\/2869","targetHints":{"allow":["GET"]}}],"collection":[{"href":"https:\/\/theperfumebottles.com\/hu\/wp-json\/wp\/v2\/product"}],"about":[{"href":"https:\/\/theperfumebottles.com\/hu\/wp-json\/wp\/v2\/types\/product"}],"replies":[{"embeddable":true,"href":"https:\/\/theperfumebottles.com\/hu\/wp-json\/wp\/v2\/comments?post=2869"}],"wp:featuredmedia":[{"embeddable":true,"href":"https:\/\/theperfumebottles.com\/hu\/wp-json\/wp\/v2\/media\/2876"}],"wp:attachment":[{"href":"https:\/\/theperfumebottles.com\/hu\/wp-json\/wp\/v2\/media?parent=2869"}],"wp:term":[{"taxonomy":"product_brand","embeddable":true,"href":"https:\/\/theperfumebottles.com\/hu\/wp-json\/wp\/v2\/product_brand?post=2869"},{"taxonomy":"product_cat","embeddable":true,"href":"https:\/\/theperfumebottles.com\/hu\/wp-json\/wp\/v2\/product_cat?post=2869"},{"taxonomy":"product_tag","embeddable":true,"href":"https:\/\/theperfumebottles.com\/hu\/wp-json\/wp\/v2\/product_tag?post=2869"}],"curies":[{"name":"wp","href":"https:\/\/api.w.org\/{rel}","templated":true}]}}