{"id":2878,"date":"2025-03-25T08:15:36","date_gmt":"2025-03-25T08:15:36","guid":{"rendered":"https:\/\/theperfumebottles.com\/?post_type=product&#038;p=2878"},"modified":"2025-05-27T14:08:59","modified_gmt":"2025-05-27T06:08:59","slug":"unique-cologne-bottles-custom-engraved-perfume-bottles","status":"publish","type":"product","link":"https:\/\/theperfumebottles.com\/hu\/termek\/unique-cologne-bottles-custom-engraved-perfume-bottles\/","title":{"rendered":"30ml 50ml 100ml egyedi k\u00f6lnipalackok ov\u00e1lis tetejjel"},"content":{"rendered":"<p>Az Oval Elegance sorozatot olyan cs\u00facskateg\u00f3ri\u00e1s m\u00e1rk\u00e1k sz\u00e1m\u00e1ra tervezt\u00e9k, amelyek egyedi m\u00e1rkahangz\u00e1sra t\u00f6rekszenek. A sorozatban k\u00f6lnivizes sz\u00f3r\u00f3flakonok \u00e9s egyedi grav\u00edroz\u00e1s\u00fa parf\u00fcm\u00f6s flakonok tal\u00e1lhat\u00f3k, amelyek formatervez\u00e9se a praktikumot \u00e9s a m\u0171v\u00e9szi \u00e9rz\u00e9ket \u00f6tv\u00f6zi. A palacktest \u00e1tl\u00e1tsz\u00f3 \u00fcvegb\u0151l k\u00e9sz\u00fcl, \u00e9s t\u00e1mogatja a text\u00fara, a grav\u00edroz\u00e1s vagy a c\u00edmke testreszab\u00e1s\u00e1t, amely k\u00f6nnyen bemutathatja a m\u00e1rka st\u00edlus\u00e1t. A lekerek\u00edtett ov\u00e1lis forma finom r\u00e9szletekkel magas sz\u00ednvonal\u00fa text\u00far\u00e1t k\u00f6lcs\u00f6n\u00f6z a term\u00e9knek, amely romantikus vagy klasszikus illatcsal\u00e1dok sz\u00e1m\u00e1ra alkalmas.<\/p>\n<table style=\"border-collapse: collapse;margin-left: auto;margin-right: auto;width: 162.03pt\" border=\"0\" width=\"216\" cellspacing=\"0\" cellpadding=\"0\">\n<tbody>\n<tr style=\"height: 21.00pt\">\n<td style=\"height: 21.00pt;width: 54.00pt\" width=\"72\" height=\"28\">\n<p><figure id=\"attachment_2880\" aria-describedby=\"caption-attachment-2880\" style=\"width: 300px\" class=\"wp-caption aligncenter\"><img fetchpriority=\"high\" decoding=\"async\" class=\"size-medium wp-image-2880\" src=\"https:\/\/theperfumebottles.com\/wp-content\/uploads\/2025\/03\/unique-cologne-bottles-FZ0701-300x300.webp\" alt=\"egyedi k\u00f6lnipalackok\" width=\"300\" height=\"300\" srcset=\"https:\/\/theperfumebottles.com\/wp-content\/uploads\/2025\/03\/unique-cologne-bottles-FZ0701-300x300.webp 300w, https:\/\/theperfumebottles.com\/wp-content\/uploads\/2025\/03\/unique-cologne-bottles-FZ0701-150x150.webp 150w, https:\/\/theperfumebottles.com\/wp-content\/uploads\/2025\/03\/unique-cologne-bottles-FZ0701-768x768.webp 768w, https:\/\/theperfumebottles.com\/wp-content\/uploads\/2025\/03\/unique-cologne-bottles-FZ0701-12x12.webp 12w, https:\/\/theperfumebottles.com\/wp-content\/uploads\/2025\/03\/unique-cologne-bottles-FZ0701-600x600.webp 600w, https:\/\/theperfumebottles.com\/wp-content\/uploads\/2025\/03\/unique-cologne-bottles-FZ0701-100x100.webp 100w, https:\/\/theperfumebottles.com\/wp-content\/uploads\/2025\/03\/unique-cologne-bottles-FZ0701.webp 1000w\" sizes=\"(max-width: 300px) 100vw, 300px\" \/><figcaption id=\"caption-attachment-2880\" class=\"wp-caption-text\">30 ml<\/figcaption><\/figure><\/td>\n<td style=\"width: 54.00pt\" width=\"72\">\n<p><figure id=\"attachment_2882\" aria-describedby=\"caption-attachment-2882\" style=\"width: 300px\" class=\"wp-caption aligncenter\"><img decoding=\"async\" class=\"size-medium wp-image-2882\" src=\"https:\/\/theperfumebottles.com\/wp-content\/uploads\/2025\/03\/custom-engraved-perfume-bottles-FZ0702-300x300.webp\" alt=\"egyedi grav\u00edrozott parf\u00fcm\u00f6s \u00fcvegek\" width=\"300\" height=\"300\" srcset=\"https:\/\/theperfumebottles.com\/wp-content\/uploads\/2025\/03\/custom-engraved-perfume-bottles-FZ0702-300x300.webp 300w, https:\/\/theperfumebottles.com\/wp-content\/uploads\/2025\/03\/custom-engraved-perfume-bottles-FZ0702-150x150.webp 150w, https:\/\/theperfumebottles.com\/wp-content\/uploads\/2025\/03\/custom-engraved-perfume-bottles-FZ0702-768x768.webp 768w, https:\/\/theperfumebottles.com\/wp-content\/uploads\/2025\/03\/custom-engraved-perfume-bottles-FZ0702-12x12.webp 12w, https:\/\/theperfumebottles.com\/wp-content\/uploads\/2025\/03\/custom-engraved-perfume-bottles-FZ0702-600x600.webp 600w, https:\/\/theperfumebottles.com\/wp-content\/uploads\/2025\/03\/custom-engraved-perfume-bottles-FZ0702-100x100.webp 100w, https:\/\/theperfumebottles.com\/wp-content\/uploads\/2025\/03\/custom-engraved-perfume-bottles-FZ0702.webp 1000w\" sizes=\"(max-width: 300px) 100vw, 300px\" \/><figcaption id=\"caption-attachment-2882\" class=\"wp-caption-text\">50 ml<\/figcaption><\/figure><\/td>\n<td style=\"width: 54.00pt\" width=\"72\">\n<p><figure id=\"attachment_2883\" aria-describedby=\"caption-attachment-2883\" style=\"width: 300px\" class=\"wp-caption aligncenter\"><img decoding=\"async\" class=\"size-medium wp-image-2883\" src=\"https:\/\/theperfumebottles.com\/wp-content\/uploads\/2025\/03\/custom-perfume-bottles-FZ0703-300x300.webp\" alt=\"egyedi parf\u00fcm\u00f6s \u00fcvegek\" width=\"300\" height=\"300\" srcset=\"https:\/\/theperfumebottles.com\/wp-content\/uploads\/2025\/03\/custom-perfume-bottles-FZ0703-300x300.webp 300w, https:\/\/theperfumebottles.com\/wp-content\/uploads\/2025\/03\/custom-perfume-bottles-FZ0703-150x150.webp 150w, https:\/\/theperfumebottles.com\/wp-content\/uploads\/2025\/03\/custom-perfume-bottles-FZ0703-768x768.webp 768w, https:\/\/theperfumebottles.com\/wp-content\/uploads\/2025\/03\/custom-perfume-bottles-FZ0703-12x12.webp 12w, https:\/\/theperfumebottles.com\/wp-content\/uploads\/2025\/03\/custom-perfume-bottles-FZ0703-600x600.webp 600w, https:\/\/theperfumebottles.com\/wp-content\/uploads\/2025\/03\/custom-perfume-bottles-FZ0703-100x100.webp 100w, https:\/\/theperfumebottles.com\/wp-content\/uploads\/2025\/03\/custom-perfume-bottles-FZ0703.webp 1024w\" sizes=\"(max-width: 300px) 100vw, 300px\" \/><figcaption id=\"caption-attachment-2883\" class=\"wp-caption-text\">100 ml<\/figcaption><\/figure><\/td>\n<\/tr>\n<\/tbody>\n<\/table>\n<h2>F\u0151bb jellemz\u0151k \u00e1ttekint\u00e9se<\/h2>\n<div class=\"hyc-common-markdown__table-wrapper\">\n<table>\n<thead>\n<tr>\n<th>Modell<\/th>\n<th>Kapacit\u00e1s<\/th>\n<th>M\u00e9retek (mm)<\/th>\n<th>Sapka opci\u00f3k<\/th>\n<th>Testreszabhat\u00f3 funkci\u00f3k<\/th>\n<\/tr>\n<\/thead>\n<tbody>\n<tr>\n<td>PB-FZ0701<\/td>\n<td>30 ml<\/td>\n<td>29x29x94<\/td>\n<td>Arany\/ez\u00fcst<\/td>\n<td>Log\u00f3grav\u00edroz\u00e1s, \u00fcvegfest\u00e9s<\/td>\n<\/tr>\n<tr>\n<td>PB-FZ0702<\/td>\n<td>50 ml<\/td>\n<td>38x38x94<\/td>\n<td>Arany\/ez\u00fcst<\/td>\n<td>Matt fel\u00fcletek, sz\u00edn\u00e1tmenetes sz\u00ednek<\/td>\n<\/tr>\n<tr>\n<td>PB-FZ0703<\/td>\n<td>100 ml<\/td>\n<td>48x48x94<\/td>\n<td>Arany\/ez\u00fcst<\/td>\n<td>Teljes ODM \/ OEM, dekorat\u00edv gall\u00e9rok<\/td>\n<\/tr>\n<\/tbody>\n<\/table>\n<\/div>\n<h2>Mi\u00e9rt v\u00e1lassza az egyedi parf\u00fcm\u00f6s \u00fcvegeket?<\/h2>\n<ul>\n<li>\u200b<strong>Ingyenes mint\u00e1k \u00e9s t\u00f6meges megrendel\u00e9sek<\/strong>: Tesztelje a min\u0151s\u00e9get ingyenes mint\u00e1kkal, \u00e9s m\u00e9retezzen magabiztosan a nagykereskedelmi \u00e1rk\u00e9pz\u00e9ssel.<\/li>\n<li>\u200b<strong>Utaz\u00e1sra k\u00e9sz csomagol\u00e1s<\/strong>: A kompakt 30 ml-es palackok TSA-bar\u00e1tok, m\u00edg a nagyobb m\u00e9retek a kiskereskedelmi kirakatokba illenek.<\/li>\n<li>\u200b<strong>V\u00e9gpontt\u00f3l v\u00e9gpontig megold\u00e1sok<\/strong>: Az egyedi parf\u00fcm\u00f6s \u00fcvegekt\u0151l a m\u00e1rk\u00e1s kieg\u00e9sz\u00edt\u0151kig v\u00e1llaljuk a nyomtat\u00e1st, a grav\u00edroz\u00e1st \u00e9s a t\u00f6meges logisztik\u00e1t.<\/li>\n<\/ul>\n<h2>Emeld magasabb szintre illatm\u00e1rk\u00e1dat m\u00e9g ma!<\/h2>\n<p>Az eleganci\u00e1t \u00e9s funkcionalit\u00e1st el\u0151t\u00e9rbe helyez\u0151 m\u00e1rk\u00e1k sz\u00e1m\u00e1ra tervezett Oval Elegance sorozat egyes\u00edti az \u00fcveg k\u00e9zm\u0171vess\u00e9get a rugalmas m\u00e1rka\u00e9p\u00edt\u00e9si lehet\u0151s\u00e9gekkel. Ak\u00e1r indul\u00f3 v\u00e1llalkoz\u00e1sr\u00f3l, ak\u00e1r befutott luxush\u00e1zr\u00f3l van sz\u00f3, \u00fcveg parf\u00fcm\u00f6s flakonjaink tisztess\u00e9ges min\u0151s\u00e9get \u00e9s kiemelked\u0151 vonzer\u0151t biztos\u00edtanak.<\/p>\n<p><em>Vegye fel vel\u00fcnk a kapcsolatot, ha egyedi k\u00f6lni palackokat szeretne rendelni, vagy ODM\/OEM \u00e1raj\u00e1nlatokat k\u00e9rni. Alak\u00edtsa \u00e1t az \u00fcres tart\u00e1lyokat felejthetetlen illatcsomagol\u00e1ss\u00e1!<\/em><\/p>","protected":false},"excerpt":{"rendered":"<p>T\u0171nj\u00f6n ki a versenyz\u0151 illatszerek piac\u00e1r\u00f3l az Oval Elegance Series-rel - az egyedi k\u00f6lniv\u00edz palackok \u00e9s egyedi grav\u00edrozott parf\u00fcm\u00f6s \u00fcvegek kollekci\u00f3j\u00e1val, amelyeket \u00fagy terveztek, hogy megtestes\u00edts\u00e9k a kifinomults\u00e1got \u00e9s a sokoldal\u00fas\u00e1got.<\/p>","protected":false},"featured_media":2880,"comment_status":"open","ping_status":"closed","template":"","meta":{"_acf_changed":false,"site-sidebar-layout":"default","site-content-layout":"","ast-site-content-layout":"default","site-content-style":"default","site-sidebar-style":"default","ast-global-header-display":"","ast-banner-title-visibility":"","ast-main-header-display":"","ast-hfb-above-header-display":"","ast-hfb-below-header-display":"","ast-hfb-mobile-header-display":"","site-post-title":"","ast-breadcrumbs-content":"","ast-featured-img":"","footer-sml-layout":"","ast-disable-related-posts":"","theme-transparent-header-meta":"default","adv-header-id-meta":"","stick-header-meta":"","header-above-stick-meta":"","header-main-stick-meta":"","header-below-stick-meta":"","astra-migrate-meta-layouts":"set","ast-page-background-enabled":"default","ast-page-background-meta":{"desktop":{"background-color":"var(--ast-global-color-5)","background-image":"","background-repeat":"repeat","background-position":"center center","background-size":"auto","background-attachment":"scroll","background-type":"","background-media":"","overlay-type":"","overlay-color":"","overlay-opacity":"","overlay-gradient":""},"tablet":{"background-color":"","background-image":"","background-repeat":"repeat","background-position":"center center","background-size":"auto","background-attachment":"scroll","background-type":"","background-media":"","overlay-type":"","overlay-color":"","overlay-opacity":"","overlay-gradient":""},"mobile":{"background-color":"","background-image":"","background-repeat":"repeat","background-position":"center center","background-size":"auto","background-attachment":"scroll","background-type":"","background-media":"","overlay-type":"","overlay-color":"","overlay-opacity":"","overlay-gradient":""}},"ast-content-background-meta":{"desktop":{"background-color":"var(--ast-global-color-4)","background-image":"","background-repeat":"repeat","background-position":"center center","background-size":"auto","background-attachment":"scroll","background-type":"","background-media":"","overlay-type":"","overlay-color":"","overlay-opacity":"","overlay-gradient":""},"tablet":{"background-color":"var(--ast-global-color-4)","background-image":"","background-repeat":"repeat","background-position":"center center","background-size":"auto","background-attachment":"scroll","background-type":"","background-media":"","overlay-type":"","overlay-color":"","overlay-opacity":"","overlay-gradient":""},"mobile":{"background-color":"var(--ast-global-color-4)","background-image":"","background-repeat":"repeat","background-position":"center center","background-size":"auto","background-attachment":"scroll","background-type":"","background-media":"","overlay-type":"","overlay-color":"","overlay-opacity":"","overlay-gradient":""}}},"product_brand":[],"product_cat":[72,91,41],"product_tag":[],"class_list":{"0":"post-2878","1":"product","2":"type-product","3":"status-publish","4":"has-post-thumbnail","6":"product_cat-cosmetic-packaging","7":"product_cat-custom-perfume-bottles","8":"product_cat-perfume-bottles","9":"desktop-align-left","10":"tablet-align-left","11":"mobile-align-left","13":"first","14":"instock","15":"shipping-taxable","16":"product-type-simple"},"acf":[],"jetpack_sharing_enabled":true,"_links":{"self":[{"href":"https:\/\/theperfumebottles.com\/hu\/wp-json\/wp\/v2\/product\/2878","targetHints":{"allow":["GET"]}}],"collection":[{"href":"https:\/\/theperfumebottles.com\/hu\/wp-json\/wp\/v2\/product"}],"about":[{"href":"https:\/\/theperfumebottles.com\/hu\/wp-json\/wp\/v2\/types\/product"}],"replies":[{"embeddable":true,"href":"https:\/\/theperfumebottles.com\/hu\/wp-json\/wp\/v2\/comments?post=2878"}],"wp:featuredmedia":[{"embeddable":true,"href":"https:\/\/theperfumebottles.com\/hu\/wp-json\/wp\/v2\/media\/2880"}],"wp:attachment":[{"href":"https:\/\/theperfumebottles.com\/hu\/wp-json\/wp\/v2\/media?parent=2878"}],"wp:term":[{"taxonomy":"product_brand","embeddable":true,"href":"https:\/\/theperfumebottles.com\/hu\/wp-json\/wp\/v2\/product_brand?post=2878"},{"taxonomy":"product_cat","embeddable":true,"href":"https:\/\/theperfumebottles.com\/hu\/wp-json\/wp\/v2\/product_cat?post=2878"},{"taxonomy":"product_tag","embeddable":true,"href":"https:\/\/theperfumebottles.com\/hu\/wp-json\/wp\/v2\/product_tag?post=2878"}],"curies":[{"name":"wp","href":"https:\/\/api.w.org\/{rel}","templated":true}]}}