{"id":2886,"date":"2025-03-25T09:57:46","date_gmt":"2025-03-25T09:57:46","guid":{"rendered":"https:\/\/theperfumebottles.com\/?post_type=product&#038;p=2886"},"modified":"2025-04-18T03:37:48","modified_gmt":"2025-04-18T03:37:48","slug":"small-fragrance-bottles-cologne-spray-bottles","status":"publish","type":"product","link":"https:\/\/theperfumebottles.com\/hu\/termek\/small-fragrance-bottles-cologne-spray-bottles\/","title":{"rendered":"30ml 45ml 50ml 100ml Kis illatos \u00fcvegek fa tetejjel"},"content":{"rendered":"<p>Emelje fel illat\u00e1t, aftershave-j\u00e9t vagy wellness vonal\u00e1t a Natural Essence sorozat - egy minimalista, minimalista\u00a0<em>kis k\u00f6lni spray palackok<\/em>\u00a0\u00e9s\u00a0<em>\u00fcres parf\u00fcm\u00f6s \u00fcvegek<\/em>\u00a0k\u00e9zm\u0171ves m\u00e1rk\u00e1k sz\u00e1m\u00e1ra tervezt\u00e9k. A krist\u00e1lytiszta \u00fcvegb\u0151l k\u00e9sz\u00fclt, k\u00f6rnyezettudatos fa vagy matt fekete tet\u0151vel ell\u00e1tott t\u00e1rol\u00f3k a modern eleganci\u00e1t \u00e9s a praktikus sokoldal\u00fas\u00e1got \u00f6tv\u00f6zik.<\/p>\n<h2>A kis illatos\u00edt\u00f3 palackok legfontosabb specifik\u00e1ci\u00f3i<\/h2>\n<table style=\"border-collapse: collapse; margin-left: auto; margin-right: auto; width: 100%;\" border=\"0\" width=\"100%\" cellspacing=\"0\" cellpadding=\"0\">\n<tbody>\n<tr style=\"height: 10pt;\">\n<td style=\"height: 10pt; width: 87.75pt;\" width=\"117\" height=\"18\">Modell<\/td>\n<td style=\"width: 54.00pt;\" width=\"72\">Kapacit\u00e1s<\/td>\n<td style=\"width: 184.50pt;\" width=\"246\">Specifik\u00e1ci\u00f3<\/td>\n<td style=\"width: 81.00pt;\" width=\"108\">T\u00f6m\u00edt\u00e9s t\u00edpusa<\/td>\n<td class=\"et2\" style=\"width: 262.50pt;\" width=\"350\">Sz\u00edn<\/td>\n<\/tr>\n<tr style=\"height: 40.50pt;\">\n<td style=\"height: 40.50pt;\" height=\"54\">PB-FZ0801<\/td>\n<td>30 ml<\/td>\n<td>35\u00d735\u00d766 mm, 15 mm-es kaliber\u0171<\/td>\n<td>Spay top<\/td>\n<td class=\"et2\" style=\"width: 262.50pt;\" width=\"350\">Vil\u00e1gos \u00fcveg, di\u00f3barna, vil\u00e1gos t\u00f6lgy, matt fekete sapka (testreszabhat\u00f3)<\/td>\n<\/tr>\n<tr style=\"height: 40.50pt;\">\n<td style=\"height: 40.50pt;\" height=\"54\">PB-FZ0802<\/td>\n<td>30 ml<\/td>\n<td>37\u00d737\u00d765 mm, 15 mm kaliber\u0171<\/td>\n<td>Spay top<\/td>\n<td class=\"et2\" style=\"width: 262.50pt;\" width=\"350\">Vil\u00e1gos \u00fcveg, di\u00f3barna, vil\u00e1gos t\u00f6lgy, matt fekete sapka (testreszabhat\u00f3)<\/td>\n<\/tr>\n<tr style=\"height: 40.50pt;\">\n<td style=\"height: 40.50pt;\" height=\"54\">PB-FZ0803<\/td>\n<td>50 ml<\/td>\n<td>32\u00d732\u00d785 mm, 15 mm-es kaliber\u0171<\/td>\n<td>Spay top<\/td>\n<td class=\"et2\" style=\"width: 262.50pt;\" width=\"350\">Vil\u00e1gos \u00fcveg, di\u00f3barna, vil\u00e1gos t\u00f6lgy, matt fekete sapka (testreszabhat\u00f3)<\/td>\n<\/tr>\n<tr style=\"height: 40.50pt;\">\n<td style=\"height: 40.50pt;\" height=\"54\">PB-FZ0804<\/td>\n<td>45ml<\/td>\n<td>37\u00d737\u00d786 mm, 15 mm kaliber\u0171<\/td>\n<td>Spay top<\/td>\n<td class=\"et2\" style=\"width: 262.50pt;\" width=\"350\">Vil\u00e1gos \u00fcveg, di\u00f3barna, vil\u00e1gos t\u00f6lgy, matt fekete sapka (testreszabhat\u00f3)<\/td>\n<\/tr>\n<tr style=\"height: 40.50pt;\">\n<td style=\"height: 40.50pt;\" height=\"54\">PB-FZ0805<\/td>\n<td>100 ml<\/td>\n<td>47\u00d747\u00d7103 mm, 15 mm kaliber\u0171<\/td>\n<td>Spay top<\/td>\n<td class=\"et2\" style=\"width: 262.50pt;\" width=\"350\">Vil\u00e1gos \u00fcveg, di\u00f3barna, vil\u00e1gos t\u00f6lgy, matt fekete sapka (testreszabhat\u00f3)<\/td>\n<\/tr>\n<\/tbody>\n<\/table>\n<h2>F\u00e9lre\u00e9rthetetlen\u00fcl a ti\u00e9d:<\/h2>\n<ul>\n<li>A formabont\u00f3 sapk\u00e1k: vagy \u00fajrahasznos\u00edtott parafa<\/li>\n<li>B\u00f3nusz: Ingyenes mintak\u00e9szletek - mert meg\u00e9rdemli, hogy \u00e9rezze a min\u0151s\u00e9get, miel\u0151tt elk\u00f6telezi mag\u00e1t.<\/li>\n<\/ul>\n<h2>A k\u00f6vetkez\u0151k\u00e9rt:<\/h2>\n<ul>\n<li>A parf\u00fcm alkimist\u00e1k belef\u00e1radtak az \u00e1ltal\u00e1nos \u00fcvegekbe<\/li>\n<li>A nemek k\u00f6z\u00f6tti elmos\u00f3d\u00f3 \u00e1pol\u00e1si m\u00e1rk\u00e1k \u00fajra\u00edrj\u00e1k a szab\u00e1lyokat<\/li>\n<li>Az \u00f6koharcosok ritu\u00e1l\u00e9v\u00e1 v\u00e1ltoztatj\u00e1k az \u00fajrat\u00f6lt\u00e9st<\/li>\n<li>Sz\u00e1llod\u00e1k, amelyek azt akarj\u00e1k, hogy a vend\u00e9gek ellopj\u00e1k a k\u00e9nyelmi szolg\u00e1ltat\u00e1sokat (komolyan, ez el\u0151fordul).<\/li>\n<\/ul>","protected":false},"excerpt":{"rendered":"<p>Emelje fel illat\u00e1t, aftershave-j\u00e9t vagy wellness vonal\u00e1t a Natural Essence sorozat - egy minimalista, minimalista\u00a0<em>kis k\u00f6lni spray palackok<\/em>\u00a0\u00e9s\u00a0<em>\u00fcres parf\u00fcm\u00f6s \u00fcvegek<\/em>\u00a0k\u00e9zm\u0171ves m\u00e1rk\u00e1k sz\u00e1m\u00e1ra tervezt\u00e9k.<\/p>","protected":false},"featured_media":2887,"comment_status":"open","ping_status":"closed","template":"","meta":{"_acf_changed":false,"site-sidebar-layout":"default","site-content-layout":"","ast-site-content-layout":"default","site-content-style":"default","site-sidebar-style":"default","ast-global-header-display":"","ast-banner-title-visibility":"","ast-main-header-display":"","ast-hfb-above-header-display":"","ast-hfb-below-header-display":"","ast-hfb-mobile-header-display":"","site-post-title":"","ast-breadcrumbs-content":"","ast-featured-img":"","footer-sml-layout":"","ast-disable-related-posts":"","theme-transparent-header-meta":"default","adv-header-id-meta":"","stick-header-meta":"","header-above-stick-meta":"","header-main-stick-meta":"","header-below-stick-meta":"","astra-migrate-meta-layouts":"set","ast-page-background-enabled":"default","ast-page-background-meta":{"desktop":{"background-color":"var(--ast-global-color-5)","background-image":"","background-repeat":"repeat","background-position":"center center","background-size":"auto","background-attachment":"scroll","background-type":"","background-media":"","overlay-type":"","overlay-color":"","overlay-opacity":"","overlay-gradient":""},"tablet":{"background-color":"","background-image":"","background-repeat":"repeat","background-position":"center center","background-size":"auto","background-attachment":"scroll","background-type":"","background-media":"","overlay-type":"","overlay-color":"","overlay-opacity":"","overlay-gradient":""},"mobile":{"background-color":"","background-image":"","background-repeat":"repeat","background-position":"center center","background-size":"auto","background-attachment":"scroll","background-type":"","background-media":"","overlay-type":"","overlay-color":"","overlay-opacity":"","overlay-gradient":""}},"ast-content-background-meta":{"desktop":{"background-color":"var(--ast-global-color-4)","background-image":"","background-repeat":"repeat","background-position":"center center","background-size":"auto","background-attachment":"scroll","background-type":"","background-media":"","overlay-type":"","overlay-color":"","overlay-opacity":"","overlay-gradient":""},"tablet":{"background-color":"var(--ast-global-color-4)","background-image":"","background-repeat":"repeat","background-position":"center center","background-size":"auto","background-attachment":"scroll","background-type":"","background-media":"","overlay-type":"","overlay-color":"","overlay-opacity":"","overlay-gradient":""},"mobile":{"background-color":"var(--ast-global-color-4)","background-image":"","background-repeat":"repeat","background-position":"center center","background-size":"auto","background-attachment":"scroll","background-type":"","background-media":"","overlay-type":"","overlay-color":"","overlay-opacity":"","overlay-gradient":""}}},"product_brand":[],"product_cat":[72,91,41],"product_tag":[],"class_list":{"0":"post-2886","1":"product","2":"type-product","3":"status-publish","4":"has-post-thumbnail","6":"product_cat-cosmetic-packaging","7":"product_cat-custom-perfume-bottles","8":"product_cat-perfume-bottles","9":"desktop-align-left","10":"tablet-align-left","11":"mobile-align-left","13":"first","14":"instock","15":"shipping-taxable","16":"product-type-simple"},"acf":[],"jetpack_sharing_enabled":true,"_links":{"self":[{"href":"https:\/\/theperfumebottles.com\/hu\/wp-json\/wp\/v2\/product\/2886","targetHints":{"allow":["GET"]}}],"collection":[{"href":"https:\/\/theperfumebottles.com\/hu\/wp-json\/wp\/v2\/product"}],"about":[{"href":"https:\/\/theperfumebottles.com\/hu\/wp-json\/wp\/v2\/types\/product"}],"replies":[{"embeddable":true,"href":"https:\/\/theperfumebottles.com\/hu\/wp-json\/wp\/v2\/comments?post=2886"}],"wp:featuredmedia":[{"embeddable":true,"href":"https:\/\/theperfumebottles.com\/hu\/wp-json\/wp\/v2\/media\/2887"}],"wp:attachment":[{"href":"https:\/\/theperfumebottles.com\/hu\/wp-json\/wp\/v2\/media?parent=2886"}],"wp:term":[{"taxonomy":"product_brand","embeddable":true,"href":"https:\/\/theperfumebottles.com\/hu\/wp-json\/wp\/v2\/product_brand?post=2886"},{"taxonomy":"product_cat","embeddable":true,"href":"https:\/\/theperfumebottles.com\/hu\/wp-json\/wp\/v2\/product_cat?post=2886"},{"taxonomy":"product_tag","embeddable":true,"href":"https:\/\/theperfumebottles.com\/hu\/wp-json\/wp\/v2\/product_tag?post=2886"}],"curies":[{"name":"wp","href":"https:\/\/api.w.org\/{rel}","templated":true}]}}