{"id":2915,"date":"2025-03-26T09:33:10","date_gmt":"2025-03-26T09:33:10","guid":{"rendered":"https:\/\/theperfumebottles.com\/?post_type=product&#038;p=2915"},"modified":"2025-05-27T15:12:42","modified_gmt":"2025-05-27T07:12:42","slug":"30ml-50ml-most-beautiful-perfume-bottles-with-ball-tops","status":"publish","type":"product","link":"https:\/\/theperfumebottles.com\/hu\/termek\/30ml-50ml-most-beautiful-perfume-bottles-with-ball-tops\/","title":{"rendered":"30ml 50ml Legszebb parf\u00fcm\u00f6s \u00fcvegek g\u00f6mbkupakkal"},"content":{"rendered":"<p>Azon m\u00e1rk\u00e1k \u00e9s keresked\u0151k sz\u00e1m\u00e1ra, akik gy\u00f6ny\u00f6r\u0171 parf\u00fcm\u00f6s \u00fcvegekkel szeretn\u00e9k elb\u0171v\u00f6lni a v\u00e1s\u00e1rl\u00f3kat, a legszebb parf\u00fcm\u00f6s \u00fcvegek sorozatunk (PB-GK0301 \u00e9s PB-GK0302 modellek) egyes\u00edti az eleganci\u00e1t, a tart\u00f3ss\u00e1got \u00e9s a testreszabhat\u00f3s\u00e1got, hogy felemelje az illat, a k\u00f6lni vagy az aftershave term\u00e9kcsal\u00e1dot. Ezek a pr\u00e9mium m\u00e1rka\u00e9p\u00edt\u00e9shez tervezett \u00fcveged\u00e9nyek \u00fagy vannak kialak\u00edtva, hogy p\u00e1ratlan kifinomults\u00e1ggal mutass\u00e1k be illat\u00e1t.<\/p>\n<h2>F\u0151bb jellemz\u0151k \u00e1ttekint\u00e9se<\/h2>\n<div class=\"hyc-common-markdown__table-wrapper\">\n<table>\n<thead>\n<tr>\n<th>\u200b<strong>Modell<\/strong><\/th>\n<th>PB-GK0301<\/th>\n<th>PB-GK0302<\/th>\n<\/tr>\n<\/thead>\n<tbody>\n<tr>\n<td>\u200b<strong>Kapacit\u00e1s<\/strong><\/td>\n<td>50 ml<\/td>\n<td>100 ml<\/td>\n<\/tr>\n<tr>\n<td>\u200b<strong>M\u00e9retek<\/strong><\/td>\n<td>39\u00d749\u00d7119 mm<\/td>\n<td>45\u00d755\u00d7130 mm<\/td>\n<\/tr>\n<tr>\n<td>\u200b<strong>Anyag<\/strong><\/td>\n<td>Krist\u00e1ly\u00fcveg<\/td>\n<td>Krist\u00e1ly\u00fcveg<\/td>\n<\/tr>\n<tr>\n<td>\u200b<strong>Kupak sz\u00ednei<\/strong><\/td>\n<td>K\u00e9k\/Feh\u00e9r\/\u00c1llami<\/td>\n<td>K\u00e9k\/Feh\u00e9r\/\u00c1llami<\/td>\n<\/tr>\n<tr>\n<td>\u200b<strong>T\u00f6m\u00edt\u00e9s t\u00edpusa<\/strong><\/td>\n<td>Spray fels\u0151<\/td>\n<td>Spray fels\u0151<\/td>\n<\/tr>\n<\/tbody>\n<\/table>\n<\/div>\n<h2>Mi\u00e9rt illeszkednek parf\u00fcm\u00f6s palackjaink az \u00d6n m\u00e1rk\u00e1j\u00e1nak c\u00e9ljaihoz?<\/h2>\n<ul>\n<li>\u200b<strong>Egyedi m\u00e1rka\u00e9p\u00edt\u00e9s<\/strong>: Az \u00fcres parf\u00fcm\u00f6s \u00fcvegeket alak\u00edtsa \u00e1t log\u00f3grav\u00edroz\u00e1ssal, egyedi kupaksz\u00ednekkel vagy szem\u00e9lyre szabott c\u00edmk\u00e9z\u00e9ssel.<\/li>\n<li>\u200b<strong>Pr\u00e9mium csomagol\u00e1s<\/strong>: Az \u00fcvegtest \u00e9s a porlaszt\u00f3 kialak\u00edt\u00e1sa a luxus eszt\u00e9tik\u00e1hoz igazodik, ide\u00e1lis a high-end illat-, aftershave- vagy k\u00f6lnivonalakhoz.<\/li>\n<li>\u200b<strong>T\u00f6meges hat\u00e9konys\u00e1g<\/strong>: Megb\u00edzhat\u00f3 gy\u00e1rt\u00f3k\u00e9nt versenyk\u00e9pes \u00f6mlesztett \u00e1rakat \u00e9s biztons\u00e1gos sz\u00e1ll\u00edt\u00e1st k\u00edn\u00e1lunk a nagykeresked\u0151k \u00e9s az indul\u00f3 v\u00e1llalkoz\u00e1sok t\u00e1mogat\u00e1s\u00e1ra.<\/li>\n<\/ul>\n<h2>Ide\u00e1lis:<\/h2>\n<p>\u200b<strong>Luxus m\u00e1rk\u00e1k<\/strong>: Emelje fel a<strong>illat<\/strong>\u00a0vonalban a<strong>eleg\u00e1ns csomagol\u00e1s<\/strong>\u00a0amely pr\u00e9mium min\u0151s\u00e9get t\u00fckr\u00f6z.<br \/>\n<strong>Utaz\u00e1sbar\u00e1t:<\/strong> Az 50 ml-es, gy\u00f6ny\u00f6r\u0171 \u00e9s kompakt flakon k\u00f6nnyen elf\u00e9r a t\u00e1sk\u00e1ban, eleg\u00e1nsan elf\u00e9r \u00fatk\u00f6zben.<br \/>\n\u200b<strong>Saj\u00e1t c\u00edmk\u00e9k<\/strong>: Hozzon l\u00e9tre<strong>egyedi<\/strong>\u00a0m\u00e1rka\u00e9p\u00edt\u00e9s testreszabhat\u00f3<strong>kont\u00e9nerek<\/strong>\u00a0hi\u00e1nyp\u00f3tl\u00f3 piacokra.<\/p>\n<p><strong>Legyen partner vel\u00fcnk m\u00e9g ma<\/strong><br \/>\nT\u0171nj\u00f6n ki a versenyz\u0151 illatszeriparban a k\u00f6vetkez\u0151kkel<strong>gy\u00f6ny\u00f6r\u0171 parf\u00fcm\u00f6s \u00fcvegek<\/strong>\u00a0a leny\u0171g\u00f6z\u00e9sre tervezt\u00e9k. K\u00e9rjen mint\u00e1t vagy besz\u00e9ljen meg nagy t\u00e9telben t\u00f6rt\u00e9n\u0151 megrendel\u00e9seket most, hogy felszabad\u00edtsa m\u00e1rk\u00e1ja potenci\u00e1lj\u00e1t!<\/p>","protected":false},"excerpt":{"rendered":"<p>Fedezze fel a luxus m\u00e1rk\u00e1k legszebb parf\u00fcm\u00f6s \u00fcvegeit. Pr\u00e9mium 50 ml-es \u00e9s 100 ml-es krist\u00e1ly\u00fcveg mint\u00e1k, testreszabhat\u00f3 kupakok \u00e9s \u00f6mlesztett opci\u00f3k.<\/p>","protected":false},"featured_media":2918,"comment_status":"open","ping_status":"closed","template":"","meta":{"_acf_changed":false,"site-sidebar-layout":"default","site-content-layout":"","ast-site-content-layout":"default","site-content-style":"default","site-sidebar-style":"default","ast-global-header-display":"","ast-banner-title-visibility":"","ast-main-header-display":"","ast-hfb-above-header-display":"","ast-hfb-below-header-display":"","ast-hfb-mobile-header-display":"","site-post-title":"","ast-breadcrumbs-content":"","ast-featured-img":"","footer-sml-layout":"","ast-disable-related-posts":"","theme-transparent-header-meta":"default","adv-header-id-meta":"","stick-header-meta":"","header-above-stick-meta":"","header-main-stick-meta":"","header-below-stick-meta":"","astra-migrate-meta-layouts":"set","ast-page-background-enabled":"default","ast-page-background-meta":{"desktop":{"background-color":"var(--ast-global-color-5)","background-image":"","background-repeat":"repeat","background-position":"center center","background-size":"auto","background-attachment":"scroll","background-type":"","background-media":"","overlay-type":"","overlay-color":"","overlay-opacity":"","overlay-gradient":""},"tablet":{"background-color":"","background-image":"","background-repeat":"repeat","background-position":"center center","background-size":"auto","background-attachment":"scroll","background-type":"","background-media":"","overlay-type":"","overlay-color":"","overlay-opacity":"","overlay-gradient":""},"mobile":{"background-color":"","background-image":"","background-repeat":"repeat","background-position":"center center","background-size":"auto","background-attachment":"scroll","background-type":"","background-media":"","overlay-type":"","overlay-color":"","overlay-opacity":"","overlay-gradient":""}},"ast-content-background-meta":{"desktop":{"background-color":"var(--ast-global-color-4)","background-image":"","background-repeat":"repeat","background-position":"center center","background-size":"auto","background-attachment":"scroll","background-type":"","background-media":"","overlay-type":"","overlay-color":"","overlay-opacity":"","overlay-gradient":""},"tablet":{"background-color":"var(--ast-global-color-4)","background-image":"","background-repeat":"repeat","background-position":"center center","background-size":"auto","background-attachment":"scroll","background-type":"","background-media":"","overlay-type":"","overlay-color":"","overlay-opacity":"","overlay-gradient":""},"mobile":{"background-color":"var(--ast-global-color-4)","background-image":"","background-repeat":"repeat","background-position":"center center","background-size":"auto","background-attachment":"scroll","background-type":"","background-media":"","overlay-type":"","overlay-color":"","overlay-opacity":"","overlay-gradient":""}}},"product_brand":[],"product_cat":[72,41],"product_tag":[],"class_list":{"0":"post-2915","1":"product","2":"type-product","3":"status-publish","4":"has-post-thumbnail","6":"product_cat-cosmetic-packaging","7":"product_cat-perfume-bottles","8":"desktop-align-left","9":"tablet-align-left","10":"mobile-align-left","12":"first","13":"instock","14":"shipping-taxable","15":"product-type-simple"},"acf":[],"jetpack_sharing_enabled":true,"_links":{"self":[{"href":"https:\/\/theperfumebottles.com\/hu\/wp-json\/wp\/v2\/product\/2915","targetHints":{"allow":["GET"]}}],"collection":[{"href":"https:\/\/theperfumebottles.com\/hu\/wp-json\/wp\/v2\/product"}],"about":[{"href":"https:\/\/theperfumebottles.com\/hu\/wp-json\/wp\/v2\/types\/product"}],"replies":[{"embeddable":true,"href":"https:\/\/theperfumebottles.com\/hu\/wp-json\/wp\/v2\/comments?post=2915"}],"wp:featuredmedia":[{"embeddable":true,"href":"https:\/\/theperfumebottles.com\/hu\/wp-json\/wp\/v2\/media\/2918"}],"wp:attachment":[{"href":"https:\/\/theperfumebottles.com\/hu\/wp-json\/wp\/v2\/media?parent=2915"}],"wp:term":[{"taxonomy":"product_brand","embeddable":true,"href":"https:\/\/theperfumebottles.com\/hu\/wp-json\/wp\/v2\/product_brand?post=2915"},{"taxonomy":"product_cat","embeddable":true,"href":"https:\/\/theperfumebottles.com\/hu\/wp-json\/wp\/v2\/product_cat?post=2915"},{"taxonomy":"product_tag","embeddable":true,"href":"https:\/\/theperfumebottles.com\/hu\/wp-json\/wp\/v2\/product_tag?post=2915"}],"curies":[{"name":"wp","href":"https:\/\/api.w.org\/{rel}","templated":true}]}}