{"id":2921,"date":"2025-03-27T04:16:02","date_gmt":"2025-03-27T04:16:02","guid":{"rendered":"https:\/\/theperfumebottles.com\/?post_type=product&#038;p=2921"},"modified":"2025-04-18T02:10:27","modified_gmt":"2025-04-18T02:10:27","slug":"best-perfume-bottles-with-orb-tops","status":"publish","type":"product","link":"https:\/\/theperfumebottles.com\/hu\/termek\/best-perfume-bottles-with-orb-tops\/","title":{"rendered":"30ml 50ml 100ml A legjobb krist\u00e1ly parf\u00fcm\u00f6s palackok g\u00f6mbkupakokkal"},"content":{"rendered":"<p>Orb parf\u00fcm\u00f6s \u00fcvegcs\u00e9ink gy\u00f6ny\u00f6r\u0171ek \u00e9s eleg\u00e1nsak, kiv\u00e1l\u00f3 min\u0151s\u00e9g\u0171 krist\u00e1ly\u00fcvegb\u0151l k\u00e9sz\u00fcltek. Egyszerre sz\u00e9pek \u00e9s praktikusak. T\u00f6k\u00e9letesek pr\u00e9mium \u00e9s niche illatokhoz egyar\u00e1nt.<\/p>\n<table style=\"border-collapse: collapse; margin-left: auto; margin-right: auto; width: 202.53pt;\" border=\"0\" width=\"270\" cellspacing=\"0\" cellpadding=\"0\">\n<tbody>\n<tr style=\"height: 15.00pt;\">\n<td style=\"height: 15.00pt; width: 67.50pt;\" width=\"90\" height=\"20\">\n<p><figure id=\"attachment_2923\" aria-describedby=\"caption-attachment-2923\" style=\"width: 300px\" class=\"wp-caption aligncenter\"><img fetchpriority=\"high\" decoding=\"async\" class=\"size-medium wp-image-2923\" src=\"https:\/\/theperfumebottles.com\/wp-content\/uploads\/2025\/03\/best-perfume-bottles-GK0401-300x300.webp\" alt=\"legjobb parf\u00fcm\u00f6s \u00fcvegek\" width=\"300\" height=\"300\" srcset=\"https:\/\/theperfumebottles.com\/wp-content\/uploads\/2025\/03\/best-perfume-bottles-GK0401-300x300.webp 300w, https:\/\/theperfumebottles.com\/wp-content\/uploads\/2025\/03\/best-perfume-bottles-GK0401-150x150.webp 150w, https:\/\/theperfumebottles.com\/wp-content\/uploads\/2025\/03\/best-perfume-bottles-GK0401-768x768.webp 768w, https:\/\/theperfumebottles.com\/wp-content\/uploads\/2025\/03\/best-perfume-bottles-GK0401-12x12.webp 12w, https:\/\/theperfumebottles.com\/wp-content\/uploads\/2025\/03\/best-perfume-bottles-GK0401-600x600.webp 600w, https:\/\/theperfumebottles.com\/wp-content\/uploads\/2025\/03\/best-perfume-bottles-GK0401-100x100.webp 100w, https:\/\/theperfumebottles.com\/wp-content\/uploads\/2025\/03\/best-perfume-bottles-GK0401.webp 1000w\" sizes=\"(max-width: 300px) 100vw, 300px\" \/><figcaption id=\"caption-attachment-2923\" class=\"wp-caption-text\">30 ml<\/figcaption><\/figure><\/td>\n<td style=\"width: 67.50pt;\" width=\"90\">\n<p><figure id=\"attachment_2926\" aria-describedby=\"caption-attachment-2926\" style=\"width: 300px\" class=\"wp-caption aligncenter\"><img decoding=\"async\" class=\"size-medium wp-image-2926\" src=\"https:\/\/theperfumebottles.com\/wp-content\/uploads\/2025\/03\/crystal-perfume-bottles-GK0402-300x300.webp\" alt=\"krist\u00e1ly parf\u00fcm\u00f6s \u00fcvegek\" width=\"300\" height=\"300\" srcset=\"https:\/\/theperfumebottles.com\/wp-content\/uploads\/2025\/03\/crystal-perfume-bottles-GK0402-300x300.webp 300w, https:\/\/theperfumebottles.com\/wp-content\/uploads\/2025\/03\/crystal-perfume-bottles-GK0402-150x150.webp 150w, https:\/\/theperfumebottles.com\/wp-content\/uploads\/2025\/03\/crystal-perfume-bottles-GK0402-768x768.webp 768w, https:\/\/theperfumebottles.com\/wp-content\/uploads\/2025\/03\/crystal-perfume-bottles-GK0402-12x12.webp 12w, https:\/\/theperfumebottles.com\/wp-content\/uploads\/2025\/03\/crystal-perfume-bottles-GK0402-600x600.webp 600w, https:\/\/theperfumebottles.com\/wp-content\/uploads\/2025\/03\/crystal-perfume-bottles-GK0402-100x100.webp 100w, https:\/\/theperfumebottles.com\/wp-content\/uploads\/2025\/03\/crystal-perfume-bottles-GK0402.webp 1024w\" sizes=\"(max-width: 300px) 100vw, 300px\" \/><figcaption id=\"caption-attachment-2926\" class=\"wp-caption-text\">50 ml<\/figcaption><\/figure><\/td>\n<td style=\"width: 67.50pt;\" width=\"90\">\n<p><figure id=\"attachment_2927\" aria-describedby=\"caption-attachment-2927\" style=\"width: 300px\" class=\"wp-caption aligncenter\"><img decoding=\"async\" class=\"size-medium wp-image-2927\" src=\"https:\/\/theperfumebottles.com\/wp-content\/uploads\/2025\/03\/crystal-perfume-bottles-GK0403-300x300.webp\" alt=\"krist\u00e1ly parf\u00fcm\u00f6s \u00fcvegek\" width=\"300\" height=\"300\" srcset=\"https:\/\/theperfumebottles.com\/wp-content\/uploads\/2025\/03\/crystal-perfume-bottles-GK0403-300x300.webp 300w, https:\/\/theperfumebottles.com\/wp-content\/uploads\/2025\/03\/crystal-perfume-bottles-GK0403-150x150.webp 150w, https:\/\/theperfumebottles.com\/wp-content\/uploads\/2025\/03\/crystal-perfume-bottles-GK0403-768x768.webp 768w, https:\/\/theperfumebottles.com\/wp-content\/uploads\/2025\/03\/crystal-perfume-bottles-GK0403-12x12.webp 12w, https:\/\/theperfumebottles.com\/wp-content\/uploads\/2025\/03\/crystal-perfume-bottles-GK0403-600x600.webp 600w, https:\/\/theperfumebottles.com\/wp-content\/uploads\/2025\/03\/crystal-perfume-bottles-GK0403-100x100.webp 100w, https:\/\/theperfumebottles.com\/wp-content\/uploads\/2025\/03\/crystal-perfume-bottles-GK0403.webp 1024w\" sizes=\"(max-width: 300px) 100vw, 300px\" \/><figcaption id=\"caption-attachment-2927\" class=\"wp-caption-text\">100 ml<\/figcaption><\/figure><\/td>\n<\/tr>\n<\/tbody>\n<\/table>\n<h2>F\u0151bb specifik\u00e1ci\u00f3k<\/h2>\n<div class=\"hyc-common-markdown__table-wrapper\">\n<table>\n<thead>\n<tr>\n<th>Modell<\/th>\n<th>Kapacit\u00e1s<\/th>\n<th>M\u00e9retek (H*D)<\/th>\n<th>Sapka opci\u00f3k<\/th>\n<th>T\u00f6m\u00edt\u00e9s t\u00edpusa<\/th>\n<\/tr>\n<\/thead>\n<tbody>\n<tr>\n<td>PB-GK0401<\/td>\n<td>30 ml<\/td>\n<td>42 * 73 mm<\/td>\n<td>Arany\/ez\u00fcst\/fekete<\/td>\n<td>Spray fels\u0151<\/td>\n<\/tr>\n<tr>\n<td>PB-GK0402<\/td>\n<td>50 ml<\/td>\n<td>45 * 88 mm<\/td>\n<td>Arany\/ez\u00fcst\/fekete<\/td>\n<td>Spray fels\u0151<\/td>\n<\/tr>\n<tr>\n<td>PB-GK0403<\/td>\n<td>100 ml<\/td>\n<td>56 * 101 mm<\/td>\n<td>Arany\/ez\u00fcst\/fekete<\/td>\n<td>Spray fels\u0151<\/td>\n<\/tr>\n<\/tbody>\n<\/table>\n<\/div>\n<h2>Testreszab\u00e1s: Egyed\u00fcl\u00e1ll\u00f3an a ti\u00e9d<\/h2>\n<p>Az Orb sorozat \u00fcres parf\u00fcm\u00f6s flakonjait olyan m\u00e1rk\u00e1k sz\u00e1m\u00e1ra tervezt\u00e9k, amelyek egyedi, az identit\u00e1sukhoz illeszked\u0151 csomagol\u00e1st keresnek:<\/p>\n<ul>\n<li>\u200b<strong>Sapka testreszab\u00e1sa<\/strong>: V\u00e1lassza ki a fel\u00fcleteket (matt, f\u00e9mes, matt) \u00e9s az anyagokat (gyanta, alum\u00ednium).<\/li>\n<li>\u200b<strong>Palack felsz\u00edne<\/strong>: V\u00e1laszthat UV-bevonatot, gradiens hat\u00e1st vagy teljes \u00e1tl\u00e1tsz\u00f3s\u00e1got.<\/li>\n<li>\u200b<strong>M\u00e1rka\u00e9p\u00edt\u00e9s<\/strong>: Log\u00f3k hozz\u00e1ad\u00e1sa forr\u00f3 b\u00e9lyegz\u00e9ssel, szitanyom\u00e1ssal vagy grav\u00edroz\u00e1ssal.<\/li>\n<li>\u200b<strong>Sz\u00ednegyeztet\u00e9s<\/strong>: Szabja a palackot \u00e9s a kupakot a m\u00e1rka palett\u00e1j\u00e1hoz.<\/li>\n<\/ul>\n<hr \/>\n<h2>Mi\u00e9rt v\u00e1lassza az Orb sorozatot?<\/h2>\n<p>Ezek a krist\u00e1ly parf\u00fcm\u00f6s \u00fcvegek t\u00f6bb mint \u00fcres sz\u00f3r\u00f3flakonok - strat\u00e9giai befektet\u00e9s a m\u00e1rka pr\u00e9mium im\u00e1zs\u00e1ba. Ide\u00e1lis<strong>t\u00f6meges<\/strong>\u00a0megrendel\u00e9sek, az Orb sorozat a k\u00f6vetkez\u0151ket k\u00edn\u00e1lja:<\/p>\n<ul>\n<li>\u200b<strong>Luxus vonzereje<\/strong>: A vastag \u00fcveg \u00e9s a g\u00f6mb alak\u00fa kupak kialak\u00edt\u00e1sa a versenypiacon is figyelemfelkelt\u0151.<\/li>\n<li>\u200b<strong>Tart\u00f3ss\u00e1g<\/strong>: A krist\u00e1ly\u00fcveg ellen\u00e1ll a karcol\u00e1soknak \u00e9s id\u0151vel meg\u0151rzi a tisztas\u00e1got.<\/li>\n<li>\u200b<strong>Rugalmass\u00e1g<\/strong>: A kerek parf\u00fcm\u00f6s \u00fcveg form\u00e1j\u00e1t, nyak\u00e1t vagy alj\u00e1t igaz\u00edtsa eszt\u00e9tikai ig\u00e9nyeihez.<\/li>\n<\/ul>\n<h3><strong>A kiv\u00e1l\u00f3s\u00e1got ig\u00e9nyl\u0151 m\u00e1rk\u00e1k sz\u00e1m\u00e1ra<\/strong><\/h3>\n<p>Legyen sz\u00f3 ak\u00e1r hi\u00e1nyp\u00f3tl\u00f3 parf\u00fcmgy\u00e1rt\u00f3r\u00f3l, ak\u00e1r glob\u00e1lis luxush\u00e1zr\u00f3l, az Orb sorozat\u00fa parf\u00fcm\u00f6s \u00fcvegek eleganci\u00e1t \u00e9s funkcionalit\u00e1st biztos\u00edtanak. Ezek a tart\u00e1lyok t\u00f6k\u00e9letesen alkalmasak cs\u00facskateg\u00f3ri\u00e1s illatszerek, k\u00f6lnik vagy b\u0151r\u00e1pol\u00f3 olajok m\u00e1rk\u00e1z\u00e1s\u00e1ra, \u00e9s a mindennapi csomagol\u00e1st t\u00f6rt\u00e9netmes\u00e9l\u0151 eszk\u00f6zz\u00e9 alak\u00edtj\u00e1k.<\/p>\n<p><strong>Rendeljen ma \u00f6mlesztve<\/strong>\u00a0\u00e9s hagyja, hogy illata a piacon kaphat\u00f3 legjobb parf\u00fcm\u00f6s \u00fcvegek seg\u00edts\u00e9g\u00e9vel ragyogjon.<\/p>","protected":false},"excerpt":{"rendered":"<p>Fedezze fel a legjobb parf\u00fcm\u00f6s \u00fcvegeket - kerek krist\u00e1lyos formatervez\u00e9s\u0171, g\u00f6mb alak\u00fa kupakokkal. Testreszabhat\u00f3 luxus \u00fcveged\u00e9nyek m\u00e1rka\u00e9p\u00edt\u00e9shez \u00e9s nagy t\u00e9telben t\u00f6rt\u00e9n\u0151 megrendel\u00e9shez.<\/p>","protected":false},"featured_media":2926,"comment_status":"open","ping_status":"closed","template":"","meta":{"_acf_changed":false,"site-sidebar-layout":"default","site-content-layout":"","ast-site-content-layout":"default","site-content-style":"default","site-sidebar-style":"default","ast-global-header-display":"","ast-banner-title-visibility":"","ast-main-header-display":"","ast-hfb-above-header-display":"","ast-hfb-below-header-display":"","ast-hfb-mobile-header-display":"","site-post-title":"","ast-breadcrumbs-content":"","ast-featured-img":"","footer-sml-layout":"","ast-disable-related-posts":"","theme-transparent-header-meta":"default","adv-header-id-meta":"","stick-header-meta":"","header-above-stick-meta":"","header-main-stick-meta":"","header-below-stick-meta":"","astra-migrate-meta-layouts":"set","ast-page-background-enabled":"default","ast-page-background-meta":{"desktop":{"background-color":"var(--ast-global-color-5)","background-image":"","background-repeat":"repeat","background-position":"center center","background-size":"auto","background-attachment":"scroll","background-type":"","background-media":"","overlay-type":"","overlay-color":"","overlay-opacity":"","overlay-gradient":""},"tablet":{"background-color":"","background-image":"","background-repeat":"repeat","background-position":"center center","background-size":"auto","background-attachment":"scroll","background-type":"","background-media":"","overlay-type":"","overlay-color":"","overlay-opacity":"","overlay-gradient":""},"mobile":{"background-color":"","background-image":"","background-repeat":"repeat","background-position":"center center","background-size":"auto","background-attachment":"scroll","background-type":"","background-media":"","overlay-type":"","overlay-color":"","overlay-opacity":"","overlay-gradient":""}},"ast-content-background-meta":{"desktop":{"background-color":"var(--ast-global-color-4)","background-image":"","background-repeat":"repeat","background-position":"center center","background-size":"auto","background-attachment":"scroll","background-type":"","background-media":"","overlay-type":"","overlay-color":"","overlay-opacity":"","overlay-gradient":""},"tablet":{"background-color":"var(--ast-global-color-4)","background-image":"","background-repeat":"repeat","background-position":"center center","background-size":"auto","background-attachment":"scroll","background-type":"","background-media":"","overlay-type":"","overlay-color":"","overlay-opacity":"","overlay-gradient":""},"mobile":{"background-color":"var(--ast-global-color-4)","background-image":"","background-repeat":"repeat","background-position":"center center","background-size":"auto","background-attachment":"scroll","background-type":"","background-media":"","overlay-type":"","overlay-color":"","overlay-opacity":"","overlay-gradient":""}}},"product_brand":[],"product_cat":[41,72,91],"product_tag":[],"class_list":{"0":"post-2921","1":"product","2":"type-product","3":"status-publish","4":"has-post-thumbnail","6":"product_cat-perfume-bottles","7":"product_cat-cosmetic-packaging","8":"product_cat-custom-perfume-bottles","9":"desktop-align-left","10":"tablet-align-left","11":"mobile-align-left","13":"first","14":"instock","15":"shipping-taxable","16":"product-type-simple"},"acf":[],"jetpack_sharing_enabled":true,"_links":{"self":[{"href":"https:\/\/theperfumebottles.com\/hu\/wp-json\/wp\/v2\/product\/2921","targetHints":{"allow":["GET"]}}],"collection":[{"href":"https:\/\/theperfumebottles.com\/hu\/wp-json\/wp\/v2\/product"}],"about":[{"href":"https:\/\/theperfumebottles.com\/hu\/wp-json\/wp\/v2\/types\/product"}],"replies":[{"embeddable":true,"href":"https:\/\/theperfumebottles.com\/hu\/wp-json\/wp\/v2\/comments?post=2921"}],"wp:featuredmedia":[{"embeddable":true,"href":"https:\/\/theperfumebottles.com\/hu\/wp-json\/wp\/v2\/media\/2926"}],"wp:attachment":[{"href":"https:\/\/theperfumebottles.com\/hu\/wp-json\/wp\/v2\/media?parent=2921"}],"wp:term":[{"taxonomy":"product_brand","embeddable":true,"href":"https:\/\/theperfumebottles.com\/hu\/wp-json\/wp\/v2\/product_brand?post=2921"},{"taxonomy":"product_cat","embeddable":true,"href":"https:\/\/theperfumebottles.com\/hu\/wp-json\/wp\/v2\/product_cat?post=2921"},{"taxonomy":"product_tag","embeddable":true,"href":"https:\/\/theperfumebottles.com\/hu\/wp-json\/wp\/v2\/product_tag?post=2921"}],"curies":[{"name":"wp","href":"https:\/\/api.w.org\/{rel}","templated":true}]}}