{"id":2943,"date":"2025-04-01T07:30:00","date_gmt":"2025-04-01T07:30:00","guid":{"rendered":"https:\/\/theperfumebottles.com\/?post_type=product&#038;p=2943"},"modified":"2025-04-18T01:46:50","modified_gmt":"2025-04-18T01:46:50","slug":"30ml-50ml-100ml-perfume-empty-spray-bottles-with-spherical-caps","status":"publish","type":"product","link":"https:\/\/theperfumebottles.com\/hu\/termek\/30ml-50ml-100ml-perfume-empty-spray-bottles-with-spherical-caps\/","title":{"rendered":"30ml 50ml 100ml parf\u00fcm\u00f6s \u00fcres sz\u00f3r\u00f3fejes palackok g\u00f6mb alak\u00fa kupakkal"},"content":{"rendered":"<p>A GK07 parf\u00fcm\u00f6s palack sorozatunk egyszerre m\u0171v\u00e9szi \u00e9s praktikus, alkalmas k\u00fcl\u00f6nb\u00f6z\u0151 m\u00e1rk\u00e1khoz, \u00e9s a testreszab\u00e1si lehet\u0151s\u00e9gek n\u00f6velik a m\u00e1rka var\u00e1zs\u00e1t.<\/p>\n<h2>F\u0151bb specifik\u00e1ci\u00f3k<\/h2>\n<div class=\"hyc-common-markdown__table-wrapper\">\n<table>\n<thead>\n<tr>\n<th>Modell<\/th>\n<th>Kapacit\u00e1s<\/th>\n<th>M\u00e9retek (H*S)<\/th>\n<th>Sapka sz\u00ednbe\u00e1ll\u00edt\u00e1sai<\/th>\n<th>Testreszabhat\u00f3 funkci\u00f3k<\/th>\n<\/tr>\n<\/thead>\n<tbody>\n<tr>\n<td>PB-GK0701<\/td>\n<td>30 ml<\/td>\n<td>38 * 89 mm<\/td>\n<td>Feh\u00e9r\/fekete\/k\u00e9k<\/td>\n<td>Piros, lila, z\u00f6ld stb.<\/td>\n<\/tr>\n<tr>\n<td>PB-GK0702<\/td>\n<td>50 ml<\/td>\n<td>42 * 98 mm<\/td>\n<td>Feh\u00e9r\/fekete\/k\u00e9k<\/td>\n<td>Grav\u00edrozott log\u00f3k, gradiens \u00fcveg<\/td>\n<\/tr>\n<tr>\n<td>PB-GK0703<\/td>\n<td>100 ml<\/td>\n<td>48 * 130 mm<\/td>\n<td>Feh\u00e9r\/fekete\/k\u00e9k<\/td>\n<td>Fagyott text\u00fara, m\u00e1rv\u00e1ny hat\u00e1s<\/td>\n<\/tr>\n<\/tbody>\n<\/table>\n<\/div>\n<p><em>Minden modell csavaros z\u00e1r\u00f3d\u00e1s\u00fa, 15 mm-es kaliber\u0171 \u00e9s kerek \u00fcvegform\u00e1j\u00fa.<\/em><\/p>\n<h2>Testreszab\u00e1s az egyedi m\u00e1rka\u00e9p\u00edt\u00e9shez<\/h2>\n<p>Alak\u00edtsd \u00e1t az \u00fcres parf\u00fcm\u00f6s \u00fcvegeket mes\u00e9l\u0151 mesterm\u0171vekk\u00e9:<\/p>\n<ul>\n<li>\u200b<strong>Grav\u00edrozott r\u00e9szletek<\/strong>: L\u00e9zergrav\u00edrozott log\u00f3kkal vagy mint\u00e1kkal tart\u00f3sabb\u00e1 tehet\u0151.<\/li>\n<li>\u200b<strong>Sz\u00ednes rugalmass\u00e1g<\/strong>: V\u00e1lasszon egy mer\u00e9sz n\u0151i parf\u00fcm\u00f6s \u00fcveget vagy finom, m\u00e1zas kiviteleket.<\/li>\n<li>\u200b<strong>T\u00f6meges csomagol\u00e1si megold\u00e1sok<\/strong>: Ide\u00e1lis olyan m\u00e1rk\u00e1k sz\u00e1m\u00e1ra, amelyeknek egys\u00e9ges, nagy mennyis\u00e9g\u0171 t\u00e1rol\u00f3ed\u00e9nyre van sz\u00fcks\u00e9g\u00fck.<\/li>\n<\/ul>\n<h2>Mi\u00e9rt v\u00e1lassza ezeket a parf\u00fcm\u00f6s \u00fcvegeket?<\/h2>\n<p>A luxusm\u00e1rk\u00e1k \u00e9s a saj\u00e1t m\u00e1rk\u00e1s gy\u00e1rt\u00f3k sz\u00e1m\u00e1ra tervezett porlaszt\u00f3flakonok egyes\u00edtik az eleganci\u00e1t a praktikummal. A krist\u00e1lytiszta \u00fcveg \u00e9s a g\u00f6mb alak\u00fa tetej\u0171 kialak\u00edt\u00e1s felemeli a dobozol\u00e1s \u00e9lm\u00e9ny\u00e9t, m\u00edg a testreszab\u00e1si lehet\u0151s\u00e9gek (grav\u00edroz\u00e1s, gradiens hat\u00e1sok) biztos\u00edtj\u00e1k, hogy az illata kiemelkedjen.<\/p>\n<p><strong>Ide\u00e1lis<\/strong>:<\/p>\n<ul>\n<li>High-end parf\u00fcm m\u00e1rk\u00e1k<\/li>\n<li>5 \u043c\u043b<\/li>\n<li>Egyedi aj\u00e1nd\u00e9kcsomagok vagy limit\u00e1lt kiad\u00e1sok<\/li>\n<\/ul>\n<p><strong>T\u00f6meges megrendel\u00e9sek \u00e9s OEM t\u00e1mogat\u00e1s<\/strong>: Megb\u00edzhat\u00f3 \u00fcvegcsomagol\u00e1s-gy\u00e1rt\u00f3k\u00e9nt versenyk\u00e9pes \u00f6mlesztett \u00e1rakat \u00e9s szem\u00e9lyre szabott m\u00e1rka\u00e9p\u00edt\u00e9si megold\u00e1sokat k\u00edn\u00e1lunk. Hagyja, hogy az illata olyan \u00fcvegekben ragyogjon, amelyek megtestes\u00edtik az eleganci\u00e1t - l\u00e9pjen kapcsolatba vel\u00fcnk, hogy m\u00e9g ma elk\u00e9sz\u00edts\u00fck a parf\u00fcm\u00f6kre jellemz\u0151 \u00fcres sz\u00f3r\u00f3fejes \u00fcvegeket.<\/p>","protected":false},"excerpt":{"rendered":"<p>Emelje fel illatm\u00e1rk\u00e1j\u00e1t egyedi n\u0151i parf\u00fcm\u00f6s flakonokkal \u00e9s pr\u00e9mium \u00fcres sz\u00f3r\u00f3fejes flakonokkal. T\u00f6meges rendel\u00e9sek, krist\u00e1ly\u00fcveg, grav\u00edrozott mint\u00e1k el\u00e9rhet\u0151ek.<\/p>","protected":false},"featured_media":2945,"comment_status":"open","ping_status":"closed","template":"","meta":{"_acf_changed":false,"site-sidebar-layout":"default","site-content-layout":"","ast-site-content-layout":"default","site-content-style":"default","site-sidebar-style":"default","ast-global-header-display":"","ast-banner-title-visibility":"","ast-main-header-display":"","ast-hfb-above-header-display":"","ast-hfb-below-header-display":"","ast-hfb-mobile-header-display":"","site-post-title":"","ast-breadcrumbs-content":"","ast-featured-img":"","footer-sml-layout":"","ast-disable-related-posts":"","theme-transparent-header-meta":"default","adv-header-id-meta":"","stick-header-meta":"","header-above-stick-meta":"","header-main-stick-meta":"","header-below-stick-meta":"","astra-migrate-meta-layouts":"set","ast-page-background-enabled":"default","ast-page-background-meta":{"desktop":{"background-color":"var(--ast-global-color-5)","background-image":"","background-repeat":"repeat","background-position":"center center","background-size":"auto","background-attachment":"scroll","background-type":"","background-media":"","overlay-type":"","overlay-color":"","overlay-opacity":"","overlay-gradient":""},"tablet":{"background-color":"","background-image":"","background-repeat":"repeat","background-position":"center center","background-size":"auto","background-attachment":"scroll","background-type":"","background-media":"","overlay-type":"","overlay-color":"","overlay-opacity":"","overlay-gradient":""},"mobile":{"background-color":"","background-image":"","background-repeat":"repeat","background-position":"center center","background-size":"auto","background-attachment":"scroll","background-type":"","background-media":"","overlay-type":"","overlay-color":"","overlay-opacity":"","overlay-gradient":""}},"ast-content-background-meta":{"desktop":{"background-color":"var(--ast-global-color-4)","background-image":"","background-repeat":"repeat","background-position":"center center","background-size":"auto","background-attachment":"scroll","background-type":"","background-media":"","overlay-type":"","overlay-color":"","overlay-opacity":"","overlay-gradient":""},"tablet":{"background-color":"var(--ast-global-color-4)","background-image":"","background-repeat":"repeat","background-position":"center center","background-size":"auto","background-attachment":"scroll","background-type":"","background-media":"","overlay-type":"","overlay-color":"","overlay-opacity":"","overlay-gradient":""},"mobile":{"background-color":"var(--ast-global-color-4)","background-image":"","background-repeat":"repeat","background-position":"center center","background-size":"auto","background-attachment":"scroll","background-type":"","background-media":"","overlay-type":"","overlay-color":"","overlay-opacity":"","overlay-gradient":""}}},"product_brand":[],"product_cat":[72,91,41],"product_tag":[],"class_list":{"0":"post-2943","1":"product","2":"type-product","3":"status-publish","4":"has-post-thumbnail","6":"product_cat-cosmetic-packaging","7":"product_cat-custom-perfume-bottles","8":"product_cat-perfume-bottles","9":"desktop-align-left","10":"tablet-align-left","11":"mobile-align-left","13":"first","14":"instock","15":"shipping-taxable","16":"product-type-simple"},"acf":[],"jetpack_sharing_enabled":true,"_links":{"self":[{"href":"https:\/\/theperfumebottles.com\/hu\/wp-json\/wp\/v2\/product\/2943","targetHints":{"allow":["GET"]}}],"collection":[{"href":"https:\/\/theperfumebottles.com\/hu\/wp-json\/wp\/v2\/product"}],"about":[{"href":"https:\/\/theperfumebottles.com\/hu\/wp-json\/wp\/v2\/types\/product"}],"replies":[{"embeddable":true,"href":"https:\/\/theperfumebottles.com\/hu\/wp-json\/wp\/v2\/comments?post=2943"}],"wp:featuredmedia":[{"embeddable":true,"href":"https:\/\/theperfumebottles.com\/hu\/wp-json\/wp\/v2\/media\/2945"}],"wp:attachment":[{"href":"https:\/\/theperfumebottles.com\/hu\/wp-json\/wp\/v2\/media?parent=2943"}],"wp:term":[{"taxonomy":"product_brand","embeddable":true,"href":"https:\/\/theperfumebottles.com\/hu\/wp-json\/wp\/v2\/product_brand?post=2943"},{"taxonomy":"product_cat","embeddable":true,"href":"https:\/\/theperfumebottles.com\/hu\/wp-json\/wp\/v2\/product_cat?post=2943"},{"taxonomy":"product_tag","embeddable":true,"href":"https:\/\/theperfumebottles.com\/hu\/wp-json\/wp\/v2\/product_tag?post=2943"}],"curies":[{"name":"wp","href":"https:\/\/api.w.org\/{rel}","templated":true}]}}