{"id":2950,"date":"2025-04-02T06:01:53","date_gmt":"2025-04-02T06:01:53","guid":{"rendered":"https:\/\/theperfumebottles.com\/?post_type=product&#038;p=2950"},"modified":"2025-05-29T09:58:38","modified_gmt":"2025-05-29T01:58:38","slug":"30ml-50ml-100ml-unique-perfume-bottles-with-mountain-base","status":"publish","type":"product","link":"https:\/\/theperfumebottles.com\/hu\/termek\/30ml-50ml-100ml-unique-perfume-bottles-with-mountain-base\/","title":{"rendered":"30ml 50ml 100ml egyedi parf\u00fcm\u00f6s palackok hegyi talppal"},"content":{"rendered":"<p>M\u00e1rk\u00e1k \u00e9s nagykeresked\u0151k sz\u00e1m\u00e1ra, akik egyedi, a m\u0171v\u00e9szi megjelen\u00e9st a praktikummal \u00f6tv\u00f6z\u0151 parf\u00fcm\u00f6s \u00fcvegek nagykereskedelmi csomagol\u00e1s\u00e1t keresik, Mountain Base parf\u00fcm\u00f6s \u00fcveg kollekci\u00f3nk \u00fajra\u00e9rtelmezi az eleganci\u00e1t. A pr\u00e9mium k\u00f6lni- \u00e9s illatcsal\u00e1dokhoz k\u00e9sz\u00fclt \u00fcres \u00fcveg parf\u00fcm\u00f6s \u00fcvegek p\u00e1ratlan sokoldal\u00fas\u00e1got k\u00edn\u00e1lnak a m\u00e1rka\u00e9p\u00edt\u00e9s \u00e9s a t\u00f6meges testreszab\u00e1s ter\u00e9n.<\/p>\n<table style=\"border-collapse: collapse;margin-left: auto;margin-right: auto;width: 202.53pt\" border=\"0\" width=\"270\" cellspacing=\"0\" cellpadding=\"0\">\n<tbody>\n<tr style=\"height: 15.00pt\">\n<td style=\"height: 15.00pt;width: 67.50pt\" width=\"90\" height=\"20\">\n<p><figure id=\"attachment_2955\" aria-describedby=\"caption-attachment-2955\" style=\"width: 300px\" class=\"wp-caption aligncenter\"><img fetchpriority=\"high\" decoding=\"async\" class=\"size-medium wp-image-2955\" src=\"https:\/\/theperfumebottles.com\/wp-content\/uploads\/2025\/04\/unique-perfume-bottles-wholesale-HS0101-300x300.webp\" alt=\"egyedi parf\u00fcm\u00f6s \u00fcvegek\" width=\"300\" height=\"300\" srcset=\"https:\/\/theperfumebottles.com\/wp-content\/uploads\/2025\/04\/unique-perfume-bottles-wholesale-HS0101-300x300.webp 300w, https:\/\/theperfumebottles.com\/wp-content\/uploads\/2025\/04\/unique-perfume-bottles-wholesale-HS0101-150x150.webp 150w, https:\/\/theperfumebottles.com\/wp-content\/uploads\/2025\/04\/unique-perfume-bottles-wholesale-HS0101-768x768.webp 768w, https:\/\/theperfumebottles.com\/wp-content\/uploads\/2025\/04\/unique-perfume-bottles-wholesale-HS0101-12x12.webp 12w, https:\/\/theperfumebottles.com\/wp-content\/uploads\/2025\/04\/unique-perfume-bottles-wholesale-HS0101-600x600.webp 600w, https:\/\/theperfumebottles.com\/wp-content\/uploads\/2025\/04\/unique-perfume-bottles-wholesale-HS0101-100x100.webp 100w, https:\/\/theperfumebottles.com\/wp-content\/uploads\/2025\/04\/unique-perfume-bottles-wholesale-HS0101.webp 1024w\" sizes=\"(max-width: 300px) 100vw, 300px\" \/><figcaption id=\"caption-attachment-2955\" class=\"wp-caption-text\">30 ml<\/figcaption><\/figure><\/td>\n<td style=\"width: 67.50pt\" width=\"90\">\n<p><figure id=\"attachment_2956\" aria-describedby=\"caption-attachment-2956\" style=\"width: 300px\" class=\"wp-caption aligncenter\"><img decoding=\"async\" class=\"size-medium wp-image-2956\" src=\"https:\/\/theperfumebottles.com\/wp-content\/uploads\/2025\/04\/unique-perfume-bottles-wholesale-HS0102-300x300.webp\" alt=\"egyedi parf\u00fcm\u00f6s \u00fcvegek nagykereskedelemben\" width=\"300\" height=\"300\" srcset=\"https:\/\/theperfumebottles.com\/wp-content\/uploads\/2025\/04\/unique-perfume-bottles-wholesale-HS0102-300x300.webp 300w, https:\/\/theperfumebottles.com\/wp-content\/uploads\/2025\/04\/unique-perfume-bottles-wholesale-HS0102-150x150.webp 150w, https:\/\/theperfumebottles.com\/wp-content\/uploads\/2025\/04\/unique-perfume-bottles-wholesale-HS0102-768x768.webp 768w, https:\/\/theperfumebottles.com\/wp-content\/uploads\/2025\/04\/unique-perfume-bottles-wholesale-HS0102-12x12.webp 12w, https:\/\/theperfumebottles.com\/wp-content\/uploads\/2025\/04\/unique-perfume-bottles-wholesale-HS0102-600x600.webp 600w, https:\/\/theperfumebottles.com\/wp-content\/uploads\/2025\/04\/unique-perfume-bottles-wholesale-HS0102-100x100.webp 100w, https:\/\/theperfumebottles.com\/wp-content\/uploads\/2025\/04\/unique-perfume-bottles-wholesale-HS0102.webp 1024w\" sizes=\"(max-width: 300px) 100vw, 300px\" \/><figcaption id=\"caption-attachment-2956\" class=\"wp-caption-text\">50 ml<\/figcaption><\/figure><\/td>\n<td style=\"width: 67.50pt\" width=\"90\">\n<p><figure id=\"attachment_2951\" aria-describedby=\"caption-attachment-2951\" style=\"width: 300px\" class=\"wp-caption aligncenter\"><img decoding=\"async\" class=\"size-medium wp-image-2951\" src=\"https:\/\/theperfumebottles.com\/wp-content\/uploads\/2025\/04\/unique-perfume-bottles-wholesale-HS0103-300x300.webp\" alt=\"egyedi parf\u00fcm\u00f6s \u00fcvegek nagykereskedelemben\" width=\"300\" height=\"300\" srcset=\"https:\/\/theperfumebottles.com\/wp-content\/uploads\/2025\/04\/unique-perfume-bottles-wholesale-HS0103-300x300.webp 300w, https:\/\/theperfumebottles.com\/wp-content\/uploads\/2025\/04\/unique-perfume-bottles-wholesale-HS0103-150x150.webp 150w, https:\/\/theperfumebottles.com\/wp-content\/uploads\/2025\/04\/unique-perfume-bottles-wholesale-HS0103-768x768.webp 768w, https:\/\/theperfumebottles.com\/wp-content\/uploads\/2025\/04\/unique-perfume-bottles-wholesale-HS0103-12x12.webp 12w, https:\/\/theperfumebottles.com\/wp-content\/uploads\/2025\/04\/unique-perfume-bottles-wholesale-HS0103-600x600.webp 600w, https:\/\/theperfumebottles.com\/wp-content\/uploads\/2025\/04\/unique-perfume-bottles-wholesale-HS0103-100x100.webp 100w, https:\/\/theperfumebottles.com\/wp-content\/uploads\/2025\/04\/unique-perfume-bottles-wholesale-HS0103.webp 1024w\" sizes=\"(max-width: 300px) 100vw, 300px\" \/><figcaption id=\"caption-attachment-2951\" class=\"wp-caption-text\">100 ml<\/figcaption><\/figure><\/td>\n<\/tr>\n<\/tbody>\n<\/table>\n<h2>F\u0151bb specifik\u00e1ci\u00f3k nagykereskedelmi v\u00e1s\u00e1rl\u00f3k sz\u00e1m\u00e1ra<\/h2>\n<div class=\"hyc-common-markdown__table-wrapper\">\n<table>\n<thead>\n<tr>\n<th>Modell<\/th>\n<th>Kapacit\u00e1s<\/th>\n<th>M\u00e9retek (M*\u00d8)<\/th>\n<th>Kaliber<\/th>\n<th>\u00dcveg alak<\/th>\n<\/tr>\n<\/thead>\n<tbody>\n<tr>\n<td>PB-HS0101<\/td>\n<td>30 ml<\/td>\n<td>45 * 73 mm<\/td>\n<td>15 mm<\/td>\n<td>Kerek hegyi talppal<\/td>\n<\/tr>\n<tr>\n<td>PB-HS0102<\/td>\n<td>50 ml<\/td>\n<td>51 * 80 mm<\/td>\n<td>15 mm<\/td>\n<td>Kerek hegyi talppal<\/td>\n<\/tr>\n<tr>\n<td>PB-HS0103<\/td>\n<td>100 ml<\/td>\n<td>59 * 94 mm<\/td>\n<td>15 mm<\/td>\n<td>Kerek hegyi talppal<\/td>\n<\/tr>\n<\/tbody>\n<\/table>\n<\/div>\n<h2>Mi\u00e9rt pont ezt a palackot v\u00e1laszd m\u00e1rkav\u00e1laszt\u00e1sodnak?<\/h2>\n<h3>M\u00e1rk\u00e1knak:<\/h3>\n<ol>\n<li>Emeld magasabb szintre a luxust eleganci\u00e1ra \u00e9p\u00fcl\u0151 formatervez\u00e9ssel.<\/li>\n<li>\u00dcres \u00fcvegek, amelyek k\u00e9szen \u00e1llnak egyedi grav\u00edroz\u00e1sra, matt fel\u00fcletekre vagy sz\u00ednes \u00fcvegre.<\/li>\n<li>Kompatibilis sz\u00f3r\u00f3fejes porlaszt\u00f3kkal vagy cseppent\u0151s dug\u00f3kkal a k\u00fcl\u00f6nf\u00e9le illatform\u00e1tumok el\u00e9r\u00e9s\u00e9hez.<\/li>\n<\/ol>\n<h3>Nagykereskedelmi partnerek sz\u00e1m\u00e1ra:<\/h3>\n<ol>\n<li>K\u00f6lts\u00e9ghat\u00e9kony, egyedi parf\u00fcm\u00f6s \u00fcvegek nagykereskedelmi forgalmaz\u00e1sa nagy t\u00e9telben.<\/li>\n<li>A tart\u00f3s \u00fcvegtart\u00e1lyok biztons\u00e1gos glob\u00e1lis sz\u00e1ll\u00edt\u00e1st biztos\u00edtanak.<\/li>\n<li>Egyszer\u0171s\u00edtett testreszab\u00e1s t\u00f6bb m\u00e1rka kiszolg\u00e1l\u00e1s\u00e1ra egyetlen megrendel\u00e9sen bel\u00fcl.<\/li>\n<\/ol>\n<h3>Testreszab\u00e1si lehet\u0151s\u00e9gek:<\/h3>\n<ul>\n<li><strong>\u00dcveg fel\u00fclet:<\/strong> \u00c1tl\u00e1tsz\u00f3, matt vagy \u00e1tmenetes \u00e1rnyalatok.<\/li>\n<li><strong>Palackkupak kialak\u00edt\u00e1sa:<\/strong> A m\u00e1rka st\u00edlus \u00e9s min\u0151s\u00e9g ir\u00e1nti sokr\u00e9t\u0171 ig\u00e9nyeinek kiel\u00e9g\u00edt\u00e9s\u00e9re matt fekete csavaros kupak (visszafogott elegancia), f\u00e9m d\u00edsz\u00edt\u00e9s\u0171 kupak (kiv\u00e1l\u00f3 f\u00e9nyess\u00e9g) vagy k\u00f6rnyezetbar\u00e1t faerezetes kupak (term\u00e9szetes text\u00fara) kaphat\u00f3.<\/li>\n<li><strong>M\u00e1rkanyomat:<\/strong> t\u00e1mogatja a l\u00e9zergrav\u00edroz\u00e1st (finom \u00e9s tart\u00f3s), szitanyom\u00e1st (\u00e9l\u00e9nk sz\u00ednek) vagy dombornyomott log\u00f3t (h\u00e1romdimenzi\u00f3s text\u00fara), lehet\u0151v\u00e9 t\u00e9ve a m\u00e1rka szimb\u00f3lum\u00e1nak a legmozg\u00e9konyabb p\u00f3zban t\u00f6rt\u00e9n\u0151 bemutat\u00e1s\u00e1t.<\/li>\n<\/ul>\n<p>Opcion\u00e1lis fels\u0151k:<\/p>\n<p><img loading=\"lazy\" decoding=\"async\" class=\"size-medium wp-image-2961 aligncenter\" src=\"https:\/\/theperfumebottles.com\/wp-content\/uploads\/2025\/04\/perfume-bottle-tops-3-300x164.webp\" alt=\"parf\u00fcm\u00f6s \u00fcveg kupakok\" width=\"300\" height=\"164\" srcset=\"https:\/\/theperfumebottles.com\/wp-content\/uploads\/2025\/04\/perfume-bottle-tops-3-300x164.webp 300w, https:\/\/theperfumebottles.com\/wp-content\/uploads\/2025\/04\/perfume-bottle-tops-3-18x10.webp 18w, https:\/\/theperfumebottles.com\/wp-content\/uploads\/2025\/04\/perfume-bottle-tops-3-600x329.webp 600w, https:\/\/theperfumebottles.com\/wp-content\/uploads\/2025\/04\/perfume-bottle-tops-3.webp 750w\" sizes=\"(max-width: 300px) 100vw, 300px\" \/><br \/>\n<img loading=\"lazy\" decoding=\"async\" class=\"size-medium wp-image-2960 aligncenter\" src=\"https:\/\/theperfumebottles.com\/wp-content\/uploads\/2025\/04\/perfume-bottle-tops-2-300x145.webp\" alt=\"parf\u00fcm\u00f6s \u00fcveg kupakok\" width=\"300\" height=\"145\" srcset=\"https:\/\/theperfumebottles.com\/wp-content\/uploads\/2025\/04\/perfume-bottle-tops-2-300x145.webp 300w, https:\/\/theperfumebottles.com\/wp-content\/uploads\/2025\/04\/perfume-bottle-tops-2-18x9.webp 18w, https:\/\/theperfumebottles.com\/wp-content\/uploads\/2025\/04\/perfume-bottle-tops-2-600x290.webp 600w, https:\/\/theperfumebottles.com\/wp-content\/uploads\/2025\/04\/perfume-bottle-tops-2.webp 750w\" sizes=\"(max-width: 300px) 100vw, 300px\" \/><br \/>\n<img loading=\"lazy\" decoding=\"async\" class=\"size-medium wp-image-2959 aligncenter\" src=\"https:\/\/theperfumebottles.com\/wp-content\/uploads\/2025\/04\/perfume-bottle-tops-1-300x224.webp\" alt=\"parf\u00fcm\u00f6s \u00fcveg kupakok\" width=\"300\" height=\"224\" srcset=\"https:\/\/theperfumebottles.com\/wp-content\/uploads\/2025\/04\/perfume-bottle-tops-1-300x224.webp 300w, https:\/\/theperfumebottles.com\/wp-content\/uploads\/2025\/04\/perfume-bottle-tops-1-16x12.webp 16w, https:\/\/theperfumebottles.com\/wp-content\/uploads\/2025\/04\/perfume-bottle-tops-1-600x447.webp 600w, https:\/\/theperfumebottles.com\/wp-content\/uploads\/2025\/04\/perfume-bottle-tops-1.webp 746w\" sizes=\"(max-width: 300px) 100vw, 300px\" \/><\/p>\n<h2>Rendelj m\u00e9g ma \u00e9s alak\u00edtsd \u00e1t illatkollekci\u00f3dat!<\/h2>\n<p>Ak\u00e1r niche parf\u00fcm\u0151r vagy, ak\u00e1r glob\u00e1lis m\u00e1rk\u00e1kat besz\u00e1ll\u00edt\u00f3 gy\u00e1rt\u00f3, Mountain Base kollekci\u00f3nk egyedi, mag\u00e1val ragad\u00f3 parf\u00fcmcsomagol\u00e1st k\u00edn\u00e1l. K\u00e9rj mint\u00e1kat, vagy \u00e9rdekl\u0151dj a nagykereskedelmi \u00e1rakr\u00f3l, hogy felejthetetlen kicsomagol\u00e1si \u00e9lm\u00e9nyeket teremthess.<\/p>","protected":false},"excerpt":{"rendered":"<p>Fedezzen fel gy\u00f6ny\u00f6r\u0171, egyedi parf\u00fcm\u00f6s \u00fcvegeket nagykereskedelemben, hegyvid\u00e9ki talppal d\u00edsz\u00edtve. Emelje magasabb szintre m\u00e1rk\u00e1j\u00e1t egyedi krist\u00e1ly\u00fcveg csomagol\u00e1sokkal luxus illatokhoz.<\/p>","protected":false},"featured_media":2956,"comment_status":"open","ping_status":"closed","template":"","meta":{"_acf_changed":false,"site-sidebar-layout":"default","site-content-layout":"","ast-site-content-layout":"default","site-content-style":"default","site-sidebar-style":"default","ast-global-header-display":"","ast-banner-title-visibility":"","ast-main-header-display":"","ast-hfb-above-header-display":"","ast-hfb-below-header-display":"","ast-hfb-mobile-header-display":"","site-post-title":"","ast-breadcrumbs-content":"","ast-featured-img":"","footer-sml-layout":"","ast-disable-related-posts":"","theme-transparent-header-meta":"default","adv-header-id-meta":"","stick-header-meta":"","header-above-stick-meta":"","header-main-stick-meta":"","header-below-stick-meta":"","astra-migrate-meta-layouts":"set","ast-page-background-enabled":"default","ast-page-background-meta":{"desktop":{"background-color":"var(--ast-global-color-5)","background-image":"","background-repeat":"repeat","background-position":"center center","background-size":"auto","background-attachment":"scroll","background-type":"","background-media":"","overlay-type":"","overlay-color":"","overlay-opacity":"","overlay-gradient":""},"tablet":{"background-color":"","background-image":"","background-repeat":"repeat","background-position":"center center","background-size":"auto","background-attachment":"scroll","background-type":"","background-media":"","overlay-type":"","overlay-color":"","overlay-opacity":"","overlay-gradient":""},"mobile":{"background-color":"","background-image":"","background-repeat":"repeat","background-position":"center center","background-size":"auto","background-attachment":"scroll","background-type":"","background-media":"","overlay-type":"","overlay-color":"","overlay-opacity":"","overlay-gradient":""}},"ast-content-background-meta":{"desktop":{"background-color":"var(--ast-global-color-4)","background-image":"","background-repeat":"repeat","background-position":"center center","background-size":"auto","background-attachment":"scroll","background-type":"","background-media":"","overlay-type":"","overlay-color":"","overlay-opacity":"","overlay-gradient":""},"tablet":{"background-color":"var(--ast-global-color-4)","background-image":"","background-repeat":"repeat","background-position":"center center","background-size":"auto","background-attachment":"scroll","background-type":"","background-media":"","overlay-type":"","overlay-color":"","overlay-opacity":"","overlay-gradient":""},"mobile":{"background-color":"var(--ast-global-color-4)","background-image":"","background-repeat":"repeat","background-position":"center center","background-size":"auto","background-attachment":"scroll","background-type":"","background-media":"","overlay-type":"","overlay-color":"","overlay-opacity":"","overlay-gradient":""}}},"product_brand":[],"product_cat":[41,72],"product_tag":[],"class_list":{"0":"post-2950","1":"product","2":"type-product","3":"status-publish","4":"has-post-thumbnail","6":"product_cat-perfume-bottles","7":"product_cat-cosmetic-packaging","8":"desktop-align-left","9":"tablet-align-left","10":"mobile-align-left","12":"first","13":"instock","14":"shipping-taxable","15":"product-type-simple"},"acf":[],"jetpack_sharing_enabled":true,"_links":{"self":[{"href":"https:\/\/theperfumebottles.com\/hu\/wp-json\/wp\/v2\/product\/2950","targetHints":{"allow":["GET"]}}],"collection":[{"href":"https:\/\/theperfumebottles.com\/hu\/wp-json\/wp\/v2\/product"}],"about":[{"href":"https:\/\/theperfumebottles.com\/hu\/wp-json\/wp\/v2\/types\/product"}],"replies":[{"embeddable":true,"href":"https:\/\/theperfumebottles.com\/hu\/wp-json\/wp\/v2\/comments?post=2950"}],"wp:featuredmedia":[{"embeddable":true,"href":"https:\/\/theperfumebottles.com\/hu\/wp-json\/wp\/v2\/media\/2956"}],"wp:attachment":[{"href":"https:\/\/theperfumebottles.com\/hu\/wp-json\/wp\/v2\/media?parent=2950"}],"wp:term":[{"taxonomy":"product_brand","embeddable":true,"href":"https:\/\/theperfumebottles.com\/hu\/wp-json\/wp\/v2\/product_brand?post=2950"},{"taxonomy":"product_cat","embeddable":true,"href":"https:\/\/theperfumebottles.com\/hu\/wp-json\/wp\/v2\/product_cat?post=2950"},{"taxonomy":"product_tag","embeddable":true,"href":"https:\/\/theperfumebottles.com\/hu\/wp-json\/wp\/v2\/product_tag?post=2950"}],"curies":[{"name":"wp","href":"https:\/\/api.w.org\/{rel}","templated":true}]}}