{"id":2963,"date":"2025-04-03T06:36:47","date_gmt":"2025-04-03T06:36:47","guid":{"rendered":"https:\/\/theperfumebottles.com\/?post_type=product&#038;p=2963"},"modified":"2025-05-30T10:52:58","modified_gmt":"2025-05-30T02:52:58","slug":"empty-refillable-perfume-bottles-leakproof-glass-perfume-refillable-bottles","status":"publish","type":"product","link":"https:\/\/theperfumebottles.com\/hu\/termek\/empty-refillable-perfume-bottles-leakproof-glass-perfume-refillable-bottles\/","title":{"rendered":"2ml 3ml 5ml 10ml \u00dcres, \u00fajrat\u00f6lthet\u0151 \u00fcveg parf\u00fcm\u00f6s palackok"},"content":{"rendered":"<p>Eleg\u00e1ns, praktikus \u00e9s k\u00f6rnyezetbar\u00e1t, \u00fajrat\u00f6lthet\u0151 flakonokat k\u00e9sz\u00edt\u00fcnk a fenntarthat\u00f3s\u00e1g ir\u00e1nt elk\u00f6telezett m\u00e1rk\u00e1k sz\u00e1m\u00e1ra. Ak\u00e1r utaz\u00f3m\u00e9retr\u0151l, pr\u00f3bam\u00e9retr\u0151l vagy k\u00f6z\u00f6s m\u00e1rk\u00e1j\u00fa v\u00e1ltozatr\u00f3l van sz\u00f3, ez az \u00fcveg parf\u00fcm\u00f6s flakon ragyog\u00f3v\u00e1 teszi illat\u00e1t, mik\u00f6zben v\u00e9di a bolyg\u00f3t.<\/p>\n<h2>M\u0171szaki adatok<\/h2>\n<div class=\"hyc-common-markdown__table-wrapper\">\n<table>\n<thead>\n<tr>\n<th>Kapacit\u00e1s<\/th>\n<th>Palack magass\u00e1ga<\/th>\n<th>Bels\u0151 \u00e1tm\u00e9r\u0151<\/th>\n<th>Csomagol\u00e1si mennyis\u00e9g<\/th>\n<th>Kartondoboz m\u00e9rete (cm)<\/th>\n<\/tr>\n<\/thead>\n<tbody>\n<tr>\n<td>2 ml<\/td>\n<td>30 mm<\/td>\n<td>6,5 mm<\/td>\n<td>4,830<\/td>\n<td>45,5x29x29<\/td>\n<\/tr>\n<tr>\n<td>3 ml<\/td>\n<td>40 mm<\/td>\n<td>6,5 mm<\/td>\n<td>3,450<\/td>\n<td>45,5x29x29<\/td>\n<\/tr>\n<tr>\n<td>5 ml<\/td>\n<td>55 mm<\/td>\n<td>6,5 mm<\/td>\n<td>2,760<\/td>\n<td>45,5x29x29<\/td>\n<\/tr>\n<tr>\n<td>10 ml<\/td>\n<td>100 mm<\/td>\n<td>6,5 mm<\/td>\n<td>2,277<\/td>\n<td>49x30x33,5<\/td>\n<\/tr>\n<\/tbody>\n<\/table>\n<\/div>\n<h2>Mi\u00e9rt v\u00e1lassza \u00fcveg parf\u00fcm\u00f6s ut\u00e1nt\u00f6lthet\u0151 palackjainkat?<\/h2>\n<ul>\n<li><strong>Egy \u00fcveg t\u00f6bbc\u00e9l\u00fa felhaszn\u00e1l\u00e1sra:<\/strong> parf\u00fcm\u00f6t\/k\u00f6lnit\/ill\u00f3olajat is k\u00e9pes t\u00e1rolni.<\/li>\n<li><strong>K\u00f6rnyezetbar\u00e1t \u00e9s k\u00f6lts\u00e9ghat\u00e9kony:<\/strong> K\u00f6rnyezetbar\u00e1t k\u00f6nyvel\u00e9s: az \u00fajrafelhaszn\u00e1l\u00e1s 300%-kal cs\u00f6kkenti a csomagol\u00e1si hullad\u00e9kot.<\/li>\n<li><strong>\u00dczleti el\u0151ny:<\/strong> Nagykereskedelmi \u00e1r + biztons\u00e1gos sz\u00e1ll\u00edt\u00e1s vil\u00e1gszerte, vigy\u00e1zzon minden rendel\u00e9s\u00e9re, mint egy m\u0171alkot\u00e1sra.<\/li>\n<\/ul>\n<h2>Testreszab\u00e1s \u00e9s t\u00f6meges rendel\u00e9s el\u0151nyei<\/h2>\n<ul>\n<li><strong>Testreszab\u00e1si lehet\u0151s\u00e9gek:<\/strong> a szitanyom\u00e1s finom text\u00far\u00e1ja, a l\u00e9zergrav\u00edroz\u00e1s kifinomult kivitelez\u00e9se vagy a matric\u00e1k kreat\u00edv kreativit\u00e1sa.<\/li>\n<li><strong>Nagyobb \u00e1r-\u00e9rt\u00e9k ar\u00e1ny\u00fa t\u00f6meges rendel\u00e9s:<\/strong> nagy volumen\u0171 egy\u00fcttm\u0171k\u00f6d\u00e9s, jobb \u00e1rak \u2013 minden befektet\u00e9s m\u00e1rka\u00e9rt\u00e9k-ugr\u00e1ss\u00e1 v\u00e1ljon<\/li>\n<li><strong>Glob\u00e1lis sz\u00e1ll\u00edt\u00e1s:<\/strong> Biztons\u00e1gos, sziv\u00e1rg\u00e1smentes csomagol\u00e1s a biztons\u00e1gos sz\u00e1ll\u00edt\u00e1s \u00e9rdek\u00e9ben.<\/li>\n<\/ul>\n<p>Megb\u00edzhat\u00f3 gy\u00e1rt\u00f3t keres? L\u00e9pjen kapcsolatba vel\u00fcnk, hogy az \u00d6n m\u00e1rk\u00e1j\u00e1ra szabott, \u00fcres, \u00fajrat\u00f6lthet\u0151 parf\u00fcm\u00f6s \u00fcvegeket rendelhessen!<\/p>","protected":false},"excerpt":{"rendered":"<p>Fedezze fel a pr\u00e9mium, \u00fcres, \u00fajrat\u00f6lthet\u0151 parf\u00fcm\u00f6s \u00fcvegeket utaz\u00e1sbar\u00e1t \u00e9s nagy t\u00e9telben t\u00f6rt\u00e9n\u0151 rendel\u00e9sekhez. Egyedi \u00fcvegb\u0151l k\u00e9sz\u00fclt, \u00fajrat\u00f6lthet\u0151 parf\u00fcm\u00f6s \u00fcvegek sziv\u00e1rg\u00e1smentes kialak\u00edt\u00e1ssal.<\/p>","protected":false},"featured_media":2966,"comment_status":"open","ping_status":"closed","template":"","meta":{"_acf_changed":false,"site-sidebar-layout":"default","site-content-layout":"","ast-site-content-layout":"default","site-content-style":"default","site-sidebar-style":"default","ast-global-header-display":"","ast-banner-title-visibility":"","ast-main-header-display":"","ast-hfb-above-header-display":"","ast-hfb-below-header-display":"","ast-hfb-mobile-header-display":"","site-post-title":"","ast-breadcrumbs-content":"","ast-featured-img":"","footer-sml-layout":"","ast-disable-related-posts":"","theme-transparent-header-meta":"default","adv-header-id-meta":"","stick-header-meta":"","header-above-stick-meta":"","header-main-stick-meta":"","header-below-stick-meta":"","astra-migrate-meta-layouts":"set","ast-page-background-enabled":"default","ast-page-background-meta":{"desktop":{"background-color":"var(--ast-global-color-5)","background-image":"","background-repeat":"repeat","background-position":"center center","background-size":"auto","background-attachment":"scroll","background-type":"","background-media":"","overlay-type":"","overlay-color":"","overlay-opacity":"","overlay-gradient":""},"tablet":{"background-color":"","background-image":"","background-repeat":"repeat","background-position":"center center","background-size":"auto","background-attachment":"scroll","background-type":"","background-media":"","overlay-type":"","overlay-color":"","overlay-opacity":"","overlay-gradient":""},"mobile":{"background-color":"","background-image":"","background-repeat":"repeat","background-position":"center center","background-size":"auto","background-attachment":"scroll","background-type":"","background-media":"","overlay-type":"","overlay-color":"","overlay-opacity":"","overlay-gradient":""}},"ast-content-background-meta":{"desktop":{"background-color":"var(--ast-global-color-4)","background-image":"","background-repeat":"repeat","background-position":"center center","background-size":"auto","background-attachment":"scroll","background-type":"","background-media":"","overlay-type":"","overlay-color":"","overlay-opacity":"","overlay-gradient":""},"tablet":{"background-color":"var(--ast-global-color-4)","background-image":"","background-repeat":"repeat","background-position":"center center","background-size":"auto","background-attachment":"scroll","background-type":"","background-media":"","overlay-type":"","overlay-color":"","overlay-opacity":"","overlay-gradient":""},"mobile":{"background-color":"var(--ast-global-color-4)","background-image":"","background-repeat":"repeat","background-position":"center center","background-size":"auto","background-attachment":"scroll","background-type":"","background-media":"","overlay-type":"","overlay-color":"","overlay-opacity":"","overlay-gradient":""}}},"product_brand":[],"product_cat":[72,91,74,41,90],"product_tag":[],"class_list":{"0":"post-2963","1":"product","2":"type-product","3":"status-publish","4":"has-post-thumbnail","6":"product_cat-cosmetic-packaging","7":"product_cat-custom-perfume-bottles","8":"product_cat-mini-perfume-bottles","9":"product_cat-perfume-bottles","10":"product_cat-refillable-perfume-bottles","11":"desktop-align-left","12":"tablet-align-left","13":"mobile-align-left","15":"first","16":"instock","17":"shipping-taxable","18":"product-type-simple"},"acf":[],"jetpack_sharing_enabled":true,"_links":{"self":[{"href":"https:\/\/theperfumebottles.com\/hu\/wp-json\/wp\/v2\/product\/2963","targetHints":{"allow":["GET"]}}],"collection":[{"href":"https:\/\/theperfumebottles.com\/hu\/wp-json\/wp\/v2\/product"}],"about":[{"href":"https:\/\/theperfumebottles.com\/hu\/wp-json\/wp\/v2\/types\/product"}],"replies":[{"embeddable":true,"href":"https:\/\/theperfumebottles.com\/hu\/wp-json\/wp\/v2\/comments?post=2963"}],"wp:featuredmedia":[{"embeddable":true,"href":"https:\/\/theperfumebottles.com\/hu\/wp-json\/wp\/v2\/media\/2966"}],"wp:attachment":[{"href":"https:\/\/theperfumebottles.com\/hu\/wp-json\/wp\/v2\/media?parent=2963"}],"wp:term":[{"taxonomy":"product_brand","embeddable":true,"href":"https:\/\/theperfumebottles.com\/hu\/wp-json\/wp\/v2\/product_brand?post=2963"},{"taxonomy":"product_cat","embeddable":true,"href":"https:\/\/theperfumebottles.com\/hu\/wp-json\/wp\/v2\/product_cat?post=2963"},{"taxonomy":"product_tag","embeddable":true,"href":"https:\/\/theperfumebottles.com\/hu\/wp-json\/wp\/v2\/product_tag?post=2963"}],"curies":[{"name":"wp","href":"https:\/\/api.w.org\/{rel}","templated":true}]}}