{"id":2976,"date":"2025-04-07T08:03:03","date_gmt":"2025-04-07T08:03:03","guid":{"rendered":"https:\/\/theperfumebottles.com\/?post_type=product&#038;p=2976"},"modified":"2025-04-07T08:03:05","modified_gmt":"2025-04-07T08:03:05","slug":"30ml-50ml-100ml-green-perfume-bottles-for-men-ladies","status":"publish","type":"product","link":"https:\/\/theperfumebottles.com\/hu\/termek\/30ml-50ml-100ml-green-perfume-bottles-for-men-ladies\/","title":{"rendered":"30ml 50ml 100ml z\u00f6ld parf\u00fcm\u00f6s \u00fcvegek f\u00e9rfiaknak \u00e9s h\u00f6lgyeknek"},"content":{"rendered":"<p>Emeld \u00faj szintre illatkollekci\u00f3dat f\u00e9rfi k\u00f6lni z\u00f6ld \u00fcveg\u00fcnkkel \u00e9s n\u0151i parf\u00fcm z\u00f6ld \u00fcveg\u00fcnkkel, melyeket a luxus \u00e9s a sokoldal\u00fas\u00e1g jegy\u00e9ben alkottunk. Krist\u00e1ly\u00fcveggel \u00e9s jellegzetes z\u00f6ld hegyi talppal tervezett \u00fcvegek, melyek \u00f6tv\u00f6zik a m\u0171v\u00e9szi megjelen\u00e9st a funkcionalit\u00e1ssal \u2013 t\u00f6k\u00e9letesek egyedi parf\u00fcmcsomagol\u00e1sokhoz.<\/p>\n<table style=\"border-collapse: collapse; margin-left: auto; margin-right: auto; width: 162.03pt;\" border=\"0\" width=\"216\" cellspacing=\"0\" cellpadding=\"0\">\n<tbody>\n<tr style=\"height: 13.50pt;\">\n<td style=\"height: 13.50pt; width: 54.00pt;\" width=\"72\" height=\"18\">\n<p><figure id=\"attachment_2977\" aria-describedby=\"caption-attachment-2977\" style=\"width: 300px\" class=\"wp-caption aligncenter\"><img fetchpriority=\"high\" decoding=\"async\" class=\"size-medium wp-image-2977\" src=\"https:\/\/theperfumebottles.com\/wp-content\/uploads\/2025\/04\/mens-cologne-green-bottle-HS0301-300x300.webp\" alt=\"f\u00e9rfi k\u00f6lni z\u00f6ld \u00fcveg\" width=\"300\" height=\"300\" srcset=\"https:\/\/theperfumebottles.com\/wp-content\/uploads\/2025\/04\/mens-cologne-green-bottle-HS0301-300x300.webp 300w, https:\/\/theperfumebottles.com\/wp-content\/uploads\/2025\/04\/mens-cologne-green-bottle-HS0301-150x150.webp 150w, https:\/\/theperfumebottles.com\/wp-content\/uploads\/2025\/04\/mens-cologne-green-bottle-HS0301-768x768.webp 768w, https:\/\/theperfumebottles.com\/wp-content\/uploads\/2025\/04\/mens-cologne-green-bottle-HS0301-12x12.webp 12w, https:\/\/theperfumebottles.com\/wp-content\/uploads\/2025\/04\/mens-cologne-green-bottle-HS0301-600x600.webp 600w, https:\/\/theperfumebottles.com\/wp-content\/uploads\/2025\/04\/mens-cologne-green-bottle-HS0301-100x100.webp 100w, https:\/\/theperfumebottles.com\/wp-content\/uploads\/2025\/04\/mens-cologne-green-bottle-HS0301.webp 1024w\" sizes=\"(max-width: 300px) 100vw, 300px\" \/><figcaption id=\"caption-attachment-2977\" class=\"wp-caption-text\">30 ml HS0301<\/figcaption><\/figure><\/td>\n<td style=\"width: 54.00pt;\" width=\"72\">\n<p><figure id=\"attachment_2980\" aria-describedby=\"caption-attachment-2980\" style=\"width: 300px\" class=\"wp-caption alignnone\"><img decoding=\"async\" class=\"size-medium wp-image-2980\" src=\"https:\/\/theperfumebottles.com\/wp-content\/uploads\/2025\/04\/green-perfume-bottle-for-ladies-HS0302-300x300.webp\" alt=\"z\u00f6ld parf\u00fcm\u00f6s \u00fcveg h\u00f6lgyeknek\" width=\"300\" height=\"300\" srcset=\"https:\/\/theperfumebottles.com\/wp-content\/uploads\/2025\/04\/green-perfume-bottle-for-ladies-HS0302-300x300.webp 300w, https:\/\/theperfumebottles.com\/wp-content\/uploads\/2025\/04\/green-perfume-bottle-for-ladies-HS0302-150x150.webp 150w, https:\/\/theperfumebottles.com\/wp-content\/uploads\/2025\/04\/green-perfume-bottle-for-ladies-HS0302-768x768.webp 768w, https:\/\/theperfumebottles.com\/wp-content\/uploads\/2025\/04\/green-perfume-bottle-for-ladies-HS0302-12x12.webp 12w, https:\/\/theperfumebottles.com\/wp-content\/uploads\/2025\/04\/green-perfume-bottle-for-ladies-HS0302-600x600.webp 600w, https:\/\/theperfumebottles.com\/wp-content\/uploads\/2025\/04\/green-perfume-bottle-for-ladies-HS0302-100x100.webp 100w, https:\/\/theperfumebottles.com\/wp-content\/uploads\/2025\/04\/green-perfume-bottle-for-ladies-HS0302.webp 1024w\" sizes=\"(max-width: 300px) 100vw, 300px\" \/><figcaption id=\"caption-attachment-2980\" class=\"wp-caption-text\">50 ml HS0302<\/figcaption><\/figure><\/td>\n<td style=\"width: 54.00pt;\" width=\"72\">\n<p><figure id=\"attachment_2978\" aria-describedby=\"caption-attachment-2978\" style=\"width: 300px\" class=\"wp-caption aligncenter\"><img decoding=\"async\" class=\"size-medium wp-image-2978\" src=\"https:\/\/theperfumebottles.com\/wp-content\/uploads\/2025\/04\/green-bottle-cologne-mens-HS0303-300x300.webp\" alt=\"z\u00f6ld \u00fcveg\u0171 k\u00f6lni f\u00e9rfi\" width=\"300\" height=\"300\" srcset=\"https:\/\/theperfumebottles.com\/wp-content\/uploads\/2025\/04\/green-bottle-cologne-mens-HS0303-300x300.webp 300w, https:\/\/theperfumebottles.com\/wp-content\/uploads\/2025\/04\/green-bottle-cologne-mens-HS0303-150x150.webp 150w, https:\/\/theperfumebottles.com\/wp-content\/uploads\/2025\/04\/green-bottle-cologne-mens-HS0303-768x768.webp 768w, https:\/\/theperfumebottles.com\/wp-content\/uploads\/2025\/04\/green-bottle-cologne-mens-HS0303-12x12.webp 12w, https:\/\/theperfumebottles.com\/wp-content\/uploads\/2025\/04\/green-bottle-cologne-mens-HS0303-600x600.webp 600w, https:\/\/theperfumebottles.com\/wp-content\/uploads\/2025\/04\/green-bottle-cologne-mens-HS0303-100x100.webp 100w, https:\/\/theperfumebottles.com\/wp-content\/uploads\/2025\/04\/green-bottle-cologne-mens-HS0303.webp 1024w\" sizes=\"(max-width: 300px) 100vw, 300px\" \/><figcaption id=\"caption-attachment-2978\" class=\"wp-caption-text\">100 ml HS0303<\/figcaption><\/figure><\/td>\n<\/tr>\n<\/tbody>\n<\/table>\n<h2>M\u0171szaki adatok<\/h2>\n<div class=\"hyc-common-markdown__table-wrapper\">\n<table>\n<thead>\n<tr>\n<th>Modell<\/th>\n<th>Kapacit\u00e1s<\/th>\n<th>M\u00e9ret (mm)<\/th>\n<th>Anyag<\/th>\n<th>Haszn\u00e1lati eset<\/th>\n<\/tr>\n<\/thead>\n<tbody>\n<tr>\n<td>PB-HS0301<\/td>\n<td>30 ml<\/td>\n<td>46\u00d773<\/td>\n<td>Krist\u00e1ly\u00fcveg<\/td>\n<td>F\u00e9rfi k\u00f6lni, testpermet<\/td>\n<\/tr>\n<tr>\n<td>PB-HS0302<\/td>\n<td>50 ml<\/td>\n<td>51\u00d780<\/td>\n<td>Krist\u00e1ly\u00fcveg<\/td>\n<td>N\u0151i parf\u00fcm, uniszex illat<\/td>\n<\/tr>\n<tr>\n<td>PB-HS0303<\/td>\n<td>100 ml<\/td>\n<td>59\u00d794<\/td>\n<td>Krist\u00e1ly\u00fcveg<\/td>\n<td>Luxus aj\u00e1nd\u00e9kk\u00e9szletek, \u00fajrat\u00f6lthet\u0151 porlaszt\u00f3<\/td>\n<\/tr>\n<\/tbody>\n<\/table>\n<\/div>\n<h2>Mi\u00e9rt v\u00e1lassza ezeket a z\u00f6ld \u00fcvegpalackokat?<\/h2>\n<ol>\n<li>\u200b<strong>Luxus tal\u00e1lkozik a funkcionalit\u00e1ssal<\/strong>\n<ul>\n<li>Az \u00fcveg parf\u00fcm\u00f6s \u00fcvegek nem reakt\u00edv krist\u00e1ly\u00fcveggel biztos\u00edtj\u00e1k az illat \u00e9ps\u00e9g\u00e9t.<\/li>\n<li>A prec\u00edzi\u00f3s permetez\u0151 porlaszt\u00f3 egyenletes permetez\u00e9st biztos\u00edt a pr\u00e9mium \u00e9lm\u00e9ny \u00e9rdek\u00e9ben.<\/li>\n<\/ul>\n<\/li>\n<li>\u200b<strong>Jellegzetes z\u00f6ld eszt\u00e9tika<\/strong>\n<ul>\n<li>A z\u00f6ld \u00fcveg\u0171 k\u00f6lni f\u00e9rfiv\u00e1s\u00e1rl\u00f3k im\u00e1dj\u00e1k a f\u00f6ldsz\u00edn\u0171, kifinomult alapot.<\/li>\n<li>A z\u00f6ld parf\u00fcm\u00f6s \u00fcvegek n\u0151i opci\u00f3k smaragdz\u00f6ld \u00e1rnyalatokat p\u00e1ros\u00edtanak minimalista \u00e1tl\u00e1tsz\u00f3s\u00e1ggal.<\/li>\n<\/ul>\n<\/li>\n<li>\u200b<strong>V\u00e9gtelen testreszab\u00e1s<\/strong>\n<ul>\n<li>Alkoss egyedi diz\u00e1jnokat: m\u00f3dos\u00edtsd a kupakok sz\u00edn\u00e9t, grav\u00edrozz log\u00f3kat, vagy v\u00e1lassz \u00fcres parf\u00fcm\u00f6s \u00fcvegeket a bark\u00e1csm\u00e1rk\u00e1khoz.<\/li>\n<li>A nagy t\u00e9telben t\u00f6rt\u00e9n\u0151 megrendel\u00e9sek szem\u00e9lyre szabott parf\u00fcmcsomagol\u00e1si t\u00e1mogat\u00e1st is tartalmaznak.<\/li>\n<\/ul>\n<\/li>\n<\/ol>\n<h2>T\u0171nj ki a t\u00f6megb\u0151l egyedi arculattervez\u00e9ssel<\/h2>\n<p>Vezet\u0151 \u00fcveg parf\u00fcm\u00f6s palackgy\u00e1rt\u00f3k\u00e9nt a m\u00e1rk\u00e1k sz\u00e1m\u00e1ra lehet\u0151v\u00e9 tessz\u00fck, hogy:<\/p>\n<ul>\n<li>V\u00e1lasszon 30 ml-es, 50 ml-es vagy 100 ml-es \u00fcvegpalackok k\u00f6z\u00fcl.<\/li>\n<li>Adjon matt\/f\u00e9nyes fel\u00fcleteket a kupakokhoz, vagy sz\u00ednezze az \u00e1tl\u00e1tsz\u00f3 alapot egyedi sz\u00ednez\u00e9ssel.<\/li>\n<li>Hozz l\u00e9tre egy fi\u00f3kot exkluz\u00edv t\u00f6meges \u00e1rk\u00e9pz\u00e9shez \u00e9s tervez\u00e9si konzult\u00e1ci\u00f3khoz.<\/li>\n<\/ul>\n<p><strong>Emeld magasabb szintre illatkollekci\u00f3dat m\u00e9g ma!<\/strong>-alak\u00edtsa \u00e1t a z\u00f6ld \u00fcveges k\u00f6lni f\u00e9rfi \u00e9s n\u0151i parf\u00fcm\u00f6ket gy\u0171jt\u0151i \u00e9rt\u00e9k\u0171 m\u0171alkot\u00e1ss\u00e1. [L\u00e9pjen kapcsolatba vel\u00fcnk], hogy mint\u00e1t k\u00e9rjen vagy elk\u00e9sz\u00edtse m\u00e1rk\u00e1s protot\u00edpus\u00e1t!<\/p>","protected":false},"excerpt":{"rendered":"<p>Pr\u00e9mium z\u00f6ld parf\u00fcm\u00f6s \u00fcvegek f\u00e9rfi k\u00f6lni \u00e9s n\u0151i illatokhoz. Egyedi m\u00e9retek, krist\u00e1ly\u00fcvegek \u00e9s k\u00f6rnyezetbar\u00e1t diz\u00e1jn. Ide\u00e1lis luxus parf\u00fcmcsomagol\u00e1st keres\u0151 m\u00e1rk\u00e1k sz\u00e1m\u00e1ra.<\/p>","protected":false},"featured_media":2977,"comment_status":"open","ping_status":"closed","template":"","meta":{"_acf_changed":false,"site-sidebar-layout":"default","site-content-layout":"","ast-site-content-layout":"default","site-content-style":"default","site-sidebar-style":"default","ast-global-header-display":"","ast-banner-title-visibility":"","ast-main-header-display":"","ast-hfb-above-header-display":"","ast-hfb-below-header-display":"","ast-hfb-mobile-header-display":"","site-post-title":"","ast-breadcrumbs-content":"","ast-featured-img":"","footer-sml-layout":"","ast-disable-related-posts":"","theme-transparent-header-meta":"default","adv-header-id-meta":"","stick-header-meta":"","header-above-stick-meta":"","header-main-stick-meta":"","header-below-stick-meta":"","astra-migrate-meta-layouts":"set","ast-page-background-enabled":"default","ast-page-background-meta":{"desktop":{"background-color":"var(--ast-global-color-5)","background-image":"","background-repeat":"repeat","background-position":"center center","background-size":"auto","background-attachment":"scroll","background-type":"","background-media":"","overlay-type":"","overlay-color":"","overlay-opacity":"","overlay-gradient":""},"tablet":{"background-color":"","background-image":"","background-repeat":"repeat","background-position":"center center","background-size":"auto","background-attachment":"scroll","background-type":"","background-media":"","overlay-type":"","overlay-color":"","overlay-opacity":"","overlay-gradient":""},"mobile":{"background-color":"","background-image":"","background-repeat":"repeat","background-position":"center center","background-size":"auto","background-attachment":"scroll","background-type":"","background-media":"","overlay-type":"","overlay-color":"","overlay-opacity":"","overlay-gradient":""}},"ast-content-background-meta":{"desktop":{"background-color":"var(--ast-global-color-4)","background-image":"","background-repeat":"repeat","background-position":"center center","background-size":"auto","background-attachment":"scroll","background-type":"","background-media":"","overlay-type":"","overlay-color":"","overlay-opacity":"","overlay-gradient":""},"tablet":{"background-color":"var(--ast-global-color-4)","background-image":"","background-repeat":"repeat","background-position":"center center","background-size":"auto","background-attachment":"scroll","background-type":"","background-media":"","overlay-type":"","overlay-color":"","overlay-opacity":"","overlay-gradient":""},"mobile":{"background-color":"var(--ast-global-color-4)","background-image":"","background-repeat":"repeat","background-position":"center center","background-size":"auto","background-attachment":"scroll","background-type":"","background-media":"","overlay-type":"","overlay-color":"","overlay-opacity":"","overlay-gradient":""}}},"product_brand":[],"product_cat":[72,41],"product_tag":[],"class_list":{"0":"post-2976","1":"product","2":"type-product","3":"status-publish","4":"has-post-thumbnail","6":"product_cat-cosmetic-packaging","7":"product_cat-perfume-bottles","8":"desktop-align-left","9":"tablet-align-left","10":"mobile-align-left","12":"first","13":"instock","14":"shipping-taxable","15":"product-type-simple"},"acf":[],"jetpack_sharing_enabled":true,"_links":{"self":[{"href":"https:\/\/theperfumebottles.com\/hu\/wp-json\/wp\/v2\/product\/2976","targetHints":{"allow":["GET"]}}],"collection":[{"href":"https:\/\/theperfumebottles.com\/hu\/wp-json\/wp\/v2\/product"}],"about":[{"href":"https:\/\/theperfumebottles.com\/hu\/wp-json\/wp\/v2\/types\/product"}],"replies":[{"embeddable":true,"href":"https:\/\/theperfumebottles.com\/hu\/wp-json\/wp\/v2\/comments?post=2976"}],"wp:featuredmedia":[{"embeddable":true,"href":"https:\/\/theperfumebottles.com\/hu\/wp-json\/wp\/v2\/media\/2977"}],"wp:attachment":[{"href":"https:\/\/theperfumebottles.com\/hu\/wp-json\/wp\/v2\/media?parent=2976"}],"wp:term":[{"taxonomy":"product_brand","embeddable":true,"href":"https:\/\/theperfumebottles.com\/hu\/wp-json\/wp\/v2\/product_brand?post=2976"},{"taxonomy":"product_cat","embeddable":true,"href":"https:\/\/theperfumebottles.com\/hu\/wp-json\/wp\/v2\/product_cat?post=2976"},{"taxonomy":"product_tag","embeddable":true,"href":"https:\/\/theperfumebottles.com\/hu\/wp-json\/wp\/v2\/product_tag?post=2976"}],"curies":[{"name":"wp","href":"https:\/\/api.w.org\/{rel}","templated":true}]}}