{"id":2983,"date":"2025-04-07T09:06:52","date_gmt":"2025-04-07T09:06:52","guid":{"rendered":"https:\/\/theperfumebottles.com\/?post_type=product&#038;p=2983"},"modified":"2025-05-29T10:05:41","modified_gmt":"2025-05-29T02:05:41","slug":"30ml-50ml-100ml-modern-perfume-bottles-with-silver-mountain-base","status":"publish","type":"product","link":"https:\/\/theperfumebottles.com\/hu\/termek\/30ml-50ml-100ml-modern-perfume-bottles-with-silver-mountain-base\/","title":{"rendered":"30ml 50ml 100ml Modern parf\u00fcm\u00f6s \u00fcvegek ez\u00fcst hegyi talppal"},"content":{"rendered":"<p>Ezek a modern parf\u00fcm\u00f6s \u00fcvegek a term\u00e9szetes hegyek var\u00e1zs\u00e1t \u00f6tv\u00f6zik a modern diz\u00e1jnnal, \u00e9s minden r\u00e9szlet eleganci\u00e1t \u00e9s st\u00edlust sug\u00e1roz. A m\u00e1rkaalap\u00edt\u00f3 \u00e9s \u00fczleti partnerei, akik nagy figyelmet ford\u00edtanak a csomagol\u00e1sra, leny\u0171g\u00f6zve lesznek az egyedi m\u0171v\u00e9szi \u00e9rz\u00e9kt\u0151l \u2013 ez nemcsak egy tart\u00e1ly, hanem a m\u00e1rkat\u00f6rt\u00e9net kiterjeszt\u00e9se is, \u00edgy az illatodat vizu\u00e1lisan \u00e9s tapinthat\u00f3an is neh\u00e9z lesz figyelmen k\u00edv\u00fcl hagyni. A modern eszt\u00e9tik\u00e1t a funkcion\u00e1lis eleganci\u00e1val \u00f6tv\u00f6z\u0151 \u00fcvegek ide\u00e1lisak luxusparf\u00fcm\u00f6kh\u00f6z, niche k\u00f6lniekhez \u00e9s egyedi illatokhoz.<\/p>\n<table style=\"border-collapse: collapse;margin-left: auto;margin-right: auto;width: 162.03pt\" border=\"0\" width=\"216\" cellspacing=\"0\" cellpadding=\"0\">\n<tbody>\n<tr style=\"height: 13.50pt\">\n<td style=\"height: 13.50pt;width: 54.00pt\" width=\"72\" height=\"18\">\n<p><figure id=\"attachment_2988\" aria-describedby=\"caption-attachment-2988\" style=\"width: 300px\" class=\"wp-caption aligncenter\"><img fetchpriority=\"high\" decoding=\"async\" class=\"size-medium wp-image-2988\" src=\"https:\/\/theperfumebottles.com\/wp-content\/uploads\/2025\/04\/modern-perfume-bottles-hs0401-300x300.webp\" alt=\"modern parf\u00fcm\u00f6s \u00fcvegek\" width=\"300\" height=\"300\" srcset=\"https:\/\/theperfumebottles.com\/wp-content\/uploads\/2025\/04\/modern-perfume-bottles-hs0401-300x300.webp 300w, https:\/\/theperfumebottles.com\/wp-content\/uploads\/2025\/04\/modern-perfume-bottles-hs0401-150x150.webp 150w, https:\/\/theperfumebottles.com\/wp-content\/uploads\/2025\/04\/modern-perfume-bottles-hs0401-768x768.webp 768w, https:\/\/theperfumebottles.com\/wp-content\/uploads\/2025\/04\/modern-perfume-bottles-hs0401-12x12.webp 12w, https:\/\/theperfumebottles.com\/wp-content\/uploads\/2025\/04\/modern-perfume-bottles-hs0401-600x600.webp 600w, https:\/\/theperfumebottles.com\/wp-content\/uploads\/2025\/04\/modern-perfume-bottles-hs0401-100x100.webp 100w, https:\/\/theperfumebottles.com\/wp-content\/uploads\/2025\/04\/modern-perfume-bottles-hs0401.webp 1024w\" sizes=\"(max-width: 300px) 100vw, 300px\" \/><figcaption id=\"caption-attachment-2988\" class=\"wp-caption-text\">30 ml HS0401<\/figcaption><\/figure><\/td>\n<td style=\"width: 54.00pt\" width=\"72\">\n<p><figure id=\"attachment_2984\" aria-describedby=\"caption-attachment-2984\" style=\"width: 300px\" class=\"wp-caption aligncenter\"><img decoding=\"async\" class=\"size-medium wp-image-2984\" src=\"https:\/\/theperfumebottles.com\/wp-content\/uploads\/2025\/04\/custom-fragrance-bottles-HS0402-300x300.webp\" alt=\"egyedi illatos \u00fcvegek\" width=\"300\" height=\"300\" srcset=\"https:\/\/theperfumebottles.com\/wp-content\/uploads\/2025\/04\/custom-fragrance-bottles-HS0402-300x300.webp 300w, https:\/\/theperfumebottles.com\/wp-content\/uploads\/2025\/04\/custom-fragrance-bottles-HS0402-150x150.webp 150w, https:\/\/theperfumebottles.com\/wp-content\/uploads\/2025\/04\/custom-fragrance-bottles-HS0402-768x768.webp 768w, https:\/\/theperfumebottles.com\/wp-content\/uploads\/2025\/04\/custom-fragrance-bottles-HS0402-12x12.webp 12w, https:\/\/theperfumebottles.com\/wp-content\/uploads\/2025\/04\/custom-fragrance-bottles-HS0402-600x600.webp 600w, https:\/\/theperfumebottles.com\/wp-content\/uploads\/2025\/04\/custom-fragrance-bottles-HS0402-100x100.webp 100w, https:\/\/theperfumebottles.com\/wp-content\/uploads\/2025\/04\/custom-fragrance-bottles-HS0402.webp 1024w\" sizes=\"(max-width: 300px) 100vw, 300px\" \/><figcaption id=\"caption-attachment-2984\" class=\"wp-caption-text\">50 ml HS0402<\/figcaption><\/figure><\/td>\n<td style=\"width: 54.00pt\" width=\"72\">\n<p><figure id=\"attachment_2985\" aria-describedby=\"caption-attachment-2985\" style=\"width: 300px\" class=\"wp-caption aligncenter\"><img decoding=\"async\" class=\"size-medium wp-image-2985\" src=\"https:\/\/theperfumebottles.com\/wp-content\/uploads\/2025\/04\/custom-fragrance-bottles-hs0403-300x300.webp\" alt=\"egyedi illatos \u00fcvegek\" width=\"300\" height=\"300\" srcset=\"https:\/\/theperfumebottles.com\/wp-content\/uploads\/2025\/04\/custom-fragrance-bottles-hs0403-300x300.webp 300w, https:\/\/theperfumebottles.com\/wp-content\/uploads\/2025\/04\/custom-fragrance-bottles-hs0403-150x150.webp 150w, https:\/\/theperfumebottles.com\/wp-content\/uploads\/2025\/04\/custom-fragrance-bottles-hs0403-768x768.webp 768w, https:\/\/theperfumebottles.com\/wp-content\/uploads\/2025\/04\/custom-fragrance-bottles-hs0403-12x12.webp 12w, https:\/\/theperfumebottles.com\/wp-content\/uploads\/2025\/04\/custom-fragrance-bottles-hs0403-600x600.webp 600w, https:\/\/theperfumebottles.com\/wp-content\/uploads\/2025\/04\/custom-fragrance-bottles-hs0403-100x100.webp 100w, https:\/\/theperfumebottles.com\/wp-content\/uploads\/2025\/04\/custom-fragrance-bottles-hs0403.webp 1024w\" sizes=\"(max-width: 300px) 100vw, 300px\" \/><figcaption id=\"caption-attachment-2985\" class=\"wp-caption-text\">100 ml HS0403<\/figcaption><\/figure><\/td>\n<\/tr>\n<\/tbody>\n<\/table>\n<h2>M\u0171szaki adatok t\u00e1bl\u00e1zata<\/h2>\n<div class=\"hyc-common-markdown__table-wrapper\">\n<table>\n<thead>\n<tr>\n<th>Modell<\/th>\n<th>Kapacit\u00e1s<\/th>\n<th>M\u00e9ret (Ma \u00d7 M\u00e9 mm)<\/th>\n<th>Anyag<\/th>\n<th>Sz\u00edn<\/th>\n<th>Haszn\u00e1lati esetek<\/th>\n<\/tr>\n<\/thead>\n<tbody>\n<tr>\n<td>PB-HS0401<\/td>\n<td>30 ml<\/td>\n<td>73\u00d746<\/td>\n<td>Krist\u00e1ly\u00fcveg<\/td>\n<td>\u00c1tl\u00e1tsz\u00f3 + ez\u00fcst alap<\/td>\n<td>Parf\u00fcm, K\u00f6lni, Spray<\/td>\n<\/tr>\n<tr>\n<td>PB-HS0402<\/td>\n<td>50 ml<\/td>\n<td>80\u00d751<\/td>\n<td>Krist\u00e1ly\u00fcveg<\/td>\n<td>\u00c1tl\u00e1tsz\u00f3 + ez\u00fcst alap<\/td>\n<td>Illat, Testpermet<\/td>\n<\/tr>\n<tr>\n<td>PB-HS0403<\/td>\n<td>100 ml<\/td>\n<td>94\u00d759<\/td>\n<td>Krist\u00e1ly\u00fcveg<\/td>\n<td>\u00c1tl\u00e1tsz\u00f3 + ez\u00fcst alap<\/td>\n<td>Luxus parf\u00fcm csomagol\u00e1s<\/td>\n<\/tr>\n<\/tbody>\n<\/table>\n<\/div>\n<h2>Mi\u00e9rt v\u00e1lassza ezeket a modern parf\u00fcm\u00f6s \u00fcvegeket?<\/h2>\n<ul>\n<li><strong>Pr\u00e9mium krist\u00e1ly\u00fcveg:<\/strong> A vastag, nagy \u00e1tl\u00e1tsz\u00f3s\u00e1g\u00fa \u00fcveg tart\u00f3ss\u00e1got biztos\u00edt \u00e9s fokozza az illat l\u00e1that\u00f3s\u00e1g\u00e1t.<\/li>\n<li>\u200b<strong>Sokoldal\u00fa m\u00e9retek:<\/strong> A kompakt 30 ml-es porlaszt\u00f3s flakonokt\u00f3l a felt\u0171n\u0151 100 ml-es \u00fcres parf\u00fcm\u00f6s \u00fcvegekig, a v\u00e1s\u00e1rl\u00f3k v\u00e1ltozatos ig\u00e9nyeit is kiel\u00e9g\u00edtj\u00fck.<\/li>\n<li><strong>M\u00e1rkak\u00f6zpont\u00fa testreszab\u00e1s:<\/strong> Dolgozzon egy\u00fctt gy\u00e1rt\u00f3nkkal a fel\u00fcletek kiv\u00e1laszt\u00e1s\u00e1ban, a log\u00f3k grav\u00edroz\u00e1s\u00e1ban vagy a kupak st\u00edlus\u00e1nak adapt\u00e1l\u00e1s\u00e1ban egy egyedi, egyedi illatpalack elk\u00e9sz\u00edt\u00e9s\u00e9hez.<\/li>\n<\/ul>\n<h2>Emeld magasabb szintre illatm\u00e1rk\u00e1dat m\u00e9g ma!<\/h2>\n<p>Ak\u00e1r \u00faj parf\u00fcmcsal\u00e1dot vezet be, ak\u00e1r a parf\u00fcmcsomagol\u00e1s\u00e1t friss\u00edti, ez a sorozat a modern diz\u00e1jn \u00e9s a testreszabhat\u00f3s\u00e1g t\u00f6k\u00e9letes \u00f6tv\u00f6zet\u00e9t k\u00edn\u00e1lja. Teremtsen felejthetetlen kicsomagol\u00e1si \u00e9lm\u00e9nyt \u00fcvegpalackokkal, amelyek t\u00fckr\u00f6zik m\u00e1rk\u00e1ja luxus\u00e1t \u00e9s innov\u00e1ci\u00f3j\u00e1t. B\u00edzza professzion\u00e1lis csapatunkra m\u00e1rkat\u00f6rt\u00e9net\u00e9nek munkat\u00e1rs\u00e1t. Ak\u00e1r a minta meg\u00e9rint\u00e9s\u00e9r\u0151l van sz\u00f3, hogy megtapasztalja a k\u00e9zm\u0171vess\u00e9g sz\u00e9ps\u00e9g\u00e9t, ak\u00e1r egy egyedi design k\u00f6z\u00f6s megalkot\u00e1s\u00e1r\u00f3l, egyetlen l\u00e9p\u00e9sben felt\u00e1rhatja exkluz\u00edv v\u00e1lasz\u00e1t. L\u00e9pjen kapcsolatba vel\u00fcnk, itt v\u00e1rjuk.<\/p>","protected":false},"excerpt":{"rendered":"<p>Emeld magasabb szintre m\u00e1rk\u00e1dat modern parf\u00fcm\u00f6s \u00fcvegekkel \u00e9s egyedi illatos \u00fcvegekkel. Eleg\u00e1ns ez\u00fcst kupakok, megform\u00e1lt hegy alak\u00fa talpak \u00e9s pr\u00e9mium \u00fcveg.<\/p>","protected":false},"featured_media":2988,"comment_status":"open","ping_status":"closed","template":"","meta":{"_acf_changed":false,"site-sidebar-layout":"default","site-content-layout":"","ast-site-content-layout":"default","site-content-style":"default","site-sidebar-style":"default","ast-global-header-display":"","ast-banner-title-visibility":"","ast-main-header-display":"","ast-hfb-above-header-display":"","ast-hfb-below-header-display":"","ast-hfb-mobile-header-display":"","site-post-title":"","ast-breadcrumbs-content":"","ast-featured-img":"","footer-sml-layout":"","ast-disable-related-posts":"","theme-transparent-header-meta":"default","adv-header-id-meta":"","stick-header-meta":"","header-above-stick-meta":"","header-main-stick-meta":"","header-below-stick-meta":"","astra-migrate-meta-layouts":"set","ast-page-background-enabled":"default","ast-page-background-meta":{"desktop":{"background-color":"var(--ast-global-color-5)","background-image":"","background-repeat":"repeat","background-position":"center center","background-size":"auto","background-attachment":"scroll","background-type":"","background-media":"","overlay-type":"","overlay-color":"","overlay-opacity":"","overlay-gradient":""},"tablet":{"background-color":"","background-image":"","background-repeat":"repeat","background-position":"center center","background-size":"auto","background-attachment":"scroll","background-type":"","background-media":"","overlay-type":"","overlay-color":"","overlay-opacity":"","overlay-gradient":""},"mobile":{"background-color":"","background-image":"","background-repeat":"repeat","background-position":"center center","background-size":"auto","background-attachment":"scroll","background-type":"","background-media":"","overlay-type":"","overlay-color":"","overlay-opacity":"","overlay-gradient":""}},"ast-content-background-meta":{"desktop":{"background-color":"var(--ast-global-color-4)","background-image":"","background-repeat":"repeat","background-position":"center center","background-size":"auto","background-attachment":"scroll","background-type":"","background-media":"","overlay-type":"","overlay-color":"","overlay-opacity":"","overlay-gradient":""},"tablet":{"background-color":"var(--ast-global-color-4)","background-image":"","background-repeat":"repeat","background-position":"center center","background-size":"auto","background-attachment":"scroll","background-type":"","background-media":"","overlay-type":"","overlay-color":"","overlay-opacity":"","overlay-gradient":""},"mobile":{"background-color":"var(--ast-global-color-4)","background-image":"","background-repeat":"repeat","background-position":"center center","background-size":"auto","background-attachment":"scroll","background-type":"","background-media":"","overlay-type":"","overlay-color":"","overlay-opacity":"","overlay-gradient":""}}},"product_brand":[],"product_cat":[72,41],"product_tag":[],"class_list":{"0":"post-2983","1":"product","2":"type-product","3":"status-publish","4":"has-post-thumbnail","6":"product_cat-cosmetic-packaging","7":"product_cat-perfume-bottles","8":"desktop-align-left","9":"tablet-align-left","10":"mobile-align-left","12":"first","13":"instock","14":"shipping-taxable","15":"product-type-simple"},"acf":[],"jetpack_sharing_enabled":true,"_links":{"self":[{"href":"https:\/\/theperfumebottles.com\/hu\/wp-json\/wp\/v2\/product\/2983","targetHints":{"allow":["GET"]}}],"collection":[{"href":"https:\/\/theperfumebottles.com\/hu\/wp-json\/wp\/v2\/product"}],"about":[{"href":"https:\/\/theperfumebottles.com\/hu\/wp-json\/wp\/v2\/types\/product"}],"replies":[{"embeddable":true,"href":"https:\/\/theperfumebottles.com\/hu\/wp-json\/wp\/v2\/comments?post=2983"}],"wp:featuredmedia":[{"embeddable":true,"href":"https:\/\/theperfumebottles.com\/hu\/wp-json\/wp\/v2\/media\/2988"}],"wp:attachment":[{"href":"https:\/\/theperfumebottles.com\/hu\/wp-json\/wp\/v2\/media?parent=2983"}],"wp:term":[{"taxonomy":"product_brand","embeddable":true,"href":"https:\/\/theperfumebottles.com\/hu\/wp-json\/wp\/v2\/product_brand?post=2983"},{"taxonomy":"product_cat","embeddable":true,"href":"https:\/\/theperfumebottles.com\/hu\/wp-json\/wp\/v2\/product_cat?post=2983"},{"taxonomy":"product_tag","embeddable":true,"href":"https:\/\/theperfumebottles.com\/hu\/wp-json\/wp\/v2\/product_tag?post=2983"}],"curies":[{"name":"wp","href":"https:\/\/api.w.org\/{rel}","templated":true}]}}