{"id":3007,"date":"2025-04-09T04:02:22","date_gmt":"2025-04-09T04:02:22","guid":{"rendered":"https:\/\/theperfumebottles.com\/?post_type=product&#038;p=3007"},"modified":"2025-04-17T07:54:20","modified_gmt":"2025-04-17T07:54:20","slug":"30ml-50ml-100ml-red-round-perfume-bottles-with-lava-mountain-base","status":"publish","type":"product","link":"https:\/\/theperfumebottles.com\/hu\/termek\/30ml-50ml-100ml-red-round-perfume-bottles-with-lava-mountain-base\/","title":{"rendered":"30ml 50ml 100ml piros kerek parf\u00fcm\u00f6s \u00fcvegek l\u00e1va hegyi talppal"},"content":{"rendered":"<p>Azoknak a m\u00e1rk\u00e1knak, akik belef\u00e1radtak az unalmas parf\u00fcm\u00f6s \u00fcvegekbe: Ismerkedjen meg a szoborszer\u0171 v\u00f6r\u00f6s l\u00e1vak\u0151 alappal, amely a \u201eluxus l\u00e1zad\u00f3\u201d kifejez\u00e9st suttogja. V\u00e1lasszon 30 ml\/50 ml\/100 ml-es m\u00e9reteket \u2013 mindegyikben az olvadt k\u0151zet \u00e9s a krist\u00e1ly\u00fcveg kontrasztja \u00e9rv\u00e9nyes\u00fcl. Nem csak illatot \u00e1rul; egy olyan hangulatot, amely gyilkosan mutat az Instagramon a m\u00e1rv\u00e1ny munkalapok mellett.<\/p>\n<table style=\"border-collapse: collapse; margin-left: auto; margin-right: auto; width: 162.03pt;\" border=\"0\" width=\"216\" cellspacing=\"0\" cellpadding=\"0\">\n<tbody>\n<tr style=\"height: 13.50pt;\">\n<td style=\"height: 13.50pt; width: 54.00pt;\" width=\"72\" height=\"18\">\n<p><figure id=\"attachment_3011\" aria-describedby=\"caption-attachment-3011\" style=\"width: 300px\" class=\"wp-caption aligncenter\"><img fetchpriority=\"high\" decoding=\"async\" class=\"size-medium wp-image-3011\" src=\"https:\/\/theperfumebottles.com\/wp-content\/uploads\/2025\/04\/round-perfume-bottle-HS0601-300x300.webp\" alt=\"kerek parf\u00fcm\u00f6s \u00fcveg\" width=\"300\" height=\"300\" srcset=\"https:\/\/theperfumebottles.com\/wp-content\/uploads\/2025\/04\/round-perfume-bottle-HS0601-300x300.webp 300w, https:\/\/theperfumebottles.com\/wp-content\/uploads\/2025\/04\/round-perfume-bottle-HS0601-150x150.webp 150w, https:\/\/theperfumebottles.com\/wp-content\/uploads\/2025\/04\/round-perfume-bottle-HS0601-768x768.webp 768w, https:\/\/theperfumebottles.com\/wp-content\/uploads\/2025\/04\/round-perfume-bottle-HS0601-12x12.webp 12w, https:\/\/theperfumebottles.com\/wp-content\/uploads\/2025\/04\/round-perfume-bottle-HS0601-600x600.webp 600w, https:\/\/theperfumebottles.com\/wp-content\/uploads\/2025\/04\/round-perfume-bottle-HS0601-100x100.webp 100w, https:\/\/theperfumebottles.com\/wp-content\/uploads\/2025\/04\/round-perfume-bottle-HS0601.webp 1024w\" sizes=\"(max-width: 300px) 100vw, 300px\" \/><figcaption id=\"caption-attachment-3011\" class=\"wp-caption-text\">30 ml-es kerek parf\u00fcm\u00f6s \u00fcveg<\/figcaption><\/figure><\/td>\n<td style=\"width: 54.00pt;\" width=\"72\">\n<p><figure id=\"attachment_3012\" aria-describedby=\"caption-attachment-3012\" style=\"width: 300px\" class=\"wp-caption aligncenter\"><img decoding=\"async\" class=\"size-medium wp-image-3012\" src=\"https:\/\/theperfumebottles.com\/wp-content\/uploads\/2025\/04\/round-perfume-bottle-HS0602-300x300.webp\" alt=\"kerek parf\u00fcm\u00f6s \u00fcveg\" width=\"300\" height=\"300\" srcset=\"https:\/\/theperfumebottles.com\/wp-content\/uploads\/2025\/04\/round-perfume-bottle-HS0602-300x300.webp 300w, https:\/\/theperfumebottles.com\/wp-content\/uploads\/2025\/04\/round-perfume-bottle-HS0602-150x150.webp 150w, https:\/\/theperfumebottles.com\/wp-content\/uploads\/2025\/04\/round-perfume-bottle-HS0602-768x768.webp 768w, https:\/\/theperfumebottles.com\/wp-content\/uploads\/2025\/04\/round-perfume-bottle-HS0602-12x12.webp 12w, https:\/\/theperfumebottles.com\/wp-content\/uploads\/2025\/04\/round-perfume-bottle-HS0602-600x600.webp 600w, https:\/\/theperfumebottles.com\/wp-content\/uploads\/2025\/04\/round-perfume-bottle-HS0602-100x100.webp 100w, https:\/\/theperfumebottles.com\/wp-content\/uploads\/2025\/04\/round-perfume-bottle-HS0602.webp 1024w\" sizes=\"(max-width: 300px) 100vw, 300px\" \/><figcaption id=\"caption-attachment-3012\" class=\"wp-caption-text\">50 ml-es kerek parf\u00fcm\u00f6s \u00fcveg<\/figcaption><\/figure><\/td>\n<td style=\"width: 54.00pt;\" width=\"72\">\n<p><figure id=\"attachment_3013\" aria-describedby=\"caption-attachment-3013\" style=\"width: 300px\" class=\"wp-caption aligncenter\"><img decoding=\"async\" class=\"size-medium wp-image-3013\" src=\"https:\/\/theperfumebottles.com\/wp-content\/uploads\/2025\/04\/round-perfume-bottle-HS0603-300x300.webp\" alt=\"kerek parf\u00fcm\u00f6s \u00fcvegek\" width=\"300\" height=\"300\" srcset=\"https:\/\/theperfumebottles.com\/wp-content\/uploads\/2025\/04\/round-perfume-bottle-HS0603-300x300.webp 300w, https:\/\/theperfumebottles.com\/wp-content\/uploads\/2025\/04\/round-perfume-bottle-HS0603-150x150.webp 150w, https:\/\/theperfumebottles.com\/wp-content\/uploads\/2025\/04\/round-perfume-bottle-HS0603-768x768.webp 768w, https:\/\/theperfumebottles.com\/wp-content\/uploads\/2025\/04\/round-perfume-bottle-HS0603-12x12.webp 12w, https:\/\/theperfumebottles.com\/wp-content\/uploads\/2025\/04\/round-perfume-bottle-HS0603-600x600.webp 600w, https:\/\/theperfumebottles.com\/wp-content\/uploads\/2025\/04\/round-perfume-bottle-HS0603-100x100.webp 100w, https:\/\/theperfumebottles.com\/wp-content\/uploads\/2025\/04\/round-perfume-bottle-HS0603.webp 1024w\" sizes=\"(max-width: 300px) 100vw, 300px\" \/><figcaption id=\"caption-attachment-3013\" class=\"wp-caption-text\">100 ml-es kerek parf\u00fcm\u00f6s \u00fcvegek<\/figcaption><\/figure><\/td>\n<\/tr>\n<\/tbody>\n<\/table>\n<h2>F\u0151bb jellemz\u0151k \u00e1ttekint\u00e9se<\/h2>\n<div class=\"hyc-common-markdown__table-wrapper\">\n<table>\n<thead>\n<tr>\n<th>Modell<\/th>\n<th>Kapacit\u00e1s<\/th>\n<th>M\u00e9ret (M \u00d7 \u00c1tm\u00e9r\u0151)<\/th>\n<th>Anyag<\/th>\n<th>Sz\u00edntervez\u00e9s<\/th>\n<\/tr>\n<\/thead>\n<tbody>\n<tr>\n<td>PB-HS0601<\/td>\n<td>30 ml\/1 uncia<\/td>\n<td>73 \u00d7 46 mm<\/td>\n<td>Krist\u00e1ly\u00fcveg<\/td>\n<td>\u00c1tl\u00e1tsz\u00f3 + V\u00f6r\u00f6s L\u00e1va Alap<\/td>\n<\/tr>\n<tr>\n<td>PB-HS0602<\/td>\n<td>50 ml\/1,7 uncia<\/td>\n<td>80 \u00d7 51 mm<\/td>\n<td>Krist\u00e1ly\u00fcveg<\/td>\n<td>\u00c1tl\u00e1tsz\u00f3 + V\u00f6r\u00f6s L\u00e1va Alap<\/td>\n<\/tr>\n<tr>\n<td>PB-HS0603<\/td>\n<td>100 ml \/ 3,4 uncia<\/td>\n<td>94 \u00d7 59 mm<\/td>\n<td>Krist\u00e1ly\u00fcveg<\/td>\n<td>\u00c1tl\u00e1tsz\u00f3 + V\u00f6r\u00f6s L\u00e1va Alap<\/td>\n<\/tr>\n<\/tbody>\n<\/table>\n<\/div>\n<p><em>Minden modell piros f\u00e9mkupakkal \u00e9s standard sz\u00f3r\u00f3pump\u00e1val rendelkezik. A legt\u00f6bb krimpel\u0151rendszerrel kompatibilis.<\/em><\/p>\n<h2>Mi\u00e9rt v\u00e1lassza a Volcano sorozatot?<\/h2>\n<h3><strong>M\u00e1rkatulajdonosoknak<\/strong><\/h3>\n<ul>\n<li>\u200b<strong>T\u0171nj ki a t\u00f6megb\u0151l<\/strong>A mer\u00e9sz v\u00f6r\u00f6s l\u00e1va alap gy\u00f6ny\u00f6r\u0171 kontrasztot alkot a z\u00f6ld \u00fcveg\u0171 k\u00f6lnikkel vagy a minimalista diz\u00e1jnokkal.<\/li>\n<li>\u200b<strong>Sokoldal\u00fa m\u00e9retek<\/strong>: Mintacsomagok (30 ml), utaz\u00f3 kiszerel\u00e9sek (50 ml) vagy z\u00e1szl\u00f3shaj\u00f3 term\u00e9kek (100 ml) egys\u00e9ges csomagol\u00e1sban.<\/li>\n<li>\u200b<strong>Luxus\u00e9rzet<\/strong>A vastag \u00fcvegszerkezet \u00e9s a s\u00falyozott talp pr\u00e9mium min\u0151s\u00e9get k\u00e9pvisel.<\/li>\n<\/ul>\n<h3><strong>Keresked\u0151knek<\/strong><\/h3>\n<ul>\n<li>\u200b<strong>Nagy kereslet<\/strong>A piros parf\u00fcm\u00f6s \u00fcvegek divatosak az uniszex \u00e9s szezon\u00e1lis illatokban.<\/li>\n<li>\u200b<strong>K\u00f6nny\u0171 testreszab\u00e1s<\/strong>: UV nyomtat\u00e1st, sapka sz\u00ednilleszt\u00e9st (arany, ez\u00fcst, z\u00f6ld) \u00e9s t\u00f6meges kedvezm\u00e9nyeket k\u00edn\u00e1lunk \u00fcgyfeleinknek.<\/li>\n<li>\u200b<strong>Tart\u00f3ss\u00e1g<\/strong>A t\u00f6r\u00e9s\u00e1ll\u00f3 \u00fcveg parf\u00fcm\u00f6s \u00fcvegek cs\u00f6kkentik a sz\u00e1ll\u00edt\u00e1si kock\u00e1zatokat.<\/li>\n<\/ul>\n<h2>Alkosd meg saj\u00e1t egyedi illatodat m\u00e9g ma!<\/h2>\n<p>Hozz l\u00e9tre fi\u00f3kot a nagykereskedelmi \u00e1rak, a minim\u00e1lis rendel\u00e9si mennyis\u00e9g \u00e9s a 3D tervez\u0151eszk\u00f6z\u00f6k el\u00e9r\u00e9s\u00e9hez. Ak\u00e1r egyedi f\u00e9rfi, ak\u00e1r n\u0151i parf\u00fcm\u00f6s piros \u00fcvegre van sz\u00fcks\u00e9ged Valentin-napi kollekci\u00f3idhoz, a Volcano sorozat alkalmazkodik az elk\u00e9pzel\u00e9seidhez.<\/p>\n<p><a href=\"https:\/\/theperfumebottles.com\/hu\/contact\/\"><em>Vegye fel a kapcsolatot gy\u00e1rt\u00f3i csapatunkkal, ha mint\u00e1kat szeretne k\u00e9rni, vagy ha saj\u00e1t m\u00e1rk\u00e1s parf\u00fcmcsomagol\u00e1si megold\u00e1sokat szeretne felfedezni.<\/em><\/a><\/p>","protected":false},"excerpt":{"rendered":"<p>Emeld magasabb szintre illatm\u00e1rk\u00e1dat a Volcano sorozat kerek parf\u00fcm\u00f6s \u00fcvegeivel. Mer\u00e9sz f\u00e9rfi k\u00f6lni piros \u00fcvegek \u00e9s n\u0151i parf\u00fcm piros \u00fcvegek 28 ml-es, 47 ml-es \u00e9s 94 ml-es kiszerel\u00e9sben.<\/p>","protected":false},"featured_media":3013,"comment_status":"open","ping_status":"closed","template":"","meta":{"_acf_changed":false,"site-sidebar-layout":"default","site-content-layout":"","ast-site-content-layout":"default","site-content-style":"default","site-sidebar-style":"default","ast-global-header-display":"","ast-banner-title-visibility":"","ast-main-header-display":"","ast-hfb-above-header-display":"","ast-hfb-below-header-display":"","ast-hfb-mobile-header-display":"","site-post-title":"","ast-breadcrumbs-content":"","ast-featured-img":"","footer-sml-layout":"","ast-disable-related-posts":"","theme-transparent-header-meta":"default","adv-header-id-meta":"","stick-header-meta":"","header-above-stick-meta":"","header-main-stick-meta":"","header-below-stick-meta":"","astra-migrate-meta-layouts":"set","ast-page-background-enabled":"default","ast-page-background-meta":{"desktop":{"background-color":"var(--ast-global-color-5)","background-image":"","background-repeat":"repeat","background-position":"center center","background-size":"auto","background-attachment":"scroll","background-type":"","background-media":"","overlay-type":"","overlay-color":"","overlay-opacity":"","overlay-gradient":""},"tablet":{"background-color":"","background-image":"","background-repeat":"repeat","background-position":"center center","background-size":"auto","background-attachment":"scroll","background-type":"","background-media":"","overlay-type":"","overlay-color":"","overlay-opacity":"","overlay-gradient":""},"mobile":{"background-color":"","background-image":"","background-repeat":"repeat","background-position":"center center","background-size":"auto","background-attachment":"scroll","background-type":"","background-media":"","overlay-type":"","overlay-color":"","overlay-opacity":"","overlay-gradient":""}},"ast-content-background-meta":{"desktop":{"background-color":"var(--ast-global-color-4)","background-image":"","background-repeat":"repeat","background-position":"center center","background-size":"auto","background-attachment":"scroll","background-type":"","background-media":"","overlay-type":"","overlay-color":"","overlay-opacity":"","overlay-gradient":""},"tablet":{"background-color":"var(--ast-global-color-4)","background-image":"","background-repeat":"repeat","background-position":"center center","background-size":"auto","background-attachment":"scroll","background-type":"","background-media":"","overlay-type":"","overlay-color":"","overlay-opacity":"","overlay-gradient":""},"mobile":{"background-color":"var(--ast-global-color-4)","background-image":"","background-repeat":"repeat","background-position":"center center","background-size":"auto","background-attachment":"scroll","background-type":"","background-media":"","overlay-type":"","overlay-color":"","overlay-opacity":"","overlay-gradient":""}}},"product_brand":[],"product_cat":[72,91,41],"product_tag":[],"class_list":{"0":"post-3007","1":"product","2":"type-product","3":"status-publish","4":"has-post-thumbnail","6":"product_cat-cosmetic-packaging","7":"product_cat-custom-perfume-bottles","8":"product_cat-perfume-bottles","9":"desktop-align-left","10":"tablet-align-left","11":"mobile-align-left","13":"first","14":"instock","15":"shipping-taxable","16":"product-type-simple"},"acf":[],"jetpack_sharing_enabled":true,"_links":{"self":[{"href":"https:\/\/theperfumebottles.com\/hu\/wp-json\/wp\/v2\/product\/3007","targetHints":{"allow":["GET"]}}],"collection":[{"href":"https:\/\/theperfumebottles.com\/hu\/wp-json\/wp\/v2\/product"}],"about":[{"href":"https:\/\/theperfumebottles.com\/hu\/wp-json\/wp\/v2\/types\/product"}],"replies":[{"embeddable":true,"href":"https:\/\/theperfumebottles.com\/hu\/wp-json\/wp\/v2\/comments?post=3007"}],"wp:featuredmedia":[{"embeddable":true,"href":"https:\/\/theperfumebottles.com\/hu\/wp-json\/wp\/v2\/media\/3013"}],"wp:attachment":[{"href":"https:\/\/theperfumebottles.com\/hu\/wp-json\/wp\/v2\/media?parent=3007"}],"wp:term":[{"taxonomy":"product_brand","embeddable":true,"href":"https:\/\/theperfumebottles.com\/hu\/wp-json\/wp\/v2\/product_brand?post=3007"},{"taxonomy":"product_cat","embeddable":true,"href":"https:\/\/theperfumebottles.com\/hu\/wp-json\/wp\/v2\/product_cat?post=3007"},{"taxonomy":"product_tag","embeddable":true,"href":"https:\/\/theperfumebottles.com\/hu\/wp-json\/wp\/v2\/product_tag?post=3007"}],"curies":[{"name":"wp","href":"https:\/\/api.w.org\/{rel}","templated":true}]}}