{"id":3023,"date":"2025-04-10T09:30:17","date_gmt":"2025-04-10T09:30:17","guid":{"rendered":"https:\/\/theperfumebottles.com\/?post_type=product&#038;p=3023"},"modified":"2025-04-15T08:07:15","modified_gmt":"2025-04-15T08:07:15","slug":"1-7-oz-flower-shaped-perfume-bottle-with-crown-cap","status":"publish","type":"product","link":"https:\/\/theperfumebottles.com\/hu\/termek\/1-7-oz-flower-shaped-perfume-bottle-with-crown-cap\/","title":{"rendered":"Vir\u00e1g alak\u00fa 1,7 oz-os parf\u00fcm\u00f6s \u00fcveg koron\u00e1s kupakkal"},"content":{"rendered":"<p>Emeld magasabb szintre illatm\u00e1rk\u00e1dat a PB-YX02 modellel \u2013 egy 1,7 unci\u00e1s parf\u00fcm\u00f6s \u00fcveggel, amelyet a luxuspiacok megh\u00f3d\u00edt\u00e1s\u00e1ra terveztek. A kiemelked\u0151 csomagol\u00e1st keres\u0151 m\u00e1rkatulajdonosok \u00e9s keresked\u0151k sz\u00e1m\u00e1ra k\u00e9sz\u00fclt ez a vir\u00e1g alak\u00fa parf\u00fcm\u00f6s \u00fcveg, amely az id\u0151tlen eleganci\u00e1t \u00f6tv\u00f6zi a funkcion\u00e1lis innov\u00e1ci\u00f3val.<\/p>\n<h2><strong>M\u0171szaki adatok<\/strong><\/h2>\n<div class=\"hyc-common-markdown__table-wrapper\">\n<table>\n<thead>\n<tr>\n<th>\u200b<strong>Attrib\u00fatum<\/strong><\/th>\n<th>\u200b<strong>R\u00e9szletek<\/strong><\/th>\n<\/tr>\n<\/thead>\n<tbody>\n<tr>\n<td>Modell<\/td>\n<td>PB-YX02<\/td>\n<\/tr>\n<tr>\n<td>Kapacit\u00e1s<\/td>\n<td>50 ml \/ 1,7 uncia<\/td>\n<\/tr>\n<tr>\n<td>Anyag<\/td>\n<td>Krist\u00e1ly\u00fcveg + akril kupak<\/td>\n<\/tr>\n<tr>\n<td>Palack m\u00e9retei<\/td>\n<td>64 mm (\u00e1tm\u00e9r\u0151) \u00d7 62 mm (magass\u00e1g)<\/td>\n<\/tr>\n<tr>\n<td>Spray t\u00edpusa<\/td>\n<td>Aranyozott finom permet\u0171 porlaszt\u00f3<\/td>\n<\/tr>\n<tr>\n<td>Sz\u00ednbe\u00e1ll\u00edt\u00e1sok<\/td>\n<td>\u00c1tl\u00e1tsz\u00f3 \u00fcveg + arany\/ez\u00fcst kupak<\/td>\n<\/tr>\n<tr>\n<td>Legjobb<\/td>\n<td>N\u0151i parf\u00fcm\u00f6k, luxusm\u00e1rk\u00e1k, aj\u00e1nd\u00e9kcsomagok<\/td>\n<\/tr>\n<\/tbody>\n<\/table>\n<\/div>\n<hr \/>\n<h2>\u200b<strong>Mi\u00e9rt v\u00e1lassza ezt az \u00fcveg parf\u00fcm\u00f6s \u00fcveget?<\/strong><\/h2>\n<p>Ez a 1,7 unci\u00e1s parf\u00fcm\u00f6s \u00fcveg egyedi illatm\u00e1rka kialak\u00edt\u00e1s\u00e1ra k\u00e9sz\u00fclt:<\/p>\n<ul>\n<li>\u200b<strong>\u00dcres parf\u00fcm\u00f6s \u00fcvegek<\/strong>\u00a0k\u00e9szen \u00e1ll az egyedi log\u00f3ra, sz\u00ednre vagy csomagol\u00e1stervez\u00e9sre.<\/li>\n<li>\u200b<strong>Pr\u00e9mium permetez\u00e9si teljes\u00edtm\u00e9ny<\/strong>\u00a0biztos\u00edtja az illatanyag egyenletes kiadagol\u00e1s\u00e1t, n\u00f6velve az \u00fcgyfelek el\u00e9gedetts\u00e9g\u00e9t.<\/li>\n<li>\u200b<strong>Polcra k\u00e9sz stabilit\u00e1s<\/strong>\u00a0S\u00falyozott talppal a felborul\u00e1s megakad\u00e1lyoz\u00e1sa \u00e9s a kicsomagol\u00e1s \u00e9lm\u00e9ny\u00e9nek fokoz\u00e1sa \u00e9rdek\u00e9ben.<\/li>\n<\/ul>\n<p>Ide\u00e1lis a k\u00f6vetkez\u0151kh\u00f6z:<strong>parf\u00fcmgy\u00e1rt\u00f3k<\/strong> A luxus butikokat, \u00fcnnepi kollekci\u00f3kat vagy vir\u00e1gos t\u00e9m\u00e1j\u00fa term\u00e9kbemutat\u00f3kat c\u00e9lozza meg, vir\u00e1g alak\u00fa \u00fcvegteste \u00e9s koronakupakja id\u0151tlen eleganci\u00e1t sug\u00e1roz.<\/p>\n<h2>\u200b<strong>Hozd l\u00e9tre egy\u00e9ni fi\u00f3kodat m\u00e9g ma!<\/strong><\/h2>\n<p>K\u00e9szen \u00e1llsz egyedi, vir\u00e1g alak\u00fa parf\u00fcm\u00f6s \u00fcvegek rendel\u00e9s\u00e9re? L\u00e9pj vel\u00fcnk kapcsolatba, hogy nagy t\u00e9telben \u00e1razhassunk, exkluz\u00edv tervez\u00e9si t\u00e1mogat\u00e1st \u00e9s gyors glob\u00e1lis sz\u00e1ll\u00edt\u00e1st kaphass. Alak\u00edtsd \u00e1t illatkollekci\u00f3dat kir\u00e1lyi megjelen\u00e9st sug\u00e1rz\u00f3 csomagol\u00e1ssal.<\/p>","protected":false},"excerpt":{"rendered":"<p>Pr\u00e9mium vir\u00e1g alak\u00fa parf\u00fcm\u00f6s \u00fcveg krist\u00e1ly\u00fcveggel \u00e9s koronakupakkal. Emeld magasabb szintre illatm\u00e1rk\u00e1d egyedi, 45 ml-es \u00fcvegcs\u00e9ivel a luxuspiacok sz\u00e1m\u00e1ra.<\/p>","protected":false},"featured_media":3026,"comment_status":"open","ping_status":"closed","template":"","meta":{"_acf_changed":false,"site-sidebar-layout":"default","site-content-layout":"","ast-site-content-layout":"default","site-content-style":"default","site-sidebar-style":"default","ast-global-header-display":"","ast-banner-title-visibility":"","ast-main-header-display":"","ast-hfb-above-header-display":"","ast-hfb-below-header-display":"","ast-hfb-mobile-header-display":"","site-post-title":"","ast-breadcrumbs-content":"","ast-featured-img":"","footer-sml-layout":"","ast-disable-related-posts":"","theme-transparent-header-meta":"default","adv-header-id-meta":"","stick-header-meta":"","header-above-stick-meta":"","header-main-stick-meta":"","header-below-stick-meta":"","astra-migrate-meta-layouts":"set","ast-page-background-enabled":"default","ast-page-background-meta":{"desktop":{"background-color":"var(--ast-global-color-5)","background-image":"","background-repeat":"repeat","background-position":"center center","background-size":"auto","background-attachment":"scroll","background-type":"","background-media":"","overlay-type":"","overlay-color":"","overlay-opacity":"","overlay-gradient":""},"tablet":{"background-color":"","background-image":"","background-repeat":"repeat","background-position":"center center","background-size":"auto","background-attachment":"scroll","background-type":"","background-media":"","overlay-type":"","overlay-color":"","overlay-opacity":"","overlay-gradient":""},"mobile":{"background-color":"","background-image":"","background-repeat":"repeat","background-position":"center center","background-size":"auto","background-attachment":"scroll","background-type":"","background-media":"","overlay-type":"","overlay-color":"","overlay-opacity":"","overlay-gradient":""}},"ast-content-background-meta":{"desktop":{"background-color":"var(--ast-global-color-4)","background-image":"","background-repeat":"repeat","background-position":"center center","background-size":"auto","background-attachment":"scroll","background-type":"","background-media":"","overlay-type":"","overlay-color":"","overlay-opacity":"","overlay-gradient":""},"tablet":{"background-color":"var(--ast-global-color-4)","background-image":"","background-repeat":"repeat","background-position":"center center","background-size":"auto","background-attachment":"scroll","background-type":"","background-media":"","overlay-type":"","overlay-color":"","overlay-opacity":"","overlay-gradient":""},"mobile":{"background-color":"var(--ast-global-color-4)","background-image":"","background-repeat":"repeat","background-position":"center center","background-size":"auto","background-attachment":"scroll","background-type":"","background-media":"","overlay-type":"","overlay-color":"","overlay-opacity":"","overlay-gradient":""}}},"product_brand":[],"product_cat":[72,91,41],"product_tag":[],"class_list":{"0":"post-3023","1":"product","2":"type-product","3":"status-publish","4":"has-post-thumbnail","6":"product_cat-cosmetic-packaging","7":"product_cat-custom-perfume-bottles","8":"product_cat-perfume-bottles","9":"desktop-align-left","10":"tablet-align-left","11":"mobile-align-left","13":"first","14":"instock","15":"shipping-taxable","16":"product-type-simple"},"acf":[],"jetpack_sharing_enabled":true,"_links":{"self":[{"href":"https:\/\/theperfumebottles.com\/hu\/wp-json\/wp\/v2\/product\/3023","targetHints":{"allow":["GET"]}}],"collection":[{"href":"https:\/\/theperfumebottles.com\/hu\/wp-json\/wp\/v2\/product"}],"about":[{"href":"https:\/\/theperfumebottles.com\/hu\/wp-json\/wp\/v2\/types\/product"}],"replies":[{"embeddable":true,"href":"https:\/\/theperfumebottles.com\/hu\/wp-json\/wp\/v2\/comments?post=3023"}],"wp:featuredmedia":[{"embeddable":true,"href":"https:\/\/theperfumebottles.com\/hu\/wp-json\/wp\/v2\/media\/3026"}],"wp:attachment":[{"href":"https:\/\/theperfumebottles.com\/hu\/wp-json\/wp\/v2\/media?parent=3023"}],"wp:term":[{"taxonomy":"product_brand","embeddable":true,"href":"https:\/\/theperfumebottles.com\/hu\/wp-json\/wp\/v2\/product_brand?post=3023"},{"taxonomy":"product_cat","embeddable":true,"href":"https:\/\/theperfumebottles.com\/hu\/wp-json\/wp\/v2\/product_cat?post=3023"},{"taxonomy":"product_tag","embeddable":true,"href":"https:\/\/theperfumebottles.com\/hu\/wp-json\/wp\/v2\/product_tag?post=3023"}],"curies":[{"name":"wp","href":"https:\/\/api.w.org\/{rel}","templated":true}]}}