{"id":3032,"date":"2025-04-11T08:47:32","date_gmt":"2025-04-11T08:47:32","guid":{"rendered":"https:\/\/theperfumebottles.com\/?post_type=product&#038;p=3032"},"modified":"2025-04-17T09:32:12","modified_gmt":"2025-04-17T09:32:12","slug":"15ml-essential-oil-roller-bottles-wholesale-eco-friendly-roll-on-glass-bottles","status":"publish","type":"product","link":"https:\/\/theperfumebottles.com\/hu\/termek\/15ml-essential-oil-roller-bottles-wholesale-eco-friendly-roll-on-glass-bottles\/","title":{"rendered":"15 ml-es ill\u00f3olaj roll-on \u00fcvegek nagykereskedelemben | K\u00f6rnyezetbar\u00e1t roll-on \u00fcvegek"},"content":{"rendered":"<p>Pr\u00e9mium 15 ml-es ill\u00f3olajos roll-on flakonok nagykereskedelemben. K\u00f6rnyezetbar\u00e1t \u00fcveg roll-on flakonok bambuszkupakokkal, UV-v\u00e9delemmel. M\u00e1rk\u00e1k sz\u00e1m\u00e1ra testreszabhat\u00f3. Emeld magasabb szintre kozmetikai csomagol\u00e1sodat \u00e9s aromater\u00e1pi\u00e1s term\u00e9kcsal\u00e1dodat 15 ml-es roll-on flakonjainkkal, amelyeket a fenntarthat\u00f3s\u00e1got, a funkcionalit\u00e1st \u00e9s a st\u00edlust el\u0151t\u00e9rbe helyez\u0151 m\u00e1rk\u00e1k sz\u00e1m\u00e1ra tervezt\u00fcnk. Ide\u00e1lis ill\u00f3olajokhoz, sz\u00e9rumokhoz \u00e9s aromater\u00e1pi\u00e1s kever\u00e9kekhez, ezek a roll-on flakonok az \u00f6ko-luxust \u00f6tv\u00f6zik a praktikus teljes\u00edtm\u00e9nnyel.<\/p>\n<figure id=\"attachment_3036\" aria-describedby=\"caption-attachment-3036\" style=\"width: 300px\" class=\"wp-caption aligncenter\"><img fetchpriority=\"high\" decoding=\"async\" class=\"size-medium wp-image-3036\" src=\"https:\/\/theperfumebottles.com\/wp-content\/uploads\/2025\/04\/essential-oil-roller-R15ml-300x300.webp\" alt=\"ill\u00f3olajos hengerek\" width=\"300\" height=\"300\" srcset=\"https:\/\/theperfumebottles.com\/wp-content\/uploads\/2025\/04\/essential-oil-roller-R15ml-300x300.webp 300w, https:\/\/theperfumebottles.com\/wp-content\/uploads\/2025\/04\/essential-oil-roller-R15ml-150x150.webp 150w, https:\/\/theperfumebottles.com\/wp-content\/uploads\/2025\/04\/essential-oil-roller-R15ml-768x768.webp 768w, https:\/\/theperfumebottles.com\/wp-content\/uploads\/2025\/04\/essential-oil-roller-R15ml-12x12.webp 12w, https:\/\/theperfumebottles.com\/wp-content\/uploads\/2025\/04\/essential-oil-roller-R15ml-600x600.webp 600w, https:\/\/theperfumebottles.com\/wp-content\/uploads\/2025\/04\/essential-oil-roller-R15ml-100x100.webp 100w, https:\/\/theperfumebottles.com\/wp-content\/uploads\/2025\/04\/essential-oil-roller-R15ml.webp 1000w\" sizes=\"(max-width: 300px) 100vw, 300px\" \/><figcaption id=\"caption-attachment-3036\" class=\"wp-caption-text\">15 ml-es ill\u00f3olajos hengerek<\/figcaption><\/figure>\n<h2><strong>F\u0151bb specifik\u00e1ci\u00f3k<\/strong><\/h2>\n<div class=\"hyc-common-markdown__table-wrapper\">\n<table>\n<thead>\n<tr>\n<th>\u200b<strong>Attrib\u00fatum<\/strong><\/th>\n<th>\u200b<strong>R\u00e9szletek<\/strong><\/th>\n<\/tr>\n<\/thead>\n<tbody>\n<tr>\n<td>\u200b<strong>Kapacit\u00e1s<\/strong><\/td>\n<td>15 ml \/ 0,5 oz (utaz\u00f3bar\u00e1t m\u00e9ret)<\/td>\n<\/tr>\n<tr>\n<td>\u200b<strong>Anyag<\/strong><\/td>\n<td>\u00d3lommentes \u00fcveg, bambusz\/m\u0171anyag\/galvaniz\u00e1lt kupakok<\/td>\n<\/tr>\n<tr>\n<td>\u200b<strong>M\u00e9retek<\/strong><\/td>\n<td>85 mm magas \u00d7 18 mm \u00e1tm\u00e9r\u0151 (kompakt, kerek forma)<\/td>\n<\/tr>\n<tr>\n<td>\u200b<strong>Sz\u00ednbe\u00e1ll\u00edt\u00e1sok<\/strong><\/td>\n<td>\u00c1tl\u00e1tsz\u00f3, borosty\u00e1nsz\u00edn\u0171, k\u00e9k, matt \u00fcveg; teljesen testreszabhat\u00f3<\/td>\n<\/tr>\n<tr>\n<td>\u200b<strong>Fel\u00fcletkezel\u00e9sek<\/strong><\/td>\n<td>Matt, matrica, pol\u00edroz\u00e1s, fest\u00e9k, sz\u00ednspray<\/td>\n<\/tr>\n<tr>\n<td>\u200b<strong>T\u00f6m\u00edt\u00e9si t\u00edpus<\/strong><\/td>\n<td>Csavaros kupak rozsdamentes ac\u00e9l g\u00f6rg\u0151s goly\u00f3val (sziv\u00e1rg\u00e1smentes kialak\u00edt\u00e1s)<\/td>\n<\/tr>\n<tr>\n<td>\u200b<strong>Alkalmaz\u00e1sok<\/strong><\/td>\n<td>Ill\u00f3olajok, roll-on parf\u00fcm\u00f6k, aromater\u00e1pi\u00e1s kever\u00e9kek, arcsz\u00e9rumok<\/td>\n<\/tr>\n<\/tbody>\n<\/table>\n<\/div>\n<h2>\u200b<strong>Mi\u00e9rt v\u00e1lassza gurul\u00f3s palackjainkat?<\/strong><\/h2>\n<ul>\n<li>\u200b<strong>Testreszabhat\u00f3 arculat<\/strong>: Illeszd m\u00e1rk\u00e1d identit\u00e1s\u00e1hoz testreszabhat\u00f3 sz\u00ednekkel, matt \u00fcvegfel\u00fcletekkel vagy matric\u00e1kkal.<\/li>\n<li>\u200b<strong>Nagykereskedelmi rugalmass\u00e1g<\/strong>Optimaliz\u00e1lja a k\u00f6lts\u00e9geket a roll-on palackok nagykereskedelmi nagykereskedelmi megrendel\u00e9seivel, ami t\u00f6k\u00e9letes startupok vagy termel\u00e9s\u00fcket n\u00f6vel\u0151, m\u00e1r bej\u00e1ratott m\u00e1rk\u00e1k sz\u00e1m\u00e1ra.<\/li>\n<li>\u200b<strong>K\u00f6rnyezeti el\u0151ny\u00f6k<\/strong>A bambusz fed\u00e9l \u00e9s az \u00fajrahasznos\u00edthat\u00f3 \u00fcveg \u00f6sszhangban van a z\u00f6ld csomagol\u00e1ssal, \u00e9s n\u00e9pszer\u0171 a k\u00f6rnyezetbar\u00e1t fogyaszt\u00f3k k\u00f6r\u00e9ben.<\/li>\n<li><strong>Sz\u00e9les k\u00f6rben alkalmazhat\u00f3<\/strong>: alkalmas teafaolajhoz, rozmaringolajhoz, CBD kever\u00e9khez, b\u0151r\u00e1pol\u00f3 esszenci\u00e1hoz \u00e9s sok m\u00e1s term\u00e9khez.<\/li>\n<\/ul>\n<h2>\u200b<strong>Alkalmaz\u00e1sok<\/strong><\/h2>\n<ul>\n<li>\u200b<strong>Aromater\u00e1pia<\/strong>Biztons\u00e1gosan p\u00e1rologtasson levendula- vagy citrus ill\u00f3olajokat.<\/li>\n<li>\u200b<strong>B\u0151r\u00e1pol\u00e1s<\/strong>Csomagoljon \u00f6reged\u00e9sg\u00e1tl\u00f3 sz\u00e9rumokat vagy h\u0171s\u00edt\u0151 szem alatti formul\u00e1kat.<\/li>\n<li>\u200b<strong>Wellness aj\u00e1nd\u00e9kok<\/strong>K\u00e9sz\u00edts v\u00e1logatott szetteket krist\u00e1ly ihlette \u00fcvegpalackokb\u00f3l.<\/li>\n<\/ul>\n<p><strong>T\u0171nj ki a fenntarthat\u00f3 csomagol\u00e1ssal<\/strong><br \/>\nMegb\u00edzhat\u00f3 roll-on flakongy\u00e1rt\u00f3k\u00e9nt pr\u00e9mium 15 ml-es roll-on flakonokat sz\u00e1ll\u00edtunk, amelyek az eszt\u00e9tika, a funkcionalit\u00e1s \u00e9s a k\u00f6rnyezettudatoss\u00e1g egyens\u00faly\u00e1t teremtik meg. Ak\u00e1r egy wellness startupr\u00f3l, ak\u00e1r egy tapasztalt keresked\u0151r\u0151l van sz\u00f3, flakonjaink seg\u00edts\u00e9g\u00e9vel m\u00e1rk\u00e1ja ragyoghat a versenyk\u00e9pes kozmetikai csomagol\u00e1si piacon.<\/p>\n<p><strong>Rendelje meg ill\u00f3olajos roll-on flakonjait m\u00e9g ma \u2013 nagykereskedelmi \u00e1rakon!<\/strong><\/p>","protected":false},"excerpt":{"rendered":"<p>Emeld magasabb szintre kozmetikai csomagol\u00e1sodat \u00e9s aromater\u00e1pi\u00e1s term\u00e9kcsal\u00e1dodat 15 ml-es gurul\u00f3s flakonjainkkal, amelyeket a fenntarthat\u00f3s\u00e1got, a funkcionalit\u00e1st \u00e9s a st\u00edlust el\u0151t\u00e9rbe helyez\u0151 m\u00e1rk\u00e1k sz\u00e1m\u00e1ra tervezt\u00fcnk.<\/p>","protected":false},"featured_media":3035,"comment_status":"open","ping_status":"closed","template":"","meta":{"_acf_changed":false,"site-sidebar-layout":"default","site-content-layout":"","ast-site-content-layout":"default","site-content-style":"default","site-sidebar-style":"default","ast-global-header-display":"","ast-banner-title-visibility":"","ast-main-header-display":"","ast-hfb-above-header-display":"","ast-hfb-below-header-display":"","ast-hfb-mobile-header-display":"","site-post-title":"","ast-breadcrumbs-content":"","ast-featured-img":"","footer-sml-layout":"","ast-disable-related-posts":"","theme-transparent-header-meta":"default","adv-header-id-meta":"","stick-header-meta":"","header-above-stick-meta":"","header-main-stick-meta":"","header-below-stick-meta":"","astra-migrate-meta-layouts":"set","ast-page-background-enabled":"default","ast-page-background-meta":{"desktop":{"background-color":"var(--ast-global-color-5)","background-image":"","background-repeat":"repeat","background-position":"center center","background-size":"auto","background-attachment":"scroll","background-type":"","background-media":"","overlay-type":"","overlay-color":"","overlay-opacity":"","overlay-gradient":""},"tablet":{"background-color":"","background-image":"","background-repeat":"repeat","background-position":"center center","background-size":"auto","background-attachment":"scroll","background-type":"","background-media":"","overlay-type":"","overlay-color":"","overlay-opacity":"","overlay-gradient":""},"mobile":{"background-color":"","background-image":"","background-repeat":"repeat","background-position":"center center","background-size":"auto","background-attachment":"scroll","background-type":"","background-media":"","overlay-type":"","overlay-color":"","overlay-opacity":"","overlay-gradient":""}},"ast-content-background-meta":{"desktop":{"background-color":"var(--ast-global-color-4)","background-image":"","background-repeat":"repeat","background-position":"center center","background-size":"auto","background-attachment":"scroll","background-type":"","background-media":"","overlay-type":"","overlay-color":"","overlay-opacity":"","overlay-gradient":""},"tablet":{"background-color":"var(--ast-global-color-4)","background-image":"","background-repeat":"repeat","background-position":"center center","background-size":"auto","background-attachment":"scroll","background-type":"","background-media":"","overlay-type":"","overlay-color":"","overlay-opacity":"","overlay-gradient":""},"mobile":{"background-color":"var(--ast-global-color-4)","background-image":"","background-repeat":"repeat","background-position":"center center","background-size":"auto","background-attachment":"scroll","background-type":"","background-media":"","overlay-type":"","overlay-color":"","overlay-opacity":"","overlay-gradient":""}}},"product_brand":[],"product_cat":[72,62,57,60],"product_tag":[],"class_list":{"0":"post-3032","1":"product","2":"type-product","3":"status-publish","4":"has-post-thumbnail","6":"product_cat-cosmetic-packaging","7":"product_cat-cosmetic-containers","8":"product_cat-essential-oil-bottles","9":"product_cat-roller-bottles","10":"desktop-align-left","11":"tablet-align-left","12":"mobile-align-left","14":"first","15":"instock","16":"shipping-taxable","17":"product-type-simple"},"acf":[],"jetpack_sharing_enabled":true,"_links":{"self":[{"href":"https:\/\/theperfumebottles.com\/hu\/wp-json\/wp\/v2\/product\/3032","targetHints":{"allow":["GET"]}}],"collection":[{"href":"https:\/\/theperfumebottles.com\/hu\/wp-json\/wp\/v2\/product"}],"about":[{"href":"https:\/\/theperfumebottles.com\/hu\/wp-json\/wp\/v2\/types\/product"}],"replies":[{"embeddable":true,"href":"https:\/\/theperfumebottles.com\/hu\/wp-json\/wp\/v2\/comments?post=3032"}],"wp:featuredmedia":[{"embeddable":true,"href":"https:\/\/theperfumebottles.com\/hu\/wp-json\/wp\/v2\/media\/3035"}],"wp:attachment":[{"href":"https:\/\/theperfumebottles.com\/hu\/wp-json\/wp\/v2\/media?parent=3032"}],"wp:term":[{"taxonomy":"product_brand","embeddable":true,"href":"https:\/\/theperfumebottles.com\/hu\/wp-json\/wp\/v2\/product_brand?post=3032"},{"taxonomy":"product_cat","embeddable":true,"href":"https:\/\/theperfumebottles.com\/hu\/wp-json\/wp\/v2\/product_cat?post=3032"},{"taxonomy":"product_tag","embeddable":true,"href":"https:\/\/theperfumebottles.com\/hu\/wp-json\/wp\/v2\/product_tag?post=3032"}],"curies":[{"name":"wp","href":"https:\/\/api.w.org\/{rel}","templated":true}]}}