{"id":3070,"date":"2025-04-16T05:58:27","date_gmt":"2025-04-16T05:58:27","guid":{"rendered":"https:\/\/theperfumebottles.com\/?post_type=product&#038;p=3070"},"modified":"2025-05-28T19:27:39","modified_gmt":"2025-05-28T11:27:39","slug":"square-100-ml-empty-spray-bottles-custom-perfume-packaging","status":"publish","type":"product","link":"https:\/\/theperfumebottles.com\/hu\/termek\/square-100-ml-empty-spray-bottles-custom-perfume-packaging\/","title":{"rendered":"N\u00e9gyzet alak\u00fa 100 ml-es \u00fcres sz\u00f3r\u00f3fejes flakonok egyedi parf\u00fcmcsomagol\u00e1s"},"content":{"rendered":"<p>YX04 \u00fcveg parf\u00fcm\u00f6s \u00fcvegeink \u00f6tv\u00f6zik az eleganci\u00e1t \u00e9s a praktikumot. 100 ml-es \u00fcres sz\u00f3r\u00f3fejes flakonjaink ide\u00e1lis v\u00e1laszt\u00e1st jelentenek a luxusm\u00e1rk\u00e1k sz\u00e1m\u00e1ra, stabil \u00fcvegtalpukkal \u00e9s luxus megjelen\u00e9s\u00fckkel megv\u00e9dik az \u00e9rt\u00e9kes illatokat.<\/p>\n<h2><strong>Specifik\u00e1ci\u00f3k<\/strong><\/h2>\n<div class=\"hyc-common-markdown__table-wrapper\">\n<table>\n<thead>\n<tr>\n<th>Attrib\u00fatum<\/th>\n<th>R\u00e9szletek<\/th>\n<\/tr>\n<\/thead>\n<tbody>\n<tr>\n<td>Modell<\/td>\n<td>MH-YX04<\/td>\n<\/tr>\n<tr>\n<td>Kapacit\u00e1s<\/td>\n<td>100 ml (egyedi m\u00e9retek is el\u00e9rhet\u0151k)<\/td>\n<\/tr>\n<tr>\n<td>Anyag<\/td>\n<td>\u00c1tl\u00e1tsz\u00f3 \u00fcveg vastag talppal<\/td>\n<\/tr>\n<tr>\n<td>Sz\u00ednbe\u00e1ll\u00edt\u00e1sok<\/td>\n<td>\u00c1tl\u00e1tsz\u00f3 test, fekete\/egyedi fed\u00e9l<\/td>\n<\/tr>\n<tr>\n<td>Tan\u00fas\u00edtv\u00e1nyok<\/td>\n<td>CE, ISO, REACH, BSCI, MSDS min\u0151s\u00edt\u00e9s<\/td>\n<\/tr>\n<tr>\n<td>\u00c1tfut\u00e1si id\u0151<\/td>\n<td>7-15 nap (rakt\u00e1ron), 30-45 nap (egyedi)<\/td>\n<\/tr>\n<\/tbody>\n<\/table>\n<\/div>\n<h2>El\u0151ny\u00f6k:<\/h2>\n<p>Ak\u00e1r startup v\u00e1llalkoz\u00e1sr\u00f3l, ak\u00e1r egy m\u00e1r befutott m\u00e1rk\u00e1r\u00f3l van sz\u00f3, ezek a 100 ml-es \u00fcres sz\u00f3r\u00f3fejes flakonok k\u00e9t kritikus ig\u00e9nyt el\u00e9g\u00edtenek ki: a csomagol\u00e1s leny\u0171g\u00f6zi a v\u00e1s\u00e1rl\u00f3kat, \u00e9s a logisztika id\u0151t takar\u00edt meg. A homor\u00fa \u00f6vr\u00e9szlet st\u00edlusos megjelen\u00e9st k\u00f6lcs\u00f6n\u00f6z an\u00e9lk\u00fcl, hogy elnyomn\u00e1 a c\u00edmk\u00e9t, a testreszabhat\u00f3 kupak sz\u00edne pedig lehet\u0151v\u00e9 teszi, hogy olyan m\u00e1rkaelemeket v\u00e1lasszon, amelyek illeszkednek a m\u00e1rkast\u00edlus\u00e1hoz.<\/p>\n<h2>Javaslat:<\/h2>\n<p>D\u00edsz\u00edtsd bojtokkal vagy arany d\u00edsz\u00edt\u00e9sekkel \u00fcnnepi aj\u00e1nd\u00e9kk\u00e9nt. K\u00e9rj t\u0151l\u00fcnk mint\u00e1t, \u00e9s seg\u00edt\u00fcnk felejthetetlen illat\u00e9lm\u00e9nyt teremteni.<\/p>","protected":false},"excerpt":{"rendered":"<p>Fedezze fel 100 ml-es \u00fcres parf\u00fcm\u00f6s sz\u00f3r\u00f3fejes flakonjainkat testreszabhat\u00f3 diz\u00e1jnnal. Nagyobb megrendel\u00e9sek, gyors sz\u00e1ll\u00edt\u00e1s \u00e9s megb\u00edzhat\u00f3 tan\u00fas\u00edtv\u00e1nyok illatszer-v\u00e1llalkoz\u00e1sa sz\u00e1m\u00e1ra.<\/p>","protected":false},"featured_media":3072,"comment_status":"open","ping_status":"closed","template":"","meta":{"_acf_changed":false,"site-sidebar-layout":"default","site-content-layout":"","ast-site-content-layout":"default","site-content-style":"default","site-sidebar-style":"default","ast-global-header-display":"","ast-banner-title-visibility":"","ast-main-header-display":"","ast-hfb-above-header-display":"","ast-hfb-below-header-display":"","ast-hfb-mobile-header-display":"","site-post-title":"","ast-breadcrumbs-content":"","ast-featured-img":"","footer-sml-layout":"","ast-disable-related-posts":"","theme-transparent-header-meta":"default","adv-header-id-meta":"","stick-header-meta":"","header-above-stick-meta":"","header-main-stick-meta":"","header-below-stick-meta":"","astra-migrate-meta-layouts":"set","ast-page-background-enabled":"default","ast-page-background-meta":{"desktop":{"background-color":"var(--ast-global-color-5)","background-image":"","background-repeat":"repeat","background-position":"center center","background-size":"auto","background-attachment":"scroll","background-type":"","background-media":"","overlay-type":"","overlay-color":"","overlay-opacity":"","overlay-gradient":""},"tablet":{"background-color":"","background-image":"","background-repeat":"repeat","background-position":"center center","background-size":"auto","background-attachment":"scroll","background-type":"","background-media":"","overlay-type":"","overlay-color":"","overlay-opacity":"","overlay-gradient":""},"mobile":{"background-color":"","background-image":"","background-repeat":"repeat","background-position":"center center","background-size":"auto","background-attachment":"scroll","background-type":"","background-media":"","overlay-type":"","overlay-color":"","overlay-opacity":"","overlay-gradient":""}},"ast-content-background-meta":{"desktop":{"background-color":"var(--ast-global-color-4)","background-image":"","background-repeat":"repeat","background-position":"center center","background-size":"auto","background-attachment":"scroll","background-type":"","background-media":"","overlay-type":"","overlay-color":"","overlay-opacity":"","overlay-gradient":""},"tablet":{"background-color":"var(--ast-global-color-4)","background-image":"","background-repeat":"repeat","background-position":"center center","background-size":"auto","background-attachment":"scroll","background-type":"","background-media":"","overlay-type":"","overlay-color":"","overlay-opacity":"","overlay-gradient":""},"mobile":{"background-color":"var(--ast-global-color-4)","background-image":"","background-repeat":"repeat","background-position":"center center","background-size":"auto","background-attachment":"scroll","background-type":"","background-media":"","overlay-type":"","overlay-color":"","overlay-opacity":"","overlay-gradient":""}}},"product_brand":[],"product_cat":[72,91,41],"product_tag":[],"class_list":{"0":"post-3070","1":"product","2":"type-product","3":"status-publish","4":"has-post-thumbnail","6":"product_cat-cosmetic-packaging","7":"product_cat-custom-perfume-bottles","8":"product_cat-perfume-bottles","9":"desktop-align-left","10":"tablet-align-left","11":"mobile-align-left","13":"first","14":"instock","15":"shipping-taxable","16":"product-type-simple"},"acf":[],"jetpack_sharing_enabled":true,"_links":{"self":[{"href":"https:\/\/theperfumebottles.com\/hu\/wp-json\/wp\/v2\/product\/3070","targetHints":{"allow":["GET"]}}],"collection":[{"href":"https:\/\/theperfumebottles.com\/hu\/wp-json\/wp\/v2\/product"}],"about":[{"href":"https:\/\/theperfumebottles.com\/hu\/wp-json\/wp\/v2\/types\/product"}],"replies":[{"embeddable":true,"href":"https:\/\/theperfumebottles.com\/hu\/wp-json\/wp\/v2\/comments?post=3070"}],"wp:featuredmedia":[{"embeddable":true,"href":"https:\/\/theperfumebottles.com\/hu\/wp-json\/wp\/v2\/media\/3072"}],"wp:attachment":[{"href":"https:\/\/theperfumebottles.com\/hu\/wp-json\/wp\/v2\/media?parent=3070"}],"wp:term":[{"taxonomy":"product_brand","embeddable":true,"href":"https:\/\/theperfumebottles.com\/hu\/wp-json\/wp\/v2\/product_brand?post=3070"},{"taxonomy":"product_cat","embeddable":true,"href":"https:\/\/theperfumebottles.com\/hu\/wp-json\/wp\/v2\/product_cat?post=3070"},{"taxonomy":"product_tag","embeddable":true,"href":"https:\/\/theperfumebottles.com\/hu\/wp-json\/wp\/v2\/product_tag?post=3070"}],"curies":[{"name":"wp","href":"https:\/\/api.w.org\/{rel}","templated":true}]}}