{"id":3076,"date":"2025-04-16T08:01:59","date_gmt":"2025-04-16T08:01:59","guid":{"rendered":"https:\/\/theperfumebottles.com\/?post_type=product&#038;p=3076"},"modified":"2025-04-16T08:02:00","modified_gmt":"2025-04-16T08:02:00","slug":"octagonal-luxury-crystal-perfume-bottle-with-gold-accent","status":"publish","type":"product","link":"https:\/\/theperfumebottles.com\/hu\/termek\/octagonal-luxury-crystal-perfume-bottle-with-gold-accent\/","title":{"rendered":"Nyolcsz\u00f6glet\u0171 luxus krist\u00e1ly parf\u00fcm\u00f6s \u00fcveg arany d\u00edsz\u00edt\u00e9ssel"},"content":{"rendered":"<p>Az YX05 parf\u00fcm\u00f6s \u00fcvegek sorozatunk a modern geometrikus form\u00e1kat \u00f6tv\u00f6zi az id\u0151tlen kifinomults\u00e1ggal. Luxus krist\u00e1ly parf\u00fcm\u00f6s \u00fcveg\u00fcnk pontosan ezt teszi, amelyet \u00fagy tervezt\u00fcnk, hogy parf\u00fcmje minden polcon kiemelkedjen. Ak\u00e1r \u00faj illatot bevezet\u0151 m\u00e1rkatulajdonos, ak\u00e1r keresked\u0151, erre a parf\u00fcm\u00f6s \u00fcvegre t\u00e1maszkodhat, hogy megfeleljen v\u00e1s\u00e1rl\u00f3i min\u0151s\u00e9g \u00e9s st\u00edlus ir\u00e1nti ig\u00e9nyeinek.<\/p>\n<h2>F\u0151bb specifik\u00e1ci\u00f3k<\/h2>\n<div class=\"hyc-common-markdown__table-wrapper\">\n<table>\n<thead>\n<tr>\n<th>Param\u00e9ter<\/th>\n<th>R\u00e9szletek<\/th>\n<\/tr>\n<\/thead>\n<tbody>\n<tr>\n<td>Modell<\/td>\n<td>MH-YX05<\/td>\n<\/tr>\n<tr>\n<td>Kapacit\u00e1s<\/td>\n<td>100 ml (3,4 uncia)<\/td>\n<\/tr>\n<tr>\n<td>M\u00e9retek<\/td>\n<td>75mm x 34mm x 89mm<\/td>\n<\/tr>\n<tr>\n<td>Fel\u00fcleti be\u00e1ll\u00edt\u00e1sok<\/td>\n<td>Fagyasztott, szitafest\u00e9s, forr\u00f3 b\u00e9lyegz\u00e9s, egyedi sz\u00ednek\/log\u00f3k<\/td>\n<\/tr>\n<tr>\n<td>Haszn\u00e1lat<\/td>\n<td>Parf\u00fcm\u00f6k, k\u00f6lnik, testpermetek, olajok, hidrolok<\/td>\n<\/tr>\n<tr>\n<td>Tan\u00fas\u00edtv\u00e1nyok<\/td>\n<td>CE, ISO, BSCI, REACH, MSDS<\/td>\n<\/tr>\n<tr>\n<td>Csomagol\u00e1s<\/td>\n<td>Testreszabhat\u00f3 dobozok vagy fa raklapok t\u00f6meges megrendel\u00e9sekhez<\/td>\n<\/tr>\n<tr>\n<td>\u00c1tfut\u00e1si id\u0151<\/td>\n<td>7-15 nap (rakt\u00e1rk\u00e9szlet); 30-45 nap (egyedi)<\/td>\n<\/tr>\n<\/tbody>\n<\/table>\n<\/div>\n<p>A nyolcsz\u00f6glet\u0171 \u00fcveg egyszerre sz\u00e9p \u00e9s praktikus, t\u00f6k\u00e9letesen megfogja a f\u00e9nyt. A 100 ml-es \u0171rtartalom megfelel az \u00e1ltal\u00e1nos piaci szabv\u00e1nyoknak. Az aranyszeg\u00e9lyes fekete kupakkal visszafogott luxust sug\u00e1roz.<\/p>\n<p><strong>Robusztus \u00e9s tart\u00f3s<\/strong>: Vastag \u00fcvegb\u0151l k\u00e9sz\u00fclt, tart\u00f3s \u00e9s k\u00e9nyelmes a k\u00e9zben tart\u00e1sa, kiemelve a term\u00e9k min\u0151s\u00e9g\u00e9t. A term\u00e9k CE \u00e9s ISO tan\u00fas\u00edtv\u00e1nnyal rendelkezik.<\/p>\n<p><strong>Hat\u00e9kony \u00e9s rugalmas<\/strong>: F\u00fcggetlen\u00fcl att\u00f3l, hogy a megrendel\u00e9s mennyis\u00e9ge 500 vagy <span class=\"wrapper\">50,000<\/span> darabok, a k\u00e9szlet\u00fcnk \u00e9s a lehet\u0151s\u00e9geink seg\u00edthetnek \u00d6nnek. El\u0151sz\u00f6r mint\u00e1kat rendelhet, \u00e9s magabiztosan n\u00f6velheti a m\u00e9retar\u00e1nyt.<\/p>\n<p>Az MH-YX05 parf\u00fcm\u00f6s \u00fcveg ide\u00e1lis az eml\u00e9kezetes m\u00e1rk\u00e1k l\u00e9trehoz\u00e1s\u00e1hoz. Az els\u0151 permetez\u00e9st\u0151l az utols\u00f3 cseppig felfriss\u00edti a parf\u00fcm megjelen\u00e9s\u00e9t \u00e9s illat\u00e1t.<\/p>\n<h2>Megfelel\u0151 csomagol\u00e1si javaslatok<\/h2>\n<p><strong>Aj\u00e1nd\u00e9kdoboz<\/strong>: V\u00e1lasszon fekete vagy s\u00f6t\u00e9tk\u00e9k dobozt. Nyomtasson egy egyszer\u0171 log\u00f3t a doboz fel\u00fclet\u00e9re, \u00e9s illessze hozz\u00e1 egy ugyanolyan sz\u00edn\u0171 szalaggal d\u00edsz\u00edtett masnit. Haszn\u00e1ljon puha szivacsot vagy pelyhes\u00edt\u0151 anyagot a parf\u00fcm\u00f6s \u00fcveg belsej\u00e9ben l\u00e9v\u0151 rekeszek kit\u00f6lt\u00e9s\u00e9hez.<\/p>\n<p><strong>T\u00f6lt\u00e9s<\/strong>: Haszn\u00e1ljon k\u00f6rnyezetbar\u00e1t anyagokat, p\u00e9ld\u00e1ul rafi\u00e1t vagy apr\u00edtott pap\u00edrt. A parf\u00fcm\u00f6s \u00fcveget t\u00fcllel is becsomagolhatja, hogy \u00fcnnep\u00e9lyesebb\u00e9 tegye.<\/p>\n<p><strong>K\u00e9zit\u00e1sk\u00e1k<\/strong>: Pap\u00edr vagy nem sz\u0151tt k\u00e9zit\u00e1sk\u00e1k m\u00e1rkajelz\u00e9ssel \u00e9s szlogennel. A fels\u0151 kateg\u00f3ri\u00e1s \u00fcgyfelek sz\u00e1m\u00e1ra b\u0151r k\u00e9zit\u00e1sk\u00e1k is testre szabhat\u00f3k.<\/p>\n<h2>Haszn\u00e1lati \u00fatmutat\u00f3<\/h2>\n<p>\ud83d\udc49 Rendeljen mint\u00e1kat a permet tesztel\u00e9s\u00e9hez.<\/p>\n<p>\ud83d\udc49 Testreszabhatja a palack sz\u00edn\u00e9t \u00e9s a m\u00e1rka inform\u00e1ci\u00f3it.<\/p>\n<p>\ud83d\udc49 Konzult\u00e1ljon a nagykereskedelmi lehet\u0151s\u00e9gekkel a megfizethet\u0151 megold\u00e1s \u00e9rdek\u00e9ben.<\/p>\n<p>V\u00e1lassza ezt a parf\u00fcm\u00f6s \u00fcveget a kollekci\u00f3j\u00e1hoz, \u00e9s hozzon l\u00e9tre egy\u00fctt egy eml\u00e9kezetes term\u00e9kbemutat\u00f3t.<\/p>","protected":false},"excerpt":{"rendered":"<p>Az YX05 parf\u00fcm\u00f6s \u00fcvegek sorozatunk a modern geometrikus form\u00e1kat \u00f6tv\u00f6zi az id\u0151tlen kifinomults\u00e1ggal. Emelje fel illatcsal\u00e1dj\u00e1t luxus krist\u00e1ly parf\u00fcm\u00f6s \u00fcveg\u00fcnkkel. 100ml nyolcsz\u00f6gletes \u00fcveg kialak\u00edt\u00e1s, CE\/ISO tan\u00fas\u00edtv\u00e1nnyal, testreszabhat\u00f3 t\u00f6meges rendel\u00e9sek.<\/p>","protected":false},"featured_media":3080,"comment_status":"open","ping_status":"closed","template":"","meta":{"_acf_changed":false,"site-sidebar-layout":"default","site-content-layout":"","ast-site-content-layout":"default","site-content-style":"default","site-sidebar-style":"default","ast-global-header-display":"","ast-banner-title-visibility":"","ast-main-header-display":"","ast-hfb-above-header-display":"","ast-hfb-below-header-display":"","ast-hfb-mobile-header-display":"","site-post-title":"","ast-breadcrumbs-content":"","ast-featured-img":"","footer-sml-layout":"","ast-disable-related-posts":"","theme-transparent-header-meta":"default","adv-header-id-meta":"","stick-header-meta":"","header-above-stick-meta":"","header-main-stick-meta":"","header-below-stick-meta":"","astra-migrate-meta-layouts":"set","ast-page-background-enabled":"default","ast-page-background-meta":{"desktop":{"background-color":"var(--ast-global-color-5)","background-image":"","background-repeat":"repeat","background-position":"center center","background-size":"auto","background-attachment":"scroll","background-type":"","background-media":"","overlay-type":"","overlay-color":"","overlay-opacity":"","overlay-gradient":""},"tablet":{"background-color":"","background-image":"","background-repeat":"repeat","background-position":"center center","background-size":"auto","background-attachment":"scroll","background-type":"","background-media":"","overlay-type":"","overlay-color":"","overlay-opacity":"","overlay-gradient":""},"mobile":{"background-color":"","background-image":"","background-repeat":"repeat","background-position":"center center","background-size":"auto","background-attachment":"scroll","background-type":"","background-media":"","overlay-type":"","overlay-color":"","overlay-opacity":"","overlay-gradient":""}},"ast-content-background-meta":{"desktop":{"background-color":"var(--ast-global-color-4)","background-image":"","background-repeat":"repeat","background-position":"center center","background-size":"auto","background-attachment":"scroll","background-type":"","background-media":"","overlay-type":"","overlay-color":"","overlay-opacity":"","overlay-gradient":""},"tablet":{"background-color":"var(--ast-global-color-4)","background-image":"","background-repeat":"repeat","background-position":"center center","background-size":"auto","background-attachment":"scroll","background-type":"","background-media":"","overlay-type":"","overlay-color":"","overlay-opacity":"","overlay-gradient":""},"mobile":{"background-color":"var(--ast-global-color-4)","background-image":"","background-repeat":"repeat","background-position":"center center","background-size":"auto","background-attachment":"scroll","background-type":"","background-media":"","overlay-type":"","overlay-color":"","overlay-opacity":"","overlay-gradient":""}}},"product_brand":[],"product_cat":[72,91,41],"product_tag":[],"class_list":{"0":"post-3076","1":"product","2":"type-product","3":"status-publish","4":"has-post-thumbnail","6":"product_cat-cosmetic-packaging","7":"product_cat-custom-perfume-bottles","8":"product_cat-perfume-bottles","9":"desktop-align-left","10":"tablet-align-left","11":"mobile-align-left","13":"first","14":"instock","15":"shipping-taxable","16":"product-type-simple"},"acf":[],"jetpack_sharing_enabled":true,"_links":{"self":[{"href":"https:\/\/theperfumebottles.com\/hu\/wp-json\/wp\/v2\/product\/3076","targetHints":{"allow":["GET"]}}],"collection":[{"href":"https:\/\/theperfumebottles.com\/hu\/wp-json\/wp\/v2\/product"}],"about":[{"href":"https:\/\/theperfumebottles.com\/hu\/wp-json\/wp\/v2\/types\/product"}],"replies":[{"embeddable":true,"href":"https:\/\/theperfumebottles.com\/hu\/wp-json\/wp\/v2\/comments?post=3076"}],"wp:featuredmedia":[{"embeddable":true,"href":"https:\/\/theperfumebottles.com\/hu\/wp-json\/wp\/v2\/media\/3080"}],"wp:attachment":[{"href":"https:\/\/theperfumebottles.com\/hu\/wp-json\/wp\/v2\/media?parent=3076"}],"wp:term":[{"taxonomy":"product_brand","embeddable":true,"href":"https:\/\/theperfumebottles.com\/hu\/wp-json\/wp\/v2\/product_brand?post=3076"},{"taxonomy":"product_cat","embeddable":true,"href":"https:\/\/theperfumebottles.com\/hu\/wp-json\/wp\/v2\/product_cat?post=3076"},{"taxonomy":"product_tag","embeddable":true,"href":"https:\/\/theperfumebottles.com\/hu\/wp-json\/wp\/v2\/product_tag?post=3076"}],"curies":[{"name":"wp","href":"https:\/\/api.w.org\/{rel}","templated":true}]}}