{"id":3081,"date":"2025-04-16T09:14:49","date_gmt":"2025-04-16T09:14:49","guid":{"rendered":"https:\/\/theperfumebottles.com\/?post_type=product&#038;p=3081"},"modified":"2026-04-07T15:47:10","modified_gmt":"2026-04-07T07:47:10","slug":"1-oz-30-ml-perfume-bottle-with-customizable-design","status":"publish","type":"product","link":"https:\/\/theperfumebottles.com\/hu\/termek\/1-oz-30-ml-perfume-bottle-with-customizable-design\/","title":{"rendered":"30 ml-es parf\u00fcm\u00f6s \u00fcveg testreszabhat\u00f3 diz\u00e1jnnal"},"content":{"rendered":"<p>Ma egy kiv\u00e1l\u00f3 YX06 30 ml-es \u00fcveg parf\u00fcm\u00f6s \u00fcveget aj\u00e1nlunk. A 30 ml-es \u00fcveg l\u00e9nyeges diz\u00e1jnelemet tartalmaz, amely az ultra-tiszta \u00fcveg t\u00e9glalap alak\u00fa form\u00e1j\u00e1hoz \u00e9s az ez\u00fcst kr\u00f3m sz\u00f3r\u00f3fejhez p\u00e1rosul, finom luxushat\u00e1st keltve.<\/p>\n<h2>F\u0151bb specifik\u00e1ci\u00f3k<\/h2>\n<div>\n<table class=\"aligncenter\" style=\"border-collapse: collapse; width: 524.27pt;\" border=\"0\" width=\"699\" cellspacing=\"0\" cellpadding=\"0\">\n<tbody>\n<tr style=\"height: 13.50pt;\">\n<td style=\"height: 13.50pt; width: 96.75pt;\" width=\"129\" height=\"18\">Jellemz\u0151<\/td>\n<td style=\"width: 427.50pt;\" width=\"570\">R\u00e9szletek<\/td>\n<\/tr>\n<tr style=\"height: 13.50pt;\">\n<td style=\"height: 13.50pt;\" height=\"18\">Modell<\/td>\n<td>PB-YX06<\/td>\n<\/tr>\n<tr style=\"height: 13.50pt;\">\n<td style=\"height: 13.50pt;\" height=\"18\">Kapacit\u00e1s<\/td>\n<td>30 ml (1 uncia)<\/td>\n<\/tr>\n<tr style=\"height: 13.50pt;\">\n<td style=\"height: 13.50pt;\" height=\"18\">M\u00e9retek<\/td>\n<td>37 \u00d7 25 \u00d7 95 mm<\/td>\n<\/tr>\n<tr style=\"height: 13.50pt;\">\n<td style=\"height: 13.50pt;\" height=\"18\">Fel\u00fcleti be\u00e1ll\u00edt\u00e1sok<\/td>\n<td>Matt \u00fcveg, szitanyom\u00e1s, meleg sajtol\u00e1s, egyedi sz\u00ednmint\u00e1k<\/td>\n<\/tr>\n<tr style=\"height: 13.50pt;\">\n<td style=\"height: 13.50pt;\" height=\"18\">Tan\u00fas\u00edtv\u00e1nyok<\/td>\n<td>ISO, CE, REACH, BSCI, MSDS min\u0151s\u00edt\u00e9s<\/td>\n<\/tr>\n<tr style=\"height: 13.50pt;\">\n<td style=\"height: 13.50pt;\" height=\"18\">Csomagol\u00e1s<\/td>\n<td>Testreszabhat\u00f3 dobozok vagy fa raklapok t\u00f6meges megrendel\u00e9sekhez<\/td>\n<\/tr>\n<tr style=\"height: 13.50pt;\">\n<td style=\"height: 13.50pt;\" height=\"18\">\u00c1tfut\u00e1si id\u0151<\/td>\n<td>7\u201315 nap (rakt\u00e1ron); 30\u201345 nap (egyedi)<\/td>\n<\/tr>\n<\/tbody>\n<\/table>\n<\/div>\n<h2>A t\u00f6meges megrendel\u00e9sekr\u0151l<\/h2>\n<p>Ak\u00e1r 500, ak\u00e1r 50 000 darabot kell v\u00e1s\u00e1rolnia, rugalmas \u00e9s v\u00e1ltozatos csomagol\u00e1si lehet\u0151s\u00e9geket k\u00edn\u00e1lunk, \u00e9s gyors sz\u00e1ll\u00edt\u00e1st biztos\u00edtunk. A rakt\u00e1ron l\u00e9v\u0151 term\u00e9keket 1-2 h\u00e9ten bel\u00fcl tudjuk sz\u00e1ll\u00edtani, az egyedi term\u00e9keket pedig \u00e1ltal\u00e1ban 30-45 napon bel\u00fcl sz\u00e1ll\u00edtjuk, hogy biztos\u00edtsuk a megrendel\u00e9s id\u0151ben t\u00f6rt\u00e9n\u0151 teljes\u00edt\u00e9s\u00e9t.<\/p>\n<h2>1 oz-os parf\u00fcm\u00f6s \u00fcvegek testreszab\u00e1si javaslatai<\/h2>\n<ul>\n<li>N\u00e9gyzetes ar\u00e1ny\u00fa vari\u00e1ci\u00f3k: \u00daj term\u00e9kdiz\u00e1jnok l\u00e9trehoz\u00e1sa olyan palackform\u00e1k fejleszt\u00e9s\u00e9vel, amelyek magas, keskeny \u00e9s r\u00f6vid, sz\u00e9les, n\u00e9gyzet alak\u00fa tart\u00e1lyokat tartalmaznak, \u00e9s amelyek a teljes term\u00e9kcsal\u00e1don kereszt\u00fcl meg\u0151rzik eszt\u00e9tikai \u00e9rt\u00e9k\u00fcket.<\/li>\n<li>M\u00e1gneses palackkupak: A palackkupak biztons\u00e1gos m\u00e1gneses t\u00f6m\u00edt\u00e9ssel rendelkezik, amely folyamatos fel\u00fcletet biztos\u00edt a felhaszn\u00e1l\u00f3k sz\u00e1m\u00e1ra, ez\u00e1ltal jav\u00edtva a term\u00e9kkel val\u00f3 interakci\u00f3jukat.<\/li>\n<li>Speci\u00e1lis permetez\u0151g\u00e9p testreszab\u00e1s: A sz\u00f3r\u00f3fej lehet\u0151v\u00e9 teszi a felhaszn\u00e1l\u00f3k sz\u00e1m\u00e1ra a sz\u00edn \u00e9s az alak megv\u00e1ltoztat\u00e1s\u00e1t, valamint a permetez\u00e9si minta be\u00e1ll\u00edt\u00e1s\u00e1t, am\u00edg el nem \u00e9rik a k\u00edv\u00e1nt eredm\u00e9nyt.<\/li>\n<\/ul>","protected":false},"excerpt":{"rendered":"<p>Fedezze fel a karcs\u00fa, 30 ml-es (1 oz) parf\u00fcm\u00f6s \u00fcvegeket testreszabhat\u00f3 diz\u00e1jnnal, nagykereskedelmi lehet\u0151s\u00e9gekkel \u00e9s gyors sz\u00e1ll\u00edt\u00e1ssal. T\u00f6k\u00e9letes parf\u00fcmm\u00e1rk\u00e1k \u00e9s -besz\u00e1ll\u00edt\u00f3k sz\u00e1m\u00e1ra.<\/p>","protected":false},"featured_media":3082,"comment_status":"open","ping_status":"closed","template":"","meta":{"_acf_changed":false,"site-sidebar-layout":"default","site-content-layout":"","ast-site-content-layout":"default","site-content-style":"default","site-sidebar-style":"default","ast-global-header-display":"","ast-banner-title-visibility":"","ast-main-header-display":"","ast-hfb-above-header-display":"","ast-hfb-below-header-display":"","ast-hfb-mobile-header-display":"","site-post-title":"","ast-breadcrumbs-content":"","ast-featured-img":"","footer-sml-layout":"","ast-disable-related-posts":"","theme-transparent-header-meta":"default","adv-header-id-meta":"","stick-header-meta":"","header-above-stick-meta":"","header-main-stick-meta":"","header-below-stick-meta":"","astra-migrate-meta-layouts":"set","ast-page-background-enabled":"default","ast-page-background-meta":{"desktop":{"background-color":"var(--ast-global-color-5)","background-image":"","background-repeat":"repeat","background-position":"center center","background-size":"auto","background-attachment":"scroll","background-type":"","background-media":"","overlay-type":"","overlay-color":"","overlay-opacity":"","overlay-gradient":""},"tablet":{"background-color":"","background-image":"","background-repeat":"repeat","background-position":"center center","background-size":"auto","background-attachment":"scroll","background-type":"","background-media":"","overlay-type":"","overlay-color":"","overlay-opacity":"","overlay-gradient":""},"mobile":{"background-color":"","background-image":"","background-repeat":"repeat","background-position":"center center","background-size":"auto","background-attachment":"scroll","background-type":"","background-media":"","overlay-type":"","overlay-color":"","overlay-opacity":"","overlay-gradient":""}},"ast-content-background-meta":{"desktop":{"background-color":"var(--ast-global-color-4)","background-image":"","background-repeat":"repeat","background-position":"center center","background-size":"auto","background-attachment":"scroll","background-type":"","background-media":"","overlay-type":"","overlay-color":"","overlay-opacity":"","overlay-gradient":""},"tablet":{"background-color":"var(--ast-global-color-4)","background-image":"","background-repeat":"repeat","background-position":"center center","background-size":"auto","background-attachment":"scroll","background-type":"","background-media":"","overlay-type":"","overlay-color":"","overlay-opacity":"","overlay-gradient":""},"mobile":{"background-color":"var(--ast-global-color-4)","background-image":"","background-repeat":"repeat","background-position":"center center","background-size":"auto","background-attachment":"scroll","background-type":"","background-media":"","overlay-type":"","overlay-color":"","overlay-opacity":"","overlay-gradient":""}}},"product_brand":[],"product_cat":[91,72,41],"product_tag":[],"class_list":{"0":"post-3081","1":"product","2":"type-product","3":"status-publish","4":"has-post-thumbnail","6":"product_cat-custom-perfume-bottles","7":"product_cat-cosmetic-packaging","8":"product_cat-perfume-bottles","9":"desktop-align-left","10":"tablet-align-left","11":"mobile-align-left","13":"first","14":"instock","15":"shipping-taxable","16":"product-type-simple"},"acf":[],"jetpack_sharing_enabled":true,"_links":{"self":[{"href":"https:\/\/theperfumebottles.com\/hu\/wp-json\/wp\/v2\/product\/3081","targetHints":{"allow":["GET"]}}],"collection":[{"href":"https:\/\/theperfumebottles.com\/hu\/wp-json\/wp\/v2\/product"}],"about":[{"href":"https:\/\/theperfumebottles.com\/hu\/wp-json\/wp\/v2\/types\/product"}],"replies":[{"embeddable":true,"href":"https:\/\/theperfumebottles.com\/hu\/wp-json\/wp\/v2\/comments?post=3081"}],"wp:featuredmedia":[{"embeddable":true,"href":"https:\/\/theperfumebottles.com\/hu\/wp-json\/wp\/v2\/media\/3082"}],"wp:attachment":[{"href":"https:\/\/theperfumebottles.com\/hu\/wp-json\/wp\/v2\/media?parent=3081"}],"wp:term":[{"taxonomy":"product_brand","embeddable":true,"href":"https:\/\/theperfumebottles.com\/hu\/wp-json\/wp\/v2\/product_brand?post=3081"},{"taxonomy":"product_cat","embeddable":true,"href":"https:\/\/theperfumebottles.com\/hu\/wp-json\/wp\/v2\/product_cat?post=3081"},{"taxonomy":"product_tag","embeddable":true,"href":"https:\/\/theperfumebottles.com\/hu\/wp-json\/wp\/v2\/product_tag?post=3081"}],"curies":[{"name":"wp","href":"https:\/\/api.w.org\/{rel}","templated":true}]}}