{"id":3099,"date":"2025-04-18T07:05:07","date_gmt":"2025-04-18T07:05:07","guid":{"rendered":"https:\/\/theperfumebottles.com\/?post_type=product&#038;p=3099"},"modified":"2025-05-28T19:24:10","modified_gmt":"2025-05-28T11:24:10","slug":"custom-100ml-cool-perfume-bottles-aftershave-bottles-for-wholesale","status":"publish","type":"product","link":"https:\/\/theperfumebottles.com\/hu\/termek\/custom-100ml-cool-perfume-bottles-aftershave-bottles-for-wholesale\/","title":{"rendered":"Egyedi 100 ml-es men\u0151 parf\u00fcm\u00f6s \u00fcvegek \u00e9s borotv\u00e1lkoz\u00e1s ut\u00e1ni \u00fcvegek nagykereskedelemben"},"content":{"rendered":"<p>7. A n\u00e9gysz\u00f6gletes kool parf\u00fcm \u00fcvegeink \u00e9les sz\u00e9l\u0171 von\u00e1sokat \u00f6tv\u00f6znek a foly\u00e9kony metalikus akcentusokkal \u2014 arany sz\u00f3r\u00f3fejek kontrasztban \u00e1llnak a sima \u00fcvegn\u00e9l, l\u00e9trehozva f\u00e9nyreflexi\u00f3ra utal\u00f3 dr\u00e1m\u00e1t, ami a cutting-edge est\u00e9t testes\u00edti meg.<\/p>\n<h2><strong>Specifik\u00e1ci\u00f3k<\/strong><\/h2>\n<table>\n<thead>\n<tr>\n<th><strong>Jellemz\u0151<\/strong><\/th>\n<th><strong>R\u00e9szletek<\/strong><\/th>\n<\/tr>\n<\/thead>\n<tbody>\n<tr>\n<td><strong>Modell<\/strong><\/td>\n<td>PB-YX08<\/td>\n<\/tr>\n<tr>\n<td><strong>Alak<\/strong><\/td>\n<td>N\u00e9gysz\u00f6gletes<\/td>\n<\/tr>\n<tr>\n<td><strong>Kapacit\u00e1s<\/strong><\/td>\n<td>100ml (3.4oz)<\/td>\n<\/tr>\n<tr>\n<td><strong>Fels\u0151<\/strong><\/td>\n<td>G\u00f6mb alak\u00fa kupak sz\u00f3r\u00f3fejjel<\/td>\n<\/tr>\n<tr>\n<td><strong>M\u00e9retek<\/strong><\/td>\n<td>55mm (sz\u00e9less\u00e9g) \u00d7 30mm (m\u00e9lys\u00e9g) \u00d7 118mm (magass\u00e1g)<\/td>\n<\/tr>\n<tr>\n<td><strong>Fel\u00fcleti be\u00e1ll\u00edt\u00e1sok<\/strong><\/td>\n<td>Homokf\u00fav\u00e1s, szitanyom\u00e1s, aranyoz\u00e1s, permetez\u00e9s, dombornyom\u00e1s, pol\u00edroz\u00e1s, matric\u00e1z\u00e1s<\/td>\n<\/tr>\n<tr>\n<td><strong>Tan\u00fas\u00edtv\u00e1nyok<\/strong><\/td>\n<td>CE, ISO, BSCI, REACH<\/td>\n<\/tr>\n<tr>\n<td><strong>Csomagol\u00e1si lehet\u0151s\u00e9gek<\/strong><\/td>\n<td>Fa raklap, kartondoboz vagy egyedi csomagol\u00e1s<\/td>\n<\/tr>\n<\/tbody>\n<\/table>\n<h2>Csomagol\u00e1si tippek:<\/h2>\n<p>Egy m\u00e1rka ezt az \u00fcveget haszn\u00e1lta \u00faj aftershave-j\u00e9nek tart\u00e1lyak\u00e9nt. A matt fekete fel\u00fclet \u00e9s az arany dombornyom\u00e1s hozz\u00e1ad\u00e1s\u00e1val eleg\u00e1ns \u00e9s \u00e9les eszt\u00e9tik\u00e1t teremtettek, ami n\u00f6velte a l\u00e1that\u00f3s\u00e1gukat az online keres\u00e9sekben. Ezeknek az \u00fcvegeknek a tart\u00f3ss\u00e1ga \u00e9s a CE tan\u00fas\u00edt\u00e1s lehet\u0151v\u00e9 tette sz\u00e1mukra, hogy gyorsan bel\u00e9pjenek az eur\u00f3pai piacra.<\/p>","protected":false},"excerpt":{"rendered":"<p>Fedezze fel a 100 ml-es h\u0171v\u00f6s parf\u00fcm\u00f6s flakonokat \u00e9s aftershave flakonokat az illatszerekkel foglalkoz\u00f3 v\u00e1llalkoz\u00e1s\u00e1hoz. Testreszabott mint\u00e1k, gyors nagykereskedelmi rendel\u00e9sek \u00e9s glob\u00e1lis tan\u00fas\u00edtv\u00e1nyok.<\/p>","protected":false},"featured_media":3101,"comment_status":"open","ping_status":"closed","template":"","meta":{"_acf_changed":false,"site-sidebar-layout":"default","site-content-layout":"","ast-site-content-layout":"default","site-content-style":"default","site-sidebar-style":"default","ast-global-header-display":"","ast-banner-title-visibility":"","ast-main-header-display":"","ast-hfb-above-header-display":"","ast-hfb-below-header-display":"","ast-hfb-mobile-header-display":"","site-post-title":"","ast-breadcrumbs-content":"","ast-featured-img":"","footer-sml-layout":"","ast-disable-related-posts":"","theme-transparent-header-meta":"default","adv-header-id-meta":"","stick-header-meta":"","header-above-stick-meta":"","header-main-stick-meta":"","header-below-stick-meta":"","astra-migrate-meta-layouts":"set","ast-page-background-enabled":"default","ast-page-background-meta":{"desktop":{"background-color":"var(--ast-global-color-5)","background-image":"","background-repeat":"repeat","background-position":"center center","background-size":"auto","background-attachment":"scroll","background-type":"","background-media":"","overlay-type":"","overlay-color":"","overlay-opacity":"","overlay-gradient":""},"tablet":{"background-color":"","background-image":"","background-repeat":"repeat","background-position":"center center","background-size":"auto","background-attachment":"scroll","background-type":"","background-media":"","overlay-type":"","overlay-color":"","overlay-opacity":"","overlay-gradient":""},"mobile":{"background-color":"","background-image":"","background-repeat":"repeat","background-position":"center center","background-size":"auto","background-attachment":"scroll","background-type":"","background-media":"","overlay-type":"","overlay-color":"","overlay-opacity":"","overlay-gradient":""}},"ast-content-background-meta":{"desktop":{"background-color":"var(--ast-global-color-4)","background-image":"","background-repeat":"repeat","background-position":"center center","background-size":"auto","background-attachment":"scroll","background-type":"","background-media":"","overlay-type":"","overlay-color":"","overlay-opacity":"","overlay-gradient":""},"tablet":{"background-color":"var(--ast-global-color-4)","background-image":"","background-repeat":"repeat","background-position":"center center","background-size":"auto","background-attachment":"scroll","background-type":"","background-media":"","overlay-type":"","overlay-color":"","overlay-opacity":"","overlay-gradient":""},"mobile":{"background-color":"var(--ast-global-color-4)","background-image":"","background-repeat":"repeat","background-position":"center center","background-size":"auto","background-attachment":"scroll","background-type":"","background-media":"","overlay-type":"","overlay-color":"","overlay-opacity":"","overlay-gradient":""}}},"product_brand":[],"product_cat":[72,91],"product_tag":[],"class_list":{"0":"post-3099","1":"product","2":"type-product","3":"status-publish","4":"has-post-thumbnail","6":"product_cat-cosmetic-packaging","7":"product_cat-custom-perfume-bottles","8":"desktop-align-left","9":"tablet-align-left","10":"mobile-align-left","12":"first","13":"instock","14":"shipping-taxable","15":"product-type-simple"},"acf":[],"jetpack_sharing_enabled":true,"_links":{"self":[{"href":"https:\/\/theperfumebottles.com\/hu\/wp-json\/wp\/v2\/product\/3099","targetHints":{"allow":["GET"]}}],"collection":[{"href":"https:\/\/theperfumebottles.com\/hu\/wp-json\/wp\/v2\/product"}],"about":[{"href":"https:\/\/theperfumebottles.com\/hu\/wp-json\/wp\/v2\/types\/product"}],"replies":[{"embeddable":true,"href":"https:\/\/theperfumebottles.com\/hu\/wp-json\/wp\/v2\/comments?post=3099"}],"wp:featuredmedia":[{"embeddable":true,"href":"https:\/\/theperfumebottles.com\/hu\/wp-json\/wp\/v2\/media\/3101"}],"wp:attachment":[{"href":"https:\/\/theperfumebottles.com\/hu\/wp-json\/wp\/v2\/media?parent=3099"}],"wp:term":[{"taxonomy":"product_brand","embeddable":true,"href":"https:\/\/theperfumebottles.com\/hu\/wp-json\/wp\/v2\/product_brand?post=3099"},{"taxonomy":"product_cat","embeddable":true,"href":"https:\/\/theperfumebottles.com\/hu\/wp-json\/wp\/v2\/product_cat?post=3099"},{"taxonomy":"product_tag","embeddable":true,"href":"https:\/\/theperfumebottles.com\/hu\/wp-json\/wp\/v2\/product_tag?post=3099"}],"curies":[{"name":"wp","href":"https:\/\/api.w.org\/{rel}","templated":true}]}}