{"id":3118,"date":"2025-04-21T08:56:26","date_gmt":"2025-04-21T08:56:26","guid":{"rendered":"https:\/\/theperfumebottles.com\/?post_type=product&#038;p=3118"},"modified":"2025-05-23T18:09:44","modified_gmt":"2025-05-23T10:09:44","slug":"30ml-50ml-small-perfume-spray-bottles-small-cologne-bottles","status":"publish","type":"product","link":"https:\/\/theperfumebottles.com\/hu\/termek\/30ml-50ml-small-perfume-spray-bottles-small-cologne-bottles\/","title":{"rendered":"30 ml-es 50 ml-es kis parf\u00fcm\u00f6s spray-palackok \u00e9s kis k\u00f6lnipalackok"},"content":{"rendered":"<p>A parf\u00fcmiparban egy parf\u00fcm \u00fcveg\u00e9nek megjelen\u00e9se k\u00f6zvetlen\u00fcl meghat\u00e1rozhatja, hogy a v\u00e1s\u00e1rl\u00f3k megveszik-e? A ki\u00e9lezett versenypiacon a PB-YX12 sorozat\u00fa kis parf\u00fcm\u00f6s sz\u00f3r\u00f3fejes \u00fcvegek a titkos fegyverek, amelyek seg\u00edtenek kit\u0171nni a t\u00f6megb\u0151l. K\u00e9tf\u00e9le m\u00e9retben, 30 ml-es \u00e9s 50 ml-es v\u00e1ltozatban kaphat\u00f3k \u2013 el\u00e9g kicsik ahhoz, hogy k\u00f6nnyen elf\u00e9rjenek egy zsebben, de el\u00e9g nagyok ahhoz, hogy megtarts\u00e1k a parf\u00fcmparti ritu\u00e1l\u00e9j\u00e1t.<\/p>\n<table style=\"border-collapse: collapse;margin-left: auto;margin-right: auto;width: 108.03pt\" border=\"0\" width=\"144\" cellspacing=\"0\" cellpadding=\"0\">\n<tbody>\n<tr style=\"height: 13.50pt\">\n<td style=\"height: 13.50pt;width: 54.00pt\" width=\"72\" height=\"18\">\n<p><figure id=\"attachment_3121\" aria-describedby=\"caption-attachment-3121\" style=\"width: 300px\" class=\"wp-caption aligncenter\"><img fetchpriority=\"high\" decoding=\"async\" class=\"size-medium wp-image-3121\" src=\"https:\/\/theperfumebottles.com\/wp-content\/uploads\/2025\/04\/small-perfume-spray-bottles-yx1201-300x300.webp\" alt=\"kis parf\u00fcm\u00f6s sz\u00f3r\u00f3fejes flakonok\" width=\"300\" height=\"300\" srcset=\"https:\/\/theperfumebottles.com\/wp-content\/uploads\/2025\/04\/small-perfume-spray-bottles-yx1201-300x300.webp 300w, https:\/\/theperfumebottles.com\/wp-content\/uploads\/2025\/04\/small-perfume-spray-bottles-yx1201-150x150.webp 150w, https:\/\/theperfumebottles.com\/wp-content\/uploads\/2025\/04\/small-perfume-spray-bottles-yx1201-768x768.webp 768w, https:\/\/theperfumebottles.com\/wp-content\/uploads\/2025\/04\/small-perfume-spray-bottles-yx1201-12x12.webp 12w, https:\/\/theperfumebottles.com\/wp-content\/uploads\/2025\/04\/small-perfume-spray-bottles-yx1201-600x600.webp 600w, https:\/\/theperfumebottles.com\/wp-content\/uploads\/2025\/04\/small-perfume-spray-bottles-yx1201-100x100.webp 100w, https:\/\/theperfumebottles.com\/wp-content\/uploads\/2025\/04\/small-perfume-spray-bottles-yx1201.webp 1000w\" sizes=\"(max-width: 300px) 100vw, 300px\" \/><figcaption id=\"caption-attachment-3121\" class=\"wp-caption-text\">30 ml-es kis k\u00f6lnipalack<\/figcaption><\/figure><\/td>\n<td style=\"width: 54.00pt\" width=\"72\">\n<p><figure id=\"attachment_3123\" aria-describedby=\"caption-attachment-3123\" style=\"width: 300px\" class=\"wp-caption aligncenter\"><img decoding=\"async\" class=\"size-medium wp-image-3123\" src=\"https:\/\/theperfumebottles.com\/wp-content\/uploads\/2025\/04\/small-cologne-bottle-yx1202-300x300.webp\" alt=\"kis k\u00f6lni\u00fcveg\" width=\"300\" height=\"300\" srcset=\"https:\/\/theperfumebottles.com\/wp-content\/uploads\/2025\/04\/small-cologne-bottle-yx1202-300x300.webp 300w, https:\/\/theperfumebottles.com\/wp-content\/uploads\/2025\/04\/small-cologne-bottle-yx1202-150x150.webp 150w, https:\/\/theperfumebottles.com\/wp-content\/uploads\/2025\/04\/small-cologne-bottle-yx1202-768x768.webp 768w, https:\/\/theperfumebottles.com\/wp-content\/uploads\/2025\/04\/small-cologne-bottle-yx1202-12x12.webp 12w, https:\/\/theperfumebottles.com\/wp-content\/uploads\/2025\/04\/small-cologne-bottle-yx1202-600x600.webp 600w, https:\/\/theperfumebottles.com\/wp-content\/uploads\/2025\/04\/small-cologne-bottle-yx1202-100x100.webp 100w, https:\/\/theperfumebottles.com\/wp-content\/uploads\/2025\/04\/small-cologne-bottle-yx1202.webp 1000w\" sizes=\"(max-width: 300px) 100vw, 300px\" \/><figcaption id=\"caption-attachment-3123\" class=\"wp-caption-text\">50 ml-es kis k\u00f6lnipalack<\/figcaption><\/figure><\/td>\n<\/tr>\n<\/tbody>\n<\/table>\n<h2>Specifik\u00e1ci\u00f3<\/h2>\n<table style=\"border-collapse: collapse;margin-left: auto;margin-right: auto;width: 80%\" border=\"0\" width=\"80%\" cellspacing=\"0\" cellpadding=\"0\">\n<tbody>\n<tr style=\"height: 13.50pt\">\n<td class=\"et2\" style=\"height: 13.50pt;width: 142.50pt\" width=\"190\" height=\"18\"><strong>Specifik\u00e1ci\u00f3<\/strong><\/td>\n<td class=\"et2\" style=\"width: 153.75pt\" width=\"205\"><strong>PB-YX1201<\/strong><\/td>\n<td class=\"et2\" style=\"width: 155.25pt\" width=\"207\"><strong>PB-YX1202<\/strong><\/td>\n<\/tr>\n<tr style=\"height: 13.50pt\">\n<td class=\"et2\" style=\"height: 13.50pt\" height=\"18\"><strong>Kapacit\u00e1s<\/strong><\/td>\n<td>30 ml<\/td>\n<td>50 ml<\/td>\n<\/tr>\n<tr style=\"height: 13.50pt\">\n<td class=\"et2\" style=\"height: 13.50pt\" height=\"18\"><strong>M\u00e9retek<\/strong><\/td>\n<td>55 mm * 25 mm * 85 mm<\/td>\n<td>66 mm * 30 mm * 100 mm<\/td>\n<\/tr>\n<tr style=\"height: 13.50pt\">\n<td class=\"et2\" style=\"height: 13.50pt\" height=\"18\"><strong>Kaliber<\/strong><\/td>\n<td class=\"et3\" colspan=\"2\">15 mm<\/td>\n<\/tr>\n<tr style=\"height: 13.50pt\">\n<td class=\"et2\" style=\"height: 13.50pt\" height=\"18\"><strong>\u00dcveg sz\u00edne<\/strong><\/td>\n<td class=\"et3\" colspan=\"2\">\u00c1tl\u00e1that\u00f3, testreszabhat\u00f3<\/td>\n<\/tr>\n<tr style=\"height: 13.50pt\">\n<td class=\"et2\" style=\"height: 13.50pt\" height=\"18\"><strong>Kaphat\u00f3 kupaksz\u00ednek<\/strong><\/td>\n<td class=\"et3\" colspan=\"2\">Arany, ez\u00fcst, fekete, feh\u00e9r, fa, testreszabhat\u00f3<\/td>\n<\/tr>\n<\/tbody>\n<\/table>\n<h2>Val\u00f3s eset: A kis palackok kihaszn\u00e1lj\u00e1k a nagy piacot<\/h2>\n<p>Egy minimalista megk\u00f6zel\u00edt\u00e9st alkalmaz\u00f3 butik parf\u00fcmm\u00e1rka elind\u00edtotta utaz\u00f3 kollekci\u00f3j\u00e1t a PB-YX1201 modellel. Matt fekete kupakot \u00e9s minimalista szitanyom\u00e1st v\u00e1lasztottak, az eredm\u00e9ny pedig az volt, hogy az elad\u00e1sok megdupl\u00e1z\u00f3dtak, a fiatal v\u00e1s\u00e1rl\u00f3k pedig teljesen meg\u0151r\u00fcltek \u00e9rte!<br \/>\nA k\u00f6z\u00f6ss\u00e9gi m\u00e9di\u00e1t el\u00e1rasztott\u00e1k az \u00fczenetekkel: \u201eEz az \u00fcveg olyan textur\u00e1lt!\u201d \u201eM\u00e9g az \u00fcres \u00fcveg is kirakat akar lenni!\u201d<\/p>\n<h2>Csomagol\u00e1si javaslatok:<\/h2>\n<p><strong>Testreszabhatjuk a palack kupakj\u00e1nak sz\u00edn\u00e9t:<\/strong>\u00a0Arany, ez\u00fcst, fekete, feh\u00e9r, s\u0151t ak\u00e1r faerezetes sz\u00ednben is, \u00edzl\u00e9s szerint p\u00e1ros\u00edthatod. Visszafogottabbnak szeretn\u00e9l t\u0171nni? V\u00e1lassz matt feket\u00e9t; felt\u0171n\u00e9st kelten\u00e9l? Pr\u00f3b\u00e1ld ki az \u00e9l\u00e9nk aranyat. Szitanyomtasd a log\u00f3dat vagy mint\u00e1dat, hogy az legyen az \u201eegyetlen\u201d eml\u00e9k a v\u00e1s\u00e1rl\u00f3 fej\u00e9ben.<br \/>\n<strong>Luxus felmin\u0151s\u00edt\u00e9s: <\/strong>Minden egyes parf\u00fcm\u00f6s \u00fcveg b\u00e1rsonnyal b\u00e9lelt pap\u00edrdobozba ker\u00fcl. K\u00f6nnyed \u00e9rint\u00e9ssel azonnal megt\u00f6lti a cerem\u00f3nia neh\u00e9zkes \u00e9rz\u00e9s\u00e9t.<br \/>\n<strong>R\u00e9szletek plusz pontok: <\/strong>Egy k\u00e9zzel \u00edrott illatk\u00e1rty\u00e1t is mell\u00e9kelnek, amelyen felt\u00fcntetik a v\u00e1s\u00e1rl\u00f3knak, hogy \u201emilyen alkalomra alkalmas ez a parf\u00fcm \u00fcveg\u201d, azonnal feldobva ezzel a m\u00e1rka hangulat\u00e1t.<br \/>\nK\u00f6rnyezetv\u00e9delmi b\u00f3nuszpontok: V\u00e1lasszon \u00fajrahasznos\u00edthat\u00f3 anyagokb\u00f3l k\u00e9sz\u00fclt csomagol\u00f3dobozt, amely egyszerre magas sz\u00ednvonal\u00fa \u00e9s megfelel a modern fogyaszt\u00f3k \u00e9rt\u00e9krendj\u00e9nek.<\/p>","protected":false},"excerpt":{"rendered":"<p>Fedezze fel st\u00edlusos kis parf\u00fcm\u00f6s sz\u00f3r\u00f3fejes flakonjainkat \u00e9s kis k\u00f6lnipalackjainkat. Ezek a krist\u00e1ly\u00fcveg flakonok k\u00fcl\u00f6nf\u00e9le testreszab\u00e1si v\u00e1ltozatokban kaphat\u00f3k, hogy illeszkedjenek m\u00e1rk\u00e1j\u00e1hoz.<\/p>","protected":false},"featured_media":3123,"comment_status":"open","ping_status":"closed","template":"","meta":{"_acf_changed":false,"site-sidebar-layout":"default","site-content-layout":"","ast-site-content-layout":"default","site-content-style":"default","site-sidebar-style":"default","ast-global-header-display":"","ast-banner-title-visibility":"","ast-main-header-display":"","ast-hfb-above-header-display":"","ast-hfb-below-header-display":"","ast-hfb-mobile-header-display":"","site-post-title":"","ast-breadcrumbs-content":"","ast-featured-img":"","footer-sml-layout":"","ast-disable-related-posts":"","theme-transparent-header-meta":"default","adv-header-id-meta":"","stick-header-meta":"","header-above-stick-meta":"","header-main-stick-meta":"","header-below-stick-meta":"","astra-migrate-meta-layouts":"set","ast-page-background-enabled":"default","ast-page-background-meta":{"desktop":{"background-color":"var(--ast-global-color-5)","background-image":"","background-repeat":"repeat","background-position":"center center","background-size":"auto","background-attachment":"scroll","background-type":"","background-media":"","overlay-type":"","overlay-color":"","overlay-opacity":"","overlay-gradient":""},"tablet":{"background-color":"","background-image":"","background-repeat":"repeat","background-position":"center center","background-size":"auto","background-attachment":"scroll","background-type":"","background-media":"","overlay-type":"","overlay-color":"","overlay-opacity":"","overlay-gradient":""},"mobile":{"background-color":"","background-image":"","background-repeat":"repeat","background-position":"center center","background-size":"auto","background-attachment":"scroll","background-type":"","background-media":"","overlay-type":"","overlay-color":"","overlay-opacity":"","overlay-gradient":""}},"ast-content-background-meta":{"desktop":{"background-color":"var(--ast-global-color-4)","background-image":"","background-repeat":"repeat","background-position":"center center","background-size":"auto","background-attachment":"scroll","background-type":"","background-media":"","overlay-type":"","overlay-color":"","overlay-opacity":"","overlay-gradient":""},"tablet":{"background-color":"var(--ast-global-color-4)","background-image":"","background-repeat":"repeat","background-position":"center center","background-size":"auto","background-attachment":"scroll","background-type":"","background-media":"","overlay-type":"","overlay-color":"","overlay-opacity":"","overlay-gradient":""},"mobile":{"background-color":"var(--ast-global-color-4)","background-image":"","background-repeat":"repeat","background-position":"center center","background-size":"auto","background-attachment":"scroll","background-type":"","background-media":"","overlay-type":"","overlay-color":"","overlay-opacity":"","overlay-gradient":""}}},"product_brand":[],"product_cat":[72,91,41],"product_tag":[],"class_list":{"0":"post-3118","1":"product","2":"type-product","3":"status-publish","4":"has-post-thumbnail","6":"product_cat-cosmetic-packaging","7":"product_cat-custom-perfume-bottles","8":"product_cat-perfume-bottles","9":"desktop-align-left","10":"tablet-align-left","11":"mobile-align-left","13":"first","14":"instock","15":"shipping-taxable","16":"product-type-simple"},"acf":[],"jetpack_sharing_enabled":true,"_links":{"self":[{"href":"https:\/\/theperfumebottles.com\/hu\/wp-json\/wp\/v2\/product\/3118","targetHints":{"allow":["GET"]}}],"collection":[{"href":"https:\/\/theperfumebottles.com\/hu\/wp-json\/wp\/v2\/product"}],"about":[{"href":"https:\/\/theperfumebottles.com\/hu\/wp-json\/wp\/v2\/types\/product"}],"replies":[{"embeddable":true,"href":"https:\/\/theperfumebottles.com\/hu\/wp-json\/wp\/v2\/comments?post=3118"}],"wp:featuredmedia":[{"embeddable":true,"href":"https:\/\/theperfumebottles.com\/hu\/wp-json\/wp\/v2\/media\/3123"}],"wp:attachment":[{"href":"https:\/\/theperfumebottles.com\/hu\/wp-json\/wp\/v2\/media?parent=3118"}],"wp:term":[{"taxonomy":"product_brand","embeddable":true,"href":"https:\/\/theperfumebottles.com\/hu\/wp-json\/wp\/v2\/product_brand?post=3118"},{"taxonomy":"product_cat","embeddable":true,"href":"https:\/\/theperfumebottles.com\/hu\/wp-json\/wp\/v2\/product_cat?post=3118"},{"taxonomy":"product_tag","embeddable":true,"href":"https:\/\/theperfumebottles.com\/hu\/wp-json\/wp\/v2\/product_tag?post=3118"}],"curies":[{"name":"wp","href":"https:\/\/api.w.org\/{rel}","templated":true}]}}