{"id":3124,"date":"2025-04-22T04:03:56","date_gmt":"2025-04-22T04:03:56","guid":{"rendered":"https:\/\/theperfumebottles.com\/?post_type=product&#038;p=3124"},"modified":"2025-05-29T10:34:52","modified_gmt":"2025-05-29T02:34:52","slug":"customize-your-own-big-cologne-bottles-empty-perfume-bottles-100ml","status":"publish","type":"product","link":"https:\/\/theperfumebottles.com\/hu\/termek\/customize-your-own-big-cologne-bottles-empty-perfume-bottles-100ml\/","title":{"rendered":"Szabja testre saj\u00e1t nagy k\u00f6lnipalackjait \u2013 \u00dcres parf\u00fcm\u00f6s \u00fcvegek 100ml"},"content":{"rendered":"<p>Ak\u00e1r m\u00e1rkatulajdonos, ak\u00e1r nagykeresked\u0151, PB-YX13 100 ml-es nagym\u00e9ret\u0171 flakonunk v\u00e1llalkoz\u00e1sa f\u00e9nypontja lehet. Eleg\u00e1ns kialak\u00edt\u00e1s + praktikus kapacit\u00e1s, egyetlen flakon kiel\u00e9g\u00edti mind a luxus, mind a mindennapi ig\u00e9nyeket.<\/p>\n<h2>Specifik\u00e1ci\u00f3<\/h2>\n<p><img fetchpriority=\"high\" decoding=\"async\" class=\"wp-image-3125 aligncenter\" src=\"https:\/\/theperfumebottles.com\/wp-content\/uploads\/2025\/04\/big-cologne-bottles-sizes-yx13.webp\" alt=\"nagy k\u00f6lnipalackok\" width=\"500\" height=\"500\" srcset=\"https:\/\/theperfumebottles.com\/wp-content\/uploads\/2025\/04\/big-cologne-bottles-sizes-yx13.webp 1000w, https:\/\/theperfumebottles.com\/wp-content\/uploads\/2025\/04\/big-cologne-bottles-sizes-yx13-300x300.webp 300w, https:\/\/theperfumebottles.com\/wp-content\/uploads\/2025\/04\/big-cologne-bottles-sizes-yx13-150x150.webp 150w, https:\/\/theperfumebottles.com\/wp-content\/uploads\/2025\/04\/big-cologne-bottles-sizes-yx13-768x768.webp 768w, https:\/\/theperfumebottles.com\/wp-content\/uploads\/2025\/04\/big-cologne-bottles-sizes-yx13-12x12.webp 12w, https:\/\/theperfumebottles.com\/wp-content\/uploads\/2025\/04\/big-cologne-bottles-sizes-yx13-600x600.webp 600w, https:\/\/theperfumebottles.com\/wp-content\/uploads\/2025\/04\/big-cologne-bottles-sizes-yx13-100x100.webp 100w\" sizes=\"(max-width: 500px) 100vw, 500px\" \/><\/p>\n<table style=\"border-collapse: collapse;border: 0;margin-left: auto;margin-right: auto;width: 366.77pt\" border=\"0\" width=\"489\" cellspacing=\"0\" cellpadding=\"0\">\n<tbody>\n<tr style=\"height: 15.00pt\">\n<td class=\"et1\" style=\"height: 15.00pt;width: 141.15pt\" width=\"188\" height=\"20\"><strong>Kapacit\u00e1s<\/strong><\/td>\n<td class=\"et1\" style=\"width: 225.85pt\" width=\"301\">100 ml (3,4 uncia)<\/td>\n<\/tr>\n<tr style=\"height: 15.00pt\">\n<td class=\"et1\" style=\"height: 15.00pt\" height=\"20\"><strong>Anyag<\/strong><\/td>\n<td class=\"et1\">Krist\u00e1ly\u00fcveg<\/td>\n<\/tr>\n<tr style=\"height: 15.00pt\">\n<td class=\"et1\" style=\"height: 15.00pt\" height=\"20\"><strong>Spray t\u00edpusa<\/strong><\/td>\n<td class=\"et1\">Porlaszt\u00f3<\/td>\n<\/tr>\n<tr style=\"height: 15.00pt\">\n<td class=\"et1\" style=\"height: 15.00pt\" height=\"20\"><strong>El\u00e9rhet\u0151 sz\u00ednek<\/strong><\/td>\n<td class=\"et1\">Arany, ez\u00fcst, fekete, feh\u00e9r, fa<\/td>\n<\/tr>\n<\/tbody>\n<\/table>\n<h2>Alkalmazhat\u00f3 forgat\u00f3k\u00f6nyvek teljes strat\u00e9gi\u00e1ja<\/h2>\n<ul>\n<li><strong>Napi haszn\u00e1lat:<\/strong> A 100 ml-es \u0171rtartalom lehet\u0151v\u00e9 teszi a hordozhat\u00f3s\u00e1got, \u00edgy eg\u00e9sz napra elegend\u0151 illatot biztos\u00edt.<\/li>\n<li><strong>\u00dcnnepi aj\u00e1nd\u00e9kok:<\/strong> Kiv\u00e1l\u00f3 \u00fcveg + egyedi csomagol\u00e1s, min\u0151s\u00e9gi v\u00e1laszt\u00e1s aj\u00e1nd\u00e9koz\u00e1shoz.<\/li>\n<li><strong>T\u00f6bb illat\u00fa adapt\u00e1ci\u00f3:<\/strong> Eau de toilette, vir\u00e1gv\u00edz, k\u00f6lniv\u00edz mind kompatibilis.<\/li>\n<\/ul>\n<figure id=\"attachment_3128\" aria-describedby=\"caption-attachment-3128\" style=\"width: 500px\" class=\"wp-caption aligncenter\"><img decoding=\"async\" class=\"wp-image-3128\" src=\"https:\/\/theperfumebottles.com\/wp-content\/uploads\/2025\/04\/empty-perfume-bottles-100ml-yx13.webp\" alt=\"\u00fcres parf\u00fcm\u00f6s \u00fcvegek 100 ml\" width=\"500\" height=\"500\" srcset=\"https:\/\/theperfumebottles.com\/wp-content\/uploads\/2025\/04\/empty-perfume-bottles-100ml-yx13.webp 1000w, https:\/\/theperfumebottles.com\/wp-content\/uploads\/2025\/04\/empty-perfume-bottles-100ml-yx13-300x300.webp 300w, https:\/\/theperfumebottles.com\/wp-content\/uploads\/2025\/04\/empty-perfume-bottles-100ml-yx13-150x150.webp 150w, https:\/\/theperfumebottles.com\/wp-content\/uploads\/2025\/04\/empty-perfume-bottles-100ml-yx13-768x768.webp 768w, https:\/\/theperfumebottles.com\/wp-content\/uploads\/2025\/04\/empty-perfume-bottles-100ml-yx13-12x12.webp 12w, https:\/\/theperfumebottles.com\/wp-content\/uploads\/2025\/04\/empty-perfume-bottles-100ml-yx13-600x600.webp 600w, https:\/\/theperfumebottles.com\/wp-content\/uploads\/2025\/04\/empty-perfume-bottles-100ml-yx13-100x100.webp 100w\" sizes=\"(max-width: 500px) 100vw, 500px\" \/><figcaption id=\"caption-attachment-3128\" class=\"wp-caption-text\">\u00fcres parf\u00fcm\u00f6s \u00fcvegek 100 ml<\/figcaption><\/figure>\n<h2>Csomagol\u00e1si javaslatok<\/h2>\n<p>Egy fels\u0151kateg\u00f3ri\u00e1s m\u00e1rka egyszer az YX1301 modell\u00fcnket (egyedi grav\u00edroz\u00e1s\u00fa modell) haszn\u00e1lta egy limit\u00e1lt kiad\u00e1s\u00fa parf\u00fcm piacra dob\u00e1s\u00e1hoz \u2013 ami nemcsak az elad\u00e1sokat n\u00f6velte, hanem heves vit\u00e1kat is kiv\u00e1ltott a k\u00f6z\u00f6ss\u00e9gi m\u00e9di\u00e1ban.<\/p>\n<h2>testreszab\u00e1si tippek:<\/h2>\n<ul>\n<li><strong>Palackgrav\u00edroz\u00e1s<\/strong>: m\u00e1rkajelz\u00e9s, exkluz\u00edv szlogen, m\u0171v\u00e9szi minta.<\/li>\n<li><strong>Palacknyak-d\u00edsz\u00edt\u00e9s<\/strong>: f\u00e9mgy\u0171r\u0171, szalag, term\u00e9szetes anyag d\u00edsz\u00edt\u00e9s.<\/li>\n<li><strong>Csomagol\u00e1sfriss\u00edt\u00e9s<\/strong>: az egyszer\u0171 pap\u00edrdobozt\u00f3l a luxus fadobozig, k\u00fcl\u00f6nb\u00f6z\u0151 k\u00f6lts\u00e9gvet\u00e9sekhez \u00e9s jeleneti ig\u00e9nyekhez igazodva.<\/li>\n<\/ul>\n<p>Szabd testre most, \u00e9s tedd minden palackodat a m\u00e1rkat\u00f6rt\u00e9net hordoz\u00f3j\u00e1v\u00e1!<\/p>","protected":false},"excerpt":{"rendered":"<p>Fedezze fel testreszabhat\u00f3 nagym\u00e9ret\u0171 k\u00f6lnipalackjainkat, bele\u00e9rtve a 100 ml-es \u00fcres parf\u00fcm\u00f6s flakonokat is. T\u00f6k\u00e9letesen megfelel v\u00e1llalkoz\u00e1sa ig\u00e9nyeinek, egyedi diz\u00e1jnnal \u00e9s kiv\u00e1l\u00f3 min\u0151s\u00e9ggel.<\/p>","protected":false},"featured_media":3127,"comment_status":"open","ping_status":"closed","template":"","meta":{"_acf_changed":false,"site-sidebar-layout":"default","site-content-layout":"","ast-site-content-layout":"default","site-content-style":"default","site-sidebar-style":"default","ast-global-header-display":"","ast-banner-title-visibility":"","ast-main-header-display":"","ast-hfb-above-header-display":"","ast-hfb-below-header-display":"","ast-hfb-mobile-header-display":"","site-post-title":"","ast-breadcrumbs-content":"","ast-featured-img":"","footer-sml-layout":"","ast-disable-related-posts":"","theme-transparent-header-meta":"default","adv-header-id-meta":"","stick-header-meta":"","header-above-stick-meta":"","header-main-stick-meta":"","header-below-stick-meta":"","astra-migrate-meta-layouts":"set","ast-page-background-enabled":"default","ast-page-background-meta":{"desktop":{"background-color":"var(--ast-global-color-5)","background-image":"","background-repeat":"repeat","background-position":"center center","background-size":"auto","background-attachment":"scroll","background-type":"","background-media":"","overlay-type":"","overlay-color":"","overlay-opacity":"","overlay-gradient":""},"tablet":{"background-color":"","background-image":"","background-repeat":"repeat","background-position":"center center","background-size":"auto","background-attachment":"scroll","background-type":"","background-media":"","overlay-type":"","overlay-color":"","overlay-opacity":"","overlay-gradient":""},"mobile":{"background-color":"","background-image":"","background-repeat":"repeat","background-position":"center center","background-size":"auto","background-attachment":"scroll","background-type":"","background-media":"","overlay-type":"","overlay-color":"","overlay-opacity":"","overlay-gradient":""}},"ast-content-background-meta":{"desktop":{"background-color":"var(--ast-global-color-4)","background-image":"","background-repeat":"repeat","background-position":"center center","background-size":"auto","background-attachment":"scroll","background-type":"","background-media":"","overlay-type":"","overlay-color":"","overlay-opacity":"","overlay-gradient":""},"tablet":{"background-color":"var(--ast-global-color-4)","background-image":"","background-repeat":"repeat","background-position":"center center","background-size":"auto","background-attachment":"scroll","background-type":"","background-media":"","overlay-type":"","overlay-color":"","overlay-opacity":"","overlay-gradient":""},"mobile":{"background-color":"var(--ast-global-color-4)","background-image":"","background-repeat":"repeat","background-position":"center center","background-size":"auto","background-attachment":"scroll","background-type":"","background-media":"","overlay-type":"","overlay-color":"","overlay-opacity":"","overlay-gradient":""}}},"product_brand":[],"product_cat":[72,91,41],"product_tag":[],"class_list":{"0":"post-3124","1":"product","2":"type-product","3":"status-publish","4":"has-post-thumbnail","6":"product_cat-cosmetic-packaging","7":"product_cat-custom-perfume-bottles","8":"product_cat-perfume-bottles","9":"desktop-align-left","10":"tablet-align-left","11":"mobile-align-left","13":"first","14":"instock","15":"shipping-taxable","16":"product-type-simple"},"acf":[],"jetpack_sharing_enabled":true,"_links":{"self":[{"href":"https:\/\/theperfumebottles.com\/hu\/wp-json\/wp\/v2\/product\/3124","targetHints":{"allow":["GET"]}}],"collection":[{"href":"https:\/\/theperfumebottles.com\/hu\/wp-json\/wp\/v2\/product"}],"about":[{"href":"https:\/\/theperfumebottles.com\/hu\/wp-json\/wp\/v2\/types\/product"}],"replies":[{"embeddable":true,"href":"https:\/\/theperfumebottles.com\/hu\/wp-json\/wp\/v2\/comments?post=3124"}],"wp:featuredmedia":[{"embeddable":true,"href":"https:\/\/theperfumebottles.com\/hu\/wp-json\/wp\/v2\/media\/3127"}],"wp:attachment":[{"href":"https:\/\/theperfumebottles.com\/hu\/wp-json\/wp\/v2\/media?parent=3124"}],"wp:term":[{"taxonomy":"product_brand","embeddable":true,"href":"https:\/\/theperfumebottles.com\/hu\/wp-json\/wp\/v2\/product_brand?post=3124"},{"taxonomy":"product_cat","embeddable":true,"href":"https:\/\/theperfumebottles.com\/hu\/wp-json\/wp\/v2\/product_cat?post=3124"},{"taxonomy":"product_tag","embeddable":true,"href":"https:\/\/theperfumebottles.com\/hu\/wp-json\/wp\/v2\/product_tag?post=3124"}],"curies":[{"name":"wp","href":"https:\/\/api.w.org\/{rel}","templated":true}]}}