{"id":3131,"date":"2025-04-22T07:53:22","date_gmt":"2025-04-22T07:53:22","guid":{"rendered":"https:\/\/theperfumebottles.com\/?post_type=product&#038;p=3131"},"modified":"2025-05-22T13:14:17","modified_gmt":"2025-05-22T05:14:17","slug":"vintage-perfume-bottle-with-pump-design-crystal-perfume-bottles-for-wholesale","status":"publish","type":"product","link":"https:\/\/theperfumebottles.com\/hu\/termek\/vintage-perfume-bottle-with-pump-design-crystal-perfume-bottles-for-wholesale\/","title":{"rendered":"Vintage parf\u00fcm\u00f6s \u00fcveg pump\u00e1s diz\u00e1jnnal | Krist\u00e1ly parf\u00fcm\u00f6s \u00fcvegek nagykereskedelemben"},"content":{"rendered":"<p>A PB-YX14 sorozat\u00fa krist\u00e1ly parf\u00fcmtart\u00e1lyaink nyolcsz\u00f6glet\u0171 talppal \u00e9s v\u00e1llakkal rendelkeznek. Az \u00fcveg nyolcsz\u00f6gletes k\u00f6rvonallal rendelkezik, sima \u00e9s eleg\u00e1ns vonalakkal \u00e9s h\u00e1romdimenzi\u00f3s \u00e9rz\u00e9ssel. Ak\u00e1r \u00faj term\u00e9kcsal\u00e1dot k\u00e9sz\u00edt, ak\u00e1r egy megl\u00e9v\u0151t friss\u00edt, a PB-YX14 krist\u00e1ly parf\u00fcm\u00f6s \u00fcveg\u00fcnk biztosan ragyogni fogja fogyaszt\u00f3it.<\/p>\n<figure id=\"attachment_3138\" aria-describedby=\"caption-attachment-3138\" style=\"width: 500px\" class=\"wp-caption aligncenter\"><img fetchpriority=\"high\" decoding=\"async\" class=\"wp-image-3138\" src=\"https:\/\/theperfumebottles.com\/wp-content\/uploads\/2025\/04\/vintage-perfume-bottle-with-pump-yx14.webp\" alt=\"vintage parf\u00fcm\u00f6s \u00fcveg pump\u00e1val\" width=\"500\" height=\"500\" srcset=\"https:\/\/theperfumebottles.com\/wp-content\/uploads\/2025\/04\/vintage-perfume-bottle-with-pump-yx14.webp 1000w, https:\/\/theperfumebottles.com\/wp-content\/uploads\/2025\/04\/vintage-perfume-bottle-with-pump-yx14-300x300.webp 300w, https:\/\/theperfumebottles.com\/wp-content\/uploads\/2025\/04\/vintage-perfume-bottle-with-pump-yx14-150x150.webp 150w, https:\/\/theperfumebottles.com\/wp-content\/uploads\/2025\/04\/vintage-perfume-bottle-with-pump-yx14-768x768.webp 768w, https:\/\/theperfumebottles.com\/wp-content\/uploads\/2025\/04\/vintage-perfume-bottle-with-pump-yx14-12x12.webp 12w, https:\/\/theperfumebottles.com\/wp-content\/uploads\/2025\/04\/vintage-perfume-bottle-with-pump-yx14-600x600.webp 600w, https:\/\/theperfumebottles.com\/wp-content\/uploads\/2025\/04\/vintage-perfume-bottle-with-pump-yx14-100x100.webp 100w\" sizes=\"(max-width: 500px) 100vw, 500px\" \/><figcaption id=\"caption-attachment-3138\" class=\"wp-caption-text\">vintage parf\u00fcm\u00f6s \u00fcveg szivatty\u00fas kivitelben<\/figcaption><\/figure>\n<h2>F\u0151bb specifik\u00e1ci\u00f3k<\/h2>\n<figure id=\"attachment_3133\" aria-describedby=\"caption-attachment-3133\" style=\"width: 500px\" class=\"wp-caption aligncenter\"><img decoding=\"async\" class=\"wp-image-3133\" src=\"https:\/\/theperfumebottles.com\/wp-content\/uploads\/2025\/04\/crystal-perfume-bottles-sizes-yx14.webp\" alt=\"krist\u00e1ly parf\u00fcm\u00f6s \u00fcvegek\" width=\"500\" height=\"500\" srcset=\"https:\/\/theperfumebottles.com\/wp-content\/uploads\/2025\/04\/crystal-perfume-bottles-sizes-yx14.webp 1000w, https:\/\/theperfumebottles.com\/wp-content\/uploads\/2025\/04\/crystal-perfume-bottles-sizes-yx14-300x300.webp 300w, https:\/\/theperfumebottles.com\/wp-content\/uploads\/2025\/04\/crystal-perfume-bottles-sizes-yx14-150x150.webp 150w, https:\/\/theperfumebottles.com\/wp-content\/uploads\/2025\/04\/crystal-perfume-bottles-sizes-yx14-768x768.webp 768w, https:\/\/theperfumebottles.com\/wp-content\/uploads\/2025\/04\/crystal-perfume-bottles-sizes-yx14-12x12.webp 12w, https:\/\/theperfumebottles.com\/wp-content\/uploads\/2025\/04\/crystal-perfume-bottles-sizes-yx14-600x600.webp 600w, https:\/\/theperfumebottles.com\/wp-content\/uploads\/2025\/04\/crystal-perfume-bottles-sizes-yx14-100x100.webp 100w\" sizes=\"(max-width: 500px) 100vw, 500px\" \/><figcaption id=\"caption-attachment-3133\" class=\"wp-caption-text\">PB-YX14 krist\u00e1ly parf\u00fcm\u00f6s \u00fcvegek<\/figcaption><\/figure>\n<table>\n<thead>\n<tr>\n<th>Modell<\/th>\n<th>Kapacit\u00e1s<\/th>\n<th>Dimenzi\u00f3<\/th>\n<th>Kaliber<\/th>\n<th>\u00dcveg sz\u00edne<\/th>\n<th>Szivatty\u00fa sz\u00ednek<\/th>\n<\/tr>\n<\/thead>\n<tbody>\n<tr>\n<td>PB-YX1401<\/td>\n<td>50 ml<\/td>\n<td>49*49*80 mm<\/td>\n<td>15 mm<\/td>\n<td>\u00c1tl\u00e1tsz\u00f3<\/td>\n<td>Arany, ez\u00fcst<\/td>\n<\/tr>\n<tr>\n<td>PB-YX1402<\/td>\n<td>100 ml<\/td>\n<td>58*58*101 mm<\/td>\n<td>15 mm<\/td>\n<td>\u00c1tl\u00e1tsz\u00f3<\/td>\n<td>Arany, ez\u00fcst<\/td>\n<\/tr>\n<\/tbody>\n<\/table>\n<h2>Csomagol\u00e1si tippek<\/h2>\n<p>Egyik \u00fcgyfel\u00fcnk a legkelend\u0151bb parf\u00fcmj\u00e9t a PB-YX1401 szivatty\u00fas vintage parf\u00fcm\u00f6s \u00fcveg\u00fcnkre cser\u00e9lte, testre szabta a sz\u00ednes \u00fcveget \u00e9s a bojtokat, \u00e9s 30% n\u00f6veked\u00e9st tapasztalt az \u00e9rt\u00e9kes\u00edt\u00e9sben. Az eleg\u00e1ns design nemcsak a term\u00e9k vonzerej\u00e9t n\u00f6veli, hanem a v\u00e1s\u00e1rl\u00f3i el\u00e9gedetts\u00e9get is jav\u00edtja.<\/p>\n<figure id=\"attachment_3134\" aria-describedby=\"caption-attachment-3134\" style=\"width: 500px\" class=\"wp-caption aligncenter\"><img decoding=\"async\" class=\"wp-image-3134\" src=\"https:\/\/theperfumebottles.com\/wp-content\/uploads\/2025\/04\/crystal-perfume-bottles-yx14-pb.webp\" alt=\"krist\u00e1ly parf\u00fcm\u00f6s \u00fcvegek\" width=\"500\" height=\"500\" srcset=\"https:\/\/theperfumebottles.com\/wp-content\/uploads\/2025\/04\/crystal-perfume-bottles-yx14-pb.webp 1000w, https:\/\/theperfumebottles.com\/wp-content\/uploads\/2025\/04\/crystal-perfume-bottles-yx14-pb-300x300.webp 300w, https:\/\/theperfumebottles.com\/wp-content\/uploads\/2025\/04\/crystal-perfume-bottles-yx14-pb-150x150.webp 150w, https:\/\/theperfumebottles.com\/wp-content\/uploads\/2025\/04\/crystal-perfume-bottles-yx14-pb-768x768.webp 768w, https:\/\/theperfumebottles.com\/wp-content\/uploads\/2025\/04\/crystal-perfume-bottles-yx14-pb-12x12.webp 12w, https:\/\/theperfumebottles.com\/wp-content\/uploads\/2025\/04\/crystal-perfume-bottles-yx14-pb-600x600.webp 600w, https:\/\/theperfumebottles.com\/wp-content\/uploads\/2025\/04\/crystal-perfume-bottles-yx14-pb-100x100.webp 100w\" sizes=\"(max-width: 500px) 100vw, 500px\" \/><figcaption id=\"caption-attachment-3134\" class=\"wp-caption-text\">krist\u00e1ly parf\u00fcm\u00f6s \u00fcvegek<\/figcaption><\/figure>\n<p>V\u00e1lassza egyedi csomagol\u00e1si szolg\u00e1ltat\u00e1sainkat, bele\u00e9rtve a fa raklapokat, kartondobozokat vagy a kett\u0151 kombin\u00e1ci\u00f3j\u00e1t. Ez biztos\u00edtja, hogy term\u00e9kei biztons\u00e1gosan \u00e9rkezzenek meg, \u00e9s leny\u0171g\u00f6z\u0151 csomagol\u00e1sban ker\u00fcljenek bemutat\u00e1sra.<\/p>","protected":false},"excerpt":{"rendered":"<p>Fedezze fel a szivatty\u00fas kialak\u00edt\u00e1s\u00fa, eleg\u00e1ns \u00e9s tart\u00f3s vintage parf\u00fcm\u00f6s \u00fcveg\u00fcnket. Krist\u00e1ly parf\u00fcm\u00f6s palackjaink testre szabhat\u00f3k, hogy megfeleljenek az \u00d6n parf\u00fcmipari ig\u00e9nyeinek.<\/p>","protected":false},"featured_media":3135,"comment_status":"open","ping_status":"closed","template":"","meta":{"_acf_changed":false,"site-sidebar-layout":"default","site-content-layout":"","ast-site-content-layout":"default","site-content-style":"default","site-sidebar-style":"default","ast-global-header-display":"","ast-banner-title-visibility":"","ast-main-header-display":"","ast-hfb-above-header-display":"","ast-hfb-below-header-display":"","ast-hfb-mobile-header-display":"","site-post-title":"","ast-breadcrumbs-content":"","ast-featured-img":"","footer-sml-layout":"","ast-disable-related-posts":"","theme-transparent-header-meta":"default","adv-header-id-meta":"","stick-header-meta":"","header-above-stick-meta":"","header-main-stick-meta":"","header-below-stick-meta":"","astra-migrate-meta-layouts":"set","ast-page-background-enabled":"default","ast-page-background-meta":{"desktop":{"background-color":"var(--ast-global-color-5)","background-image":"","background-repeat":"repeat","background-position":"center center","background-size":"auto","background-attachment":"scroll","background-type":"","background-media":"","overlay-type":"","overlay-color":"","overlay-opacity":"","overlay-gradient":""},"tablet":{"background-color":"","background-image":"","background-repeat":"repeat","background-position":"center center","background-size":"auto","background-attachment":"scroll","background-type":"","background-media":"","overlay-type":"","overlay-color":"","overlay-opacity":"","overlay-gradient":""},"mobile":{"background-color":"","background-image":"","background-repeat":"repeat","background-position":"center center","background-size":"auto","background-attachment":"scroll","background-type":"","background-media":"","overlay-type":"","overlay-color":"","overlay-opacity":"","overlay-gradient":""}},"ast-content-background-meta":{"desktop":{"background-color":"var(--ast-global-color-4)","background-image":"","background-repeat":"repeat","background-position":"center center","background-size":"auto","background-attachment":"scroll","background-type":"","background-media":"","overlay-type":"","overlay-color":"","overlay-opacity":"","overlay-gradient":""},"tablet":{"background-color":"var(--ast-global-color-4)","background-image":"","background-repeat":"repeat","background-position":"center center","background-size":"auto","background-attachment":"scroll","background-type":"","background-media":"","overlay-type":"","overlay-color":"","overlay-opacity":"","overlay-gradient":""},"mobile":{"background-color":"var(--ast-global-color-4)","background-image":"","background-repeat":"repeat","background-position":"center center","background-size":"auto","background-attachment":"scroll","background-type":"","background-media":"","overlay-type":"","overlay-color":"","overlay-opacity":"","overlay-gradient":""}}},"product_brand":[],"product_cat":[72,91,73,41],"product_tag":[],"class_list":{"0":"post-3131","1":"product","2":"type-product","3":"status-publish","4":"has-post-thumbnail","6":"product_cat-cosmetic-packaging","7":"product_cat-custom-perfume-bottles","8":"product_cat-vintage-perfume-bottles","9":"product_cat-perfume-bottles","10":"desktop-align-left","11":"tablet-align-left","12":"mobile-align-left","14":"first","15":"instock","16":"shipping-taxable","17":"product-type-simple"},"acf":[],"jetpack_sharing_enabled":true,"_links":{"self":[{"href":"https:\/\/theperfumebottles.com\/hu\/wp-json\/wp\/v2\/product\/3131","targetHints":{"allow":["GET"]}}],"collection":[{"href":"https:\/\/theperfumebottles.com\/hu\/wp-json\/wp\/v2\/product"}],"about":[{"href":"https:\/\/theperfumebottles.com\/hu\/wp-json\/wp\/v2\/types\/product"}],"replies":[{"embeddable":true,"href":"https:\/\/theperfumebottles.com\/hu\/wp-json\/wp\/v2\/comments?post=3131"}],"wp:featuredmedia":[{"embeddable":true,"href":"https:\/\/theperfumebottles.com\/hu\/wp-json\/wp\/v2\/media\/3135"}],"wp:attachment":[{"href":"https:\/\/theperfumebottles.com\/hu\/wp-json\/wp\/v2\/media?parent=3131"}],"wp:term":[{"taxonomy":"product_brand","embeddable":true,"href":"https:\/\/theperfumebottles.com\/hu\/wp-json\/wp\/v2\/product_brand?post=3131"},{"taxonomy":"product_cat","embeddable":true,"href":"https:\/\/theperfumebottles.com\/hu\/wp-json\/wp\/v2\/product_cat?post=3131"},{"taxonomy":"product_tag","embeddable":true,"href":"https:\/\/theperfumebottles.com\/hu\/wp-json\/wp\/v2\/product_tag?post=3131"}],"curies":[{"name":"wp","href":"https:\/\/api.w.org\/{rel}","templated":true}]}}