{"id":3139,"date":"2025-04-22T09:35:30","date_gmt":"2025-04-22T09:35:30","guid":{"rendered":"https:\/\/theperfumebottles.com\/?post_type=product&#038;p=3139"},"modified":"2026-01-04T09:16:43","modified_gmt":"2026-01-04T01:16:43","slug":"30ml-45ml-small-glass-perfume-bottles-portable-fragrance-bottle-solutions","status":"publish","type":"product","link":"https:\/\/theperfumebottles.com\/hu\/termek\/30ml-45ml-small-glass-perfume-bottles-portable-fragrance-bottle-solutions\/","title":{"rendered":"30ml 45ml Kis \u00fcveg parf\u00fcm\u00f6s \u00fcvegek \u2013 Hordozhat\u00f3 illatpalack megold\u00e1sok"},"content":{"rendered":"<p>Ak\u00e1r hordozhat\u00f3 parf\u00fcm\u00f6s \u00fcveg kialak\u00edt\u00e1s\u00e1t keresi, ak\u00e1r egy kompakt \u00fcveg parf\u00fcm\u00f6s \u00fcveggel szeretne leny\u0171g\u00f6z\u0151 megjelen\u00e9st teremteni, a PB-YX15 sorozatunk lesz a legjobb v\u00e1laszt\u00e1s.<\/p>\n<figure id=\"attachment_3144\" aria-describedby=\"caption-attachment-3144\" style=\"width: 500px\" class=\"wp-caption aligncenter\"><img fetchpriority=\"high\" decoding=\"async\" class=\"wp-image-3144\" src=\"https:\/\/theperfumebottles.com\/wp-content\/uploads\/2025\/04\/small-glass-perfume-bottles-YX15-details.webp\" alt=\"kis \u00fcveg parf\u00fcm\u00f6s \u00fcvegek\" width=\"500\" height=\"500\" srcset=\"https:\/\/theperfumebottles.com\/wp-content\/uploads\/2025\/04\/small-glass-perfume-bottles-YX15-details.webp 800w, https:\/\/theperfumebottles.com\/wp-content\/uploads\/2025\/04\/small-glass-perfume-bottles-YX15-details-300x300.webp 300w, https:\/\/theperfumebottles.com\/wp-content\/uploads\/2025\/04\/small-glass-perfume-bottles-YX15-details-150x150.webp 150w, https:\/\/theperfumebottles.com\/wp-content\/uploads\/2025\/04\/small-glass-perfume-bottles-YX15-details-768x768.webp 768w, https:\/\/theperfumebottles.com\/wp-content\/uploads\/2025\/04\/small-glass-perfume-bottles-YX15-details-12x12.webp 12w, https:\/\/theperfumebottles.com\/wp-content\/uploads\/2025\/04\/small-glass-perfume-bottles-YX15-details-600x600.webp 600w, https:\/\/theperfumebottles.com\/wp-content\/uploads\/2025\/04\/small-glass-perfume-bottles-YX15-details-100x100.webp 100w\" sizes=\"(max-width: 500px) 100vw, 500px\" \/><figcaption id=\"caption-attachment-3144\" class=\"wp-caption-text\">YX15 hordozhat\u00f3 illatos\u00edt\u00f3 palack<\/figcaption><\/figure>\n<h2>Specifik\u00e1ci\u00f3<\/h2>\n<table style=\"border-collapse: collapse;margin-left: auto;margin-right: auto;width: 80%\" border=\"0\" width=\"80%\" cellspacing=\"0\" cellpadding=\"0\">\n<tbody>\n<tr style=\"height: 13.50pt\">\n<td style=\"height: 13.50pt;width: 72.00pt\" width=\"96\" height=\"18\">Modell<\/td>\n<td style=\"width: 65.25pt\" width=\"87\">Kapacit\u00e1s<\/td>\n<td style=\"width: 76.50pt\" width=\"102\">Dimenzi\u00f3<\/td>\n<td style=\"width: 59.25pt\" width=\"79\">Kaliber<\/td>\n<td style=\"width: 79.50pt\" width=\"106\">\u00dcveg sz\u00edne<\/td>\n<td style=\"width: 92.25pt\" width=\"123\">Szivatty\u00fa opci\u00f3k<\/td>\n<\/tr>\n<tr style=\"height: 13.50pt\">\n<td style=\"height: 13.50pt\" height=\"18\">PB-YX1501<\/td>\n<td>30 ml<\/td>\n<td>38 * 38 * 80 mm<\/td>\n<td>15 mm<\/td>\n<td>\u00c1tl\u00e1tsz\u00f3<\/td>\n<td>Arany, ez\u00fcst<\/td>\n<\/tr>\n<tr style=\"height: 13.50pt\">\n<td style=\"height: 13.50pt\" height=\"18\">PB-YX1502<\/td>\n<td>45ml<\/td>\n<td>38 * 38 * 116 mm<\/td>\n<td>15 mm<\/td>\n<td>\u00c1tl\u00e1tsz\u00f3<\/td>\n<td>Arany, ez\u00fcst<\/td>\n<\/tr>\n<\/tbody>\n<\/table>\n<h2>Val\u00f3di esetmegoszt\u00e1s:<\/h2>\n<p>Egy \u00fcgyf\u00e9l, aki egy butik parf\u00fcm m\u00e1rk\u00e1t \u00fczemeltet, \u00e1t\u00e1ll\u00edtotta az \u00e1ltal\u00e1nos csomagol\u00e1si st\u00edlust, miut\u00e1n \u00e1tt\u00e9rt a mi kis \u00fcvegpalackunkra. Tal\u00e1lja ki, mi t\u00f6rt\u00e9nt? Nemcsak a m\u00e1rka n\u00e9z ki st\u00edlusosabban, hanem az elad\u00e1sok is k\u00f6zel 30%-tal n\u0151ttek n\u00e9h\u00e1ny h\u00f3nap alatt!<\/p>\n<p>Ha azt szeretn\u00e9, hogy term\u00e9k\u00e9t ne csak haszn\u00e1lj\u00e1k, hanem \"gy\u0171jts\u00e9k\" \u00e9s \"mutogass\u00e1k\", akkor pr\u00f3b\u00e1lja ki a PB-YX15 sorozatot. Ez nem csak egy parf\u00fcm\u00f6s \u00fcveg, hanem egy csod\u00e1latos \u00e9lm\u00e9ny, amelyre az emberek hajland\u00f3ak eml\u00e9kezni.<\/p>","protected":false},"excerpt":{"rendered":"<p>Fedezze fel st\u00edlusos kis \u00fcveg parf\u00fcm\u00f6s flakonjainkat. Hordozhat\u00f3 parf\u00fcm\u00f6s \u00fcveg megold\u00e1sok, amelyek t\u00f6k\u00e9letesen megfelelnek az \u00d6n \u00fczleti ig\u00e9nyeinek.<\/p>","protected":false},"featured_media":3140,"comment_status":"open","ping_status":"closed","template":"","meta":{"_acf_changed":false,"site-sidebar-layout":"default","site-content-layout":"","ast-site-content-layout":"default","site-content-style":"default","site-sidebar-style":"default","ast-global-header-display":"","ast-banner-title-visibility":"","ast-main-header-display":"","ast-hfb-above-header-display":"","ast-hfb-below-header-display":"","ast-hfb-mobile-header-display":"","site-post-title":"","ast-breadcrumbs-content":"","ast-featured-img":"","footer-sml-layout":"","ast-disable-related-posts":"","theme-transparent-header-meta":"default","adv-header-id-meta":"","stick-header-meta":"","header-above-stick-meta":"","header-main-stick-meta":"","header-below-stick-meta":"","astra-migrate-meta-layouts":"set","ast-page-background-enabled":"default","ast-page-background-meta":{"desktop":{"background-color":"var(--ast-global-color-5)","background-image":"","background-repeat":"repeat","background-position":"center center","background-size":"auto","background-attachment":"scroll","background-type":"","background-media":"","overlay-type":"","overlay-color":"","overlay-opacity":"","overlay-gradient":""},"tablet":{"background-color":"","background-image":"","background-repeat":"repeat","background-position":"center center","background-size":"auto","background-attachment":"scroll","background-type":"","background-media":"","overlay-type":"","overlay-color":"","overlay-opacity":"","overlay-gradient":""},"mobile":{"background-color":"","background-image":"","background-repeat":"repeat","background-position":"center center","background-size":"auto","background-attachment":"scroll","background-type":"","background-media":"","overlay-type":"","overlay-color":"","overlay-opacity":"","overlay-gradient":""}},"ast-content-background-meta":{"desktop":{"background-color":"var(--ast-global-color-4)","background-image":"","background-repeat":"repeat","background-position":"center center","background-size":"auto","background-attachment":"scroll","background-type":"","background-media":"","overlay-type":"","overlay-color":"","overlay-opacity":"","overlay-gradient":""},"tablet":{"background-color":"var(--ast-global-color-4)","background-image":"","background-repeat":"repeat","background-position":"center center","background-size":"auto","background-attachment":"scroll","background-type":"","background-media":"","overlay-type":"","overlay-color":"","overlay-opacity":"","overlay-gradient":""},"mobile":{"background-color":"var(--ast-global-color-4)","background-image":"","background-repeat":"repeat","background-position":"center center","background-size":"auto","background-attachment":"scroll","background-type":"","background-media":"","overlay-type":"","overlay-color":"","overlay-opacity":"","overlay-gradient":""}}},"product_brand":[],"product_cat":[72,91,41],"product_tag":[],"class_list":{"0":"post-3139","1":"product","2":"type-product","3":"status-publish","4":"has-post-thumbnail","6":"product_cat-cosmetic-packaging","7":"product_cat-custom-perfume-bottles","8":"product_cat-perfume-bottles","9":"desktop-align-left","10":"tablet-align-left","11":"mobile-align-left","13":"first","14":"instock","15":"shipping-taxable","16":"product-type-simple"},"acf":[],"jetpack_sharing_enabled":true,"_links":{"self":[{"href":"https:\/\/theperfumebottles.com\/hu\/wp-json\/wp\/v2\/product\/3139","targetHints":{"allow":["GET"]}}],"collection":[{"href":"https:\/\/theperfumebottles.com\/hu\/wp-json\/wp\/v2\/product"}],"about":[{"href":"https:\/\/theperfumebottles.com\/hu\/wp-json\/wp\/v2\/types\/product"}],"replies":[{"embeddable":true,"href":"https:\/\/theperfumebottles.com\/hu\/wp-json\/wp\/v2\/comments?post=3139"}],"wp:featuredmedia":[{"embeddable":true,"href":"https:\/\/theperfumebottles.com\/hu\/wp-json\/wp\/v2\/media\/3140"}],"wp:attachment":[{"href":"https:\/\/theperfumebottles.com\/hu\/wp-json\/wp\/v2\/media?parent=3139"}],"wp:term":[{"taxonomy":"product_brand","embeddable":true,"href":"https:\/\/theperfumebottles.com\/hu\/wp-json\/wp\/v2\/product_brand?post=3139"},{"taxonomy":"product_cat","embeddable":true,"href":"https:\/\/theperfumebottles.com\/hu\/wp-json\/wp\/v2\/product_cat?post=3139"},{"taxonomy":"product_tag","embeddable":true,"href":"https:\/\/theperfumebottles.com\/hu\/wp-json\/wp\/v2\/product_tag?post=3139"}],"curies":[{"name":"wp","href":"https:\/\/api.w.org\/{rel}","templated":true}]}}