{"id":3145,"date":"2025-04-24T05:57:06","date_gmt":"2025-04-24T05:57:06","guid":{"rendered":"https:\/\/theperfumebottles.com\/?post_type=product&#038;p=3145"},"modified":"2026-04-06T15:10:24","modified_gmt":"2026-04-06T07:10:24","slug":"crimped-fancy-perfume-bottles-wholesale","status":"publish","type":"product","link":"https:\/\/theperfumebottles.com\/hu\/termek\/crimped-fancy-perfume-bottles-wholesale\/","title":{"rendered":"50ml 100ml krimpelt d\u00edszes parf\u00fcm\u00f6s palackok nagykereskedelemhez"},"content":{"rendered":"<p>Ezek a d\u00edszes parf\u00fcm\u00f6s \u00fcvegek er\u0151s, n\u00e9gyzet alak\u00fa oszlopdiz\u00e1jnnal rendelkeznek, \u00e1tl\u00e1tsz\u00f3 \u00fcvegb\u0151l k\u00e9sz\u00fclt anyaggal. Az oldalakat f\u00fcgg\u0151leges hornyok \u00e9s m\u00e9ly U alak\u00fa panel d\u00edsz\u00edti, m\u00edg a kupakok kerek, magasf\u00e9ny\u0171 arany vagy ez\u00fcst f\u00e9mb\u0151l k\u00e9sz\u00fcltek.<\/p>\n<figure id=\"attachment_3146\" aria-describedby=\"caption-attachment-3146\" style=\"width: 500px\" class=\"wp-caption aligncenter\"><img fetchpriority=\"high\" decoding=\"async\" class=\"wp-image-3146\" src=\"https:\/\/theperfumebottles.com\/wp-content\/uploads\/2025\/04\/crimp-perfume-bottles-yx16-pb.webp\" alt=\"krimp parf\u00fcm\u00f6s \u00fcvegek\" width=\"500\" height=\"500\" srcset=\"https:\/\/theperfumebottles.com\/wp-content\/uploads\/2025\/04\/crimp-perfume-bottles-yx16-pb.webp 1000w, https:\/\/theperfumebottles.com\/wp-content\/uploads\/2025\/04\/crimp-perfume-bottles-yx16-pb-300x300.webp 300w, https:\/\/theperfumebottles.com\/wp-content\/uploads\/2025\/04\/crimp-perfume-bottles-yx16-pb-150x150.webp 150w, https:\/\/theperfumebottles.com\/wp-content\/uploads\/2025\/04\/crimp-perfume-bottles-yx16-pb-768x768.webp 768w, https:\/\/theperfumebottles.com\/wp-content\/uploads\/2025\/04\/crimp-perfume-bottles-yx16-pb-12x12.webp 12w, https:\/\/theperfumebottles.com\/wp-content\/uploads\/2025\/04\/crimp-perfume-bottles-yx16-pb-600x600.webp 600w, https:\/\/theperfumebottles.com\/wp-content\/uploads\/2025\/04\/crimp-perfume-bottles-yx16-pb-100x100.webp 100w\" sizes=\"(max-width: 500px) 100vw, 500px\" \/><figcaption id=\"caption-attachment-3146\" class=\"wp-caption-text\">divatos parf\u00fcm\u00f6s \u00fcvegek nagykereskedelem<\/figcaption><\/figure>\n<h2>F\u0151bb specifik\u00e1ci\u00f3k<\/h2>\n<figure id=\"attachment_3148\" aria-describedby=\"caption-attachment-3148\" style=\"width: 500px\" class=\"wp-caption aligncenter\"><img decoding=\"async\" class=\"wp-image-3148\" src=\"https:\/\/theperfumebottles.com\/wp-content\/uploads\/2025\/04\/fancy-perfume-bottles-wholesale-yx16-shape.webp\" alt=\"divatos parf\u00fcm\u00f6s \u00fcvegek nagykereskedelem\" width=\"500\" height=\"500\" srcset=\"https:\/\/theperfumebottles.com\/wp-content\/uploads\/2025\/04\/fancy-perfume-bottles-wholesale-yx16-shape.webp 1000w, https:\/\/theperfumebottles.com\/wp-content\/uploads\/2025\/04\/fancy-perfume-bottles-wholesale-yx16-shape-300x300.webp 300w, https:\/\/theperfumebottles.com\/wp-content\/uploads\/2025\/04\/fancy-perfume-bottles-wholesale-yx16-shape-150x150.webp 150w, https:\/\/theperfumebottles.com\/wp-content\/uploads\/2025\/04\/fancy-perfume-bottles-wholesale-yx16-shape-768x768.webp 768w, https:\/\/theperfumebottles.com\/wp-content\/uploads\/2025\/04\/fancy-perfume-bottles-wholesale-yx16-shape-12x12.webp 12w, https:\/\/theperfumebottles.com\/wp-content\/uploads\/2025\/04\/fancy-perfume-bottles-wholesale-yx16-shape-600x600.webp 600w, https:\/\/theperfumebottles.com\/wp-content\/uploads\/2025\/04\/fancy-perfume-bottles-wholesale-yx16-shape-100x100.webp 100w\" sizes=\"(max-width: 500px) 100vw, 500px\" \/><figcaption id=\"caption-attachment-3148\" class=\"wp-caption-text\">parf\u00fcm\u00f6s \u00fcveg peremezett nyakkal<\/figcaption><\/figure>\n<table>\n<thead>\n<tr>\n<th>Specifik\u00e1ci\u00f3<\/th>\n<th>PB-YX1601<\/th>\n<th>PB-YX1602<\/th>\n<\/tr>\n<\/thead>\n<tbody>\n<tr>\n<td>Kapacit\u00e1s<\/td>\n<td>50 ml<\/td>\n<td>100 ml<\/td>\n<\/tr>\n<tr>\n<td>Dimenzi\u00f3<\/td>\n<td>38*38*80 mm<\/td>\n<td>38*38*116 mm<\/td>\n<\/tr>\n<tr>\n<td>Kaliber<\/td>\n<td>15 mm<\/td>\n<td>15 mm<\/td>\n<\/tr>\n<tr>\n<td>\u00dcveg sz\u00edne<\/td>\n<td>\u00c1tl\u00e1tsz\u00f3<\/td>\n<td>\u00c1tl\u00e1tsz\u00f3<\/td>\n<\/tr>\n<tr>\n<td>Szivatty\u00fa<\/td>\n<td>Arany, ez\u00fcst, fekete<\/td>\n<td>Arany, ez\u00fcst, fekete<\/td>\n<\/tr>\n<tr>\n<td>T\u00f6m\u00edt\u00e9s t\u00edpusa<\/td>\n<td>Krimpel\u0151 nyak<\/td>\n<td>Krimpel\u0151 nyak<\/td>\n<\/tr>\n<\/tbody>\n<\/table>\n<h2>Sikert\u00f6rt\u00e9net: Egyedi megrendel\u00e9s egy eur\u00f3pai luxus divatm\u00e1rk\u00e1t\u00f3l<\/h2>\n<p>Egy olasz divath\u00e1z a mi sz\u00f6gletes, krimpelhet\u0151 parf\u00fcm\u00f6s \u00fcvegeinket v\u00e1lasztotta k\u00fcl\u00f6nleges parf\u00fcmkre\u00e1ci\u00f3j\u00e1hoz, amely 18 kar\u00e1tos arannyal bevont kupakkal \u00e9s f\u00fcst\u00f6s sz\u00fcrke \u00fcveg testtel rendelkezett. Az egyedi parf\u00fcm\u00f6s \u00fcveg diz\u00e1jnja nagy sikert aratott, mivel luxus megjelen\u00e9se lehet\u0151v\u00e9 tette, hogy 40%-kal magasabb \u00e1ron \u00e9rt\u00e9kes\u00edtse, mint a kor\u00e1bbi term\u00e9kcsal\u00e1dok, m\u00edg jellegzetes form\u00e1ja f\u0151 diz\u00e1jnelemm\u00e9 v\u00e1lt, amely 300%-kal nagyobb k\u00f6z\u00f6ss\u00e9gi m\u00e9dia \u00e9rdekl\u0151d\u00e9st v\u00e1ltott ki, miel\u0151tt a term\u00e9k forgalomba ker\u00fclt volna. Erre a sikerre \u00e9p\u00edtve a m\u00e1rka tov\u00e1bbi 250 000 \u00fcvegnyi megrendel\u00e9st adott le \u00faj unisex parf\u00fcm kollekci\u00f3j\u00e1hoz \u00e9s limit\u00e1lt kiad\u00e1s\u00fa m\u0171v\u00e9szi egy\u00fcttm\u0171k\u00f6d\u00e9seihez.<\/p>\n<h2>Krimp parf\u00fcm\u00f6s \u00fcveg testreszab\u00e1si javaslatok<\/h2>\n<ul>\n<li>Kupak anyaga \u00e9s fel\u00fclete: K\u00fcl\u00f6nb\u00f6z\u0151 f\u00e9mkupak opci\u00f3kat k\u00edn\u00e1lunk, amelyek n\u00e9gyf\u00e9le fel\u00fcletkezel\u00e9si st\u00edlusban kaphat\u00f3k, bele\u00e9rtve a matt \u00e9s f\u00e9nyes, valamint a kalap\u00e1csolt \u00e9s krist\u00e1lyokkal bevont diz\u00e1jnokat.<\/li>\n<li>Text\u00fara- \u00e9s mintav\u00e1ltozatok: A felhaszn\u00e1l\u00f3k h\u00e1romf\u00e9le diz\u00e1jnopci\u00f3val hozhatnak l\u00e9tre k\u00fcl\u00f6nf\u00e9le oldalpanel-diz\u00e1jnokat, bele\u00e9rtve a ferde mint\u00e1kat \u00e9s a geometriai mint\u00e1kat, valamint a sima el\u00fcls\u0151 \u00e9s textur\u00e1lt oldals\u00f3 elemek kombin\u00e1ci\u00f3j\u00e1t.<\/li>\n<li>U-horony mint\u00e1k: A felhaszn\u00e1l\u00f3k h\u00e1rom el\u00e9rhet\u0151 tervez\u00e9si lehet\u0151s\u00e9g k\u00f6z\u00fcl v\u00e1laszthatnak, amelyek magukban foglalj\u00e1k a V-alak\u00fa mint\u00e1kat, a hull\u00e1mos form\u00e1kat \u00e9s a m\u00e1rk\u00e1juk \u00e1ltal haszn\u00e1lt specifikus geometriai mint\u00e1kat.<\/li>\n<\/ul>","protected":false},"excerpt":{"rendered":"<p>Kiv\u00e1l\u00f3 min\u0151s\u00e9g\u0171, d\u00edszes parf\u00fcm\u00f6s \u00fcvegek nagykereskedelemben, textur\u00e1lt \u00fcveg bevonattal. A krimpelt parf\u00fcm\u00f6s \u00fcvegek biztons\u00e1gos z\u00e1r\u00e1st biztos\u00edtanak. K\u00f6zvetlen gy\u00e1ri \u00e1rk\u00e9pz\u00e9s el\u00e9rhet\u0151.<\/p>","protected":false},"featured_media":3147,"comment_status":"open","ping_status":"closed","template":"","meta":{"_acf_changed":false,"site-sidebar-layout":"default","site-content-layout":"","ast-site-content-layout":"default","site-content-style":"default","site-sidebar-style":"default","ast-global-header-display":"","ast-banner-title-visibility":"","ast-main-header-display":"","ast-hfb-above-header-display":"","ast-hfb-below-header-display":"","ast-hfb-mobile-header-display":"","site-post-title":"","ast-breadcrumbs-content":"","ast-featured-img":"","footer-sml-layout":"","ast-disable-related-posts":"","theme-transparent-header-meta":"default","adv-header-id-meta":"","stick-header-meta":"","header-above-stick-meta":"","header-main-stick-meta":"","header-below-stick-meta":"","astra-migrate-meta-layouts":"set","ast-page-background-enabled":"default","ast-page-background-meta":{"desktop":{"background-color":"var(--ast-global-color-5)","background-image":"","background-repeat":"repeat","background-position":"center center","background-size":"auto","background-attachment":"scroll","background-type":"","background-media":"","overlay-type":"","overlay-color":"","overlay-opacity":"","overlay-gradient":""},"tablet":{"background-color":"","background-image":"","background-repeat":"repeat","background-position":"center center","background-size":"auto","background-attachment":"scroll","background-type":"","background-media":"","overlay-type":"","overlay-color":"","overlay-opacity":"","overlay-gradient":""},"mobile":{"background-color":"","background-image":"","background-repeat":"repeat","background-position":"center center","background-size":"auto","background-attachment":"scroll","background-type":"","background-media":"","overlay-type":"","overlay-color":"","overlay-opacity":"","overlay-gradient":""}},"ast-content-background-meta":{"desktop":{"background-color":"var(--ast-global-color-4)","background-image":"","background-repeat":"repeat","background-position":"center center","background-size":"auto","background-attachment":"scroll","background-type":"","background-media":"","overlay-type":"","overlay-color":"","overlay-opacity":"","overlay-gradient":""},"tablet":{"background-color":"var(--ast-global-color-4)","background-image":"","background-repeat":"repeat","background-position":"center center","background-size":"auto","background-attachment":"scroll","background-type":"","background-media":"","overlay-type":"","overlay-color":"","overlay-opacity":"","overlay-gradient":""},"mobile":{"background-color":"var(--ast-global-color-4)","background-image":"","background-repeat":"repeat","background-position":"center center","background-size":"auto","background-attachment":"scroll","background-type":"","background-media":"","overlay-type":"","overlay-color":"","overlay-opacity":"","overlay-gradient":""}}},"product_brand":[],"product_cat":[91,72,41],"product_tag":[],"class_list":{"0":"post-3145","1":"product","2":"type-product","3":"status-publish","4":"has-post-thumbnail","6":"product_cat-custom-perfume-bottles","7":"product_cat-cosmetic-packaging","8":"product_cat-perfume-bottles","9":"desktop-align-left","10":"tablet-align-left","11":"mobile-align-left","13":"first","14":"instock","15":"shipping-taxable","16":"product-type-simple"},"acf":[],"jetpack_sharing_enabled":true,"_links":{"self":[{"href":"https:\/\/theperfumebottles.com\/hu\/wp-json\/wp\/v2\/product\/3145","targetHints":{"allow":["GET"]}}],"collection":[{"href":"https:\/\/theperfumebottles.com\/hu\/wp-json\/wp\/v2\/product"}],"about":[{"href":"https:\/\/theperfumebottles.com\/hu\/wp-json\/wp\/v2\/types\/product"}],"replies":[{"embeddable":true,"href":"https:\/\/theperfumebottles.com\/hu\/wp-json\/wp\/v2\/comments?post=3145"}],"wp:featuredmedia":[{"embeddable":true,"href":"https:\/\/theperfumebottles.com\/hu\/wp-json\/wp\/v2\/media\/3147"}],"wp:attachment":[{"href":"https:\/\/theperfumebottles.com\/hu\/wp-json\/wp\/v2\/media?parent=3145"}],"wp:term":[{"taxonomy":"product_brand","embeddable":true,"href":"https:\/\/theperfumebottles.com\/hu\/wp-json\/wp\/v2\/product_brand?post=3145"},{"taxonomy":"product_cat","embeddable":true,"href":"https:\/\/theperfumebottles.com\/hu\/wp-json\/wp\/v2\/product_cat?post=3145"},{"taxonomy":"product_tag","embeddable":true,"href":"https:\/\/theperfumebottles.com\/hu\/wp-json\/wp\/v2\/product_tag?post=3145"}],"curies":[{"name":"wp","href":"https:\/\/api.w.org\/{rel}","templated":true}]}}