{"id":3206,"date":"2025-04-25T07:43:22","date_gmt":"2025-04-25T07:43:22","guid":{"rendered":"https:\/\/theperfumebottles.com\/?post_type=product&#038;p=3206"},"modified":"2025-04-25T07:51:56","modified_gmt":"2025-04-25T07:51:56","slug":"3-oz-perfume-bottles-glass-cologne-bottles-for-bulk-orders","status":"publish","type":"product","link":"https:\/\/theperfumebottles.com\/hu\/termek\/3-oz-perfume-bottles-glass-cologne-bottles-for-bulk-orders\/","title":{"rendered":"3 unci\u00e1s parf\u00fcm\u00f6s \u00fcvegek | \u00dcveg k\u00f6lnipalackok nagy t\u00e9telben t\u00f6rt\u00e9n\u0151 rendel\u00e9sre"},"content":{"rendered":"<p>A PB-YX1702 3 unci\u00e1s parf\u00fcm\u00f6s \u00fcveg\u00fcnk lekerek\u00edtett, majdnem hengeres, t\u00e9glalap alak\u00fa kialak\u00edt\u00e1s\u00fa, \u00e1tl\u00e1tsz\u00f3 \u00fcvegfed\u00e9llel \u00e9s vastag \u00fcvegalappal rendelkezik a f\u00e9ny\u0171z\u0151 megjelen\u00e9s \u00e9rdek\u00e9ben.<\/p>\n<p><img fetchpriority=\"high\" decoding=\"async\" class=\"wp-image-3209 aligncenter\" src=\"https:\/\/theperfumebottles.com\/wp-content\/uploads\/2025\/04\/3-oz-cologne-bottle-sizes-yx1702.webp\" alt=\"3 oz k\u00f6lni \u00fcveg\" width=\"500\" height=\"500\" srcset=\"https:\/\/theperfumebottles.com\/wp-content\/uploads\/2025\/04\/3-oz-cologne-bottle-sizes-yx1702.webp 1000w, https:\/\/theperfumebottles.com\/wp-content\/uploads\/2025\/04\/3-oz-cologne-bottle-sizes-yx1702-300x300.webp 300w, https:\/\/theperfumebottles.com\/wp-content\/uploads\/2025\/04\/3-oz-cologne-bottle-sizes-yx1702-150x150.webp 150w, https:\/\/theperfumebottles.com\/wp-content\/uploads\/2025\/04\/3-oz-cologne-bottle-sizes-yx1702-768x768.webp 768w, https:\/\/theperfumebottles.com\/wp-content\/uploads\/2025\/04\/3-oz-cologne-bottle-sizes-yx1702-12x12.webp 12w, https:\/\/theperfumebottles.com\/wp-content\/uploads\/2025\/04\/3-oz-cologne-bottle-sizes-yx1702-600x600.webp 600w, https:\/\/theperfumebottles.com\/wp-content\/uploads\/2025\/04\/3-oz-cologne-bottle-sizes-yx1702-100x100.webp 100w\" sizes=\"(max-width: 500px) 100vw, 500px\" \/><\/p>\n<h2>F\u0151bb specifik\u00e1ci\u00f3k<\/h2>\n<table>\n<thead>\n<tr>\n<th style=\"text-align: left;\"><strong>Modell<\/strong><\/th>\n<th style=\"text-align: left;\">PB-YX1702<\/th>\n<\/tr>\n<\/thead>\n<tbody>\n<tr>\n<td><strong>Kapacit\u00e1s<\/strong><\/td>\n<td>90ml (3 oz)<\/td>\n<\/tr>\n<tr>\n<td><strong>M\u00e9retek<\/strong><\/td>\n<td>55\u00d755\u00d788 mm<\/td>\n<\/tr>\n<tr>\n<td><strong>F\u00fav\u00f3ka sz\u00ednek<\/strong><\/td>\n<td>Ez\u00fcst\/arany porlaszt\u00f3<\/td>\n<\/tr>\n<tr>\n<td><strong>T\u00f6m\u00edt\u00e9s t\u00edpusa<\/strong><\/td>\n<td>Press-fit nyak a sziv\u00e1rg\u00e1smentes t\u00f6m\u00edt\u00e9s\u00e9rt<\/td>\n<\/tr>\n<\/tbody>\n<\/table>\n<h2>Testreszab\u00e1si tippek<\/h2>\n<p>Egy parf\u00fcm-nagykeresked\u0151 a mi 3 oz-os k\u00f6lnis\u00fcveg\u00fcnket haszn\u00e1lta fel a 3 oz-os k\u00f6lni term\u00e9kcsal\u00e1djuk \u00fajb\u00f3li m\u00e1rk\u00e1z\u00e1s\u00e1hoz. M\u00e1rk\u00e1juk log\u00f3j\u00e1nak forr\u00f3 b\u00e9lyegz\u00e9ssel t\u00f6rt\u00e9n\u0151 testreszab\u00e1s\u00e1val \u00e9s k\u00f6rnyezetbar\u00e1t csomagol\u00e1s haszn\u00e1lat\u00e1val t\u00f6bb mint $50.000 darabos t\u00f6meges megrendel\u00e9st kaptak egy luxuskiskeresked\u0151t\u0151l.<\/p>\n<ol>\n<li>V\u00e1llalati aj\u00e1nd\u00e9kokhoz vagy esk\u00fcv\u0151i sz\u00edvess\u00e9gekhez az \u00fcvegpalackra sz\u00f6veget is grav\u00edrozhat.<\/li>\n<li>Az \u00fcres palackokhoz v\u00e1laszthat matt vagy f\u00e9nyes fel\u00fcletet is.<\/li>\n<li>Kombin\u00e1lja a fa display \u00e1llv\u00e1nyokkal a kereskedelmi ki\u00e1ll\u00edt\u00e1si prom\u00f3ci\u00f3khoz.<\/li>\n<\/ol>","protected":false},"excerpt":{"rendered":"<p>Descover 3 oz parf\u00fcm\u00f6s \u00fcveg (90 ml) kerek, t\u00e9glalap alak\u00fa \u00fcveg kialak\u00edt\u00e1ssal, alkalmas nagy t\u00e9telben t\u00f6rt\u00e9n\u0151 megrendel\u00e9sre. Egyedi sz\u00edn, m\u00e9ret, fel\u00fclet \u00e9s tartoz\u00e9kok a parf\u00fcm m\u00e1rk\u00e1j\u00e1hoz.<\/p>","protected":false},"featured_media":3211,"comment_status":"open","ping_status":"closed","template":"","meta":{"_acf_changed":false,"site-sidebar-layout":"default","site-content-layout":"","ast-site-content-layout":"default","site-content-style":"default","site-sidebar-style":"default","ast-global-header-display":"","ast-banner-title-visibility":"","ast-main-header-display":"","ast-hfb-above-header-display":"","ast-hfb-below-header-display":"","ast-hfb-mobile-header-display":"","site-post-title":"","ast-breadcrumbs-content":"","ast-featured-img":"","footer-sml-layout":"","ast-disable-related-posts":"","theme-transparent-header-meta":"default","adv-header-id-meta":"","stick-header-meta":"","header-above-stick-meta":"","header-main-stick-meta":"","header-below-stick-meta":"","astra-migrate-meta-layouts":"set","ast-page-background-enabled":"default","ast-page-background-meta":{"desktop":{"background-color":"var(--ast-global-color-5)","background-image":"","background-repeat":"repeat","background-position":"center center","background-size":"auto","background-attachment":"scroll","background-type":"","background-media":"","overlay-type":"","overlay-color":"","overlay-opacity":"","overlay-gradient":""},"tablet":{"background-color":"","background-image":"","background-repeat":"repeat","background-position":"center center","background-size":"auto","background-attachment":"scroll","background-type":"","background-media":"","overlay-type":"","overlay-color":"","overlay-opacity":"","overlay-gradient":""},"mobile":{"background-color":"","background-image":"","background-repeat":"repeat","background-position":"center center","background-size":"auto","background-attachment":"scroll","background-type":"","background-media":"","overlay-type":"","overlay-color":"","overlay-opacity":"","overlay-gradient":""}},"ast-content-background-meta":{"desktop":{"background-color":"var(--ast-global-color-4)","background-image":"","background-repeat":"repeat","background-position":"center center","background-size":"auto","background-attachment":"scroll","background-type":"","background-media":"","overlay-type":"","overlay-color":"","overlay-opacity":"","overlay-gradient":""},"tablet":{"background-color":"var(--ast-global-color-4)","background-image":"","background-repeat":"repeat","background-position":"center center","background-size":"auto","background-attachment":"scroll","background-type":"","background-media":"","overlay-type":"","overlay-color":"","overlay-opacity":"","overlay-gradient":""},"mobile":{"background-color":"var(--ast-global-color-4)","background-image":"","background-repeat":"repeat","background-position":"center center","background-size":"auto","background-attachment":"scroll","background-type":"","background-media":"","overlay-type":"","overlay-color":"","overlay-opacity":"","overlay-gradient":""}}},"product_brand":[],"product_cat":[72,91,41],"product_tag":[],"class_list":{"0":"post-3206","1":"product","2":"type-product","3":"status-publish","4":"has-post-thumbnail","6":"product_cat-cosmetic-packaging","7":"product_cat-custom-perfume-bottles","8":"product_cat-perfume-bottles","9":"desktop-align-left","10":"tablet-align-left","11":"mobile-align-left","13":"first","14":"instock","15":"shipping-taxable","16":"product-type-simple"},"acf":[],"jetpack_sharing_enabled":true,"_links":{"self":[{"href":"https:\/\/theperfumebottles.com\/hu\/wp-json\/wp\/v2\/product\/3206","targetHints":{"allow":["GET"]}}],"collection":[{"href":"https:\/\/theperfumebottles.com\/hu\/wp-json\/wp\/v2\/product"}],"about":[{"href":"https:\/\/theperfumebottles.com\/hu\/wp-json\/wp\/v2\/types\/product"}],"replies":[{"embeddable":true,"href":"https:\/\/theperfumebottles.com\/hu\/wp-json\/wp\/v2\/comments?post=3206"}],"wp:featuredmedia":[{"embeddable":true,"href":"https:\/\/theperfumebottles.com\/hu\/wp-json\/wp\/v2\/media\/3211"}],"wp:attachment":[{"href":"https:\/\/theperfumebottles.com\/hu\/wp-json\/wp\/v2\/media?parent=3206"}],"wp:term":[{"taxonomy":"product_brand","embeddable":true,"href":"https:\/\/theperfumebottles.com\/hu\/wp-json\/wp\/v2\/product_brand?post=3206"},{"taxonomy":"product_cat","embeddable":true,"href":"https:\/\/theperfumebottles.com\/hu\/wp-json\/wp\/v2\/product_cat?post=3206"},{"taxonomy":"product_tag","embeddable":true,"href":"https:\/\/theperfumebottles.com\/hu\/wp-json\/wp\/v2\/product_tag?post=3206"}],"curies":[{"name":"wp","href":"https:\/\/api.w.org\/{rel}","templated":true}]}}