{"id":3212,"date":"2025-04-27T07:08:23","date_gmt":"2025-04-27T07:08:23","guid":{"rendered":"https:\/\/theperfumebottles.com\/?post_type=product&#038;p=3212"},"modified":"2025-04-27T07:08:25","modified_gmt":"2025-04-27T07:08:25","slug":"premium-circle-perfume-bottles-with-fan-shaped-caps","status":"publish","type":"product","link":"https:\/\/theperfumebottles.com\/hu\/termek\/premium-circle-perfume-bottles-with-fan-shaped-caps\/","title":{"rendered":"Pr\u00e9mium k\u00f6r alak\u00fa parf\u00fcm\u00f6s \u00fcvegek legyez\u0151 alak\u00fa kupakkal az \u00d6n m\u00e1rk\u00e1j\u00e1hoz"},"content":{"rendered":"<h2><strong>Specifik\u00e1ci\u00f3k<\/strong><\/h2>\n<table>\n<thead>\n<tr>\n<th>Modell<\/th>\n<th>Kapacit\u00e1s<\/th>\n<th>M\u00e9retek (mm)<\/th>\n<th>Szivatty\u00fafej sz\u00ednek<\/th>\n<th>Tan\u00fas\u00edtv\u00e1nyok<\/th>\n<\/tr>\n<\/thead>\n<tbody>\n<tr>\n<td>PB-YX1901<\/td>\n<td>30 ml<\/td>\n<td>64\u00d728\u00d772<\/td>\n<td>Ez\u00fcst\/arany\/fekete<\/td>\n<td>CE, ISO, BSCI, REACH<\/td>\n<\/tr>\n<tr>\n<td>PB-YX1902<\/td>\n<td>50 ml<\/td>\n<td>75\u00d725\u00d785<\/td>\n<td>Ez\u00fcst\/arany\/fekete<\/td>\n<td>CE, ISO, BSCI, REACH<\/td>\n<\/tr>\n<tr>\n<td>PB-YX1903<\/td>\n<td>100 ml<\/td>\n<td>86\u00d736\u00d790<\/td>\n<td>Ez\u00fcst\/arany\/fekete<\/td>\n<td>CE, ISO, BSCI, REACH<\/td>\n<\/tr>\n<\/tbody>\n<\/table>\n<h2>Csomagol\u00e1si tippek<\/h2>\n<p>Egy eur\u00f3pai luxusparf\u00fcm m\u00e1rka nemr\u00e9giben egy\u00fcttm\u0171k\u00f6d\u00f6tt vel\u00fcnk a PB-YX1902 50 ml-es parf\u00fcm\u00f6s \u00fcveg testreszab\u00e1sa \u00e9rdek\u00e9ben, r\u00f3zsaarany pumpafejjel \u00e9s grav\u00edrozott log\u00f3val. Az egyedi csomagol\u00e1snak \u00e9s a cs\u00facskateg\u00f3ri\u00e1s text\u00far\u00e1nak k\u00f6sz\u00f6nhet\u0151en a parf\u00fcm elad\u00e1sai h\u00e1rom h\u00f3nap alatt 30%-tal n\u0151ttek.<\/p>\n<h3>Javaslatok<\/h3>\n<p>Sz\u00edn \u00e9s kivitel: F\u00e9mes text\u00fara vagy forr\u00f3 b\u00e9lyegz\u00e9s hozz\u00e1ad\u00e1sa, hogy m\u00e9g figyelemfelkelt\u0151bb legyen.<\/p>\n<p>C\u00edmkekialak\u00edt\u00e1s: P\u00e1ros\u00edtsa \u00fcres c\u00edmk\u00e9inket a m\u00e1rka arculat\u00e1nak kialak\u00edt\u00e1s\u00e1hoz.<\/p>\n<p>\u00d6mlesztett csomagol\u00e1s: F\u00e1b\u00f3l k\u00e9sz\u00fclt raklapok vagy k\u00f6rnyezetbar\u00e1t dobozok k\u00f6z\u00fcl v\u00e1laszthat a nagykereskedelmi megrendel\u00e9sekhez.<\/p>\n<p>Az \u00fczleti n\u00f6veked\u00e9st helyezz\u00fck el\u0151t\u00e9rbe. A nagykereskedelmi \u00e1rk\u00e9pz\u00e9ssel \u00e9s a gyors sz\u00e1ll\u00edt\u00e1ssal (7-15 nap a rakt\u00e1rk\u00e9szleten l\u00e9v\u0151 term\u00e9kek eset\u00e9ben) \u00d6n a parf\u00fcmje illat\u00e1ra koncentr\u00e1lhat, mi pedig gondoskodunk a csomagol\u00e1sr\u00f3l.<\/p>","protected":false},"excerpt":{"rendered":"<p>Fedezze fel a luxus k\u00f6r alak\u00fa parf\u00fcm\u00f6s \u00fcvegeket legyez\u0151 alak\u00fa kupakkal. Testreszab\u00e1si \u00e9s nagykereskedelmi lehet\u0151s\u00e9gek. T\u00f6k\u00e9letes a pr\u00e9mium illatszercsomagol\u00e1st keres\u0151 m\u00e1rk\u00e1k sz\u00e1m\u00e1ra.<\/p>","protected":false},"featured_media":3214,"comment_status":"open","ping_status":"closed","template":"","meta":{"_acf_changed":false,"site-sidebar-layout":"default","site-content-layout":"","ast-site-content-layout":"default","site-content-style":"default","site-sidebar-style":"default","ast-global-header-display":"","ast-banner-title-visibility":"","ast-main-header-display":"","ast-hfb-above-header-display":"","ast-hfb-below-header-display":"","ast-hfb-mobile-header-display":"","site-post-title":"","ast-breadcrumbs-content":"","ast-featured-img":"","footer-sml-layout":"","ast-disable-related-posts":"","theme-transparent-header-meta":"default","adv-header-id-meta":"","stick-header-meta":"","header-above-stick-meta":"","header-main-stick-meta":"","header-below-stick-meta":"","astra-migrate-meta-layouts":"set","ast-page-background-enabled":"default","ast-page-background-meta":{"desktop":{"background-color":"var(--ast-global-color-5)","background-image":"","background-repeat":"repeat","background-position":"center center","background-size":"auto","background-attachment":"scroll","background-type":"","background-media":"","overlay-type":"","overlay-color":"","overlay-opacity":"","overlay-gradient":""},"tablet":{"background-color":"","background-image":"","background-repeat":"repeat","background-position":"center center","background-size":"auto","background-attachment":"scroll","background-type":"","background-media":"","overlay-type":"","overlay-color":"","overlay-opacity":"","overlay-gradient":""},"mobile":{"background-color":"","background-image":"","background-repeat":"repeat","background-position":"center center","background-size":"auto","background-attachment":"scroll","background-type":"","background-media":"","overlay-type":"","overlay-color":"","overlay-opacity":"","overlay-gradient":""}},"ast-content-background-meta":{"desktop":{"background-color":"var(--ast-global-color-4)","background-image":"","background-repeat":"repeat","background-position":"center center","background-size":"auto","background-attachment":"scroll","background-type":"","background-media":"","overlay-type":"","overlay-color":"","overlay-opacity":"","overlay-gradient":""},"tablet":{"background-color":"var(--ast-global-color-4)","background-image":"","background-repeat":"repeat","background-position":"center center","background-size":"auto","background-attachment":"scroll","background-type":"","background-media":"","overlay-type":"","overlay-color":"","overlay-opacity":"","overlay-gradient":""},"mobile":{"background-color":"var(--ast-global-color-4)","background-image":"","background-repeat":"repeat","background-position":"center center","background-size":"auto","background-attachment":"scroll","background-type":"","background-media":"","overlay-type":"","overlay-color":"","overlay-opacity":"","overlay-gradient":""}}},"product_brand":[],"product_cat":[72,91,41],"product_tag":[],"class_list":{"0":"post-3212","1":"product","2":"type-product","3":"status-publish","4":"has-post-thumbnail","6":"product_cat-cosmetic-packaging","7":"product_cat-custom-perfume-bottles","8":"product_cat-perfume-bottles","9":"desktop-align-left","10":"tablet-align-left","11":"mobile-align-left","13":"first","14":"instock","15":"shipping-taxable","16":"product-type-simple"},"acf":[],"jetpack_sharing_enabled":true,"_links":{"self":[{"href":"https:\/\/theperfumebottles.com\/hu\/wp-json\/wp\/v2\/product\/3212","targetHints":{"allow":["GET"]}}],"collection":[{"href":"https:\/\/theperfumebottles.com\/hu\/wp-json\/wp\/v2\/product"}],"about":[{"href":"https:\/\/theperfumebottles.com\/hu\/wp-json\/wp\/v2\/types\/product"}],"replies":[{"embeddable":true,"href":"https:\/\/theperfumebottles.com\/hu\/wp-json\/wp\/v2\/comments?post=3212"}],"wp:featuredmedia":[{"embeddable":true,"href":"https:\/\/theperfumebottles.com\/hu\/wp-json\/wp\/v2\/media\/3214"}],"wp:attachment":[{"href":"https:\/\/theperfumebottles.com\/hu\/wp-json\/wp\/v2\/media?parent=3212"}],"wp:term":[{"taxonomy":"product_brand","embeddable":true,"href":"https:\/\/theperfumebottles.com\/hu\/wp-json\/wp\/v2\/product_brand?post=3212"},{"taxonomy":"product_cat","embeddable":true,"href":"https:\/\/theperfumebottles.com\/hu\/wp-json\/wp\/v2\/product_cat?post=3212"},{"taxonomy":"product_tag","embeddable":true,"href":"https:\/\/theperfumebottles.com\/hu\/wp-json\/wp\/v2\/product_tag?post=3212"}],"curies":[{"name":"wp","href":"https:\/\/api.w.org\/{rel}","templated":true}]}}