{"id":3235,"date":"2025-04-28T08:04:02","date_gmt":"2025-04-28T08:04:02","guid":{"rendered":"https:\/\/theperfumebottles.com\/?post_type=product&#038;p=3235"},"modified":"2026-04-07T14:19:18","modified_gmt":"2026-04-07T06:19:18","slug":"25ml-stylish-small-empty-perfume-bottles-for-wholesale","status":"publish","type":"product","link":"https:\/\/theperfumebottles.com\/hu\/termek\/25ml-stylish-small-empty-perfume-bottles-for-wholesale\/","title":{"rendered":"25 ml-es st\u00edlusos kis \u00fcres parf\u00fcm\u00f6s \u00fcvegek nagykereskedelemhez"},"content":{"rendered":"<p>A t\u00e9glalap alak\u00fa, kis \u00fcres parf\u00fcm\u00f6s \u00fcvegcs\u00e9k sima \u00e9lekkel, szimmetrikus kialak\u00edt\u00e1suknak k\u00f6sz\u00f6nhet\u0151en modern megjelen\u00e9st k\u00f6lcs\u00f6n\u00f6znek. Az \u00fcveg teste az illat sz\u00edn\u00e9t is kiemeli, mivel az \u00e1tl\u00e1tsz\u00f3 \u00fcveg teste vastag talppal kombin\u00e1l\u00f3dik, ami jav\u00edtja a stabilit\u00e1st. A term\u00e9k az \u00e1ramvonalas hengeres kupakot egy finom permetez\u0151vel \u00f6tv\u00f6zi, \u00edgy alkalmas mindennapi haszn\u00e1latra \u00e9s kompakt utaz\u00e1si c\u00e9lokra.<\/p>\n<h2>F\u0151bb specifik\u00e1ci\u00f3k<\/h2>\n<p>&nbsp;<\/p>\n<table style=\"border-collapse: collapse; margin-left: auto; margin-right: auto; width: 80%;\" border=\"0\" width=\"80%\" cellspacing=\"0\" cellpadding=\"0\">\n<tbody>\n<tr style=\"height: 13.50pt;\">\n<td style=\"height: 13.5pt; width: 132pt; text-align: center;\" width=\"176\" height=\"18\"><strong>Modell<\/strong><\/td>\n<td style=\"width: 195pt; text-align: center;\" width=\"260\">PB-YX2001<\/td>\n<\/tr>\n<tr style=\"height: 13.50pt;\">\n<td style=\"height: 13.5pt; text-align: center;\" height=\"18\"><strong>Dimenzi\u00f3<\/strong><\/td>\n<td style=\"text-align: center;\">25 ml<\/td>\n<\/tr>\n<tr style=\"height: 13.50pt;\">\n<td style=\"height: 13.5pt; text-align: center;\" height=\"18\"><strong>M\u00e9ret<\/strong><\/td>\n<td style=\"text-align: center;\">32 \u00d7 20 \u00d7 75 mm<\/td>\n<\/tr>\n<tr style=\"height: 13.50pt;\">\n<td style=\"height: 13.5pt; text-align: center;\" height=\"18\"><strong>Kaliber<\/strong><\/td>\n<td style=\"text-align: center;\">15 mm<\/td>\n<\/tr>\n<tr style=\"height: 13.50pt;\">\n<td style=\"height: 13.5pt; text-align: center;\" height=\"18\"><strong>El\u00e9rhet\u0151 pumpa sz\u00ednek<\/strong><\/td>\n<td style=\"text-align: center;\">Ez\u00fcst, Arany, Fekete<\/td>\n<\/tr>\n<tr style=\"height: 13.50pt;\">\n<td style=\"height: 13.5pt; text-align: center;\" height=\"18\"><strong>T\u00f6m\u00edt\u00e9si t\u00edpus<\/strong><\/td>\n<td style=\"text-align: center;\">Krimpel\u0151 nyak<\/td>\n<\/tr>\n<\/tbody>\n<\/table>\n<h2>Sikeres eset<\/h2>\n<p>Egy f\u00fcggetlen illatm\u00e1rka keresett meg minket, \u00e9s kiv\u00e1lasztotta a 25 ml-es t\u00e9glalap alak\u00fa parf\u00fcm\u00f6s \u00fcveg\u00fcnket. Az \u00fcveg testreszab\u00e1si folyamata sor\u00e1n egy l\u00e1gy sz\u00edn\u00e1tmenetes bevonatot vitt\u00fcnk fel a belsej\u00e9re, amely egy k\u00fcl\u00f6nleges hat\u00e1st keltett, kiemelve az illatfolyad\u00e9k term\u00e9szetes sz\u00edn\u00e9t. A kupakokat k\u00e9t k\u00fcl\u00f6nb\u00f6z\u0151 st\u00edlusban \u2013 sz\u00e1lcsiszolt arany \u00e9s f\u00e9nyes fekete \u2013 k\u00e9sz\u00edtett\u00fck el egyedi kivitelben, hogy megk\u00fcl\u00f6nb\u00f6ztess\u00fck a k\u00fcl\u00f6nb\u00f6z\u0151 illatkateg\u00f3ri\u00e1kat. A m\u00e1rka log\u00f3j\u00e1t prec\u00edz szitanyom\u00e1ssal vitt\u00fck fel, amely kiv\u00e1l\u00f3 tapad\u00e1st biztos\u00edtott a fel\u00fclethez.<\/p>\n<p>Az \u00fcgyf\u00e9l tov\u00e1bbi term\u00e9keket rendelt, miut\u00e1n a pr\u00f3ba m\u00e9ret\u0171 aj\u00e1nd\u00e9kszettekben a hivatalos bevezet\u00e9st k\u00f6vet\u0151 k\u00e9t h\u00f3napban 35%-os n\u00f6veked\u00e9st tapasztalt az elad\u00e1sokban.<\/p>\n<h2>Testreszab\u00e1si javaslatok<\/h2>\n<p>Az egyik \u00fcgyfel\u00fcnk egy niche parf\u00fcmc\u00e9g, amely mint\u00e1k megrendel\u00e9s\u00e9re szabta testre ezeket az \u00fcvegeket. Testre szabt\u00e1k a forr\u00f3 sajtol\u00e1s fel\u00fclet\u00e9t \u00e9s a nyak d\u00edsz\u00edt\u00e9s\u00e9t. Az eleg\u00e1ns csomagol\u00e1s er\u0151s\u00edtette a m\u00e1rkaim\u00e1zst, ez\u00e1ltal n\u00f6velve a nagykereskedelmi \u00e9rdekl\u0151d\u00e9seket.<\/p>\n<p>A sz\u00f3r\u00f3fejes pumpa \u00e9s kupak kiv\u00e1laszt\u00e1s\u00e1t\u00f3l kezdve a kartondoboz vagy doboz kiv\u00e1laszt\u00e1s\u00e1ig csapatunk olyan csomagol\u00e1si megold\u00e1st tervez, amely megfelel az \u00d6n \u00fczleti ig\u00e9nyeinek.<\/p>","protected":false},"excerpt":{"rendered":"<p>Kiv\u00e1l\u00f3 min\u0151s\u00e9g\u0171, kis \u00fcres parf\u00fcm\u00f6s \u00fcvegek nagykeresked\u0151knek, k\u00f6zvetlen gy\u00e1ri sz\u00e1ll\u00edt\u00e1s, testreszabhat\u00f3 design \u00e9s gyors sz\u00e1ll\u00edt\u00e1s. Mini \u00fcres parf\u00fcm\u00f6s \u00fcvegek nagykereskedelemben.<\/p>","protected":false},"featured_media":3238,"comment_status":"open","ping_status":"closed","template":"","meta":{"_acf_changed":false,"site-sidebar-layout":"default","site-content-layout":"","ast-site-content-layout":"default","site-content-style":"default","site-sidebar-style":"default","ast-global-header-display":"","ast-banner-title-visibility":"","ast-main-header-display":"","ast-hfb-above-header-display":"","ast-hfb-below-header-display":"","ast-hfb-mobile-header-display":"","site-post-title":"","ast-breadcrumbs-content":"","ast-featured-img":"","footer-sml-layout":"","ast-disable-related-posts":"","theme-transparent-header-meta":"default","adv-header-id-meta":"","stick-header-meta":"","header-above-stick-meta":"","header-main-stick-meta":"","header-below-stick-meta":"","astra-migrate-meta-layouts":"set","ast-page-background-enabled":"default","ast-page-background-meta":{"desktop":{"background-color":"var(--ast-global-color-5)","background-image":"","background-repeat":"repeat","background-position":"center center","background-size":"auto","background-attachment":"scroll","background-type":"","background-media":"","overlay-type":"","overlay-color":"","overlay-opacity":"","overlay-gradient":""},"tablet":{"background-color":"","background-image":"","background-repeat":"repeat","background-position":"center center","background-size":"auto","background-attachment":"scroll","background-type":"","background-media":"","overlay-type":"","overlay-color":"","overlay-opacity":"","overlay-gradient":""},"mobile":{"background-color":"","background-image":"","background-repeat":"repeat","background-position":"center center","background-size":"auto","background-attachment":"scroll","background-type":"","background-media":"","overlay-type":"","overlay-color":"","overlay-opacity":"","overlay-gradient":""}},"ast-content-background-meta":{"desktop":{"background-color":"var(--ast-global-color-4)","background-image":"","background-repeat":"repeat","background-position":"center center","background-size":"auto","background-attachment":"scroll","background-type":"","background-media":"","overlay-type":"","overlay-color":"","overlay-opacity":"","overlay-gradient":""},"tablet":{"background-color":"var(--ast-global-color-4)","background-image":"","background-repeat":"repeat","background-position":"center center","background-size":"auto","background-attachment":"scroll","background-type":"","background-media":"","overlay-type":"","overlay-color":"","overlay-opacity":"","overlay-gradient":""},"mobile":{"background-color":"var(--ast-global-color-4)","background-image":"","background-repeat":"repeat","background-position":"center center","background-size":"auto","background-attachment":"scroll","background-type":"","background-media":"","overlay-type":"","overlay-color":"","overlay-opacity":"","overlay-gradient":""}}},"product_brand":[],"product_cat":[74,72,41],"product_tag":[],"class_list":{"0":"post-3235","1":"product","2":"type-product","3":"status-publish","4":"has-post-thumbnail","6":"product_cat-mini-perfume-bottles","7":"product_cat-cosmetic-packaging","8":"product_cat-perfume-bottles","9":"desktop-align-left","10":"tablet-align-left","11":"mobile-align-left","13":"first","14":"instock","15":"shipping-taxable","16":"product-type-simple"},"acf":[],"jetpack_sharing_enabled":true,"_links":{"self":[{"href":"https:\/\/theperfumebottles.com\/hu\/wp-json\/wp\/v2\/product\/3235","targetHints":{"allow":["GET"]}}],"collection":[{"href":"https:\/\/theperfumebottles.com\/hu\/wp-json\/wp\/v2\/product"}],"about":[{"href":"https:\/\/theperfumebottles.com\/hu\/wp-json\/wp\/v2\/types\/product"}],"replies":[{"embeddable":true,"href":"https:\/\/theperfumebottles.com\/hu\/wp-json\/wp\/v2\/comments?post=3235"}],"wp:featuredmedia":[{"embeddable":true,"href":"https:\/\/theperfumebottles.com\/hu\/wp-json\/wp\/v2\/media\/3238"}],"wp:attachment":[{"href":"https:\/\/theperfumebottles.com\/hu\/wp-json\/wp\/v2\/media?parent=3235"}],"wp:term":[{"taxonomy":"product_brand","embeddable":true,"href":"https:\/\/theperfumebottles.com\/hu\/wp-json\/wp\/v2\/product_brand?post=3235"},{"taxonomy":"product_cat","embeddable":true,"href":"https:\/\/theperfumebottles.com\/hu\/wp-json\/wp\/v2\/product_cat?post=3235"},{"taxonomy":"product_tag","embeddable":true,"href":"https:\/\/theperfumebottles.com\/hu\/wp-json\/wp\/v2\/product_tag?post=3235"}],"curies":[{"name":"wp","href":"https:\/\/api.w.org\/{rel}","templated":true}]}}