{"id":3243,"date":"2025-04-29T09:30:18","date_gmt":"2025-04-29T09:30:18","guid":{"rendered":"https:\/\/theperfumebottles.com\/?post_type=product&#038;p=3243"},"modified":"2025-05-23T13:47:44","modified_gmt":"2025-05-23T05:47:44","slug":"custimizable-round-perfume-bottles-for-luxury-brands","status":"publish","type":"product","link":"https:\/\/theperfumebottles.com\/hu\/termek\/custimizable-round-perfume-bottles-for-luxury-brands\/","title":{"rendered":"Testreszabhat\u00f3 kerek parf\u00fcm\u00f6s \u00fcvegek luxusm\u00e1rk\u00e1khoz"},"content":{"rendered":"<p>Ingyenes mint\u00e1k \u00e9s gyors sz\u00e1ll\u00edt\u00e1s. A PB-YX21 sorozat\u00fa kerek parf\u00fcm\u00f6s \u00fcvegeket \u00fagy tervezt\u00fck, hogy emelj\u00e9k a parf\u00fcm\u00f6k csomagol\u00e1s\u00e1t. A pr\u00e9mium min\u0151s\u00e9g\u0171 \u00fcvegb\u0151l k\u00e9sz\u00fclt \u00fcvegek egyszerre eleg\u00e1nsak \u00e9s funkcion\u00e1lisak. Ak\u00e1r egy eml\u00e9kezetes alkot\u00e1st szeretne l\u00e9trehozni, ak\u00e1r megl\u00e9v\u0151 term\u00e9kcsal\u00e1dj\u00e1t szeretn\u00e9 b\u0151v\u00edteni, kerek parf\u00fcm\u00f6s \u00fcvegjeink egyedi \u00e9s nagykereskedelemben kaphat\u00f3k. Magas min\u0151s\u00e9g\u0171 gy\u00e1rt\u00e1ssal, gyors sz\u00e1ll\u00edt\u00e1ssal \u00e9s rugalmas testreszab\u00e1ssal megb\u00edzhat\u00f3 t\u00e1mogat\u00e1st ny\u00fajtunk m\u00e1rk\u00e1ja sz\u00e1m\u00e1ra.<\/p>\n<table style=\"border-collapse: collapse; margin-left: auto; margin-right: auto; width: 162.03pt;\" border=\"0\" width=\"216\" cellspacing=\"0\" cellpadding=\"0\">\n<tbody>\n<tr style=\"height: 13.50pt;\">\n<td style=\"height: 13.50pt; width: 54.00pt;\" width=\"72\" height=\"18\">\n<p><figure id=\"attachment_3244\" aria-describedby=\"caption-attachment-3244\" style=\"width: 300px\" class=\"wp-caption aligncenter\"><img fetchpriority=\"high\" decoding=\"async\" class=\"wp-image-3244 size-medium\" src=\"https:\/\/theperfumebottles.com\/wp-content\/uploads\/2025\/04\/perfume-round-bottle-yx2101-300x300.webp\" alt=\"parf\u00fcm\u00f6s kerek \u00fcveg\" width=\"300\" height=\"300\" srcset=\"https:\/\/theperfumebottles.com\/wp-content\/uploads\/2025\/04\/perfume-round-bottle-yx2101-300x300.webp 300w, https:\/\/theperfumebottles.com\/wp-content\/uploads\/2025\/04\/perfume-round-bottle-yx2101-150x150.webp 150w, https:\/\/theperfumebottles.com\/wp-content\/uploads\/2025\/04\/perfume-round-bottle-yx2101-768x768.webp 768w, https:\/\/theperfumebottles.com\/wp-content\/uploads\/2025\/04\/perfume-round-bottle-yx2101-12x12.webp 12w, https:\/\/theperfumebottles.com\/wp-content\/uploads\/2025\/04\/perfume-round-bottle-yx2101-600x600.webp 600w, https:\/\/theperfumebottles.com\/wp-content\/uploads\/2025\/04\/perfume-round-bottle-yx2101-100x100.webp 100w, https:\/\/theperfumebottles.com\/wp-content\/uploads\/2025\/04\/perfume-round-bottle-yx2101.webp 1000w\" sizes=\"(max-width: 300px) 100vw, 300px\" \/><figcaption id=\"caption-attachment-3244\" class=\"wp-caption-text\">30ml PB-YX2101<\/figcaption><\/figure><\/td>\n<td style=\"width: 54.00pt;\" width=\"72\">\n<p><figure id=\"attachment_3245\" aria-describedby=\"caption-attachment-3245\" style=\"width: 300px\" class=\"wp-caption aligncenter\"><img decoding=\"async\" class=\"wp-image-3245 size-medium\" src=\"https:\/\/theperfumebottles.com\/wp-content\/uploads\/2025\/04\/perfume-round-bottle-yx2102-300x300.webp\" alt=\"parf\u00fcm\u00f6s kerek \u00fcveg\" width=\"300\" height=\"300\" srcset=\"https:\/\/theperfumebottles.com\/wp-content\/uploads\/2025\/04\/perfume-round-bottle-yx2102-300x300.webp 300w, https:\/\/theperfumebottles.com\/wp-content\/uploads\/2025\/04\/perfume-round-bottle-yx2102-150x150.webp 150w, https:\/\/theperfumebottles.com\/wp-content\/uploads\/2025\/04\/perfume-round-bottle-yx2102-768x768.webp 768w, https:\/\/theperfumebottles.com\/wp-content\/uploads\/2025\/04\/perfume-round-bottle-yx2102-12x12.webp 12w, https:\/\/theperfumebottles.com\/wp-content\/uploads\/2025\/04\/perfume-round-bottle-yx2102-600x600.webp 600w, https:\/\/theperfumebottles.com\/wp-content\/uploads\/2025\/04\/perfume-round-bottle-yx2102-100x100.webp 100w, https:\/\/theperfumebottles.com\/wp-content\/uploads\/2025\/04\/perfume-round-bottle-yx2102.webp 1000w\" sizes=\"(max-width: 300px) 100vw, 300px\" \/><figcaption id=\"caption-attachment-3245\" class=\"wp-caption-text\">50ml PB-YX2102<\/figcaption><\/figure><\/td>\n<td style=\"width: 54.00pt;\" width=\"72\">\n<p><figure id=\"attachment_3246\" aria-describedby=\"caption-attachment-3246\" style=\"width: 300px\" class=\"wp-caption aligncenter\"><img decoding=\"async\" class=\"wp-image-3246 size-medium\" src=\"https:\/\/theperfumebottles.com\/wp-content\/uploads\/2025\/04\/perfume-round-bottle-yx2103-300x300.webp\" alt=\"parf\u00fcm\u00f6s kerek \u00fcveg\" width=\"300\" height=\"300\" srcset=\"https:\/\/theperfumebottles.com\/wp-content\/uploads\/2025\/04\/perfume-round-bottle-yx2103-300x300.webp 300w, https:\/\/theperfumebottles.com\/wp-content\/uploads\/2025\/04\/perfume-round-bottle-yx2103-150x150.webp 150w, https:\/\/theperfumebottles.com\/wp-content\/uploads\/2025\/04\/perfume-round-bottle-yx2103-768x768.webp 768w, https:\/\/theperfumebottles.com\/wp-content\/uploads\/2025\/04\/perfume-round-bottle-yx2103-12x12.webp 12w, https:\/\/theperfumebottles.com\/wp-content\/uploads\/2025\/04\/perfume-round-bottle-yx2103-600x600.webp 600w, https:\/\/theperfumebottles.com\/wp-content\/uploads\/2025\/04\/perfume-round-bottle-yx2103-100x100.webp 100w, https:\/\/theperfumebottles.com\/wp-content\/uploads\/2025\/04\/perfume-round-bottle-yx2103.webp 1000w\" sizes=\"(max-width: 300px) 100vw, 300px\" \/><figcaption id=\"caption-attachment-3246\" class=\"wp-caption-text\">80ml PB-YX2103<\/figcaption><\/figure><\/td>\n<\/tr>\n<\/tbody>\n<\/table>\n<h2>F\u0151bb specifik\u00e1ci\u00f3k<\/h2>\n<table style=\"border-collapse: collapse; margin-left: auto; margin-right: auto; width: 80%;\" border=\"0\" width=\"80%\" cellspacing=\"0\" cellpadding=\"0\">\n<tbody>\n<tr style=\"height: 13.50pt;\">\n<td style=\"height: 13.50pt; width: 114.75pt;\" width=\"153\" height=\"18\"><strong>Modell<\/strong><\/td>\n<td style=\"width: 72.00pt;\" width=\"96\">PB-YX2101<\/td>\n<td style=\"width: 64.50pt;\" width=\"86\">PB-YX2102<\/td>\n<td style=\"width: 84.75pt;\" width=\"113\">PB-YX2103<\/td>\n<\/tr>\n<tr style=\"height: 13.50pt;\">\n<td style=\"height: 13.50pt;\" height=\"18\"><strong>Kapacit\u00e1s<\/strong><\/td>\n<td>30 ml<\/td>\n<td>50 ml<\/td>\n<td>80 ml<\/td>\n<\/tr>\n<tr style=\"height: 13.50pt;\">\n<td style=\"height: 13.50pt;\" height=\"18\"><strong>M\u00e9retek<\/strong><\/td>\n<td>50 x 64 mm<\/td>\n<td>57 x 63 mm<\/td>\n<td>70 x 75 mm<\/td>\n<\/tr>\n<tr style=\"height: 13.50pt;\">\n<td style=\"height: 13.50pt;\" height=\"18\"><strong>Kupak \u00e1tm\u00e9r\u0151je<\/strong><\/td>\n<td class=\"et2\" colspan=\"3\">15 mm<\/td>\n<\/tr>\n<tr style=\"height: 13.50pt;\">\n<td style=\"height: 13.50pt;\" height=\"18\"><strong>Sapka sz\u00ednbe\u00e1ll\u00edt\u00e1sai<\/strong><\/td>\n<td class=\"et2\" colspan=\"3\">Ez\u00fcst, Arany, Fekete<\/td>\n<\/tr>\n<tr style=\"height: 13.50pt;\">\n<td style=\"height: 13.50pt;\" height=\"18\"><strong>T\u00f6m\u00edt\u00e9si t\u00edpus<\/strong><\/td>\n<td class=\"et2\" colspan=\"3\">Krimpel\u0151 nyak<\/td>\n<\/tr>\n<\/tbody>\n<\/table>\n<h2>Csomagol\u00e1si javaslatok:<\/h2>\n<p>Egy vezet\u0151 niche parf\u00fcmm\u00e1rka a PB-YX2102-t haszn\u00e1lta \u00faj uniszex illatcsal\u00e1dj\u00e1nak bevezet\u00e9s\u00e9hez. A m\u00e1rkaismerts\u00e9g \u00e9s a v\u00e1s\u00e1rl\u00f3i h\u0171s\u00e9g el\u0151mozd\u00edt\u00e1sa \u00e9rdek\u00e9ben \u00fagy d\u00f6nt\u00f6ttek, hogy a matt fekete kupakokat testre szabj\u00e1k, \u00e9s l\u00e9zergrav\u00edrozz\u00e1k a m\u00e1rka log\u00f3j\u00e1t minden egyes \u00fcres \u00fcvegre.<\/p>\n<h3>Tippek:<\/h3>\n<ol>\n<li>Adja hozz\u00e1 m\u00e1rkanev\u00e9t vagy log\u00f3j\u00e1t grav\u00edrozott vagy nyomtatott fel\u00fcletkezel\u00e9ssel.<\/li>\n<li>V\u00e1lasszon egyedi sapkaanyagokat \u00e9s sz\u00edneket, hogy kiemelje m\u00e1rkak\u00e9p\u00e9t.<\/li>\n<li>Haszn\u00e1ljon pr\u00e9mium csomagol\u00e1si megold\u00e1sokat, p\u00e9ld\u00e1ul egyedi nyomtatott dobozokat vagy fal\u00e1d\u00e1kat.<\/li>\n<\/ol>","protected":false},"excerpt":{"rendered":"<p>Testreszabhat\u00f3 kerek parf\u00fcm\u00f6s flakonjaink luxus megjelen\u00e9ssel b\u00fcszk\u00e9lkedhetnek, amely megfelel a szem\u00e9lyre szabott m\u00e1rk\u00e1k \u00e9s a nagy kiszerel\u00e9s\u0171 csomagol\u00e1sok k\u00fcl\u00f6nf\u00e9le ig\u00e9nyeinek.<\/p>","protected":false},"featured_media":3245,"comment_status":"open","ping_status":"closed","template":"","meta":{"_acf_changed":false,"site-sidebar-layout":"default","site-content-layout":"","ast-site-content-layout":"default","site-content-style":"default","site-sidebar-style":"default","ast-global-header-display":"","ast-banner-title-visibility":"","ast-main-header-display":"","ast-hfb-above-header-display":"","ast-hfb-below-header-display":"","ast-hfb-mobile-header-display":"","site-post-title":"","ast-breadcrumbs-content":"","ast-featured-img":"","footer-sml-layout":"","ast-disable-related-posts":"","theme-transparent-header-meta":"default","adv-header-id-meta":"","stick-header-meta":"","header-above-stick-meta":"","header-main-stick-meta":"","header-below-stick-meta":"","astra-migrate-meta-layouts":"set","ast-page-background-enabled":"default","ast-page-background-meta":{"desktop":{"background-color":"var(--ast-global-color-5)","background-image":"","background-repeat":"repeat","background-position":"center center","background-size":"auto","background-attachment":"scroll","background-type":"","background-media":"","overlay-type":"","overlay-color":"","overlay-opacity":"","overlay-gradient":""},"tablet":{"background-color":"","background-image":"","background-repeat":"repeat","background-position":"center center","background-size":"auto","background-attachment":"scroll","background-type":"","background-media":"","overlay-type":"","overlay-color":"","overlay-opacity":"","overlay-gradient":""},"mobile":{"background-color":"","background-image":"","background-repeat":"repeat","background-position":"center center","background-size":"auto","background-attachment":"scroll","background-type":"","background-media":"","overlay-type":"","overlay-color":"","overlay-opacity":"","overlay-gradient":""}},"ast-content-background-meta":{"desktop":{"background-color":"var(--ast-global-color-4)","background-image":"","background-repeat":"repeat","background-position":"center center","background-size":"auto","background-attachment":"scroll","background-type":"","background-media":"","overlay-type":"","overlay-color":"","overlay-opacity":"","overlay-gradient":""},"tablet":{"background-color":"var(--ast-global-color-4)","background-image":"","background-repeat":"repeat","background-position":"center center","background-size":"auto","background-attachment":"scroll","background-type":"","background-media":"","overlay-type":"","overlay-color":"","overlay-opacity":"","overlay-gradient":""},"mobile":{"background-color":"var(--ast-global-color-4)","background-image":"","background-repeat":"repeat","background-position":"center center","background-size":"auto","background-attachment":"scroll","background-type":"","background-media":"","overlay-type":"","overlay-color":"","overlay-opacity":"","overlay-gradient":""}}},"product_brand":[],"product_cat":[72,91,41],"product_tag":[],"class_list":{"0":"post-3243","1":"product","2":"type-product","3":"status-publish","4":"has-post-thumbnail","6":"product_cat-cosmetic-packaging","7":"product_cat-custom-perfume-bottles","8":"product_cat-perfume-bottles","9":"desktop-align-left","10":"tablet-align-left","11":"mobile-align-left","13":"first","14":"instock","15":"shipping-taxable","16":"product-type-simple"},"acf":[],"jetpack_sharing_enabled":true,"_links":{"self":[{"href":"https:\/\/theperfumebottles.com\/hu\/wp-json\/wp\/v2\/product\/3243","targetHints":{"allow":["GET"]}}],"collection":[{"href":"https:\/\/theperfumebottles.com\/hu\/wp-json\/wp\/v2\/product"}],"about":[{"href":"https:\/\/theperfumebottles.com\/hu\/wp-json\/wp\/v2\/types\/product"}],"replies":[{"embeddable":true,"href":"https:\/\/theperfumebottles.com\/hu\/wp-json\/wp\/v2\/comments?post=3243"}],"wp:featuredmedia":[{"embeddable":true,"href":"https:\/\/theperfumebottles.com\/hu\/wp-json\/wp\/v2\/media\/3245"}],"wp:attachment":[{"href":"https:\/\/theperfumebottles.com\/hu\/wp-json\/wp\/v2\/media?parent=3243"}],"wp:term":[{"taxonomy":"product_brand","embeddable":true,"href":"https:\/\/theperfumebottles.com\/hu\/wp-json\/wp\/v2\/product_brand?post=3243"},{"taxonomy":"product_cat","embeddable":true,"href":"https:\/\/theperfumebottles.com\/hu\/wp-json\/wp\/v2\/product_cat?post=3243"},{"taxonomy":"product_tag","embeddable":true,"href":"https:\/\/theperfumebottles.com\/hu\/wp-json\/wp\/v2\/product_tag?post=3243"}],"curies":[{"name":"wp","href":"https:\/\/api.w.org\/{rel}","templated":true}]}}