{"id":3257,"date":"2025-05-05T09:27:18","date_gmt":"2025-05-05T09:27:18","guid":{"rendered":"https:\/\/theperfumebottles.com\/?post_type=product&#038;p=3257"},"modified":"2025-05-23T13:18:23","modified_gmt":"2025-05-23T05:18:23","slug":"unusual-glass-perfume-spray-bottles-with-faceted-design","status":"publish","type":"product","link":"https:\/\/theperfumebottles.com\/hu\/termek\/unusual-glass-perfume-spray-bottles-with-faceted-design\/","title":{"rendered":"30ml 50ml 100ml Szokatlan \u00fcveg parf\u00fcm\u00f6s spray-palackok csiszolt mint\u00e1val"},"content":{"rendered":"<p>Kifinomult \u00fcveg parf\u00fcm\u00f6s sz\u00f3r\u00f3flakonok fazett\u00e1lt elrendez\u00e9ssel. T\u00f6k\u00e9letes szokatlan parf\u00fcm\u00f6s \u00fcvegekhez \u00e9s egyedi illatcsomagol\u00e1shoz. Ingyenes p\u00e9ld\u00e1k \u00e9s gyors sz\u00e1ll\u00edt\u00e1s. A PB-YX23 kollekci\u00f3nk \u00fcveg parf\u00fcm\u00f6s sz\u00f3r\u00f3flakonjai magukban foglalj\u00e1k a magas sz\u00ednvonalat \u00e9s a praktikumot, \u00edgy a magas sz\u00ednvonal\u00fa \u00e9s egyedi illatszerterm\u00e9k-csomagol\u00e1sok \u00e9llovasai. A pr\u00e9mium min\u0151s\u00e9g\u0171 \u00fcvegb\u0151l k\u00e9sz\u00fclt t\u00e1rol\u00f3k tart\u00f3sak \u00e9s kifinomultak. Ak\u00e1r parf\u00fcm vagy parf\u00fcm term\u00e9kcsomagol\u00e1s\u00e1r\u00f3l van sz\u00f3, olyan alapvet\u0151 \u00e9s pr\u00e9mium megjelen\u00e9st biztos\u00edtanak, amelyet a v\u00e1s\u00e1rl\u00f3k szeretni fognak.<\/p>\n<table style=\"border-collapse: collapse; margin-left: auto; margin-right: auto; width: 162.03pt;\" border=\"0\" width=\"216\" cellspacing=\"0\" cellpadding=\"0\">\n<tbody>\n<tr style=\"height: 13.50pt;\">\n<td style=\"height: 13.50pt; width: 54.00pt;\" width=\"72\" height=\"18\">\n<p><figure id=\"attachment_3263\" aria-describedby=\"caption-attachment-3263\" style=\"width: 300px\" class=\"wp-caption aligncenter\"><img fetchpriority=\"high\" decoding=\"async\" class=\"wp-image-3263 size-medium\" src=\"https:\/\/theperfumebottles.com\/wp-content\/uploads\/2025\/05\/glass-perfume-spray-bottles-YX2301-300x300.webp\" alt=\"\u00fcveg parf\u00fcm\u00f6s spray-palackok\" width=\"300\" height=\"300\" srcset=\"https:\/\/theperfumebottles.com\/wp-content\/uploads\/2025\/05\/glass-perfume-spray-bottles-YX2301-300x300.webp 300w, https:\/\/theperfumebottles.com\/wp-content\/uploads\/2025\/05\/glass-perfume-spray-bottles-YX2301-150x150.webp 150w, https:\/\/theperfumebottles.com\/wp-content\/uploads\/2025\/05\/glass-perfume-spray-bottles-YX2301-768x768.webp 768w, https:\/\/theperfumebottles.com\/wp-content\/uploads\/2025\/05\/glass-perfume-spray-bottles-YX2301-12x12.webp 12w, https:\/\/theperfumebottles.com\/wp-content\/uploads\/2025\/05\/glass-perfume-spray-bottles-YX2301-600x600.webp 600w, https:\/\/theperfumebottles.com\/wp-content\/uploads\/2025\/05\/glass-perfume-spray-bottles-YX2301-100x100.webp 100w, https:\/\/theperfumebottles.com\/wp-content\/uploads\/2025\/05\/glass-perfume-spray-bottles-YX2301.webp 1000w\" sizes=\"(max-width: 300px) 100vw, 300px\" \/><figcaption id=\"caption-attachment-3263\" class=\"wp-caption-text\">30ml PB-YX2301<\/figcaption><\/figure><\/td>\n<td style=\"width: 54.00pt;\" width=\"72\">\n<p><figure id=\"attachment_3259\" aria-describedby=\"caption-attachment-3259\" style=\"width: 300px\" class=\"wp-caption aligncenter\"><img decoding=\"async\" class=\"wp-image-3259 size-medium\" src=\"https:\/\/theperfumebottles.com\/wp-content\/uploads\/2025\/05\/unusual-perfume-bottles-YX2302-300x300.webp\" alt=\"szokatlan parf\u00fcm\u00f6s \u00fcvegek\" width=\"300\" height=\"300\" srcset=\"https:\/\/theperfumebottles.com\/wp-content\/uploads\/2025\/05\/unusual-perfume-bottles-YX2302-300x300.webp 300w, https:\/\/theperfumebottles.com\/wp-content\/uploads\/2025\/05\/unusual-perfume-bottles-YX2302-150x150.webp 150w, https:\/\/theperfumebottles.com\/wp-content\/uploads\/2025\/05\/unusual-perfume-bottles-YX2302-768x768.webp 768w, https:\/\/theperfumebottles.com\/wp-content\/uploads\/2025\/05\/unusual-perfume-bottles-YX2302-12x12.webp 12w, https:\/\/theperfumebottles.com\/wp-content\/uploads\/2025\/05\/unusual-perfume-bottles-YX2302-600x600.webp 600w, https:\/\/theperfumebottles.com\/wp-content\/uploads\/2025\/05\/unusual-perfume-bottles-YX2302-100x100.webp 100w, https:\/\/theperfumebottles.com\/wp-content\/uploads\/2025\/05\/unusual-perfume-bottles-YX2302.webp 1000w\" sizes=\"(max-width: 300px) 100vw, 300px\" \/><figcaption id=\"caption-attachment-3259\" class=\"wp-caption-text\">50ml PB-YX2302<\/figcaption><\/figure><\/td>\n<td style=\"width: 54.00pt;\" width=\"72\">\n<p><figure id=\"attachment_3260\" aria-describedby=\"caption-attachment-3260\" style=\"width: 300px\" class=\"wp-caption aligncenter\"><img decoding=\"async\" class=\"wp-image-3260 size-medium\" src=\"https:\/\/theperfumebottles.com\/wp-content\/uploads\/2025\/05\/unusual-perfume-bottles-YX2303-300x300.webp\" alt=\"szokatlan parf\u00fcm\u00f6s \u00fcvegek\" width=\"300\" height=\"300\" srcset=\"https:\/\/theperfumebottles.com\/wp-content\/uploads\/2025\/05\/unusual-perfume-bottles-YX2303-300x300.webp 300w, https:\/\/theperfumebottles.com\/wp-content\/uploads\/2025\/05\/unusual-perfume-bottles-YX2303-150x150.webp 150w, https:\/\/theperfumebottles.com\/wp-content\/uploads\/2025\/05\/unusual-perfume-bottles-YX2303-768x768.webp 768w, https:\/\/theperfumebottles.com\/wp-content\/uploads\/2025\/05\/unusual-perfume-bottles-YX2303-12x12.webp 12w, https:\/\/theperfumebottles.com\/wp-content\/uploads\/2025\/05\/unusual-perfume-bottles-YX2303-600x600.webp 600w, https:\/\/theperfumebottles.com\/wp-content\/uploads\/2025\/05\/unusual-perfume-bottles-YX2303-100x100.webp 100w, https:\/\/theperfumebottles.com\/wp-content\/uploads\/2025\/05\/unusual-perfume-bottles-YX2303.webp 1000w\" sizes=\"(max-width: 300px) 100vw, 300px\" \/><figcaption id=\"caption-attachment-3260\" class=\"wp-caption-text\">100ml PB-YX2303<\/figcaption><\/figure><\/td>\n<\/tr>\n<\/tbody>\n<\/table>\n<h2>F\u0151bb specifik\u00e1ci\u00f3k<\/h2>\n<table style=\"border-collapse: collapse; margin-left: auto; margin-right: auto; width: 80%;\" border=\"0\" width=\"80%\" cellspacing=\"0\" cellpadding=\"0\">\n<tbody>\n<tr style=\"height: 13.50pt;\">\n<td style=\"height: 13.50pt; width: 87.00pt;\" width=\"116\" height=\"18\"><strong>Modellsz\u00e1m<\/strong><\/td>\n<td style=\"width: 76.50pt;\" width=\"102\"><strong>Kaliber<\/strong><\/td>\n<td style=\"width: 90.00pt;\" width=\"120\"><strong>Kapacit\u00e1s<\/strong><\/td>\n<td style=\"width: 157.50pt;\" width=\"210\"><strong>M\u00e9retek (sz\u00e9less\u00e9g x magass\u00e1g x magass\u00e1g)<\/strong><\/td>\n<td style=\"width: 108.75pt;\" width=\"145\"><strong>Nyak t\u00edpus<\/strong><\/td>\n<\/tr>\n<tr style=\"height: 13.50pt;\">\n<td style=\"height: 13.50pt;\" height=\"18\"><strong>PB-YX2301<\/strong><\/td>\n<td>15 mm<\/td>\n<td>30 ml<\/td>\n<td>44 x 47 x 62 mm<\/td>\n<td>Krimpel\u0151 nyak<\/td>\n<\/tr>\n<tr style=\"height: 13.50pt;\">\n<td style=\"height: 13.50pt;\" height=\"18\"><strong>PB-YX2302<\/strong><\/td>\n<td>15 mm<\/td>\n<td>50 ml<\/td>\n<td>57 x 28 x 75 mm<\/td>\n<td>Krimpel\u0151 nyak<\/td>\n<\/tr>\n<tr style=\"height: 13.50pt;\">\n<td style=\"height: 13.50pt;\" height=\"18\"><strong>PB-YX2303<\/strong><\/td>\n<td>15 mm<\/td>\n<td>100 ml<\/td>\n<td>67 x 35 x 95 mm<\/td>\n<td>Krimpel\u0151 nyak<\/td>\n<\/tr>\n<\/tbody>\n<\/table>\n<h2>Term\u00e9kcsomagol\u00e1si mutat\u00f3k<\/h2>\n<p>Egy apr\u00f3, de sikeres eur\u00f3pai parf\u00fcmm\u00e1rka \u00fajonnan bevezetett, speci\u00e1lis, hi\u00e1nyp\u00f3tl\u00f3 parf\u00fcmcsal\u00e1dj\u00e1t k\u00edv\u00e1nta \u00fajracsomagolni. Valami egyedire volt sz\u00fcks\u00e9g\u00fck, ami biztosan kiemelkedik a versenyz\u0151 piacon. Miut\u00e1n felfedezt\u00e9k k\u00fcl\u00f6nleges illatszertart\u00e1lyainkat, a PB-YX2302 v\u00e1ltozatot v\u00e1lasztott\u00e1k a 30 ml-es illatszertart\u00e1lyokhoz. Aranyf\u00f3li\u00e1s c\u00edmk\u00e9t haszn\u00e1ltak, \u00e9s szem\u00e9lyre szabt\u00e1k a tart\u00e1ly nyak\u00e1n l\u00e9v\u0151 dekor\u00e1ci\u00f3t. Elad\u00e1saik 3 h\u00f3nap alatt 32%-tal n\u0151ttek. A v\u00e1s\u00e1rl\u00f3k \u00e1radoznak err\u0151l a modern, m\u00e9gis klasszikus csomagol\u00e1stervez\u00e9sr\u0151l.<\/p>\n<h3>Testreszab\u00e1si tippek<\/h3>\n<ul>\n<li>Sz\u00edn: Pr\u00f3b\u00e1lja ki a sz\u00ednezett \u00fcvegeket, p\u00e9ld\u00e1ul a barn\u00e1ss\u00e1rga, k\u00e9k vagy r\u00f3zsaarany sz\u00edn\u0171eket a k\u00fcl\u00f6nleges megjelen\u00e9s \u00e9rdek\u00e9ben.<\/li>\n<li>Tervez\u00e9s: Nyomtassa log\u00f3j\u00e1t vagy mint\u00e1j\u00e1t k\u00f6zvetlen\u00fcl az \u00fcvegre, kijelz\u0151nyomtat\u00e1si vagy marat\u00e1si m\u00f3dszerekkel.<\/li>\n<li>Csomagol\u00e1s: Az \u00fcveg illattart\u00e1lyt egy hozz\u00e1 ill\u0151 d\u00edszdobozzal p\u00e1ros\u00edtsuk, hogy a dobozol\u00e1s \u00e9lm\u00e9nye magas sz\u00ednvonal\u00fa legyen.<\/li>\n<\/ul>","protected":false},"excerpt":{"rendered":"<p>Kifinomult \u00fcveg parf\u00fcm\u00f6s sz\u00f3r\u00f3flakonok fazett\u00e1lt elrendez\u00e9ssel. T\u00f6k\u00e9letes szokatlan parf\u00fcm\u00f6s \u00fcvegekhez \u00e9s egyedi illatcsomagol\u00e1shoz. Ingyenes p\u00e9ld\u00e1k \u00e9s gyors sz\u00e1ll\u00edt\u00e1s.<\/p>","protected":false},"featured_media":3263,"comment_status":"open","ping_status":"closed","template":"","meta":{"_acf_changed":false,"site-sidebar-layout":"default","site-content-layout":"","ast-site-content-layout":"default","site-content-style":"default","site-sidebar-style":"default","ast-global-header-display":"","ast-banner-title-visibility":"","ast-main-header-display":"","ast-hfb-above-header-display":"","ast-hfb-below-header-display":"","ast-hfb-mobile-header-display":"","site-post-title":"","ast-breadcrumbs-content":"","ast-featured-img":"","footer-sml-layout":"","ast-disable-related-posts":"","theme-transparent-header-meta":"default","adv-header-id-meta":"","stick-header-meta":"","header-above-stick-meta":"","header-main-stick-meta":"","header-below-stick-meta":"","astra-migrate-meta-layouts":"set","ast-page-background-enabled":"default","ast-page-background-meta":{"desktop":{"background-color":"var(--ast-global-color-5)","background-image":"","background-repeat":"repeat","background-position":"center center","background-size":"auto","background-attachment":"scroll","background-type":"","background-media":"","overlay-type":"","overlay-color":"","overlay-opacity":"","overlay-gradient":""},"tablet":{"background-color":"","background-image":"","background-repeat":"repeat","background-position":"center center","background-size":"auto","background-attachment":"scroll","background-type":"","background-media":"","overlay-type":"","overlay-color":"","overlay-opacity":"","overlay-gradient":""},"mobile":{"background-color":"","background-image":"","background-repeat":"repeat","background-position":"center center","background-size":"auto","background-attachment":"scroll","background-type":"","background-media":"","overlay-type":"","overlay-color":"","overlay-opacity":"","overlay-gradient":""}},"ast-content-background-meta":{"desktop":{"background-color":"var(--ast-global-color-4)","background-image":"","background-repeat":"repeat","background-position":"center center","background-size":"auto","background-attachment":"scroll","background-type":"","background-media":"","overlay-type":"","overlay-color":"","overlay-opacity":"","overlay-gradient":""},"tablet":{"background-color":"var(--ast-global-color-4)","background-image":"","background-repeat":"repeat","background-position":"center center","background-size":"auto","background-attachment":"scroll","background-type":"","background-media":"","overlay-type":"","overlay-color":"","overlay-opacity":"","overlay-gradient":""},"mobile":{"background-color":"var(--ast-global-color-4)","background-image":"","background-repeat":"repeat","background-position":"center center","background-size":"auto","background-attachment":"scroll","background-type":"","background-media":"","overlay-type":"","overlay-color":"","overlay-opacity":"","overlay-gradient":""}}},"product_brand":[],"product_cat":[72,91,41],"product_tag":[],"class_list":{"0":"post-3257","1":"product","2":"type-product","3":"status-publish","4":"has-post-thumbnail","6":"product_cat-cosmetic-packaging","7":"product_cat-custom-perfume-bottles","8":"product_cat-perfume-bottles","9":"desktop-align-left","10":"tablet-align-left","11":"mobile-align-left","13":"first","14":"instock","15":"shipping-taxable","16":"product-type-simple"},"acf":[],"jetpack_sharing_enabled":true,"_links":{"self":[{"href":"https:\/\/theperfumebottles.com\/hu\/wp-json\/wp\/v2\/product\/3257","targetHints":{"allow":["GET"]}}],"collection":[{"href":"https:\/\/theperfumebottles.com\/hu\/wp-json\/wp\/v2\/product"}],"about":[{"href":"https:\/\/theperfumebottles.com\/hu\/wp-json\/wp\/v2\/types\/product"}],"replies":[{"embeddable":true,"href":"https:\/\/theperfumebottles.com\/hu\/wp-json\/wp\/v2\/comments?post=3257"}],"wp:featuredmedia":[{"embeddable":true,"href":"https:\/\/theperfumebottles.com\/hu\/wp-json\/wp\/v2\/media\/3263"}],"wp:attachment":[{"href":"https:\/\/theperfumebottles.com\/hu\/wp-json\/wp\/v2\/media?parent=3257"}],"wp:term":[{"taxonomy":"product_brand","embeddable":true,"href":"https:\/\/theperfumebottles.com\/hu\/wp-json\/wp\/v2\/product_brand?post=3257"},{"taxonomy":"product_cat","embeddable":true,"href":"https:\/\/theperfumebottles.com\/hu\/wp-json\/wp\/v2\/product_cat?post=3257"},{"taxonomy":"product_tag","embeddable":true,"href":"https:\/\/theperfumebottles.com\/hu\/wp-json\/wp\/v2\/product_tag?post=3257"}],"curies":[{"name":"wp","href":"https:\/\/api.w.org\/{rel}","templated":true}]}}