{"id":3264,"date":"2025-05-06T06:06:27","date_gmt":"2025-05-06T06:06:27","guid":{"rendered":"https:\/\/theperfumebottles.com\/?post_type=product&#038;p=3264"},"modified":"2025-05-23T13:10:13","modified_gmt":"2025-05-23T05:10:13","slug":"diamond-perfume-bottle-crystal-perfume-atomisers-for-custom-fragrance-brands","status":"publish","type":"product","link":"https:\/\/theperfumebottles.com\/hu\/termek\/diamond-perfume-bottle-crystal-perfume-atomisers-for-custom-fragrance-brands\/","title":{"rendered":"Gy\u00e9m\u00e1nt parf\u00fcm\u00f6s \u00fcveg \u2013 Krist\u00e1lyos parf\u00fcm porlaszt\u00f3k egyedi illatm\u00e1rk\u00e1khoz"},"content":{"rendered":"<p>A PB-YX24 sorozat\u00fa gy\u00e9m\u00e1nt parf\u00fcm\u00f6s flakonjainkat olyan parf\u00fcm m\u00e1rkatulajdonosok \u00e9s nagykeresked\u0151k sz\u00e1m\u00e1ra tervezt\u00fck, akik szeretn\u00e9nek felt\u0171n\u00e9st kelteni.<\/p>\n<table style=\"border-collapse: collapse; margin-left: auto; margin-right: auto; width: 162.03pt;\" border=\"0\" width=\"216\" cellspacing=\"0\" cellpadding=\"0\">\n<tbody>\n<tr style=\"height: 13.50pt;\">\n<td style=\"height: 13.50pt; width: 54.00pt;\" width=\"72\" height=\"18\">\n<p><figure id=\"attachment_3268\" aria-describedby=\"caption-attachment-3268\" style=\"width: 300px\" class=\"wp-caption aligncenter\"><img fetchpriority=\"high\" decoding=\"async\" class=\"wp-image-3268 size-medium\" src=\"https:\/\/theperfumebottles.com\/wp-content\/uploads\/2025\/05\/perfume-diamond-bottle-yx2401-300x300.webp\" alt=\"parf\u00fcm\u00f6s gy\u00e9m\u00e1nt \u00fcveg\" width=\"300\" height=\"300\" srcset=\"https:\/\/theperfumebottles.com\/wp-content\/uploads\/2025\/05\/perfume-diamond-bottle-yx2401-300x300.webp 300w, https:\/\/theperfumebottles.com\/wp-content\/uploads\/2025\/05\/perfume-diamond-bottle-yx2401-150x150.webp 150w, https:\/\/theperfumebottles.com\/wp-content\/uploads\/2025\/05\/perfume-diamond-bottle-yx2401-768x768.webp 768w, https:\/\/theperfumebottles.com\/wp-content\/uploads\/2025\/05\/perfume-diamond-bottle-yx2401-12x12.webp 12w, https:\/\/theperfumebottles.com\/wp-content\/uploads\/2025\/05\/perfume-diamond-bottle-yx2401-600x600.webp 600w, https:\/\/theperfumebottles.com\/wp-content\/uploads\/2025\/05\/perfume-diamond-bottle-yx2401-100x100.webp 100w, https:\/\/theperfumebottles.com\/wp-content\/uploads\/2025\/05\/perfume-diamond-bottle-yx2401.webp 1000w\" sizes=\"(max-width: 300px) 100vw, 300px\" \/><figcaption id=\"caption-attachment-3268\" class=\"wp-caption-text\">30ml PB-YX2401<\/figcaption><\/figure><\/td>\n<td style=\"width: 54.00pt;\" width=\"72\">\n<p><figure id=\"attachment_3269\" aria-describedby=\"caption-attachment-3269\" style=\"width: 300px\" class=\"wp-caption aligncenter\"><img decoding=\"async\" class=\"wp-image-3269 size-medium\" src=\"https:\/\/theperfumebottles.com\/wp-content\/uploads\/2025\/05\/perfume-diamond-bottle-yx2402-300x300.webp\" alt=\"parf\u00fcm\u00f6s gy\u00e9m\u00e1nt \u00fcveg\" width=\"300\" height=\"300\" srcset=\"https:\/\/theperfumebottles.com\/wp-content\/uploads\/2025\/05\/perfume-diamond-bottle-yx2402-300x300.webp 300w, https:\/\/theperfumebottles.com\/wp-content\/uploads\/2025\/05\/perfume-diamond-bottle-yx2402-150x150.webp 150w, https:\/\/theperfumebottles.com\/wp-content\/uploads\/2025\/05\/perfume-diamond-bottle-yx2402-768x768.webp 768w, https:\/\/theperfumebottles.com\/wp-content\/uploads\/2025\/05\/perfume-diamond-bottle-yx2402-12x12.webp 12w, https:\/\/theperfumebottles.com\/wp-content\/uploads\/2025\/05\/perfume-diamond-bottle-yx2402-600x600.webp 600w, https:\/\/theperfumebottles.com\/wp-content\/uploads\/2025\/05\/perfume-diamond-bottle-yx2402-100x100.webp 100w, https:\/\/theperfumebottles.com\/wp-content\/uploads\/2025\/05\/perfume-diamond-bottle-yx2402.webp 1000w\" sizes=\"(max-width: 300px) 100vw, 300px\" \/><figcaption id=\"caption-attachment-3269\" class=\"wp-caption-text\">50ml PB-YX2402<\/figcaption><\/figure><\/td>\n<td style=\"width: 54.00pt;\" width=\"72\">\n<p><figure id=\"attachment_3271\" aria-describedby=\"caption-attachment-3271\" style=\"width: 300px\" class=\"wp-caption aligncenter\"><img decoding=\"async\" class=\"wp-image-3271 size-medium\" src=\"https:\/\/theperfumebottles.com\/wp-content\/uploads\/2025\/05\/crystal-perfume-atomiser-yx2403-300x300.webp\" alt=\"krist\u00e1ly parf\u00fcm porlaszt\u00f3\" width=\"300\" height=\"300\" srcset=\"https:\/\/theperfumebottles.com\/wp-content\/uploads\/2025\/05\/crystal-perfume-atomiser-yx2403-300x300.webp 300w, https:\/\/theperfumebottles.com\/wp-content\/uploads\/2025\/05\/crystal-perfume-atomiser-yx2403-150x150.webp 150w, https:\/\/theperfumebottles.com\/wp-content\/uploads\/2025\/05\/crystal-perfume-atomiser-yx2403-768x768.webp 768w, https:\/\/theperfumebottles.com\/wp-content\/uploads\/2025\/05\/crystal-perfume-atomiser-yx2403-12x12.webp 12w, https:\/\/theperfumebottles.com\/wp-content\/uploads\/2025\/05\/crystal-perfume-atomiser-yx2403-600x600.webp 600w, https:\/\/theperfumebottles.com\/wp-content\/uploads\/2025\/05\/crystal-perfume-atomiser-yx2403-100x100.webp 100w, https:\/\/theperfumebottles.com\/wp-content\/uploads\/2025\/05\/crystal-perfume-atomiser-yx2403.webp 1000w\" sizes=\"(max-width: 300px) 100vw, 300px\" \/><figcaption id=\"caption-attachment-3271\" class=\"wp-caption-text\">100ml PB-YX2403<\/figcaption><\/figure><\/td>\n<\/tr>\n<\/tbody>\n<\/table>\n<h2>F\u0151bb specifik\u00e1ci\u00f3k<\/h2>\n<table style=\"border-collapse: collapse; margin-left: auto; margin-right: auto; width: 80%;\" border=\"0\" width=\"80%\" cellspacing=\"0\" cellpadding=\"0\">\n<tbody>\n<tr style=\"height: 13.50pt;\">\n<td style=\"height: 13.50pt; width: 82.50pt;\" width=\"110\" height=\"18\"><strong>Modell<\/strong><\/td>\n<td style=\"width: 71.25pt;\" width=\"95\"><strong>Kaliber<\/strong><\/td>\n<td style=\"width: 68.25pt;\" width=\"91\"><strong>Kapacit\u00e1s<\/strong><\/td>\n<td style=\"width: 149.25pt;\" width=\"199\"><strong>M\u00e9retek (sz\u00e9less\u00e9g x magass\u00e1g x magass\u00e1g)<\/strong><\/td>\n<td style=\"width: 87.00pt;\" width=\"116\"><strong>Nyak t\u00edpus<\/strong><\/td>\n<\/tr>\n<tr style=\"height: 13.50pt;\">\n<td style=\"height: 13.50pt;\" height=\"18\"><strong>PB-YX2401<\/strong><\/td>\n<td>15 mm<\/td>\n<td>30 ml<\/td>\n<td>44 x 34 x 77 mm<\/td>\n<td>Krimpel\u0151 nyak<\/td>\n<\/tr>\n<tr style=\"height: 13.50pt;\">\n<td style=\"height: 13.50pt;\" height=\"18\"><strong>PB-YX2402<\/strong><\/td>\n<td>15 mm<\/td>\n<td>50 ml<\/td>\n<td>50 x 39 x 87 mm<\/td>\n<td>Krimpel\u0151 nyak<\/td>\n<\/tr>\n<tr style=\"height: 13.50pt;\">\n<td style=\"height: 13.50pt;\" height=\"18\"><strong>PB-YX2403<\/strong><\/td>\n<td>15 mm<\/td>\n<td>100 ml<\/td>\n<td>60 x 47 x 110 mm<\/td>\n<td>Krimpel\u0151 nyak<\/td>\n<\/tr>\n<\/tbody>\n<\/table>\n<h2>Csomagol\u00e1si javaslat<\/h2>\n<p>Egy p\u00e1rizsi butik parf\u00fcmm\u00e1rka luxus csomagol\u00e1si megold\u00e1st keresett. A PB-YX2403-as modell\u00fcnket v\u00e1lasztott\u00e1k, amely \u00e1tl\u00e1tsz\u00f3 \u00fcvegb\u0151l k\u00e9sz\u00fclt, egyedi arany kupakkal \u00e9s forr\u00f3pr\u00e9selt log\u00f3val. Parf\u00fcmjeik elad\u00e1sai k\u00e9t h\u00f3nap alatt 25%-tal n\u0151ttek, \u00e9s 10% \u00fajrav\u00e1s\u00e1rl\u00e1si ar\u00e1nyt hoztak.<\/p>\n<p>A k\u00fcl\u00f6nb\u00f6z\u0151 \u00fczleti ig\u00e9nyek kiel\u00e9g\u00edt\u00e9s\u00e9re h\u00e1romf\u00e9le specifik\u00e1ci\u00f3t k\u00edn\u00e1lunk: 30ml, 50ml \u00e9s 100ml. T\u00e1mogatjuk a t\u00f6meges megrendel\u00e9seket, \u00e9s rugalmasan testre szabhatjuk a csomagol\u00e1si megold\u00e1sokat, hogy seg\u00edts\u00fck m\u00e1rk\u00e1ja hat\u00e9kony \u00e9s nagyszab\u00e1s\u00fa m\u0171k\u00f6d\u00e9s\u00e9t.<\/p>\n<p>&nbsp;<\/p>\n<h2>Testreszab\u00e1si tippek<\/h2>\n<p>V\u00e1lassza ki a kedvenc \u00fcvegsz\u00edn\u00e9t (tiszta, borosty\u00e1nsz\u00edn\u0171, r\u00f3zsasz\u00edn, k\u00e9k stb.)<\/p>\n<p>A kupak alakj\u00e1nak \u00e9s fel\u00fcletkezel\u00e9s\u00e9nek testreszab\u00e1sa<\/p>\n<p>L\u00e9zergrav\u00edroz\u00e1s vagy log\u00f3nyomtat\u00e1s hozz\u00e1ad\u00e1sa<\/p>\n<p>&nbsp;<\/p>","protected":false},"excerpt":{"rendered":"<p>A PB-YX24 sorozat\u00fa gy\u00e9m\u00e1nt parf\u00fcm\u00f6s flakonjainkat olyan parf\u00fcm m\u00e1rkatulajdonosok \u00e9s nagykeresked\u0151k sz\u00e1m\u00e1ra tervezt\u00fck, akik szeretn\u00e9nek felt\u0171n\u00e9st kelteni.<\/p>","protected":false},"featured_media":3269,"comment_status":"open","ping_status":"closed","template":"","meta":{"_acf_changed":false,"site-sidebar-layout":"default","site-content-layout":"","ast-site-content-layout":"default","site-content-style":"default","site-sidebar-style":"default","ast-global-header-display":"","ast-banner-title-visibility":"","ast-main-header-display":"","ast-hfb-above-header-display":"","ast-hfb-below-header-display":"","ast-hfb-mobile-header-display":"","site-post-title":"","ast-breadcrumbs-content":"","ast-featured-img":"","footer-sml-layout":"","ast-disable-related-posts":"","theme-transparent-header-meta":"default","adv-header-id-meta":"","stick-header-meta":"","header-above-stick-meta":"","header-main-stick-meta":"","header-below-stick-meta":"","astra-migrate-meta-layouts":"set","ast-page-background-enabled":"default","ast-page-background-meta":{"desktop":{"background-color":"var(--ast-global-color-5)","background-image":"","background-repeat":"repeat","background-position":"center center","background-size":"auto","background-attachment":"scroll","background-type":"","background-media":"","overlay-type":"","overlay-color":"","overlay-opacity":"","overlay-gradient":""},"tablet":{"background-color":"","background-image":"","background-repeat":"repeat","background-position":"center center","background-size":"auto","background-attachment":"scroll","background-type":"","background-media":"","overlay-type":"","overlay-color":"","overlay-opacity":"","overlay-gradient":""},"mobile":{"background-color":"","background-image":"","background-repeat":"repeat","background-position":"center center","background-size":"auto","background-attachment":"scroll","background-type":"","background-media":"","overlay-type":"","overlay-color":"","overlay-opacity":"","overlay-gradient":""}},"ast-content-background-meta":{"desktop":{"background-color":"var(--ast-global-color-4)","background-image":"","background-repeat":"repeat","background-position":"center center","background-size":"auto","background-attachment":"scroll","background-type":"","background-media":"","overlay-type":"","overlay-color":"","overlay-opacity":"","overlay-gradient":""},"tablet":{"background-color":"var(--ast-global-color-4)","background-image":"","background-repeat":"repeat","background-position":"center center","background-size":"auto","background-attachment":"scroll","background-type":"","background-media":"","overlay-type":"","overlay-color":"","overlay-opacity":"","overlay-gradient":""},"mobile":{"background-color":"var(--ast-global-color-4)","background-image":"","background-repeat":"repeat","background-position":"center center","background-size":"auto","background-attachment":"scroll","background-type":"","background-media":"","overlay-type":"","overlay-color":"","overlay-opacity":"","overlay-gradient":""}}},"product_brand":[],"product_cat":[72,91,41],"product_tag":[],"class_list":{"0":"post-3264","1":"product","2":"type-product","3":"status-publish","4":"has-post-thumbnail","6":"product_cat-cosmetic-packaging","7":"product_cat-custom-perfume-bottles","8":"product_cat-perfume-bottles","9":"desktop-align-left","10":"tablet-align-left","11":"mobile-align-left","13":"first","14":"instock","15":"shipping-taxable","16":"product-type-simple"},"acf":[],"jetpack_sharing_enabled":true,"_links":{"self":[{"href":"https:\/\/theperfumebottles.com\/hu\/wp-json\/wp\/v2\/product\/3264","targetHints":{"allow":["GET"]}}],"collection":[{"href":"https:\/\/theperfumebottles.com\/hu\/wp-json\/wp\/v2\/product"}],"about":[{"href":"https:\/\/theperfumebottles.com\/hu\/wp-json\/wp\/v2\/types\/product"}],"replies":[{"embeddable":true,"href":"https:\/\/theperfumebottles.com\/hu\/wp-json\/wp\/v2\/comments?post=3264"}],"wp:featuredmedia":[{"embeddable":true,"href":"https:\/\/theperfumebottles.com\/hu\/wp-json\/wp\/v2\/media\/3269"}],"wp:attachment":[{"href":"https:\/\/theperfumebottles.com\/hu\/wp-json\/wp\/v2\/media?parent=3264"}],"wp:term":[{"taxonomy":"product_brand","embeddable":true,"href":"https:\/\/theperfumebottles.com\/hu\/wp-json\/wp\/v2\/product_brand?post=3264"},{"taxonomy":"product_cat","embeddable":true,"href":"https:\/\/theperfumebottles.com\/hu\/wp-json\/wp\/v2\/product_cat?post=3264"},{"taxonomy":"product_tag","embeddable":true,"href":"https:\/\/theperfumebottles.com\/hu\/wp-json\/wp\/v2\/product_tag?post=3264"}],"curies":[{"name":"wp","href":"https:\/\/api.w.org\/{rel}","templated":true}]}}