{"id":3272,"date":"2025-05-07T08:01:39","date_gmt":"2025-05-07T08:01:39","guid":{"rendered":"https:\/\/theperfumebottles.com\/?post_type=product&#038;p=3272"},"modified":"2025-05-12T05:20:09","modified_gmt":"2025-05-12T05:20:09","slug":"tall-100ml-perfume-glass-bottle-custom-scent-containers","status":"publish","type":"product","link":"https:\/\/theperfumebottles.com\/hu\/termek\/tall-100ml-perfume-glass-bottle-custom-scent-containers\/","title":{"rendered":"Magas 100 ml-es parf\u00fcm\u00f6s \u00fcveg | Egyedi illatos\u00edt\u00f3 tart\u00e1lyok"},"content":{"rendered":"<p>A PB-YZ01 3,4oz\/100ml-es lekerek\u00edtett formatervez\u00e9s\u0171 parf\u00fcm\u00f6s \u00fcvegflakonunk maximaliz\u00e1lja a polcokon val\u00f3 elhelyez\u00e9st, m\u00edg a sz\u00f3r\u00f3szerkezet prec\u00edz permetez\u00e9st biztos\u00edt. Ak\u00e1r st\u00edlusos illatszertart\u00e1lyra van sz\u00fcks\u00e9ge az illatolajok sz\u00e1m\u00e1ra, ak\u00e1r egy \u00f6mlesztett \u00fcvegpalackra a mainstream illatkollekci\u00f3j\u00e1hoz, a PB-YX2401 illatszertart\u00f3val mindent megtal\u00e1l.<\/p>\n<h2>F\u0151bb specifik\u00e1ci\u00f3k<\/h2>\n<table style=\"border-collapse: collapse; margin-left: auto; margin-right: auto; width: 80%;\" border=\"0\" width=\"80%\" cellspacing=\"0\" cellpadding=\"0\">\n<tbody>\n<tr style=\"height: 13.50pt;\">\n<td style=\"height: 13.50pt; width: 126.00pt;\" width=\"168\" height=\"18\"><strong>Modell<\/strong><\/td>\n<td style=\"width: 326.25pt;\" width=\"435\">PB-YZ01<\/td>\n<\/tr>\n<tr style=\"height: 13.50pt;\">\n<td style=\"height: 13.50pt;\" height=\"18\"><strong>Kapacit\u00e1s<\/strong><\/td>\n<td>100 ml<\/td>\n<\/tr>\n<tr style=\"height: 13.50pt;\">\n<td style=\"height: 13.50pt;\" height=\"18\"><strong>M\u00e9retek<\/strong><\/td>\n<td>55 x 114 mm<\/td>\n<\/tr>\n<tr style=\"height: 13.50pt;\">\n<td style=\"height: 13.50pt;\" height=\"18\"><strong>Kaliber<\/strong><\/td>\n<td>15 mm<\/td>\n<\/tr>\n<tr style=\"height: 13.50pt;\">\n<td style=\"height: 13.50pt;\" height=\"18\"><strong>Anyag<\/strong><\/td>\n<td>Krist\u00e1ly\u00fcveg, akril kupak<\/td>\n<\/tr>\n<tr style=\"height: 13.50pt;\">\n<td style=\"height: 13.50pt;\" height=\"18\"><strong>Pecs\u00e9t t\u00edpusa<\/strong><\/td>\n<td>Krimpelt nyak permetez\u0151 szivatty\u00faval<\/td>\n<\/tr>\n<tr style=\"height: 13.50pt;\">\n<td style=\"height: 13.50pt;\" height=\"18\"><strong>Anyagok<\/strong><\/td>\n<td>Krist\u00e1ly\u00fcveg, akril fed\u00e9l, f\u00e9m\/m\u0171anyag pumpa<\/td>\n<\/tr>\n<\/tbody>\n<\/table>\n<h2>Csomagol\u00e1si javaslatok<\/h2>\n<p>Egy francia parf\u00fcmm\u00e1rka 27%-tel n\u00f6velte \u00faj j\u00e1zmin kollekci\u00f3j\u00e1nak elad\u00e1sait a mi 100 ml-es \u00fcveg parf\u00fcm\u00f6s flakonjaink haszn\u00e1lat\u00e1val. A t\u00fckr\u00f6s aranykupak kieg\u00e9sz\u00edti a \"megfizethet\u0151 luxus\" m\u00e1rkapoz\u00edci\u00f3t, bizony\u00edtva, hogy m\u00e9g a vir\u00e1gos v\u00edz is lehet luxus \u00e9rz\u00e9s.<\/p>\n<h3>Testreszab\u00e1si tippek<\/h3>\n<p>Sz\u00ednegyeztet\u00e9s: V\u00e1lasszon egy l\u00e1gy \u00e1rnyalatot, p\u00e9ld\u00e1ul matt feh\u00e9ret az egyszer\u0171 eszt\u00e9tik\u00e1hoz, vagy egy mer\u00e9sz borosty\u00e1nsz\u00ednt a hi\u00e1nyp\u00f3tl\u00f3 illatokhoz.<\/p>\n<p>Sapka d\u00edsz\u00edt\u00e9s: A f\u00e9nyes \u00fcveg kontrasztjak\u00e9nt matt fel\u00fcletet vagy egyedi log\u00f3 dombornyom\u00e1st adhat hozz\u00e1.<\/p>\n<p>Szivatty\u00fafej-v\u00e1laszt\u00e9k: V\u00e1lasszon f\u00e9m porlaszt\u00f3kat a cs\u00facskateg\u00f3ri\u00e1s k\u00f6lnikhez, vagy m\u0171anyag pumpafejeket a kedvez\u0151 \u00e1r\u00fa t\u00f6meges megrendel\u00e9sekhez.<\/p>","protected":false},"excerpt":{"rendered":"<p>Fedezze fel a pr\u00e9mium 100 ml-es parf\u00fcm\u00f6s \u00fcvegpalackokat, amelyeket luxus parf\u00fcm\u00f6k illat\u00fa \u00fcvegek csomagol\u00e1s\u00e1hoz k\u00e9sz\u00edtettek. Testreszabhat\u00f3, sziv\u00e1rg\u00e1smentes \u00e9s nagy t\u00e9telben rendelhet\u0151 opci\u00f3k.<\/p>","protected":false},"featured_media":3274,"comment_status":"open","ping_status":"closed","template":"","meta":{"_acf_changed":false,"site-sidebar-layout":"default","site-content-layout":"","ast-site-content-layout":"default","site-content-style":"default","site-sidebar-style":"default","ast-global-header-display":"","ast-banner-title-visibility":"","ast-main-header-display":"","ast-hfb-above-header-display":"","ast-hfb-below-header-display":"","ast-hfb-mobile-header-display":"","site-post-title":"","ast-breadcrumbs-content":"","ast-featured-img":"","footer-sml-layout":"","ast-disable-related-posts":"","theme-transparent-header-meta":"default","adv-header-id-meta":"","stick-header-meta":"","header-above-stick-meta":"","header-main-stick-meta":"","header-below-stick-meta":"","astra-migrate-meta-layouts":"set","ast-page-background-enabled":"default","ast-page-background-meta":{"desktop":{"background-color":"var(--ast-global-color-5)","background-image":"","background-repeat":"repeat","background-position":"center center","background-size":"auto","background-attachment":"scroll","background-type":"","background-media":"","overlay-type":"","overlay-color":"","overlay-opacity":"","overlay-gradient":""},"tablet":{"background-color":"","background-image":"","background-repeat":"repeat","background-position":"center center","background-size":"auto","background-attachment":"scroll","background-type":"","background-media":"","overlay-type":"","overlay-color":"","overlay-opacity":"","overlay-gradient":""},"mobile":{"background-color":"","background-image":"","background-repeat":"repeat","background-position":"center center","background-size":"auto","background-attachment":"scroll","background-type":"","background-media":"","overlay-type":"","overlay-color":"","overlay-opacity":"","overlay-gradient":""}},"ast-content-background-meta":{"desktop":{"background-color":"var(--ast-global-color-4)","background-image":"","background-repeat":"repeat","background-position":"center center","background-size":"auto","background-attachment":"scroll","background-type":"","background-media":"","overlay-type":"","overlay-color":"","overlay-opacity":"","overlay-gradient":""},"tablet":{"background-color":"var(--ast-global-color-4)","background-image":"","background-repeat":"repeat","background-position":"center center","background-size":"auto","background-attachment":"scroll","background-type":"","background-media":"","overlay-type":"","overlay-color":"","overlay-opacity":"","overlay-gradient":""},"mobile":{"background-color":"var(--ast-global-color-4)","background-image":"","background-repeat":"repeat","background-position":"center center","background-size":"auto","background-attachment":"scroll","background-type":"","background-media":"","overlay-type":"","overlay-color":"","overlay-opacity":"","overlay-gradient":""}}},"product_brand":[],"product_cat":[72,91,41],"product_tag":[],"class_list":{"0":"post-3272","1":"product","2":"type-product","3":"status-publish","4":"has-post-thumbnail","6":"product_cat-cosmetic-packaging","7":"product_cat-custom-perfume-bottles","8":"product_cat-perfume-bottles","9":"desktop-align-left","10":"tablet-align-left","11":"mobile-align-left","13":"first","14":"instock","15":"shipping-taxable","16":"product-type-simple"},"acf":[],"jetpack_sharing_enabled":true,"_links":{"self":[{"href":"https:\/\/theperfumebottles.com\/hu\/wp-json\/wp\/v2\/product\/3272","targetHints":{"allow":["GET"]}}],"collection":[{"href":"https:\/\/theperfumebottles.com\/hu\/wp-json\/wp\/v2\/product"}],"about":[{"href":"https:\/\/theperfumebottles.com\/hu\/wp-json\/wp\/v2\/types\/product"}],"replies":[{"embeddable":true,"href":"https:\/\/theperfumebottles.com\/hu\/wp-json\/wp\/v2\/comments?post=3272"}],"wp:featuredmedia":[{"embeddable":true,"href":"https:\/\/theperfumebottles.com\/hu\/wp-json\/wp\/v2\/media\/3274"}],"wp:attachment":[{"href":"https:\/\/theperfumebottles.com\/hu\/wp-json\/wp\/v2\/media?parent=3272"}],"wp:term":[{"taxonomy":"product_brand","embeddable":true,"href":"https:\/\/theperfumebottles.com\/hu\/wp-json\/wp\/v2\/product_brand?post=3272"},{"taxonomy":"product_cat","embeddable":true,"href":"https:\/\/theperfumebottles.com\/hu\/wp-json\/wp\/v2\/product_cat?post=3272"},{"taxonomy":"product_tag","embeddable":true,"href":"https:\/\/theperfumebottles.com\/hu\/wp-json\/wp\/v2\/product_tag?post=3272"}],"curies":[{"name":"wp","href":"https:\/\/api.w.org\/{rel}","templated":true}]}}