{"id":3300,"date":"2025-05-12T06:03:14","date_gmt":"2025-05-12T06:03:14","guid":{"rendered":"https:\/\/theperfumebottles.com\/?post_type=product&#038;p=3300"},"modified":"2025-05-23T11:48:09","modified_gmt":"2025-05-23T03:48:09","slug":"55ml-portable-perfume-bottles-with-diamond-cap","status":"publish","type":"product","link":"https:\/\/theperfumebottles.com\/hu\/termek\/55ml-portable-perfume-bottles-with-diamond-cap\/","title":{"rendered":"55 ml-es hordozhat\u00f3 parf\u00fcm\u00f6s \u00fcveg gy\u00e9m\u00e1nt kupakkal"},"content":{"rendered":"<p>Pr\u00e9mium 55ml-es mobil illatos\u00edt\u00f3 \u00fcvegek high-end illatokhoz. \u00c1ll\u00edthat\u00f3 \u00fcvegspay elrendez\u00e9s, nagy t\u00e9telben t\u00f6rt\u00e9n\u0151 megrendel\u00e9s \u00e9s racionaliz\u00e1lt csomagol\u00e1s - t\u00f6k\u00e9letes a parf\u00fcm m\u00e1rkanevek \u00e9s nagykeresked\u0151k sz\u00e1m\u00e1ra. A PB-YZ05 hordozhat\u00f3 parf\u00fcm\u00f6s \u00fcveg\u00fcnk t\u00f6bb, mint egyszer\u0171 term\u00e9kcsomagol\u00e1s; ez egy besz\u00e9lget\u00e9sind\u00edt\u00f3.<\/p>\n<p>A modern n\u0151k egyre sz\u00edvesebben hordanak magukkal parf\u00fcm\u00f6t. Mindig viselhetik kedvenc illatukat. Legyen sz\u00f3 friss \u00e9s eleg\u00e1ns parf\u00fcmr\u0151l vagy gazdag k\u00f6lnir\u0151l, az \u00fcveget az \u00d6n m\u00e1rk\u00e1j\u00e1nak st\u00edlus\u00e1hoz igaz\u00edtjuk. A nagy t\u00e9telben t\u00f6rt\u00e9n\u0151 megrendel\u00e9ssel k\u00f6lts\u00e9geket takar\u00edthat meg a min\u0151s\u00e9g roml\u00e1sa n\u00e9lk\u00fcl.<\/p>\n<figure id=\"attachment_3296\" aria-describedby=\"caption-attachment-3296\" style=\"width: 500px\" class=\"wp-caption aligncenter\"><img fetchpriority=\"high\" decoding=\"async\" class=\"wp-image-3296\" src=\"https:\/\/theperfumebottles.com\/wp-content\/uploads\/2025\/05\/portable-perfume-bottle-yz05pb.webp\" alt=\"hordozhat\u00f3 parf\u00fcm\u00f6s \u00fcveg\" width=\"500\" height=\"500\" srcset=\"https:\/\/theperfumebottles.com\/wp-content\/uploads\/2025\/05\/portable-perfume-bottle-yz05pb.webp 1000w, https:\/\/theperfumebottles.com\/wp-content\/uploads\/2025\/05\/portable-perfume-bottle-yz05pb-300x300.webp 300w, https:\/\/theperfumebottles.com\/wp-content\/uploads\/2025\/05\/portable-perfume-bottle-yz05pb-150x150.webp 150w, https:\/\/theperfumebottles.com\/wp-content\/uploads\/2025\/05\/portable-perfume-bottle-yz05pb-768x768.webp 768w, https:\/\/theperfumebottles.com\/wp-content\/uploads\/2025\/05\/portable-perfume-bottle-yz05pb-12x12.webp 12w, https:\/\/theperfumebottles.com\/wp-content\/uploads\/2025\/05\/portable-perfume-bottle-yz05pb-600x600.webp 600w, https:\/\/theperfumebottles.com\/wp-content\/uploads\/2025\/05\/portable-perfume-bottle-yz05pb-100x100.webp 100w\" sizes=\"(max-width: 500px) 100vw, 500px\" \/><figcaption id=\"caption-attachment-3296\" class=\"wp-caption-text\">55ml hordozhat\u00f3 parf\u00fcm\u00f6s \u00fcveg<\/figcaption><\/figure>\n<h2>F\u0151 specifik\u00e1ci\u00f3<\/h2>\n<p>&nbsp;<\/p>\n<table style=\"border-collapse: collapse; margin-left: auto; margin-right: auto; width: 80%;\" border=\"0\" width=\"80%\" cellspacing=\"0\" cellpadding=\"0\">\n<tbody>\n<tr style=\"height: 13.50pt;\">\n<td style=\"height: 13.50pt; width: 102.00pt;\" width=\"136\" height=\"18\"><strong>Modell<\/strong><\/td>\n<td style=\"width: 219.00pt;\" width=\"292\">PB-YZ05<\/td>\n<\/tr>\n<tr style=\"height: 13.50pt;\">\n<td style=\"height: 13.50pt;\" height=\"18\"><strong>Kapacit\u00e1s<\/strong><\/td>\n<td>55ml<\/td>\n<\/tr>\n<tr style=\"height: 13.50pt;\">\n<td style=\"height: 13.50pt;\" height=\"18\"><strong>M\u00e9retek<\/strong><\/td>\n<td>40mm (\u00e1tm\u00e9r\u0151) x 102mm (magass\u00e1g)<\/td>\n<\/tr>\n<tr style=\"height: 13.50pt;\">\n<td style=\"height: 13.50pt;\" height=\"18\"><strong>Kaliber<\/strong><\/td>\n<td>15 mm<\/td>\n<\/tr>\n<tr style=\"height: 13.50pt;\">\n<td style=\"height: 13.50pt;\" height=\"18\"><strong>Anyag<\/strong><\/td>\n<td>Krist\u00e1ly\u00fcveg, akril kupak, f\u00e9m \u00e9kezetek<\/td>\n<\/tr>\n<tr style=\"height: 13.50pt;\">\n<td style=\"height: 13.50pt;\" height=\"18\"><strong>T\u00f6m\u00edt\u00e9s t\u00edpusa<\/strong><\/td>\n<td>F\u0171r\u00e9sznyak + permetez\u0151<\/td>\n<\/tr>\n<tr style=\"height: 13.50pt;\">\n<td style=\"height: 13.50pt;\" height=\"18\"><strong>Sz\u00edn<\/strong><\/td>\n<td>testreszabhat\u00f3<\/td>\n<\/tr>\n<\/tbody>\n<\/table>\n<h2>Term\u00e9kcsomagol\u00e1s tok:<\/h2>\n<p>Egy bizonyos niche high-end illatszer m\u00e1rkan\u00e9v szem\u00e9lyre szabta 55 ml-es hordozhat\u00f3 parf\u00fcm\u00f6s spray palackunkat matric\u00e1s c\u00edmk\u00e9kkel, arany pump\u00e1val \u00e9s v\u00e1lldiz\u00e1jnnal, ami megfelelt a \"csillog\u00f3 kifinomults\u00e1g\" st\u00edlus\u00e1nak, \u00e9s a 32% \u00e9rt\u00e9kes\u00edt\u00e9s\u00e9nek fejl\u0151d\u00e9s\u00e9t \u00f6szt\u00f6n\u00f6zte az \u00fcnnepi szezonban.<\/p>\n<h3>Testreszab\u00e1si mutat\u00f3k:<\/h3>\n<ul>\n<li>Adja hozz\u00e1 m\u00e1rk\u00e1ja log\u00f3j\u00e1t az \u00fcvegen \u00e9s a bor\u00edt\u00f3n, hogy n\u00f6velje a m\u00e1rkafelismer\u00e9st.<\/li>\n<li>A kupak sz\u00edne illeszkedjen az illathoz (pl. r\u00f3zsasz\u00edn r\u00f3zsa illat eset\u00e9n).<\/li>\n<li>Nagykereskedelmi rendel\u00e9s eset\u00e9n b\u00e1rsony tasakkal p\u00e1ros\u00edtva pr\u00e9mium eszt\u00e9tikus term\u00e9kcsomagol\u00e1st hozhat l\u00e9tre.<\/li>\n<li>P\u00e1ros\u00edtsa egy ill\u00f3olaj pr\u00f3bak\u00e9szlettel, hogy aj\u00e1nd\u00e9kk\u00e9szletet hozzon l\u00e9tre. Ne csak parf\u00fcm\u00f6t \u00e1ruljon; k\u00edn\u00e1ljon zsebben hordhat\u00f3 \u00e9lm\u00e9nyt!<\/li>\n<\/ul>","protected":false},"excerpt":{"rendered":"<p>Pr\u00e9mium 55ml-es hordozhat\u00f3 parf\u00fcm\u00f6s \u00fcvegek luxus illatokhoz. Testreszabhat\u00f3 \u00fcveg spay diz\u00e1jn, t\u00f6meges rendel\u00e9sek \u00e9s eleg\u00e1ns csomagol\u00e1s - ide\u00e1lis parf\u00fcm m\u00e1rk\u00e1k \u00e9s nagykeresked\u0151k sz\u00e1m\u00e1ra.<\/p>","protected":false},"featured_media":3295,"comment_status":"open","ping_status":"closed","template":"","meta":{"_acf_changed":false,"site-sidebar-layout":"default","site-content-layout":"","ast-site-content-layout":"default","site-content-style":"default","site-sidebar-style":"default","ast-global-header-display":"","ast-banner-title-visibility":"","ast-main-header-display":"","ast-hfb-above-header-display":"","ast-hfb-below-header-display":"","ast-hfb-mobile-header-display":"","site-post-title":"","ast-breadcrumbs-content":"","ast-featured-img":"","footer-sml-layout":"","ast-disable-related-posts":"","theme-transparent-header-meta":"default","adv-header-id-meta":"","stick-header-meta":"","header-above-stick-meta":"","header-main-stick-meta":"","header-below-stick-meta":"","astra-migrate-meta-layouts":"set","ast-page-background-enabled":"default","ast-page-background-meta":{"desktop":{"background-color":"var(--ast-global-color-5)","background-image":"","background-repeat":"repeat","background-position":"center center","background-size":"auto","background-attachment":"scroll","background-type":"","background-media":"","overlay-type":"","overlay-color":"","overlay-opacity":"","overlay-gradient":""},"tablet":{"background-color":"","background-image":"","background-repeat":"repeat","background-position":"center center","background-size":"auto","background-attachment":"scroll","background-type":"","background-media":"","overlay-type":"","overlay-color":"","overlay-opacity":"","overlay-gradient":""},"mobile":{"background-color":"","background-image":"","background-repeat":"repeat","background-position":"center center","background-size":"auto","background-attachment":"scroll","background-type":"","background-media":"","overlay-type":"","overlay-color":"","overlay-opacity":"","overlay-gradient":""}},"ast-content-background-meta":{"desktop":{"background-color":"var(--ast-global-color-4)","background-image":"","background-repeat":"repeat","background-position":"center center","background-size":"auto","background-attachment":"scroll","background-type":"","background-media":"","overlay-type":"","overlay-color":"","overlay-opacity":"","overlay-gradient":""},"tablet":{"background-color":"var(--ast-global-color-4)","background-image":"","background-repeat":"repeat","background-position":"center center","background-size":"auto","background-attachment":"scroll","background-type":"","background-media":"","overlay-type":"","overlay-color":"","overlay-opacity":"","overlay-gradient":""},"mobile":{"background-color":"var(--ast-global-color-4)","background-image":"","background-repeat":"repeat","background-position":"center center","background-size":"auto","background-attachment":"scroll","background-type":"","background-media":"","overlay-type":"","overlay-color":"","overlay-opacity":"","overlay-gradient":""}}},"product_brand":[],"product_cat":[72,91,41],"product_tag":[],"class_list":{"0":"post-3300","1":"product","2":"type-product","3":"status-publish","4":"has-post-thumbnail","6":"product_cat-cosmetic-packaging","7":"product_cat-custom-perfume-bottles","8":"product_cat-perfume-bottles","9":"desktop-align-left","10":"tablet-align-left","11":"mobile-align-left","13":"first","14":"instock","15":"shipping-taxable","16":"product-type-simple"},"acf":[],"jetpack_sharing_enabled":true,"_links":{"self":[{"href":"https:\/\/theperfumebottles.com\/hu\/wp-json\/wp\/v2\/product\/3300","targetHints":{"allow":["GET"]}}],"collection":[{"href":"https:\/\/theperfumebottles.com\/hu\/wp-json\/wp\/v2\/product"}],"about":[{"href":"https:\/\/theperfumebottles.com\/hu\/wp-json\/wp\/v2\/types\/product"}],"replies":[{"embeddable":true,"href":"https:\/\/theperfumebottles.com\/hu\/wp-json\/wp\/v2\/comments?post=3300"}],"wp:featuredmedia":[{"embeddable":true,"href":"https:\/\/theperfumebottles.com\/hu\/wp-json\/wp\/v2\/media\/3295"}],"wp:attachment":[{"href":"https:\/\/theperfumebottles.com\/hu\/wp-json\/wp\/v2\/media?parent=3300"}],"wp:term":[{"taxonomy":"product_brand","embeddable":true,"href":"https:\/\/theperfumebottles.com\/hu\/wp-json\/wp\/v2\/product_brand?post=3300"},{"taxonomy":"product_cat","embeddable":true,"href":"https:\/\/theperfumebottles.com\/hu\/wp-json\/wp\/v2\/product_cat?post=3300"},{"taxonomy":"product_tag","embeddable":true,"href":"https:\/\/theperfumebottles.com\/hu\/wp-json\/wp\/v2\/product_tag?post=3300"}],"curies":[{"name":"wp","href":"https:\/\/api.w.org\/{rel}","templated":true}]}}