{"id":3325,"date":"2025-05-14T03:26:10","date_gmt":"2025-05-14T03:26:10","guid":{"rendered":"https:\/\/theperfumebottles.com\/?post_type=product&#038;p=3325"},"modified":"2025-05-23T10:54:00","modified_gmt":"2025-05-23T02:54:00","slug":"premium-perfume-bottles-recyclable-modern-fragrance-bottle-set","status":"publish","type":"product","link":"https:\/\/theperfumebottles.com\/hu\/termek\/premium-perfume-bottles-recyclable-modern-fragrance-bottle-set\/","title":{"rendered":"50ml 100ml \u00fajrahasznos\u00edthat\u00f3 parf\u00fcm\u00f6s \u00fcvegk\u00e9szlet illatm\u00e1rk\u00e1khoz"},"content":{"rendered":"<p>A PB-YZ06 parf\u00fcm\u00f6s \u00fcvegszett\u00fcnk a fenntarthat\u00f3s\u00e1g, a st\u00edlus \u00e9s a praktikum t\u00f6k\u00e9letes kombin\u00e1ci\u00f3ja. A PB-YZ06 parf\u00fcm\u00f6s \u00fcvegszett\u00fcnk t\u00f6k\u00e9letesen \u00f6tv\u00f6zi a fenntarthat\u00f3s\u00e1got, a divatot \u00e9s a praktikumot. Alkalmas parf\u00fcm, k\u00f6lni, vir\u00e1gv\u00edz vagy ill\u00f3olajok stb. term\u00e9kek palackoz\u00e1s\u00e1ra. Ezenk\u00edv\u00fcl teljes k\u00f6r\u0171 egy\u00e9ni lehet\u0151s\u00e9geink teljes m\u00e9rt\u00e9kben kifejezhetik kreativit\u00e1s\u00e1t.<\/p>\n<figure id=\"attachment_3330\" aria-describedby=\"caption-attachment-3330\" style=\"width: 500px\" class=\"wp-caption aligncenter\"><img fetchpriority=\"high\" decoding=\"async\" class=\"wp-image-3330\" src=\"https:\/\/theperfumebottles.com\/wp-content\/uploads\/2025\/05\/perfume-bottles-recyclable-pbyz06.webp\" alt=\"Pr\u00e9mium parf\u00fcm palackok \u00fajrahasznos\u00edthat\u00f3 | Modern illat palack k\u00e9szlet\" width=\"500\" height=\"500\" srcset=\"https:\/\/theperfumebottles.com\/wp-content\/uploads\/2025\/05\/perfume-bottles-recyclable-pbyz06.webp 1000w, https:\/\/theperfumebottles.com\/wp-content\/uploads\/2025\/05\/perfume-bottles-recyclable-pbyz06-300x300.webp 300w, https:\/\/theperfumebottles.com\/wp-content\/uploads\/2025\/05\/perfume-bottles-recyclable-pbyz06-150x150.webp 150w, https:\/\/theperfumebottles.com\/wp-content\/uploads\/2025\/05\/perfume-bottles-recyclable-pbyz06-768x768.webp 768w, https:\/\/theperfumebottles.com\/wp-content\/uploads\/2025\/05\/perfume-bottles-recyclable-pbyz06-12x12.webp 12w, https:\/\/theperfumebottles.com\/wp-content\/uploads\/2025\/05\/perfume-bottles-recyclable-pbyz06-600x600.webp 600w, https:\/\/theperfumebottles.com\/wp-content\/uploads\/2025\/05\/perfume-bottles-recyclable-pbyz06-100x100.webp 100w\" sizes=\"(max-width: 500px) 100vw, 500px\" \/><figcaption id=\"caption-attachment-3330\" class=\"wp-caption-text\">Pr\u00e9mium parf\u00fcm\u00f6s \u00fcveg k\u00e9szlet<\/figcaption><\/figure>\n<h2>F\u0151bb specifik\u00e1ci\u00f3k<\/h2>\n<table border=\"0\" width=\"80%\" cellspacing=\"0\" cellpadding=\"0\">\n<tbody>\n<tr>\n<td width=\"96\" height=\"18\">Modell<\/td>\n<td width=\"93\">Kapacit\u00e1s<\/td>\n<td width=\"104\">\u00dcvegm\u00e9ret<\/td>\n<td width=\"128\">Anyag<\/td>\n<td width=\"211\">T\u00f6m\u00edt\u00e9s t\u00edpusa<\/td>\n<td width=\"225\">Sz\u00ednbe\u00e1ll\u00edt\u00e1sok<\/td>\n<\/tr>\n<tr>\n<td height=\"18\">PB-YZ0601<\/td>\n<td>50 ml<\/td>\n<td>47 * 81mm<\/td>\n<td>Krist\u00e1ly\u00fcveg<\/td>\n<td>15 mm-es krimpel\u0151 nyak + permetez\u0151<\/td>\n<td>\u00c1tl\u00e1tsz\u00f3 + Ez\u00fcst\/R\u00f3zsasz\u00edn<\/td>\n<\/tr>\n<tr>\n<td height=\"18\">PB-YZ0602<\/td>\n<td>100 ml<\/td>\n<td>59 * 103mm<\/td>\n<td>Krist\u00e1ly\u00fcveg<\/td>\n<td>15 mm-es krimpel\u0151 nyak + permetez\u0151<\/td>\n<td>\u00c1tl\u00e1tsz\u00f3 + Ez\u00fcst\/fekete<\/td>\n<\/tr>\n<\/tbody>\n<\/table>\n<h2>Csomagol\u00e1si javaslatok<\/h2>\n<p>A Bloom &amp; Mist indie m\u00e1rka elind\u00edtotta uniszex illatkollekci\u00f3j\u00e1t a PB-YZ0601 parf\u00fcm\u00f6s \u00fcveggel (50ml). A kupakokat r\u00f3zsaarany bevonattal \u00e9s minimalista c\u00edmk\u00e9vel l\u00e1tt\u00e1k el, ami az els\u0151 negyed\u00e9vben 27% \u00e9rt\u00e9kes\u00edt\u00e9si n\u00f6veked\u00e9st eredm\u00e9nyezett.<\/p>\n<h2>Testreszab\u00e1si tippek:<\/h2>\n<p>Megfelel a m\u00e1rka sz\u00edneinek: A sapka sz\u00edneinek meg kell egyezni\u00fck az \u00d6n m\u00e1rkaidentit\u00e1s\u00e1val.<\/p>\n<p>Kupakok: Ezek a parf\u00fcm\u00f6s \u00fcvegek f\u00e9m spray kupakokkal p\u00e1ros\u00edthat\u00f3k a f\u00e9ny\u0171z\u0151 megjelen\u00e9s\u00e9rt.<\/p>\n<p>Befejez\u00e9sek: A minimalista megjelen\u00e9s \u00e9rdek\u00e9ben v\u00e1lasszon matt fel\u00fcletet.<\/p>\n<h2>Mi\u00e9rt v\u00e1lassza parf\u00fcm\u00f6s palackjainkat?<\/h2>\n<p>Ak\u00e1r \u00fcres parf\u00fcm\u00f6s flakonokra van sz\u00fcks\u00e9ge egy kis sorozathoz, ak\u00e1r egyedi kozmetikai csomagol\u00e1sokra \u00f6mlesztve, sokoldal\u00fa parf\u00fcm\u00f6s flakon k\u00e9szleteink gyors \u00e1tfut\u00e1si id\u0151vel, tart\u00f3ss\u00e1ggal \u00e9s m\u00e9g sok m\u00e1ssal is szolg\u00e1lnak.<\/p>\n<p>Seg\u00edts\u00e9gre van sz\u00fcks\u00e9ge? Mi seg\u00edt\u00fcnk a tervez\u00e9st\u0151l a sz\u00e1ll\u00edt\u00e1sig! Rendelje meg visszav\u00e1lthat\u00f3 parf\u00fcm\u00f6s \u00fcvegk\u00e9szlet\u00e9t m\u00e9g ma - nagybani kereskedelmi megrendel\u00e9sekre nagykereskedelmi kedvezm\u00e9nyeket kap!<\/p>","protected":false},"excerpt":{"rendered":"<p>Emelje fel illatm\u00e1rk\u00e1j\u00e1t parf\u00fcm\u00f6s \u00fcvegszett\u00fcnkkel. Eleg\u00e1ns, szem\u00e9lyre szabhat\u00f3, \u00fajrahasznos\u00edthat\u00f3 parf\u00fcm\u00f6s \u00fcvegek n\u0151i parf\u00fcm\u00f6kh\u00f6z, f\u00e9rfi k\u00f6lnikhez \u00e9s ill\u00f3olajokhoz.<\/p>","protected":false},"featured_media":3333,"comment_status":"open","ping_status":"closed","template":"","meta":{"_acf_changed":false,"site-sidebar-layout":"default","site-content-layout":"","ast-site-content-layout":"default","site-content-style":"default","site-sidebar-style":"default","ast-global-header-display":"","ast-banner-title-visibility":"","ast-main-header-display":"","ast-hfb-above-header-display":"","ast-hfb-below-header-display":"","ast-hfb-mobile-header-display":"","site-post-title":"","ast-breadcrumbs-content":"","ast-featured-img":"","footer-sml-layout":"","ast-disable-related-posts":"","theme-transparent-header-meta":"default","adv-header-id-meta":"","stick-header-meta":"","header-above-stick-meta":"","header-main-stick-meta":"","header-below-stick-meta":"","astra-migrate-meta-layouts":"set","ast-page-background-enabled":"default","ast-page-background-meta":{"desktop":{"background-color":"var(--ast-global-color-5)","background-image":"","background-repeat":"repeat","background-position":"center center","background-size":"auto","background-attachment":"scroll","background-type":"","background-media":"","overlay-type":"","overlay-color":"","overlay-opacity":"","overlay-gradient":""},"tablet":{"background-color":"","background-image":"","background-repeat":"repeat","background-position":"center center","background-size":"auto","background-attachment":"scroll","background-type":"","background-media":"","overlay-type":"","overlay-color":"","overlay-opacity":"","overlay-gradient":""},"mobile":{"background-color":"","background-image":"","background-repeat":"repeat","background-position":"center center","background-size":"auto","background-attachment":"scroll","background-type":"","background-media":"","overlay-type":"","overlay-color":"","overlay-opacity":"","overlay-gradient":""}},"ast-content-background-meta":{"desktop":{"background-color":"var(--ast-global-color-4)","background-image":"","background-repeat":"repeat","background-position":"center center","background-size":"auto","background-attachment":"scroll","background-type":"","background-media":"","overlay-type":"","overlay-color":"","overlay-opacity":"","overlay-gradient":""},"tablet":{"background-color":"var(--ast-global-color-4)","background-image":"","background-repeat":"repeat","background-position":"center center","background-size":"auto","background-attachment":"scroll","background-type":"","background-media":"","overlay-type":"","overlay-color":"","overlay-opacity":"","overlay-gradient":""},"mobile":{"background-color":"var(--ast-global-color-4)","background-image":"","background-repeat":"repeat","background-position":"center center","background-size":"auto","background-attachment":"scroll","background-type":"","background-media":"","overlay-type":"","overlay-color":"","overlay-opacity":"","overlay-gradient":""}}},"product_brand":[],"product_cat":[72,91,37,41],"product_tag":[],"class_list":{"0":"post-3325","1":"product","2":"type-product","3":"status-publish","4":"has-post-thumbnail","6":"product_cat-cosmetic-packaging","7":"product_cat-custom-perfume-bottles","8":"product_cat-uncategorized","9":"product_cat-perfume-bottles","10":"desktop-align-left","11":"tablet-align-left","12":"mobile-align-left","14":"first","15":"instock","16":"shipping-taxable","17":"product-type-simple"},"acf":[],"jetpack_sharing_enabled":true,"_links":{"self":[{"href":"https:\/\/theperfumebottles.com\/hu\/wp-json\/wp\/v2\/product\/3325","targetHints":{"allow":["GET"]}}],"collection":[{"href":"https:\/\/theperfumebottles.com\/hu\/wp-json\/wp\/v2\/product"}],"about":[{"href":"https:\/\/theperfumebottles.com\/hu\/wp-json\/wp\/v2\/types\/product"}],"replies":[{"embeddable":true,"href":"https:\/\/theperfumebottles.com\/hu\/wp-json\/wp\/v2\/comments?post=3325"}],"wp:featuredmedia":[{"embeddable":true,"href":"https:\/\/theperfumebottles.com\/hu\/wp-json\/wp\/v2\/media\/3333"}],"wp:attachment":[{"href":"https:\/\/theperfumebottles.com\/hu\/wp-json\/wp\/v2\/media?parent=3325"}],"wp:term":[{"taxonomy":"product_brand","embeddable":true,"href":"https:\/\/theperfumebottles.com\/hu\/wp-json\/wp\/v2\/product_brand?post=3325"},{"taxonomy":"product_cat","embeddable":true,"href":"https:\/\/theperfumebottles.com\/hu\/wp-json\/wp\/v2\/product_cat?post=3325"},{"taxonomy":"product_tag","embeddable":true,"href":"https:\/\/theperfumebottles.com\/hu\/wp-json\/wp\/v2\/product_tag?post=3325"}],"curies":[{"name":"wp","href":"https:\/\/api.w.org\/{rel}","templated":true}]}}