{"id":3334,"date":"2025-05-15T04:03:28","date_gmt":"2025-05-15T04:03:28","guid":{"rendered":"https:\/\/theperfumebottles.com\/?post_type=product&#038;p=3334"},"modified":"2025-05-23T10:38:52","modified_gmt":"2025-05-23T02:38:52","slug":"100ml-spray-bottles-bulk-cylinder-perfume-empty-glass-bottles","status":"publish","type":"product","link":"https:\/\/theperfumebottles.com\/hu\/termek\/100ml-spray-bottles-bulk-cylinder-perfume-empty-glass-bottles\/","title":{"rendered":"100 ml-es sz\u00f3r\u00f3fejes flakonok \u00f6mlesztett kiszerel\u00e9sben \u2013 hengeres parf\u00fcm\u00f6s \u00fcres \u00fcvegpalackok"},"content":{"rendered":"<p>Ak\u00e1r egy friss\u00edt\u0151 citrusos spray-t, ak\u00e1r egy semleges f\u00e1s k\u00f6lnit szeretne piacra dobni, hengeres parf\u00fcm\u00f6s \u00fcres \u00fcvegpalackjaink sokf\u00e9le ig\u00e9nyt kiel\u00e9g\u00edtenek. Az \u00fajrahasznos\u00edthat\u00f3 anyagot a k\u00f6rnyezetbar\u00e1t fogyaszt\u00f3k kedvelik, az \u00fcres fel\u00fclet pedig megmutathatja m\u00e1rk\u00e1ja szem\u00e9lyis\u00e9g\u00e9t. Egy kis t\u00e9tel tesztel\u00e9s\u00e9re van sz\u00fcks\u00e9ge? Elfogadunk 500 darabos megrendel\u00e9seket, hogy seg\u00edts\u00fcnk a kezd\u0151 v\u00e1llalkoz\u00e1soknak cs\u00f6kkenteni a kock\u00e1zatokat.<\/p>\n<figure id=\"attachment_3336\" aria-describedby=\"caption-attachment-3336\" style=\"width: 500px\" class=\"wp-caption aligncenter\"><img fetchpriority=\"high\" decoding=\"async\" class=\"wp-image-3336\" src=\"https:\/\/theperfumebottles.com\/wp-content\/uploads\/2025\/05\/100ml-spray-bottles-bulk-yz07.webp\" alt=\"100ml spray palackok \u00f6mlesztve - henger parf\u00fcm \u00fcres \u00fcvegpalackok \u00fcres \u00fcvegpalackok\" width=\"500\" height=\"500\" srcset=\"https:\/\/theperfumebottles.com\/wp-content\/uploads\/2025\/05\/100ml-spray-bottles-bulk-yz07.webp 1000w, https:\/\/theperfumebottles.com\/wp-content\/uploads\/2025\/05\/100ml-spray-bottles-bulk-yz07-300x300.webp 300w, https:\/\/theperfumebottles.com\/wp-content\/uploads\/2025\/05\/100ml-spray-bottles-bulk-yz07-150x150.webp 150w, https:\/\/theperfumebottles.com\/wp-content\/uploads\/2025\/05\/100ml-spray-bottles-bulk-yz07-768x768.webp 768w, https:\/\/theperfumebottles.com\/wp-content\/uploads\/2025\/05\/100ml-spray-bottles-bulk-yz07-12x12.webp 12w, https:\/\/theperfumebottles.com\/wp-content\/uploads\/2025\/05\/100ml-spray-bottles-bulk-yz07-600x600.webp 600w, https:\/\/theperfumebottles.com\/wp-content\/uploads\/2025\/05\/100ml-spray-bottles-bulk-yz07-100x100.webp 100w\" sizes=\"(max-width: 500px) 100vw, 500px\" \/><figcaption id=\"caption-attachment-3336\" class=\"wp-caption-text\">100 ml-es sz\u00f3r\u00f3fejes flakonok \u00f6mlesztett kiszerel\u00e9sben \u2013 hengeres parf\u00fcm\u00f6s \u00fcres \u00fcvegpalackok<\/figcaption><\/figure>\n<h2>F\u0151bb specifik\u00e1ci\u00f3k<\/h2>\n<table style=\"border-collapse: collapse; margin-left: auto; magrin-right: auto; width: 80%;\" border=\"0\" width=\"80%\" cellspacing=\"0\" cellpadding=\"0\">\n<tbody>\n<tr style=\"height: 13.50pt;\">\n<td style=\"height: 13.50pt; width: 93.00pt;\" width=\"124\" height=\"18\"><strong>Modell<\/strong><\/td>\n<td style=\"width: 258.00pt;\" width=\"344\">PB-YZ07<\/td>\n<\/tr>\n<tr style=\"height: 13.50pt;\">\n<td style=\"height: 13.50pt;\" height=\"18\"><strong>Kapacit\u00e1s<\/strong><\/td>\n<td>100 ml<\/td>\n<\/tr>\n<tr style=\"height: 13.50pt;\">\n<td style=\"height: 13.50pt;\" height=\"18\"><strong>M\u00e9retek<\/strong><\/td>\n<td>52mm (\u00e1tm\u00e9r\u0151) x 98mm (magass\u00e1g)<\/td>\n<\/tr>\n<tr style=\"height: 13.50pt;\">\n<td style=\"height: 13.50pt;\" height=\"18\"><strong>Kaliber<\/strong><\/td>\n<td>15 mm<\/td>\n<\/tr>\n<tr style=\"height: 13.50pt;\">\n<td style=\"height: 13.50pt;\" height=\"18\"><strong>Alak<\/strong><\/td>\n<td>Hengeres<\/td>\n<\/tr>\n<tr style=\"height: 13.50pt;\">\n<td style=\"height: 13.50pt;\" height=\"18\"><strong>Anyag<\/strong><\/td>\n<td>Krist\u00e1ly\u00fcveg (\u00fajrahasznos\u00edthat\u00f3)<\/td>\n<\/tr>\n<tr style=\"height: 13.50pt;\">\n<td style=\"height: 13.50pt;\" height=\"18\"><strong>T\u00f6m\u00edt\u00e9s t\u00edpusa<\/strong><\/td>\n<td>F\u0171r\u00e9sznyak + permetez\u0151<\/td>\n<\/tr>\n<tr style=\"height: 13.50pt;\">\n<td style=\"height: 13.50pt;\" height=\"18\"><strong>Sz\u00ednbe\u00e1ll\u00edt\u00e1sok<\/strong><\/td>\n<td>\u00c1tl\u00e1tsz\u00f3 \u00fcveg, fekete kupak, testreszabhat\u00f3<\/td>\n<\/tr>\n<\/tbody>\n<\/table>\n<h2>Csomagol\u00e1si javaslatok<\/h2>\n<p>Egy felt\u00f6rekv\u0151 niche m\u00e1rka a mi hengeres parf\u00fcm\u00f6s \u00fcveg\u00fcnket v\u00e1lasztotta uniszex vizes k\u00f6lni term\u00e9kcsal\u00e1dj\u00e1hoz. Az \u00e1tl\u00e1tsz\u00f3 kialak\u00edt\u00e1s kiemeli az illatuk sz\u00edn\u00e9t, m\u00edg a s\u00falyozott talp luxus\u00e9rzetet sug\u00e1roz. Az eredm\u00e9ny 35% \u00e9rt\u00e9kes\u00edt\u00e9si n\u00f6veked\u00e9s volt az els\u0151 negyed\u00e9vben, \u00e9s 8 nagykereskedelmi partner megnyer\u00e9se.<\/p>\n<h2>Testreszab\u00e1si tippek a m\u00e1rk\u00e1k sz\u00e1m\u00e1ra:<\/h2>\n<ol>\n<li>Cser\u00e9lje ki a fekete sapk\u00e1t f\u00e9mes kivitelre, hogy illeszkedjen a m\u00e1rka sz\u00ednpalett\u00e1j\u00e1hoz.<\/li>\n<li>Adjunk hozz\u00e1 finom dombornyom\u00e1st az \u00fcveghez a tapinthat\u00f3 m\u00e1rkajelz\u00e9s \u00e9rdek\u00e9ben.<\/li>\n<li>A 100 ml-es sz\u00f3r\u00f3fejes flakonok nagy t\u00e9telben t\u00f6rt\u00e9n\u0151 megrendel\u00e9se cs\u00f6kkenti az egys\u00e9gk\u00f6lts\u00e9geket<\/li>\n<li>Egyedi k\u00fcls\u0151 dobozokkal p\u00e1ros\u00edtva m\u00e9g pr\u00e9miumabb csomagol\u00e1si \u00e9lm\u00e9nyt ny\u00fajthat.<\/li>\n<li>P\u00e1ros\u00edtsa matt c\u00edmk\u00e9kkel, hogy modern kontrasztot alkosson az \u00e1tl\u00e1tsz\u00f3 \u00fcveggel.<\/li>\n<\/ol>\n<p>A 100 ml-es \u00fcres \u00fcveg parf\u00fcm\u00f6s flakonok t\u00f6meges megrendel\u00e9se eset\u00e9n \u00e9rdekl\u0151dj\u00f6n az egyedi kupaksz\u00ednekr\u0151l \u00e9s a sz\u00f3r\u00f3fej-fejleszt\u00e9sekr\u0151l, hogy parf\u00fcmje val\u00f3ban kiemelkedjen. Alak\u00edtsa \u00e1t parf\u00fcmcsomagol\u00e1s\u00e1t m\u00e9g ma - hagyja, hogy olyan diz\u00e1jnt k\u00e9sz\u00edts\u00fcnk, amely val\u00f3ban megragadja m\u00e1rk\u00e1ja l\u00e9nyeg\u00e9t!<\/p>","protected":false},"excerpt":{"rendered":"<p>Testreszabhat\u00f3 hengeres parf\u00fcm\u00f6s \u00fcres \u00fcvegpalackok nagykereskedelemhez. \u00c1tl\u00e1tsz\u00f3 100 ml-es sz\u00f3r\u00f3fejes palackok nagy t\u00e9telben, \u00fajrahasznos\u00edthat\u00f3 \u00e9s eleg\u00e1ns kialak\u00edt\u00e1ssal az illatm\u00e1rk\u00e1k sz\u00e1m\u00e1ra.<\/p>","protected":false},"featured_media":3338,"comment_status":"open","ping_status":"closed","template":"","meta":{"_acf_changed":false,"site-sidebar-layout":"default","site-content-layout":"","ast-site-content-layout":"default","site-content-style":"default","site-sidebar-style":"default","ast-global-header-display":"","ast-banner-title-visibility":"","ast-main-header-display":"","ast-hfb-above-header-display":"","ast-hfb-below-header-display":"","ast-hfb-mobile-header-display":"","site-post-title":"","ast-breadcrumbs-content":"","ast-featured-img":"","footer-sml-layout":"","ast-disable-related-posts":"","theme-transparent-header-meta":"default","adv-header-id-meta":"","stick-header-meta":"","header-above-stick-meta":"","header-main-stick-meta":"","header-below-stick-meta":"","astra-migrate-meta-layouts":"set","ast-page-background-enabled":"default","ast-page-background-meta":{"desktop":{"background-color":"var(--ast-global-color-5)","background-image":"","background-repeat":"repeat","background-position":"center center","background-size":"auto","background-attachment":"scroll","background-type":"","background-media":"","overlay-type":"","overlay-color":"","overlay-opacity":"","overlay-gradient":""},"tablet":{"background-color":"","background-image":"","background-repeat":"repeat","background-position":"center center","background-size":"auto","background-attachment":"scroll","background-type":"","background-media":"","overlay-type":"","overlay-color":"","overlay-opacity":"","overlay-gradient":""},"mobile":{"background-color":"","background-image":"","background-repeat":"repeat","background-position":"center center","background-size":"auto","background-attachment":"scroll","background-type":"","background-media":"","overlay-type":"","overlay-color":"","overlay-opacity":"","overlay-gradient":""}},"ast-content-background-meta":{"desktop":{"background-color":"var(--ast-global-color-4)","background-image":"","background-repeat":"repeat","background-position":"center center","background-size":"auto","background-attachment":"scroll","background-type":"","background-media":"","overlay-type":"","overlay-color":"","overlay-opacity":"","overlay-gradient":""},"tablet":{"background-color":"var(--ast-global-color-4)","background-image":"","background-repeat":"repeat","background-position":"center center","background-size":"auto","background-attachment":"scroll","background-type":"","background-media":"","overlay-type":"","overlay-color":"","overlay-opacity":"","overlay-gradient":""},"mobile":{"background-color":"var(--ast-global-color-4)","background-image":"","background-repeat":"repeat","background-position":"center center","background-size":"auto","background-attachment":"scroll","background-type":"","background-media":"","overlay-type":"","overlay-color":"","overlay-opacity":"","overlay-gradient":""}}},"product_brand":[],"product_cat":[72,91,41],"product_tag":[],"class_list":{"0":"post-3334","1":"product","2":"type-product","3":"status-publish","4":"has-post-thumbnail","6":"product_cat-cosmetic-packaging","7":"product_cat-custom-perfume-bottles","8":"product_cat-perfume-bottles","9":"desktop-align-left","10":"tablet-align-left","11":"mobile-align-left","13":"first","14":"instock","15":"shipping-taxable","16":"product-type-simple"},"acf":[],"jetpack_sharing_enabled":true,"_links":{"self":[{"href":"https:\/\/theperfumebottles.com\/hu\/wp-json\/wp\/v2\/product\/3334","targetHints":{"allow":["GET"]}}],"collection":[{"href":"https:\/\/theperfumebottles.com\/hu\/wp-json\/wp\/v2\/product"}],"about":[{"href":"https:\/\/theperfumebottles.com\/hu\/wp-json\/wp\/v2\/types\/product"}],"replies":[{"embeddable":true,"href":"https:\/\/theperfumebottles.com\/hu\/wp-json\/wp\/v2\/comments?post=3334"}],"wp:featuredmedia":[{"embeddable":true,"href":"https:\/\/theperfumebottles.com\/hu\/wp-json\/wp\/v2\/media\/3338"}],"wp:attachment":[{"href":"https:\/\/theperfumebottles.com\/hu\/wp-json\/wp\/v2\/media?parent=3334"}],"wp:term":[{"taxonomy":"product_brand","embeddable":true,"href":"https:\/\/theperfumebottles.com\/hu\/wp-json\/wp\/v2\/product_brand?post=3334"},{"taxonomy":"product_cat","embeddable":true,"href":"https:\/\/theperfumebottles.com\/hu\/wp-json\/wp\/v2\/product_cat?post=3334"},{"taxonomy":"product_tag","embeddable":true,"href":"https:\/\/theperfumebottles.com\/hu\/wp-json\/wp\/v2\/product_tag?post=3334"}],"curies":[{"name":"wp","href":"https:\/\/api.w.org\/{rel}","templated":true}]}}