{"id":3409,"date":"2025-05-23T18:00:18","date_gmt":"2025-05-23T10:00:18","guid":{"rendered":"https:\/\/theperfumebottles.com\/?post_type=product&#038;p=3409"},"modified":"2025-05-26T13:33:07","modified_gmt":"2025-05-26T05:33:07","slug":"10ml-20ml-30ml-refillable-fragrance-bottle-travel-cologne-bottle","status":"publish","type":"product","link":"https:\/\/theperfumebottles.com\/hu\/termek\/10ml-20ml-30ml-refillable-fragrance-bottle-travel-cologne-bottle\/","title":{"rendered":"10 ml 20 ml 30 ml \u00fajrat\u00f6lthet\u0151 illatos\u00edt\u00f3 \u00fcveg \u00e9s utaz\u00f3 k\u00f6lnipalack"},"content":{"rendered":"<p>Olyan t\u00e1rol\u00f3t is keres, amely k\u00e9pes illatokat hordozni \u00e9s a m\u00e1rka lelk\u00e9t k\u00f6zvet\u00edteni? K\u00e9pzelje el: amikor a v\u00e1s\u00e1rl\u00f3 \u00f3vatosan kinyitja az \u00d6n \u00fajrat\u00f6lthet\u0151 illatos\u00edt\u00f3 \u00fcveg\u00e9t, a finom \u00fcvegtext\u00fara az ujjai k\u00f6z\u00f6tt \u00e1ramlik, a borosty\u00e1nsz\u00edn\u0171 folyad\u00e9k pedig selyemk\u00e9nt \u00f6mlik, \u00e9s minden cseppje az \u00d6n m\u00e1rk\u00e1j\u00e1nak t\u00f6rt\u00e9net\u00e9t mes\u00e9li el.<\/p>\n<h2>\nF\u0151bb specifik\u00e1ci\u00f3k<\/h2>\n<table style=\"border-collapse: collapse;margin-left: auto;margin-right: auto;width: 80%\" border=\"0\" width=\"80%\" cellspacing=\"0\" cellpadding=\"0\">\n<tbody>\n<tr style=\"height: 13.50pt\">\n<td style=\"height: 13.50pt;width: 109.50pt\" width=\"146\" height=\"18\"><strong>Kapacit\u00e1s<\/strong><\/td>\n<td style=\"width: 194.25pt\" width=\"259\">10ml, 20ml, 30ml<\/td>\n<\/tr>\n<tr style=\"height: 13.50pt\">\n<td style=\"height: 13.50pt\" height=\"18\"><strong>Anyag<\/strong><\/td>\n<td>Krist\u00e1ly\u00fcveg, f\u00e9m kupak<\/td>\n<\/tr>\n<tr style=\"height: 13.50pt\">\n<td style=\"height: 13.50pt\" height=\"18\"><strong>T\u00f6m\u00edt\u00e9s<\/strong><\/td>\n<td>csavaros nyak + sz\u00f3r\u00f3fej<\/td>\n<\/tr>\n<tr style=\"height: 13.50pt\">\n<td style=\"height: 13.50pt\" height=\"18\"><strong>Sz\u00edn<\/strong><\/td>\n<td>Teljesen testreszabhat\u00f3<\/td>\n<\/tr>\n<tr style=\"height: 13.50pt\">\n<td style=\"height: 13.50pt\" height=\"18\"><strong>Alak<\/strong><\/td>\n<td>Hengeres<\/td>\n<\/tr>\n<tr style=\"height: 13.50pt\">\n<td style=\"height: 13.50pt\" height=\"18\"><strong>Csomagol\u00e1s t\u00edpusa<\/strong><\/td>\n<td>\u00dajrahasznos\u00edthat\u00f3 kozmetikai csomagol\u00e1s<\/td>\n<\/tr>\n<\/tbody>\n<\/table>\n<p><img fetchpriority=\"high\" decoding=\"async\" class=\"wp-image-3402\" src=\"https:\/\/theperfumebottles.com\/wp-content\/uploads\/2025\/05\/travel-cologne-bottle-rb3020.webp\" alt=\"utaz\u00f3 k\u00f6lnipalack\" width=\"451\" height=\"451\" srcset=\"https:\/\/theperfumebottles.com\/wp-content\/uploads\/2025\/05\/travel-cologne-bottle-rb3020.webp 1000w, https:\/\/theperfumebottles.com\/wp-content\/uploads\/2025\/05\/travel-cologne-bottle-rb3020-300x300.webp 300w, https:\/\/theperfumebottles.com\/wp-content\/uploads\/2025\/05\/travel-cologne-bottle-rb3020-150x150.webp 150w, https:\/\/theperfumebottles.com\/wp-content\/uploads\/2025\/05\/travel-cologne-bottle-rb3020-768x768.webp 768w, https:\/\/theperfumebottles.com\/wp-content\/uploads\/2025\/05\/travel-cologne-bottle-rb3020-12x12.webp 12w, https:\/\/theperfumebottles.com\/wp-content\/uploads\/2025\/05\/travel-cologne-bottle-rb3020-600x600.webp 600w, https:\/\/theperfumebottles.com\/wp-content\/uploads\/2025\/05\/travel-cologne-bottle-rb3020-100x100.webp 100w\" sizes=\"(max-width: 451px) 100vw, 451px\" \/><\/p>\n<p>&nbsp;<\/p>\n<h2>Sikert\u00f6rt\u00e9net \u00e9s testreszab\u00e1si tippek<\/h2>\n<p>Egy b\u0151r\u00e1pol\u00e1si m\u00e1rka, amellyel egy\u00fctt dolgoztunk, 40%-vel n\u00f6velte v\u00e1s\u00e1rl\u00f3i megtart\u00e1s\u00e1t, amikor ezeket az \u00fcveg parf\u00fcm\u00f6s \u00fcvegeket haszn\u00e1lta utaz\u00e1si m\u00e9ret\u0171 mintak\u00e9nt. Azzal, hogy \u00fajrat\u00f6lthet\u0151 parf\u00fcm\u00f6s \u00fcvegeket k\u00edn\u00e1ltak, cs\u00f6kkentett\u00e9k a hullad\u00e9k mennyis\u00e9g\u00e9t \u00e9s \u00f6szt\u00f6n\u00f6zt\u00e9k az ism\u00e9telt v\u00e1s\u00e1rl\u00e1sokat.<\/p>\n<h2>Testreszab\u00e1si tippek<\/h2>\n<ul>\n<li><strong>Tervez\u00e9si rugalmass\u00e1g<\/strong>: Adja hozz\u00e1 log\u00f3j\u00e1t grav\u00edroz\u00e1ssal vagy sz\u00ednblokkol\u00e1ssal, hogy m\u00e1rkaspecifikus megjelen\u00e9st biztos\u00edtson.<\/li>\n<li><strong>T\u00f6meges megrendel\u00e9sek<\/strong>: Rendeljen nagykereskedelmet, hogy rendezv\u00e9nyekre vagy kiskereskedelmi c\u00e9lokra mint\u00e1s palackokat k\u00e9szletezhessen.<\/li>\n<li><strong>K\u00f6rnyezetbar\u00e1t \u00e9l<\/strong>: Emelje ki az \u00fajrahasznos\u00edthat\u00f3 \u00fcveget \u00e9s a hordozhat\u00f3 kialak\u00edt\u00e1st a marketingben, hogy vonzza a tudatos fogyaszt\u00f3kat.<\/li>\n<\/ul>\n<h2>Legyen az illat sz\u00e9ps\u00e9ge igaz\u00e1n l\u00e1that\u00f3<\/h2>\n<p>Olyan t\u00e1rol\u00f3t is keres, amely k\u00e9pes illatokat hordozni \u00e9s a m\u00e1rka lelk\u00e9t k\u00f6zvet\u00edteni? K\u00e9pzelje el: amikor a v\u00e1s\u00e1rl\u00f3 \u00f3vatosan kinyitja a parf\u00fcm\u00f6s \u00fcveg\u00e9t, a finom \u00fcvegtext\u00fara az ujjai k\u00f6z\u00f6tt \u00e1ramlik, a borosty\u00e1nsz\u00edn\u0171 folyad\u00e9k pedig selyemk\u00e9nt \u00f6mlik, \u00e9s minden cseppje a m\u00e1rka t\u00f6rt\u00e9net\u00e9t mes\u00e9li el.<\/p>\n<p>Tiszt\u00e1ban vagyunk azzal, hogy a modern fogyaszt\u00f3k nem csak parf\u00fcm\u00f6t, hanem mag\u00e1val ragad\u00f3 \u00e9lm\u00e9nyt is v\u00e1s\u00e1rolnak. Look-<\/p>\n<blockquote><p>A sziv\u00e1rg\u00e1smentes kialak\u00edt\u00e1s eleg\u00e1ns \u00e9s nyugodt \u00fczleti utaz\u00e1st tesz lehet\u0151v\u00e9<\/p>\n<p>A m\u00e1gneses palackkupak a keleti eszt\u00e9tika kifinomults\u00e1g\u00e1t tolm\u00e1csolja<\/p>\n<p>A matt text\u00fara kiemeli a visszafogott high-end \u00e9rz\u00e9st<\/p><\/blockquote>\n<p>Ezek a r\u00e9szletek csendben \u00e1rulkodnak: Ez nem egy k\u00f6z\u00e9pszer\u0171 t\u00e1rol\u00f3, hanem egy k\u00e9t l\u00e1bon j\u00e1r\u00f3 m\u0171alkot\u00e1s.<\/p>\n<h2>Kezdje az \u00f6tlet\u00e9vel<\/h2>\n<p>Sz\u00fcks\u00e9ge van egy dedik\u00e1lt tervez\u0151re, aki seg\u00edt eml\u00e9kezetes pontot teremteni? Csapatunk az \u00fcveg g\u00f6rb\u00fclet\u00e9t\u0151l kezdve a f\u00e9ny- \u00e9s \u00e1rny\u00e9khat\u00e1sokig minden r\u00e9szletet \u00fagy farag, mint egy m\u0171alkot\u00e1st. Eml\u00e9kszik az \u00fcgyf\u00e9lre, aki a \"Holdf\u00e9nyes erd\u0151\" koncepci\u00f3j\u00e1t szerette volna megalkotni? Gradiens \u00fcveget + vil\u00e1g\u00edt\u00f3 log\u00f3t haszn\u00e1ltunk, hogy m\u00e1rk\u00e1ja kiemelkedjen a ki\u00e1ll\u00edt\u00e1son.<\/p>\n<h3>Ebben a pillanatban csak annyit kell mondanod:<\/h3>\n<p>Milyen m\u00e1rka temperamentumot szeretne k\u00f6zvet\u00edteni?<\/p>\n<p>Milyen \u00e9rint\u00e9si \u00e9lm\u00e9nyt prefer\u00e1l a c\u00e9lcsoport?<\/p>\n<p>Ut\u00f3irat: Ne csak a mi szavunkat higgye el. Pr\u00f3b\u00e1ljon ki el\u0151sz\u00f6r egy mintat\u00e9telt - mert a nagyszer\u0171 tervez\u00e9s egy nagyszer\u0171 els\u0151 benyom\u00e1ssal kezd\u0151dik.<\/p>","protected":false},"excerpt":{"rendered":"<p>Friss\u00edtse fel m\u00e1rk\u00e1j\u00e1t \u00fajrat\u00f6lthet\u0151 illatos\u00edt\u00f3 palackjainkkal \u00e9s utaz\u00e1si k\u00f6lniflaskainkkal. Egyedi \u00fcveg parf\u00fcm\u00f6s \u00fcvegek kis m\u00e9ret\u0171, hordozhat\u00f3 kivitelben nagykereskedelmi vagy t\u00f6meges megrendel\u00e9sre.<\/p>","protected":false},"featured_media":3399,"comment_status":"open","ping_status":"closed","template":"","meta":{"_acf_changed":false,"site-sidebar-layout":"default","site-content-layout":"","ast-site-content-layout":"default","site-content-style":"default","site-sidebar-style":"default","ast-global-header-display":"","ast-banner-title-visibility":"","ast-main-header-display":"","ast-hfb-above-header-display":"","ast-hfb-below-header-display":"","ast-hfb-mobile-header-display":"","site-post-title":"","ast-breadcrumbs-content":"","ast-featured-img":"","footer-sml-layout":"","ast-disable-related-posts":"","theme-transparent-header-meta":"default","adv-header-id-meta":"","stick-header-meta":"","header-above-stick-meta":"","header-main-stick-meta":"","header-below-stick-meta":"","astra-migrate-meta-layouts":"set","ast-page-background-enabled":"default","ast-page-background-meta":{"desktop":{"background-color":"var(--ast-global-color-5)","background-image":"","background-repeat":"repeat","background-position":"center center","background-size":"auto","background-attachment":"scroll","background-type":"","background-media":"","overlay-type":"","overlay-color":"","overlay-opacity":"","overlay-gradient":""},"tablet":{"background-color":"","background-image":"","background-repeat":"repeat","background-position":"center center","background-size":"auto","background-attachment":"scroll","background-type":"","background-media":"","overlay-type":"","overlay-color":"","overlay-opacity":"","overlay-gradient":""},"mobile":{"background-color":"","background-image":"","background-repeat":"repeat","background-position":"center center","background-size":"auto","background-attachment":"scroll","background-type":"","background-media":"","overlay-type":"","overlay-color":"","overlay-opacity":"","overlay-gradient":""}},"ast-content-background-meta":{"desktop":{"background-color":"var(--ast-global-color-4)","background-image":"","background-repeat":"repeat","background-position":"center center","background-size":"auto","background-attachment":"scroll","background-type":"","background-media":"","overlay-type":"","overlay-color":"","overlay-opacity":"","overlay-gradient":""},"tablet":{"background-color":"var(--ast-global-color-4)","background-image":"","background-repeat":"repeat","background-position":"center center","background-size":"auto","background-attachment":"scroll","background-type":"","background-media":"","overlay-type":"","overlay-color":"","overlay-opacity":"","overlay-gradient":""},"mobile":{"background-color":"var(--ast-global-color-4)","background-image":"","background-repeat":"repeat","background-position":"center center","background-size":"auto","background-attachment":"scroll","background-type":"","background-media":"","overlay-type":"","overlay-color":"","overlay-opacity":"","overlay-gradient":""}}},"product_brand":[],"product_cat":[72,74,90,41],"product_tag":[],"class_list":{"0":"post-3409","1":"product","2":"type-product","3":"status-publish","4":"has-post-thumbnail","6":"product_cat-cosmetic-packaging","7":"product_cat-mini-perfume-bottles","8":"product_cat-refillable-perfume-bottles","9":"product_cat-perfume-bottles","10":"desktop-align-left","11":"tablet-align-left","12":"mobile-align-left","14":"first","15":"instock","16":"shipping-taxable","17":"product-type-simple"},"acf":[],"jetpack_sharing_enabled":true,"_links":{"self":[{"href":"https:\/\/theperfumebottles.com\/hu\/wp-json\/wp\/v2\/product\/3409","targetHints":{"allow":["GET"]}}],"collection":[{"href":"https:\/\/theperfumebottles.com\/hu\/wp-json\/wp\/v2\/product"}],"about":[{"href":"https:\/\/theperfumebottles.com\/hu\/wp-json\/wp\/v2\/types\/product"}],"replies":[{"embeddable":true,"href":"https:\/\/theperfumebottles.com\/hu\/wp-json\/wp\/v2\/comments?post=3409"}],"wp:featuredmedia":[{"embeddable":true,"href":"https:\/\/theperfumebottles.com\/hu\/wp-json\/wp\/v2\/media\/3399"}],"wp:attachment":[{"href":"https:\/\/theperfumebottles.com\/hu\/wp-json\/wp\/v2\/media?parent=3409"}],"wp:term":[{"taxonomy":"product_brand","embeddable":true,"href":"https:\/\/theperfumebottles.com\/hu\/wp-json\/wp\/v2\/product_brand?post=3409"},{"taxonomy":"product_cat","embeddable":true,"href":"https:\/\/theperfumebottles.com\/hu\/wp-json\/wp\/v2\/product_cat?post=3409"},{"taxonomy":"product_tag","embeddable":true,"href":"https:\/\/theperfumebottles.com\/hu\/wp-json\/wp\/v2\/product_tag?post=3409"}],"curies":[{"name":"wp","href":"https:\/\/api.w.org\/{rel}","templated":true}]}}