{"id":3430,"date":"2025-05-26T14:39:30","date_gmt":"2025-05-26T06:39:30","guid":{"rendered":"https:\/\/theperfumebottles.com\/?post_type=product&#038;p=3430"},"modified":"2026-03-30T09:49:23","modified_gmt":"2026-03-30T01:49:23","slug":"50ml-1-7oz-perfume-bottle-for-custom-brand-packaging","status":"publish","type":"product","link":"https:\/\/theperfumebottles.com\/hu\/termek\/50ml-1-7oz-perfume-bottle-for-custom-brand-packaging\/","title":{"rendered":"50ml\/1.7oz parf\u00fcm\u00f6s \u00fcveg egyedi m\u00e1rkacsomagol\u00e1shoz"},"content":{"rendered":"<p>K\u00e9pzelj el egy parf\u00fcm\u00f6s \u00fcveget, amely nem csak a jellegzetes illatodat tartalmazza, hanem megtestes\u00edti a m\u00e1rk\u00e1d l\u00e9nyeg\u00e9t. PB-YZ0801 modell\u00fcnk 1,7 unci\u00e1s parf\u00fcm\u00f6s \u00fcveg\u00e9t (50 ml-es k\u00f6lnis\u00fcveg) olyan m\u00e1rk\u00e1k sz\u00e1m\u00e1ra tervezt\u00fck, amelyek egyszerre ig\u00e9nylik a kifinomults\u00e1got \u00e9s a funkcionalit\u00e1st. Ak\u00e1r luxuscsal\u00e1dot ind\u00edt, ak\u00e1r nagykereskedelmi kozmetikai csomagol\u00e1sra van sz\u00fcks\u00e9ge, ez az \u00fcveg az \u00d6n v\u00e1szna.<\/p>\n<h2>F\u0151bb specifik\u00e1ci\u00f3k<\/h2>\n<table style=\"border-collapse: collapse; margin-left: auto; margin-right: auto; width: 80%;\" border=\"0\" width=\"80%\" cellspacing=\"0\" cellpadding=\"0\">\n<tbody>\n<tr style=\"height: 13.50pt;\">\n<td style=\"height: 13.50pt; width: 93.75pt;\" width=\"125\" height=\"18\"><strong>Modell<\/strong><\/td>\n<td style=\"width: 222.00pt;\" width=\"296\">PB-YZ0801<\/td>\n<\/tr>\n<tr style=\"height: 13.50pt;\">\n<td style=\"height: 13.50pt;\" height=\"18\"><strong>Kapacit\u00e1s<\/strong><\/td>\n<td style=\"width: 222.00pt;\" width=\"296\">50ml \/ 1.7oz<\/td>\n<\/tr>\n<tr style=\"height: 13.50pt;\">\n<td style=\"height: 13.50pt;\" height=\"18\"><strong>M\u00e9retek<\/strong><\/td>\n<td>43 x 96mm<\/td>\n<\/tr>\n<tr style=\"height: 13.50pt;\">\n<td style=\"height: 13.50pt;\" height=\"18\"><strong>Nyak \u00e1tm\u00e9r\u0151je<\/strong><\/td>\n<td>15 mm<\/td>\n<\/tr>\n<tr style=\"height: 13.50pt;\">\n<td style=\"height: 13.50pt;\" height=\"18\"><strong>Alak<\/strong><\/td>\n<td>Hengeres, lejt\u0151s v\u00e1llal<\/td>\n<\/tr>\n<tr style=\"height: 13.50pt;\">\n<td style=\"height: 13.50pt;\" height=\"18\"><strong>Bez\u00e1r\u00e1s<\/strong><\/td>\n<td>Push-top spray + mer\u00fcl\u0151cs\u0151<\/td>\n<\/tr>\n<tr style=\"height: 13.50pt;\">\n<td style=\"height: 13.50pt;\" height=\"18\"><strong>Anyag<\/strong><\/td>\n<td>Nagy feh\u00e9rs\u00e9g\u0171 sz\u00f3da-lime \u00fcveg<\/td>\n<\/tr>\n<tr style=\"height: 13.50pt;\">\n<td style=\"height: 13.50pt;\" height=\"18\"><strong>Sz\u00ednbe\u00e1ll\u00edt\u00e1sok<\/strong><\/td>\n<td>Teljesen testreszabhat\u00f3<\/td>\n<\/tr>\n<\/tbody>\n<\/table>\n<h2>Csomagol\u00e1si tok<\/h2>\n<p>Egy felt\u00f6rekv\u0151 illatm\u00e1rk\u00e1nak egy mer\u00e9sz, m\u00e9gis minimalista \u00fcveg parf\u00fcm\u00f6s \u00fcvegre volt sz\u00fcks\u00e9ge a \"Midnight Bloom\" k\u00f6lnihez. Az 50 ml-es, m\u00e9ly lila \u00e1rnyalat\u00fa \u00e9s r\u00f3zsaarany kupakkal ell\u00e1tott k\u00f6lni\u00fcveg\u00fcnk v\u00e1laszt\u00e1s\u00e1val 40% megugrott a v\u00e1s\u00e1rl\u00f3i megkeres\u00e9sek sz\u00e1ma. \"Az \u00fcvegpalackok olyanok voltak, mintha \u00e9kszerek lenn\u00e9nek\" - mondta a vezet\u0151 tervez\u0151j\u00fck. \"Olyan \u00e9rz\u00e9st keltett az illatunkban, mintha egy \u00f6r\u00f6ks\u00e9g lenne.\"<\/p>\n<h2>Egyedi tippek<\/h2>\n<ul>\n<li><strong>Egyedi sz\u00edn<\/strong>: V\u00e1lasszon olyan sz\u00ednt, amely t\u00fckr\u00f6zi a m\u00e1rka hangulat\u00e1t (pl. kobaltk\u00e9k a nyugalmat, rubin a szenved\u00e9lyt, piros, feh\u00e9r, fekete, b\u00e1rmi).<\/li>\n<li><strong>Egyedi kivitel<\/strong>: K\u00e9sz\u00edtsen szem\u00e9lyes \u00e9rint\u00e9st - p\u00e9ld\u00e1ul l\u00e9zergrav\u00edroz\u00e1st, matric\u00e1kat vagy d\u00edsz\u00edt\u00e9seket az \u00fcveg nyak\u00e1ra.<\/li>\n<li><strong>T\u00f6meges rendel\u00e9s<\/strong>: Sz\u00fcks\u00e9ge van minta\u00fcvegekre, hogy kipr\u00f3b\u00e1lhassa a megjelen\u00e9st, miel\u0151tt elk\u00f6telezn\u00e9 mag\u00e1t? Nagykereskedelmi \u00e1rakat k\u00edn\u00e1lunk a t\u00f6meges megrendel\u00e9sekhez.<\/li>\n<\/ul>\n<p>K\u00e9szen \u00e1ll a rendel\u00e9sre? Tervezz\u00fcnk egy olyan palackot, amely felkelti a figyelmet \u00e9s h\u0171s\u00e9get \u00e9p\u00edt.<\/p>\n<p>Ut\u00f3irat: Ne csak a mi szavunkat higgye el. Pr\u00f3b\u00e1ljon ki egy minta\u00fcveget m\u00e9g ma, \u00e9s megl\u00e1tja, mi\u00e9rt szabj\u00e1k meg a hozz\u00e1\u00e9rt\u0151 c\u00e9gtulajdonosok saj\u00e1t \u00fcveg parf\u00fcm\u00f6s \u00fcveg\u00fcket. Az \u00d6n k\u00f6vetkez\u0151 nagy \u00f6tlete meg\u00e9rdemel egy olyan t\u00e1rol\u00f3t, amely megfelel az amb\u00edci\u00f3inak.<\/p>","protected":false},"excerpt":{"rendered":"<p data-spm-anchor-id=\"5176.28103460.0.i4.59d21db8X86Wee\">Fedezze fel az 1,7 unci\u00e1s parf\u00fcm\u00f6s \u00fcveg\u00fcnket (50 ml-es k\u00f6lnis \u00fcveg) - pr\u00e9mium \u00fcveg design m\u00e1rk\u00e1k sz\u00e1m\u00e1ra. Egyedi sz\u00ednek, nagykereskedelmi lehet\u0151s\u00e9gek \u00e9s utaz\u00e1sbar\u00e1t csomagol\u00e1s.<\/p>","protected":false},"featured_media":3433,"comment_status":"open","ping_status":"closed","template":"","meta":{"_acf_changed":false,"site-sidebar-layout":"default","site-content-layout":"","ast-site-content-layout":"default","site-content-style":"default","site-sidebar-style":"default","ast-global-header-display":"","ast-banner-title-visibility":"","ast-main-header-display":"","ast-hfb-above-header-display":"","ast-hfb-below-header-display":"","ast-hfb-mobile-header-display":"","site-post-title":"","ast-breadcrumbs-content":"","ast-featured-img":"","footer-sml-layout":"","ast-disable-related-posts":"","theme-transparent-header-meta":"default","adv-header-id-meta":"","stick-header-meta":"","header-above-stick-meta":"","header-main-stick-meta":"","header-below-stick-meta":"","astra-migrate-meta-layouts":"set","ast-page-background-enabled":"default","ast-page-background-meta":{"desktop":{"background-color":"var(--ast-global-color-5)","background-image":"","background-repeat":"repeat","background-position":"center center","background-size":"auto","background-attachment":"scroll","background-type":"","background-media":"","overlay-type":"","overlay-color":"","overlay-opacity":"","overlay-gradient":""},"tablet":{"background-color":"","background-image":"","background-repeat":"repeat","background-position":"center center","background-size":"auto","background-attachment":"scroll","background-type":"","background-media":"","overlay-type":"","overlay-color":"","overlay-opacity":"","overlay-gradient":""},"mobile":{"background-color":"","background-image":"","background-repeat":"repeat","background-position":"center center","background-size":"auto","background-attachment":"scroll","background-type":"","background-media":"","overlay-type":"","overlay-color":"","overlay-opacity":"","overlay-gradient":""}},"ast-content-background-meta":{"desktop":{"background-color":"var(--ast-global-color-4)","background-image":"","background-repeat":"repeat","background-position":"center center","background-size":"auto","background-attachment":"scroll","background-type":"","background-media":"","overlay-type":"","overlay-color":"","overlay-opacity":"","overlay-gradient":""},"tablet":{"background-color":"var(--ast-global-color-4)","background-image":"","background-repeat":"repeat","background-position":"center center","background-size":"auto","background-attachment":"scroll","background-type":"","background-media":"","overlay-type":"","overlay-color":"","overlay-opacity":"","overlay-gradient":""},"mobile":{"background-color":"var(--ast-global-color-4)","background-image":"","background-repeat":"repeat","background-position":"center center","background-size":"auto","background-attachment":"scroll","background-type":"","background-media":"","overlay-type":"","overlay-color":"","overlay-opacity":"","overlay-gradient":""}}},"product_brand":[],"product_cat":[91,72,41],"product_tag":[],"class_list":{"0":"post-3430","1":"product","2":"type-product","3":"status-publish","4":"has-post-thumbnail","6":"product_cat-custom-perfume-bottles","7":"product_cat-cosmetic-packaging","8":"product_cat-perfume-bottles","9":"desktop-align-left","10":"tablet-align-left","11":"mobile-align-left","13":"first","14":"instock","15":"shipping-taxable","16":"product-type-simple"},"acf":[],"jetpack_sharing_enabled":true,"_links":{"self":[{"href":"https:\/\/theperfumebottles.com\/hu\/wp-json\/wp\/v2\/product\/3430","targetHints":{"allow":["GET"]}}],"collection":[{"href":"https:\/\/theperfumebottles.com\/hu\/wp-json\/wp\/v2\/product"}],"about":[{"href":"https:\/\/theperfumebottles.com\/hu\/wp-json\/wp\/v2\/types\/product"}],"replies":[{"embeddable":true,"href":"https:\/\/theperfumebottles.com\/hu\/wp-json\/wp\/v2\/comments?post=3430"}],"wp:featuredmedia":[{"embeddable":true,"href":"https:\/\/theperfumebottles.com\/hu\/wp-json\/wp\/v2\/media\/3433"}],"wp:attachment":[{"href":"https:\/\/theperfumebottles.com\/hu\/wp-json\/wp\/v2\/media?parent=3430"}],"wp:term":[{"taxonomy":"product_brand","embeddable":true,"href":"https:\/\/theperfumebottles.com\/hu\/wp-json\/wp\/v2\/product_brand?post=3430"},{"taxonomy":"product_cat","embeddable":true,"href":"https:\/\/theperfumebottles.com\/hu\/wp-json\/wp\/v2\/product_cat?post=3430"},{"taxonomy":"product_tag","embeddable":true,"href":"https:\/\/theperfumebottles.com\/hu\/wp-json\/wp\/v2\/product_tag?post=3430"}],"curies":[{"name":"wp","href":"https:\/\/api.w.org\/{rel}","templated":true}]}}