{"id":3437,"date":"2025-05-26T16:07:27","date_gmt":"2025-05-26T08:07:27","guid":{"rendered":"https:\/\/theperfumebottles.com\/?post_type=product&#038;p=3437"},"modified":"2025-05-26T16:19:40","modified_gmt":"2025-05-26T08:19:40","slug":"custom-tall-blank-100-ml-perfume-bottle-with-spray-cap","status":"publish","type":"product","link":"https:\/\/theperfumebottles.com\/hu\/termek\/custom-tall-blank-100-ml-perfume-bottle-with-spray-cap\/","title":{"rendered":"Egyedi magas, \u00fcres 100 ml-es parf\u00fcm\u00f6s \u00fcveg sz\u00f3r\u00f3fejes kupakkal"},"content":{"rendered":"<p>A PB-YZ0802 egy 100 ml-es magas parf\u00fcm\u00f6s \u00fcveg, amelyet pr\u00e9mium krist\u00e1ly\u00fcvegb\u0151l k\u00e9sz\u00edtettek. Ak\u00e1r egy \u00faj illatot vezet be, ak\u00e1r egy praktikus \u00e9s sz\u00e9p csomagol\u00e1ssal eg\u00e9sz\u00edti ki nagykereskedelmi k\u00e9szlet\u00e9t, ez a parf\u00fcm\u00f6s \u00fcveg ide\u00e1lis v\u00e1laszt\u00e1s lesz. Nemcsak st\u00edlusosan n\u00e9z ki, hanem a gyakorlati ig\u00e9nyeknek is megfelel.<\/p>\n<h2>F\u0151bb specifik\u00e1ci\u00f3k<\/h2>\n<table style=\"border-collapse: collapse; margin-left: auto; margin-right: auto; width: 80%;\" border=\"0\" width=\"80%\" cellspacing=\"0\" cellpadding=\"0\">\n<tbody>\n<tr style=\"height: 13.50pt;\">\n<td style=\"height: 13.50pt; width: 97.50pt;\" width=\"130\" height=\"18\">Modell<\/td>\n<td style=\"width: 231.75pt;\" width=\"309\">PB-YZ0802<\/td>\n<\/tr>\n<tr style=\"height: 13.50pt;\">\n<td style=\"height: 13.50pt;\" height=\"18\">Kapacit\u00e1s<\/td>\n<td>100 ml<\/td>\n<\/tr>\n<tr style=\"height: 13.50pt;\">\n<td style=\"height: 13.50pt;\" height=\"18\">Alak<\/td>\n<td>Hengeres<\/td>\n<\/tr>\n<tr style=\"height: 13.50pt;\">\n<td style=\"height: 13.50pt;\" height=\"18\">M\u00e9retek<\/td>\n<td>40 mm x 129 mm<\/td>\n<\/tr>\n<tr style=\"height: 13.50pt;\">\n<td style=\"height: 13.50pt;\" height=\"18\">Nyak \u00e1tm\u00e9r\u0151je<\/td>\n<td>15 mm<\/td>\n<\/tr>\n<tr style=\"height: 13.50pt;\">\n<td style=\"height: 13.50pt;\" height=\"18\">Z\u00e1r\u00e1s t\u00edpusa<\/td>\n<td>F\u0171r\u00e9sznyak + permetez\u0151<\/td>\n<\/tr>\n<tr style=\"height: 13.50pt;\">\n<td style=\"height: 13.50pt;\" height=\"18\">Anyag<\/td>\n<td>Krist\u00e1ly\u00fcveg<\/td>\n<\/tr>\n<tr style=\"height: 13.50pt;\">\n<td style=\"height: 13.50pt;\" height=\"18\">Sz\u00ednbe\u00e1ll\u00edt\u00e1sok<\/td>\n<td>Teljesen testreszabhat\u00f3<\/td>\n<\/tr>\n<tr style=\"height: 13.50pt;\">\n<td style=\"height: 13.50pt;\" height=\"18\">Ide\u00e1lis<\/td>\n<td>Parf\u00fcm\u00f6k, arc- \u00e9s testpermetek<\/td>\n<\/tr>\n<\/tbody>\n<\/table>\n<h2>Csomagol\u00e1si tok<\/h2>\n<p>Egy franciaorsz\u00e1gi butik illatm\u00e1rka 30 000 darabot rendelt ebb\u0151l a 100 ml-es parf\u00fcm\u00f6s \u00fcvegb\u0151l az \u00faj uniszex illatcsal\u00e1dj\u00e1hoz. M\u00e1gneses kupakkal ell\u00e1tott, fagyott, grav\u00edrozott log\u00f3kkal ell\u00e1tott \u00fcvegeket v\u00e1lasztottak, \u00e9s el voltak ragadtatva att\u00f3l, hogy az \u00fcvegek hogyan emelt\u00e9k az im\u00e1zsukat. N\u00e9gy h\u00f3napon bel\u00fcl 30% n\u00f6veked\u00e9st tapasztaltak a kiskereskedelmi elad\u00e1sokban, \u00e9s h\u00e1rom \u00faj piacra terjeszkedtek.<\/p>\n<h2>Egyedi tippek<\/h2>\n<ul>\n<li><strong>C\u00edmk\u00e9z\u00e9s<\/strong>: Adja hozz\u00e1 log\u00f3j\u00e1t szitanyom\u00e1ssal vagy l\u00e9zergrav\u00edroz\u00e1ssal.<\/li>\n<li><strong>Sz\u00edn<\/strong>: V\u00e1lasszon a vil\u00e1gos, a borosty\u00e1nsz\u00edn\u0171, a kobalt sz\u00edn k\u00f6z\u00fcl, vagy k\u00e9rjen egy PANTONE egyez\u00e9st.<\/li>\n<li><strong>Kupak fel\u00fclete<\/strong>: V\u00e1lasszon matt feket\u00e9t, aranyat vagy r\u00f3zsaaranyat a luxus\u00e9rzet\u00e9rt.<\/li>\n<li><strong>Box<\/strong>: Kombin\u00e1lja egyedi bet\u00e9tekkel vagy m\u00e1rk\u00e1s dobozokkal a megjelen\u00e9s teljess\u00e9 t\u00e9tel\u00e9hez.<\/li>\n<\/ul>\n<p>A teljes gy\u00e1rt\u00e1s el\u0151tt mintapalackokat k\u00edn\u00e1lunk, \u00edgy tesztelheti az illeszked\u00e9st, az \u00e9rz\u00e9st \u00e9s a permetez\u00e9si teljes\u00edtm\u00e9nyt - nem kell tal\u00e1lgatnia.<\/p>\n<h2>Mi\u00e9rt v\u00e1lassza ezt a 100 ml-es parf\u00fcm\u00f6s \u00fcveget?<\/h2>\n<p>Ak\u00e1r c\u00e9gtulajdonos, ak\u00e1r kereskedelmi v\u00e1s\u00e1rl\u00f3 vagy m\u00e1rkamenedzser, ez a hordozhat\u00f3, kiv\u00e1l\u00f3 min\u0151s\u00e9g\u0171 \u00fcveg parf\u00fcm\u00f6s \u00fcveg okos befektet\u00e9s. Ez nem csak egy t\u00e1rol\u00f3ed\u00e9ny - ez a term\u00e9kt\u00f6rt\u00e9net r\u00e9sze. A nagykereskedelmi \u00e1rk\u00e9pz\u00e9ssel \u00e9s a testreszab\u00e1si lehet\u0151s\u00e9gekkel pedig t\u00f6bbet kap, mint egy egyszer\u0171 \u00fcveget - egy statement darabot kap.<\/p>\n<p>M\u00e9g mindig bizonytalan? L\u00e9pjen kapcsolatba vel\u00fcnk, \u00e9s mi seg\u00edt\u00fcnk eld\u00f6nteni, mi a legjobb a m\u00e1rk\u00e1j\u00e1nak - mert a tervez\u00e9sn\u00e9l minden r\u00e9szlet sz\u00e1m\u00edt.<\/p>","protected":false},"excerpt":{"rendered":"<p>Egyedi 100 ml-es parf\u00fcm\u00f6s \u00fcveg magas \u00fcvegb\u0151l. \u00dcres k\u00f6lnis\u00fcveg, amely t\u00f6k\u00e9letes illatm\u00e1rk\u00e1z\u00e1shoz. T\u00f6meges nagykereskedelemben kaphat\u00f3.<\/p>","protected":false},"featured_media":3438,"comment_status":"open","ping_status":"closed","template":"","meta":{"_acf_changed":false,"site-sidebar-layout":"default","site-content-layout":"","ast-site-content-layout":"default","site-content-style":"default","site-sidebar-style":"default","ast-global-header-display":"","ast-banner-title-visibility":"","ast-main-header-display":"","ast-hfb-above-header-display":"","ast-hfb-below-header-display":"","ast-hfb-mobile-header-display":"","site-post-title":"","ast-breadcrumbs-content":"","ast-featured-img":"","footer-sml-layout":"","ast-disable-related-posts":"","theme-transparent-header-meta":"default","adv-header-id-meta":"","stick-header-meta":"","header-above-stick-meta":"","header-main-stick-meta":"","header-below-stick-meta":"","astra-migrate-meta-layouts":"set","ast-page-background-enabled":"default","ast-page-background-meta":{"desktop":{"background-color":"var(--ast-global-color-5)","background-image":"","background-repeat":"repeat","background-position":"center center","background-size":"auto","background-attachment":"scroll","background-type":"","background-media":"","overlay-type":"","overlay-color":"","overlay-opacity":"","overlay-gradient":""},"tablet":{"background-color":"","background-image":"","background-repeat":"repeat","background-position":"center center","background-size":"auto","background-attachment":"scroll","background-type":"","background-media":"","overlay-type":"","overlay-color":"","overlay-opacity":"","overlay-gradient":""},"mobile":{"background-color":"","background-image":"","background-repeat":"repeat","background-position":"center center","background-size":"auto","background-attachment":"scroll","background-type":"","background-media":"","overlay-type":"","overlay-color":"","overlay-opacity":"","overlay-gradient":""}},"ast-content-background-meta":{"desktop":{"background-color":"var(--ast-global-color-4)","background-image":"","background-repeat":"repeat","background-position":"center center","background-size":"auto","background-attachment":"scroll","background-type":"","background-media":"","overlay-type":"","overlay-color":"","overlay-opacity":"","overlay-gradient":""},"tablet":{"background-color":"var(--ast-global-color-4)","background-image":"","background-repeat":"repeat","background-position":"center center","background-size":"auto","background-attachment":"scroll","background-type":"","background-media":"","overlay-type":"","overlay-color":"","overlay-opacity":"","overlay-gradient":""},"mobile":{"background-color":"var(--ast-global-color-4)","background-image":"","background-repeat":"repeat","background-position":"center center","background-size":"auto","background-attachment":"scroll","background-type":"","background-media":"","overlay-type":"","overlay-color":"","overlay-opacity":"","overlay-gradient":""}}},"product_brand":[],"product_cat":[72,91,41],"product_tag":[],"class_list":{"0":"post-3437","1":"product","2":"type-product","3":"status-publish","4":"has-post-thumbnail","6":"product_cat-cosmetic-packaging","7":"product_cat-custom-perfume-bottles","8":"product_cat-perfume-bottles","9":"desktop-align-left","10":"tablet-align-left","11":"mobile-align-left","13":"first","14":"instock","15":"shipping-taxable","16":"product-type-simple"},"acf":[],"jetpack_sharing_enabled":true,"_links":{"self":[{"href":"https:\/\/theperfumebottles.com\/hu\/wp-json\/wp\/v2\/product\/3437","targetHints":{"allow":["GET"]}}],"collection":[{"href":"https:\/\/theperfumebottles.com\/hu\/wp-json\/wp\/v2\/product"}],"about":[{"href":"https:\/\/theperfumebottles.com\/hu\/wp-json\/wp\/v2\/types\/product"}],"replies":[{"embeddable":true,"href":"https:\/\/theperfumebottles.com\/hu\/wp-json\/wp\/v2\/comments?post=3437"}],"wp:featuredmedia":[{"embeddable":true,"href":"https:\/\/theperfumebottles.com\/hu\/wp-json\/wp\/v2\/media\/3438"}],"wp:attachment":[{"href":"https:\/\/theperfumebottles.com\/hu\/wp-json\/wp\/v2\/media?parent=3437"}],"wp:term":[{"taxonomy":"product_brand","embeddable":true,"href":"https:\/\/theperfumebottles.com\/hu\/wp-json\/wp\/v2\/product_brand?post=3437"},{"taxonomy":"product_cat","embeddable":true,"href":"https:\/\/theperfumebottles.com\/hu\/wp-json\/wp\/v2\/product_cat?post=3437"},{"taxonomy":"product_tag","embeddable":true,"href":"https:\/\/theperfumebottles.com\/hu\/wp-json\/wp\/v2\/product_tag?post=3437"}],"curies":[{"name":"wp","href":"https:\/\/api.w.org\/{rel}","templated":true}]}}