{"id":3589,"date":"2025-06-03T09:31:45","date_gmt":"2025-06-03T01:31:45","guid":{"rendered":"https:\/\/theperfumebottles.com\/?post_type=product&#038;p=3589"},"modified":"2025-06-11T18:35:36","modified_gmt":"2025-06-11T10:35:36","slug":"30ml-50ml-100ml-custom-empty-glass-perfume-bottles","status":"publish","type":"product","link":"https:\/\/theperfumebottles.com\/hu\/termek\/30ml-50ml-100ml-custom-empty-glass-perfume-bottles\/","title":{"rendered":"30ml 50ml 100ml Egyedi \u00fcres \u00fcveg parf\u00fcm\u00f6s palackok"},"content":{"rendered":"<p>Olyan parf\u00fcm\u00f6s \u00fcveget keres, amely kiemelkedik a polcon \u00e9s luxust sug\u00e1roz? \u00dcres \u00fcveg parf\u00fcm\u00f6s \u00fcvegeket k\u00edn\u00e1lunk egyedi sz\u00ednekben \u00e9s m\u00e9retekben, hogy jav\u00edtsa m\u00e1rk\u00e1ja im\u00e1zs\u00e1t. Elemezz\u00fck, hogy a PB-YZ1001-t\u0151l PB-YZ1003 sorozatunk mi\u00e9rt hozhat gy\u00f6keres v\u00e1ltoz\u00e1sokat parf\u00fcm\u00fczlet\u00e9ben. Tal\u00e1lja meg az ide\u00e1lis t\u00e1rol\u00f3t az \u00d6n egyedi illat\u00e1hoz!<\/p>\n<h2>F\u0151 specifik\u00e1ci\u00f3<\/h2>\n<table style=\"border-collapse: collapse;margin-left: auto;margin-right: auto;width: 80%\" border=\"0\" width=\"80%\" cellspacing=\"0\" cellpadding=\"0\">\n<tbody>\n<tr style=\"height: 13.50pt\">\n<td style=\"height: 13.50pt;width: 74.25pt\" width=\"99\" height=\"18\">Modell<\/td>\n<td style=\"width: 63.00pt\" width=\"84\">Kapacit\u00e1s<\/td>\n<td style=\"width: 104.25pt\" width=\"139\">M\u00e9retek (mm)<\/td>\n<td style=\"width: 93.00pt\" width=\"124\">Nyak \u00e1tm\u00e9r\u0151je<\/td>\n<td style=\"width: 129.75pt\" width=\"173\">Sz\u00ednbe\u00e1ll\u00edt\u00e1sok<\/td>\n<\/tr>\n<tr style=\"height: 13.50pt\">\n<td style=\"height: 13.50pt\" height=\"18\">PB-YZ1001<\/td>\n<td>30 ml<\/td>\n<td>45 x 56<\/td>\n<td>15 mm<\/td>\n<td>Custom (csak \u00fcveg)<\/td>\n<\/tr>\n<tr style=\"height: 13.50pt\">\n<td style=\"height: 13.50pt\" height=\"18\">PB-YZ1002<\/td>\n<td>50 ml<\/td>\n<td>51 x 72<\/td>\n<td>15 mm<\/td>\n<td>Custom (\u00fcveg + kupak)<\/td>\n<\/tr>\n<tr style=\"height: 13.50pt\">\n<td style=\"height: 13.50pt\" height=\"18\">PB-YZ1003<\/td>\n<td>100 ml<\/td>\n<td>57 x 84<\/td>\n<td>15 mm<\/td>\n<td>Custom (\u00fcveg + kupak)<\/td>\n<\/tr>\n<\/tbody>\n<\/table>\n<h2>Val\u00f3s sikert\u00f6rt\u00e9net<\/h2>\n<p>Egy p\u00e1rizsi luxusparf\u00fcm m\u00e1rka tavaly v\u00e1ltott a mi PB-YZ1002 palackjainkra. Az 50 ml-es m\u00e9retet m\u00e9lybarna fakupakkal \u00e9s matt fekete \u00fcveggel p\u00e1ros\u00edtott\u00e1k. Az eredm\u00e9ny? 30% nagyobb l\u00e1that\u00f3s\u00e1g a polcokon az \u00fczletekben \u00e9s 20% t\u00f6bb megrendel\u00e9s a v\u00e1s\u00e1rl\u00f3kt\u00f3l, akik szerint a csomagol\u00e1s olyan \u00e9rz\u00e9s, mintha \"egy kincsesl\u00e1d\u00e1t nyitn\u00e1nak ki\".<\/p>\n<h2>Pro tipp a testreszab\u00e1shoz:<\/h2>\n<p>Szeretne kit\u0171nni? Pr\u00f3b\u00e1lja ki a vil\u00e1gos fakupakot \u00e1tl\u00e1tsz\u00f3 \u00fcvegpalackkal \u00e9s arany sz\u00f3r\u00f3fejjel kombin\u00e1lni. Ez olyan, mintha gy\u00e9m\u00e1nt nyakl\u00e1ncot adn\u00e1l az illatodnak - csillog\u00f3, de id\u0151tlen.<\/p>\n<h2>Mi\u00e9rt fogsz szeretni vel\u00fcnk dolgozni?<\/h2>\n<ul>\n<li>Szeretne egy 100 ml-es, cs\u00facskateg\u00f3ri\u00e1s parf\u00fcm\u00f6s \u00fcveget? J\u00f6jj\u00f6n hozz\u00e1nk k\u00f6zvetlen\u00fcl!<\/li>\n<li>Szeretne k\u00f6rnyezetbar\u00e1t csomagol\u00e1st v\u00e1lasztani? \u00dcvegpalackjaink 100% \u00fajrahasznos\u00edthat\u00f3ak, tart\u00f3sak \u00e9s biztons\u00e1gosak.<\/li>\n<li>Vev\u0151i visszajelz\u00e9s? Az egyik kereskedelmi \u00fcgyf\u00e9l tombolt: \"Az \u00fcvegek olyan \u00e9rz\u00e9st keltenek a parf\u00fcm\u00fcnkben, mintha egy spa napot t\u00f6lten\u00e9nk egy \u00fcvegben.\"<\/li>\n<\/ul>\n<h2>Utols\u00f3 gondolat<\/h2>\n<p>A parf\u00fcm nem csak egy term\u00e9k, hanem egy \u00e9lm\u00e9ny. \u00dcveg\u00fcnkben az illat minden cseppj\u00e9nek saj\u00e1t t\u00f6rt\u00e9nete van. Kezdje el az egyedi eml\u00e9ket most!<br \/>\nP.S. M\u00e9g nincs terved? Csapatunk 48 \u00f3r\u00e1n bel\u00fcl seg\u00edt v\u00e9gleges\u00edteni a sz\u00edn- \u00e9s m\u00e9retkombin\u00e1ci\u00f3kat. Nincs nyom\u00e1s, csak eredm\u00e9nyek.<\/p>","protected":false},"excerpt":{"rendered":"<p>Eleg\u00e1ns \u00fcres \u00fcveg parf\u00fcm\u00f6s \u00fcvegek fakupakkal, t\u00f6k\u00e9letes luxus illatszer csomagol\u00e1s\u00e1hoz. Tart\u00f3s, k\u00f6rnyezetbar\u00e1t \u00e9s ide\u00e1lis egyedi m\u00e1rkajelz\u00e9shez.<\/p>","protected":false},"featured_media":3591,"comment_status":"open","ping_status":"closed","template":"","meta":{"_acf_changed":false,"site-sidebar-layout":"default","site-content-layout":"","ast-site-content-layout":"default","site-content-style":"default","site-sidebar-style":"default","ast-global-header-display":"","ast-banner-title-visibility":"","ast-main-header-display":"","ast-hfb-above-header-display":"","ast-hfb-below-header-display":"","ast-hfb-mobile-header-display":"","site-post-title":"","ast-breadcrumbs-content":"","ast-featured-img":"","footer-sml-layout":"","ast-disable-related-posts":"","theme-transparent-header-meta":"default","adv-header-id-meta":"","stick-header-meta":"","header-above-stick-meta":"","header-main-stick-meta":"","header-below-stick-meta":"","astra-migrate-meta-layouts":"set","ast-page-background-enabled":"default","ast-page-background-meta":{"desktop":{"background-color":"var(--ast-global-color-5)","background-image":"","background-repeat":"repeat","background-position":"center center","background-size":"auto","background-attachment":"scroll","background-type":"","background-media":"","overlay-type":"","overlay-color":"","overlay-opacity":"","overlay-gradient":""},"tablet":{"background-color":"","background-image":"","background-repeat":"repeat","background-position":"center center","background-size":"auto","background-attachment":"scroll","background-type":"","background-media":"","overlay-type":"","overlay-color":"","overlay-opacity":"","overlay-gradient":""},"mobile":{"background-color":"","background-image":"","background-repeat":"repeat","background-position":"center center","background-size":"auto","background-attachment":"scroll","background-type":"","background-media":"","overlay-type":"","overlay-color":"","overlay-opacity":"","overlay-gradient":""}},"ast-content-background-meta":{"desktop":{"background-color":"var(--ast-global-color-4)","background-image":"","background-repeat":"repeat","background-position":"center center","background-size":"auto","background-attachment":"scroll","background-type":"","background-media":"","overlay-type":"","overlay-color":"","overlay-opacity":"","overlay-gradient":""},"tablet":{"background-color":"var(--ast-global-color-4)","background-image":"","background-repeat":"repeat","background-position":"center center","background-size":"auto","background-attachment":"scroll","background-type":"","background-media":"","overlay-type":"","overlay-color":"","overlay-opacity":"","overlay-gradient":""},"mobile":{"background-color":"var(--ast-global-color-4)","background-image":"","background-repeat":"repeat","background-position":"center center","background-size":"auto","background-attachment":"scroll","background-type":"","background-media":"","overlay-type":"","overlay-color":"","overlay-opacity":"","overlay-gradient":""}}},"product_brand":[],"product_cat":[72,91,41],"product_tag":[49],"class_list":{"0":"post-3589","1":"product","2":"type-product","3":"status-publish","4":"has-post-thumbnail","6":"product_cat-cosmetic-packaging","7":"product_cat-custom-perfume-bottles","8":"product_cat-perfume-bottles","9":"product_tag-perfume-bottles","10":"desktop-align-left","11":"tablet-align-left","12":"mobile-align-left","14":"first","15":"instock","16":"shipping-taxable","17":"product-type-simple"},"acf":[],"jetpack_sharing_enabled":true,"_links":{"self":[{"href":"https:\/\/theperfumebottles.com\/hu\/wp-json\/wp\/v2\/product\/3589","targetHints":{"allow":["GET"]}}],"collection":[{"href":"https:\/\/theperfumebottles.com\/hu\/wp-json\/wp\/v2\/product"}],"about":[{"href":"https:\/\/theperfumebottles.com\/hu\/wp-json\/wp\/v2\/types\/product"}],"replies":[{"embeddable":true,"href":"https:\/\/theperfumebottles.com\/hu\/wp-json\/wp\/v2\/comments?post=3589"}],"wp:featuredmedia":[{"embeddable":true,"href":"https:\/\/theperfumebottles.com\/hu\/wp-json\/wp\/v2\/media\/3591"}],"wp:attachment":[{"href":"https:\/\/theperfumebottles.com\/hu\/wp-json\/wp\/v2\/media?parent=3589"}],"wp:term":[{"taxonomy":"product_brand","embeddable":true,"href":"https:\/\/theperfumebottles.com\/hu\/wp-json\/wp\/v2\/product_brand?post=3589"},{"taxonomy":"product_cat","embeddable":true,"href":"https:\/\/theperfumebottles.com\/hu\/wp-json\/wp\/v2\/product_cat?post=3589"},{"taxonomy":"product_tag","embeddable":true,"href":"https:\/\/theperfumebottles.com\/hu\/wp-json\/wp\/v2\/product_tag?post=3589"}],"curies":[{"name":"wp","href":"https:\/\/api.w.org\/{rel}","templated":true}]}}